{"id":5139,"date":"2021-12-03T10:04:50","date_gmt":"2021-12-06T21:55:38","guid":{"rendered":"http:\/\/holidayexcursion.com\/excursions-in-alanya\/kategorilenmemis\/cabrio-308\/"},"modified":"2023-11-29T00:53:19","modified_gmt":"2023-11-28T21:53:19","slug":"cabrio","status":"publish","type":"product","link":"https:\/\/holidayexcursion.com\/tr\/tours-in-alanya\/rent-a-car-tr\/cabrio\/","title":{"rendered":"K\u0130RALIK CABR\u0130O"},"content":{"rendered":"<h2 style=\"text-align: center;\"><strong> K\u0130RALIK CABR\u0130O <\/strong><\/h2>\n<p style=\"text-align: center;\">S\u0131n\u0131rs\u0131z Maceralar\u0131n Kilidini A\u00e7an <a href=\"https:\/\/en.wikipedia.org\/wiki\/Convertible\" rel=\"nofollow noopener\" target=\"_blank\">Cabrio<\/a> Araba Kiralaman\u0131n Kolayl\u0131\u011f\u0131 ve \u00d6zg\u00fcrl\u00fc\u011f\u00fc<\/p>\n<p style=\"text-align: center;\"><a href=\"https:\/\/holidayexcursion.com\/tr\/tours-in-alanya\/rent-a-car\/arac-kiralama\/\">Ara\u00e7 kiralama<\/a> firmalar\u0131 , unutulmaz yolculuklara \u00e7\u0131kmam\u0131z i\u00e7in benzersiz kolayl\u0131k ve \u00f6zg\u00fcrl\u00fck sunarak seyahat etme \u015feklimizde devrim yaratt\u0131. \u0130ster yeni bir \u015fehri ke\u015ffediyor olun, ister bir yolculu\u011fa \u00e7\u0131k\u0131yor olun, ister sadece g\u00fcvenilir bir ula\u015f\u0131m arac\u0131na ihtiya\u00e7 duyuyor olun, Alanyada ara\u00e7 kiralamak bir\u00e7ok avantaj sa\u011flar ve kusursuz bir seyahat deneyimi sa\u011flar. Araba kiralaman\u0131n avantajlar\u0131n\u0131 ve maceralar\u0131n\u0131z\u0131 nas\u0131l geli\u015ftirdiklerini ke\u015ffedece\u011fiz.<\/p>\n<p style=\"text-align: center;\">1. Esneklik ve Ba\u011f\u0131ms\u0131zl\u0131k:<\/p>\n<p style=\"text-align: center;\">Tatilinizde Ara\u00e7 kiralaman\u0131n en \u00f6nemli avantajlar\u0131ndan biri sundu\u011fu esnekliktir. Toplu ta\u015f\u0131ma programlar\u0131na ba\u011fl\u0131 kalmak veya tur rehberlerine ba\u011f\u0131ml\u0131 olmak yerine, cabrio araba kiralamak size kendi g\u00fczergah\u0131n\u0131z\u0131 belirleme ve kendi h\u0131z\u0131n\u0131zda ke\u015ffetme g\u00fcc\u00fc verir. Kiral\u0131k ara\u00e7lar tatilinizde Uzak destinasyonlar\u0131, sakl\u0131 g\u00fczellikleri veya simgesel yerleri ziyaret etmek istiyorsan\u0131z, arzu etti\u011finiz yere gitme \u00f6zg\u00fcrl\u00fc\u011f\u00fc, zenginle\u015ftirici ve ki\u015fiselle\u015ftirilmi\u015f bir seyahat deneyimi sa\u011flar.<\/p>\n<p style=\"text-align: center;\"><img loading=\"lazy\" decoding=\"async\" class=\"alignnone size-medium wp-image-3917\" src=\"https:\/\/holidayexcursion.com\/wp-content\/uploads\/2021\/12\/rent-a-car-alanya-1-300x188.webp\" alt=\"ara\u00e7 kiralama alanya (1)\" width=\"300\" height=\"188\" title=\"\" srcset=\"https:\/\/holidayexcursion.com\/wp-content\/uploads\/2021\/12\/rent-a-car-alanya-1-300x188.webp 300w, https:\/\/holidayexcursion.com\/wp-content\/uploads\/2021\/12\/rent-a-car-alanya-1-600x377.webp 600w, https:\/\/holidayexcursion.com\/wp-content\/uploads\/2021\/12\/rent-a-car-alanya-1.webp 720w\" sizes=\"auto, (max-width: 300px) 100vw, 300px\" \/><\/p>\n<p style=\"text-align: center;\">2. \u015eehir S\u0131n\u0131rlar\u0131n\u0131n \u00d6tesini Ke\u015ffetmek:<\/p>\n<p style=\"text-align: center;\">Cabrio araba kiralamak, <a href=\"https:\/\/holidayexcursion.com\/tr\/tours-in-alanya\/tours\/sehir-turu\/\">\u015fehir<\/a> s\u0131n\u0131rlar\u0131n\u0131n \u00f6tesinde bir olas\u0131l\u0131klar d\u00fcnyas\u0131n\u0131n kap\u0131lar\u0131n\u0131 a\u00e7ar. Kentsel ortamlar cazibe merkezleri ve kolayl\u0131klarla \u00f6v\u00fcn\u00fcrken, \u00e7evrede ke\u015ffedilecek \u00e7ok daha fazla \u015fey var. Kiral\u0131k araba ve scooterlar\u0131m\u0131z , \u015fehir ya\u015fam\u0131n\u0131n s\u0131n\u0131rlar\u0131ndan ka\u00e7man\u0131za ve nefes kesen manzaralar\u0131, b\u00fcy\u00fcleyici kasabalar\u0131 ve do\u011fa harikalar\u0131n\u0131 ke\u015ffetmenize olanak tan\u0131r. Manzaral\u0131 rotalarda ilerleyin, bo\u015f zamanlar\u0131n\u0131zda mola verin ve yol kenar\u0131ndaki spontane ke\u015fifler s\u0131ras\u0131nda an\u0131lar yarat\u0131n.<\/p>\n<p style=\"text-align: center;\">3. Tatilinizde Kolayl\u0131k ve Zaman Verimlili\u011fi:<\/p>\n<p style=\"text-align: center;\">Cabrio araba kiralamak, toplu ta\u015f\u0131maya veya ara\u00e7 payla\u015f\u0131m\u0131 hizmetlerine g\u00fcvenme zorlu\u011funu ortadan kald\u0131r\u0131r. Kendi kiral\u0131k arac\u0131n\u0131za sahip olarak de\u011ferli zaman\u0131n\u0131zdan tasarruf edebilir ve seyahat deneyiminizi tamamen optimize edebilirsiniz. Art\u0131k tatilde otob\u00fcs beklemek ya da kalabal\u0131k trenlerle u\u011fra\u015fmak yok. Kiral\u0131k ara\u00e7la g\u00fcne erken ba\u015flama, \u00fccra yerleri ke\u015ffetme ve seyahatiniz boyunca her an\u0131 en iyi \u015fekilde de\u011ferlendirme \u00f6zg\u00fcrl\u00fc\u011f\u00fcne sahip olursunuz.<\/p>\n<p style=\"text-align: center;\"><img loading=\"lazy\" decoding=\"async\" class=\"alignnone size-medium wp-image-3918\" src=\"https:\/\/holidayexcursion.com\/wp-content\/uploads\/2021\/12\/Rent-a-car-in-alanya-300x277.webp\" alt=\"alanya&#039;da araba kiralama\" width=\"300\" height=\"277\" title=\"\" srcset=\"https:\/\/holidayexcursion.com\/wp-content\/uploads\/2021\/12\/Rent-a-car-in-alanya-300x277.webp 300w, https:\/\/holidayexcursion.com\/wp-content\/uploads\/2021\/12\/Rent-a-car-in-alanya-768x710.webp 768w, https:\/\/holidayexcursion.com\/wp-content\/uploads\/2021\/12\/Rent-a-car-in-alanya-1024x946.webp 1024w, https:\/\/holidayexcursion.com\/wp-content\/uploads\/2021\/12\/Rent-a-car-in-alanya-1536x1419.webp 1536w, https:\/\/holidayexcursion.com\/wp-content\/uploads\/2021\/12\/Rent-a-car-in-alanya-600x554.webp 600w, https:\/\/holidayexcursion.com\/wp-content\/uploads\/2021\/12\/Rent-a-car-in-alanya.webp 1722w\" sizes=\"auto, (max-width: 300px) 100vw, 300px\" \/><\/p>\n<p style=\"text-align: center;\">4. \u00d6zelle\u015ftirme ve Uygunluk:<\/p>\n<p style=\"text-align: center;\">Holiday excursion Ara\u00e7 kiralama acentesi, \u00f6zel ihtiya\u00e7 ve tercihlerinizi kar\u015f\u0131layacak Araba Atv ve scooterlardan olu\u015fan bir geni\u015f bir ara\u00e7 yelpazesi sunmaktad\u0131r. \u0130ster tek ba\u015f\u0131n\u0131za, ister \u00e7ift olarak, ister daha b\u00fcy\u00fck bir grupla seyahat ediyor olun, gereksinimlerinize uygun ara\u00e7 boyutunu ve t\u00fcr\u00fcn\u00fc se\u00e7ebilirsiniz. B\u00fct\u00e7eye duyarl\u0131 gezginler i\u00e7in ekonomik arabalardan, aileler i\u00e7in geni\u015f SUV&#8217;lara veya \u015f\u0131kl\u0131k hissi veren l\u00fcks arabalara kadar, Holiday excursion kiralama acenteleri konforlu ve keyifli bir yolculuk sa\u011flamak i\u00e7in \u00e7e\u015fitli bir filoya sahiptir.<\/p>\n<p style=\"text-align: center;\">5. Uzun Yolculuklarda Konfor ve Rahatl\u0131k:<\/p>\n<p style=\"text-align: center;\">Uzun mesafeli bir yolculu\u011fa m\u0131 \u00e7\u0131k\u0131yorsunuz? T\u00fcrkiye tatilinizde ara\u00e7 kiralamak yolculu\u011funuzun konforunu ve rahatl\u0131\u011f\u0131n\u0131 \u00f6nemli \u00f6l\u00e7\u00fcde art\u0131r\u0131r. Toplu ta\u015f\u0131ma ara\u00e7lar\u0131nda rahats\u0131z edici yolculuklara katlanmak yerine kiral\u0131k arac\u0131n ferahl\u0131\u011f\u0131nda dinlenebilirsiniz. Birden fazla dura\u011f\u0131n rahatl\u0131\u011f\u0131n\u0131n tad\u0131n\u0131 \u00e7\u0131kar\u0131n, e\u015fyalar\u0131n\u0131z\u0131 yan\u0131n\u0131zda getirin ve yol boyunca do\u011fal manzara noktalar\u0131nda veya turistik mekanlarda durma esnekli\u011fine sahip olun.<\/p>\n<p style=\"text-align: center;\"><img loading=\"lazy\" decoding=\"async\" class=\"alignnone size-medium wp-image-25647\" src=\"https:\/\/holidayexcursion.com\/wp-content\/uploads\/2021\/12\/cabrio-kiralik-300x158.jpg\" alt=\"\" width=\"300\" height=\"158\" title=\"\" srcset=\"https:\/\/holidayexcursion.com\/wp-content\/uploads\/2021\/12\/cabrio-kiralik-300x158.jpg 300w, https:\/\/holidayexcursion.com\/wp-content\/uploads\/2021\/12\/cabrio-kiralik-768x404.jpg 768w, https:\/\/holidayexcursion.com\/wp-content\/uploads\/2021\/12\/cabrio-kiralik-1024x539.jpg 1024w, https:\/\/holidayexcursion.com\/wp-content\/uploads\/2021\/12\/cabrio-kiralik-600x316.jpg 600w, https:\/\/holidayexcursion.com\/wp-content\/uploads\/2021\/12\/cabrio-kiralik.jpg 1200w\" sizes=\"auto, (max-width: 300px) 100vw, 300px\" \/><\/p>\n<p style=\"text-align: center;\">6. Uygun Maliyetli Seyahat:<\/p>\n<p style=\"text-align: center;\">\u00d6zellikle grup halinde seyahat ederken ara\u00e7 kiralamak da uygun maliyetli bir se\u00e7enek olabilir. Kiral\u0131k bir araban\u0131n maliyetini birden fazla yolcuya b\u00f6lmek, birden fazla ula\u015f\u0131m t\u00fcr\u00fc i\u00e7in bireysel bilet sat\u0131n almakla kar\u015f\u0131la\u015ft\u0131r\u0131ld\u0131\u011f\u0131nda \u00e7o\u011fu zaman daha ekonomiktir. Ayr\u0131ca ara\u00e7 kiralama, pahal\u0131 taksilere, ara\u00e7 \u00e7a\u011f\u0131rma hizmetlerine veya kentsel alanlardaki park \u00fccretlerine \u00f6deme yapma ihtiyac\u0131n\u0131 ortadan kald\u0131rarak seyahat maceralar\u0131n\u0131z i\u00e7in maliyet tasarrufu sa\u011flayan bir se\u00e7im haline gelir.<\/p>\n<p style=\"text-align: center;\">Holiday excursiondan ara\u00e7 kiralamak, Alanyada t\u00fcrkiye&#8217;deki tatiliniz boyunca rahatl\u0131k, \u00f6zg\u00fcrl\u00fck ve s\u0131n\u0131rs\u0131z maceralarla dolu bir d\u00fcnyan\u0131n kap\u0131lar\u0131n\u0131 a\u00e7ar. Sizi toplu ta\u015f\u0131man\u0131n k\u0131s\u0131tlamalar\u0131ndan kurtar\u0131r, ki\u015fiselle\u015ftirilmi\u015f ke\u015fiflere olanak tan\u0131r ve unutulmaz an\u0131lar yaratma esnekli\u011fi sa\u011flar. \u0130ster hareketli \u015fehirlerden, ister g\u00fczel manzaral\u0131 k\u0131rsal yerlerden ge\u00e7iyor olun, ister heyecan verici yol gezilerine \u00e7\u0131k\u0131yor olun, araba kiralamak seyahat deneyiminizi optimize etmenin anahtar\u0131d\u0131r. O halde, Holiday Excursiondan kiral\u0131k arac\u0131n\u0131z\u0131 ay\u0131rt\u0131n, kemerinizi ba\u011flay\u0131n ve sizde tatilde \u00f6zg\u00fcrl\u00fc\u011f\u00fcn ve e\u015fsiz g\u00fczelliklerin tad\u0131n\u0131 \u00e7\u0131kar\u0131n.<\/p>\n<p style=\"text-align: center;\"><img loading=\"lazy\" decoding=\"async\" class=\"alignnone size-medium wp-image-25629\" src=\"https:\/\/holidayexcursion.com\/wp-content\/uploads\/2021\/12\/308_cc-alanya-300x129.jpg\" alt=\"\" width=\"300\" height=\"129\" title=\"\" srcset=\"https:\/\/holidayexcursion.com\/wp-content\/uploads\/2021\/12\/308_cc-alanya-300x129.jpg 300w, https:\/\/holidayexcursion.com\/wp-content\/uploads\/2021\/12\/308_cc-alanya-600x257.jpg 600w, https:\/\/holidayexcursion.com\/wp-content\/uploads\/2021\/12\/308_cc-alanya.jpg 700w\" sizes=\"auto, (max-width: 300px) 100vw, 300px\" \/><\/p>\n<p style=\"text-align: center;\">Araba kiralamak seyahat etmenin verimli ve rahat bir yolu olabilir ancak sorunsuz bir deneyim sa\u011flamak i\u00e7in dikkate al\u0131nmas\u0131 gereken birka\u00e7 \u00f6nemli nokta vard\u0131r. Ara\u00e7 kiralarken dikkat edilmesi gereken baz\u0131 \u00f6nemli noktalar \u015funlard\u0131r:<\/p>\n<p style=\"text-align: center;\">1. *Ya\u015f Gereksinimi*: \u00c7o\u011fu ara\u00e7 kiralama \u015firketi, as\u0131l s\u00fcr\u00fcc\u00fcn\u00fcn en az 25 ya\u015f\u0131nda olmas\u0131n\u0131 \u015fart ko\u015far. Baz\u0131 durumlarda 21-24 ya\u015f aras\u0131ndaki s\u00fcr\u00fcc\u00fcler ara\u00e7 kiralayabilir ancak ek \u00fccret \u00f6demeleri gerekebilir.<\/p>\n<p style=\"text-align: center;\">2. *S\u00fcr\u00fcc\u00fc Belgesi*: Ara\u00e7 kiralamak i\u00e7in ge\u00e7erli bir s\u00fcr\u00fcc\u00fc belgesine ihtiyac\u0131n\u0131z olacakt\u0131r. Yurt d\u0131\u015f\u0131na seyahat ediyorsan\u0131z uluslararas\u0131 s\u00fcr\u00fcc\u00fc iznine de ihtiyac\u0131n\u0131z olabilir, bu nedenle ziyaret etmeyi planlad\u0131\u011f\u0131n\u0131z \u00fclkenin gerekliliklerini kontrol etmeniz \u00f6nemlidir.<\/p>\n<p style=\"text-align: center;\">3. *Sigorta*: Kiral\u0131k ara\u00e7 \u015firketinin sundu\u011fu sigorta se\u00e7eneklerini anlamak \u00f6nemlidir. \u00c7o\u011fu \u015firket, bir kaza veya h\u0131rs\u0131zl\u0131k durumunda sizi koruyabilecek \u00e7arp\u0131\u015fma hasar\u0131ndan feragat (CDW) veya kay\u0131p hasar\u0131ndan feragat (LDW) sunar. Ek olarak, ki\u015fisel ara\u00e7 sigortan\u0131z veya kredi kart\u0131n\u0131z, kiral\u0131k ara\u00e7lar i\u00e7in bir miktar teminat sunabilir; bu nedenle, kiralama \u015firketinden ek sigorta sat\u0131n almadan \u00f6nce sa\u011flay\u0131c\u0131lar\u0131n\u0131za dan\u0131\u015fman\u0131z ak\u0131ll\u0131ca olacakt\u0131r.<\/p>\n<p style=\"text-align: center;\"><img loading=\"lazy\" decoding=\"async\" class=\"alignnone size-medium wp-image-25641\" src=\"https:\/\/holidayexcursion.com\/wp-content\/uploads\/2021\/12\/cabrio-for-rent-300x165.webp\" alt=\"\" width=\"300\" height=\"165\" title=\"\" srcset=\"https:\/\/holidayexcursion.com\/wp-content\/uploads\/2021\/12\/cabrio-for-rent-300x165.webp 300w, https:\/\/holidayexcursion.com\/wp-content\/uploads\/2021\/12\/cabrio-for-rent-768x422.webp 768w, https:\/\/holidayexcursion.com\/wp-content\/uploads\/2021\/12\/cabrio-for-rent-600x329.webp 600w, https:\/\/holidayexcursion.com\/wp-content\/uploads\/2021\/12\/cabrio-for-rent.webp 869w\" sizes=\"auto, (max-width: 300px) 100vw, 300px\" \/><\/p>\n<p style=\"text-align: center;\">4. *Kiralama S\u00f6zle\u015fmesini Anlamak*: Bir kiralama s\u00f6zle\u015fmesi imzalamadan \u00f6nce olas\u0131 \u00fccretler, kilometre s\u0131n\u0131rlamalar\u0131 ve yak\u0131t politikalar\u0131 da dahil olmak \u00fczere h\u00fck\u00fcm ve ko\u015fullar\u0131 dikkatlice inceleyin. Kiralama i\u015fleminiz i\u00e7in ge\u00e7erli olabilecek \u00f6zel k\u0131s\u0131tlamalar\u0131 veya gereksinimleri sordu\u011funuzdan emin olun.<\/p>\n<p style=\"text-align: center;\">5. *\u00d6nceden Rezervasyon*: \u00d6zellikle talebin y\u00fcksek oldu\u011fu yo\u011fun seyahat sezonlar\u0131nda, kiral\u0131k arac\u0131n\u0131z\u0131 \u00f6nceden ay\u0131rtmak genellikle faydal\u0131d\u0131r. Erken rezervasyon ayn\u0131 zamanda daha iyi bir fiyat elde etmenize de yard\u0131mc\u0131 olabilir.<\/p>\n<p style=\"text-align: center;\">6. *Ara\u00e7 Se\u00e7imi*: Yolcu say\u0131s\u0131na ve bagaj miktar\u0131na g\u00f6re ihtiyac\u0131n\u0131z olacak arac\u0131n boyutunu d\u00fc\u015f\u00fcn\u00fcn. Ek olarak, manuel veya otomatik \u015fanz\u0131man i\u00e7in \u00f6zel tercihleriniz varsa, bunu \u00f6nceden talep etmeniz en iyisidir.<\/p>\n<p style=\"text-align: center;\">7. *Araban\u0131n \u0130ncelenmesi*: Yola \u00e7\u0131kmadan \u00f6nce, kiral\u0131k arabay\u0131 mevcut hasarlara kar\u015f\u0131 iyice inceleyin ve t\u00fcm \u00e7iziklerin, eziklerin veya di\u011fer sorunlar\u0131n kiralama s\u00f6zle\u015fmesine belgelendi\u011finden emin olun. Bu, arac\u0131 iade etti\u011finizde hasarla ilgili herhangi bir anla\u015fmazl\u0131\u011f\u0131n \u00f6nlenmesine yard\u0131mc\u0131 olacakt\u0131r.<\/p>\n<p style=\"text-align: center;\"><img loading=\"lazy\" decoding=\"async\" class=\"alignnone size-medium wp-image-25623\" src=\"https:\/\/holidayexcursion.com\/wp-content\/uploads\/2021\/12\/308-cc-for-rent-300x225.jpg\" alt=\"\" width=\"300\" height=\"225\" title=\"\" srcset=\"https:\/\/holidayexcursion.com\/wp-content\/uploads\/2021\/12\/308-cc-for-rent-300x225.jpg 300w, https:\/\/holidayexcursion.com\/wp-content\/uploads\/2021\/12\/308-cc-for-rent.jpg 528w\" sizes=\"auto, (max-width: 300px) 100vw, 300px\" \/><\/p>\n<p style=\"text-align: center;\">8. *Yak\u0131t Politikas\u0131*: Kiralama \u015firketinin yak\u0131t politikas\u0131 hakk\u0131nda bilgi edinin. Baz\u0131 \u015firketler, arac\u0131 dolu bir depo ile iade etmenizi isterken, di\u011ferleri yak\u0131t\u0131 \u00f6nceden sat\u0131n alma se\u00e7ene\u011fi sunuyor veya sizin ad\u0131n\u0131za araca yak\u0131t ikmali i\u00e7in bir prim talep ediyor.<\/p>\n<p style=\"text-align: center;\">9. *Arac\u0131 \u0130ade Etme*: Kira s\u00f6zle\u015fmenizde belirtilen iade saatine ve yerine dikkat edin. Ge\u00e7 iadeler ek \u00fccretlere neden olabilir, dolay\u0131s\u0131yla buna g\u00f6re plan yap\u0131n.<\/p>\n<p style=\"text-align: center;\">10. *Ek Ekipman*: GPS navigasyon sistemi, \u00e7ocuk araba koltuklar\u0131 veya tavan bagaj\u0131 gibi \u00f6zel ekipmanlara ihtiyac\u0131n\u0131z varsa, rezervasyonunuzu yaparken m\u00fcsaitlik durumunu ve ilgili maliyetleri \u00f6\u011frenin.<\/p>\n<p style=\"text-align: center;\">11. *M\u00fc\u015fteri Hizmetleri*: \u0130yi m\u00fc\u015fteri hizmetleri incelemelerine sahip sayg\u0131n bir araba kiralama \u015firketi se\u00e7in. Kiralama s\u00fcreniz boyunca herhangi bir sorunla kar\u015f\u0131la\u015f\u0131rsan\u0131z bu \u00f6nemli bir fark yaratabilir.<\/p>\n<p style=\"text-align: center;\">12. *Yerel S\u00fcr\u00fc\u015f Yasalar\u0131n\u0131 Anlamak*: Farkl\u0131 bir \u00fclkeye veya eyalete seyahat ediyorsan\u0131z, g\u00fcvenli ve uyumlu bir s\u00fcr\u00fc\u015f deneyimi sa\u011flamak i\u00e7in yerel s\u00fcr\u00fc\u015f yasalar\u0131n\u0131 ve yol i\u015faretlerini \u00f6\u011frenin.<\/p>\n<p style=\"text-align: center;\">Bu \u00f6nemli noktalar\u0131 akl\u0131n\u0131zda tutarak ara\u00e7 kiralama s\u00fcrecinizi g\u00fcvenle ilerleyebilir, seyahatlerinizde olumlu ve sorunsuz bir deneyim ya\u015faman\u0131z\u0131 sa\u011flayabilirsiniz.<\/p>\n<p style=\"text-align: center;\">Alanya&#8217;daki tatiliniz boyunca size unutulmaz an\u0131lar diliyoruz.<\/p>\n<p style=\"text-align: center;\">Not: Daha fazla bilgi i\u00e7in Whats App&#8217;tan arayarak veya mesaj atarak da ileti\u015fime ge\u00e7ebilirsiniz.<\/p>\n<p style=\"text-align: center;\"><a href=\"https:\/\/www.facebook.com\/Alanyaholidayexcursion\" rel=\"nofollow noopener\" target=\"_blank\">Holiday Excursion Team,<\/a><\/p>\n<p><iframe loading=\"lazy\" title=\"Review of Peugeot 308\" width=\"1020\" height=\"574\" src=\"https:\/\/www.youtube.com\/embed\/bnNYLbhm1jU?feature=oembed\" frameborder=\"0\" allow=\"accelerometer; autoplay; clipboard-write; encrypted-media; gyroscope; picture-in-picture; web-share\" allowfullscreen><\/iframe><\/p>\n<p><iframe loading=\"lazy\" title=\"Peugeot 308 CC 1 6 THP GT Convertible 2d Full Video\" width=\"1020\" height=\"574\" src=\"https:\/\/www.youtube.com\/embed\/f-xtSso6KIw?feature=oembed\" frameborder=\"0\" allow=\"accelerometer; autoplay; clipboard-write; encrypted-media; gyroscope; picture-in-picture; web-share\" allowfullscreen><\/iframe><\/p>\n<p><iframe loading=\"lazy\" title=\"2013 Peugeot 308 CC Convertible. Start Up, Engine, and In Depth Tour.\" width=\"1020\" height=\"574\" src=\"https:\/\/www.youtube.com\/embed\/iQbOP4u3oog?feature=oembed\" frameborder=\"0\" allow=\"accelerometer; autoplay; clipboard-write; encrypted-media; gyroscope; picture-in-picture; web-share\" allowfullscreen><\/iframe><\/p>\n<p style=\"text-align: center;\">\n","protected":false},"excerpt":{"rendered":"<p>K\u0130RALIK CABR\u0130O S\u0131n\u0131rs\u0131z Maceralar\u0131n Kilidini A\u00e7an Cabrio Araba Kiralaman\u0131n Kolayl\u0131\u011f\u0131 ve \u00d6zg\u00fcrl\u00fc\u011f\u00fc Ara\u00e7 kiralama firmalar\u0131 , unutulmaz yolculuklara \u00e7\u0131kmam\u0131z i\u00e7in benzersiz kolayl\u0131k ve \u00f6zg\u00fcrl\u00fck sunarak seyahat etme \u015feklimizde devrim yaratt\u0131. \u0130ster yeni bir \u015fehri ke\u015ffediyor olun, ister bir yolculu\u011fa \u00e7\u0131k\u0131yor olun, ister sadece g\u00fcvenilir bir ula\u015f\u0131m arac\u0131na ihtiya\u00e7 duyuyor olun, Alanyada ara\u00e7 kiralamak bir\u00e7ok avantaj<\/p>\n","protected":false},"featured_media":4787,"comment_status":"open","ping_status":"closed","template":"","meta":[],"product_brand":[],"product_cat":[102],"product_tag":[211],"class_list":{"0":"post-5139","1":"product","2":"type-product","3":"status-publish","4":"has-post-thumbnail","6":"product_cat-rent-a-car-tr","7":"product_tag-cabriolet-car-for-rent-economic-cars-tr","9":"first","10":"instock","11":"featured","12":"virtual","13":"sold-individually","14":"purchasable","15":"product-type-booking"},"_links":{"self":[{"href":"https:\/\/holidayexcursion.com\/tr\/wp-json\/wp\/v2\/product\/5139","targetHints":{"allow":["GET"]}}],"collection":[{"href":"https:\/\/holidayexcursion.com\/tr\/wp-json\/wp\/v2\/product"}],"about":[{"href":"https:\/\/holidayexcursion.com\/tr\/wp-json\/wp\/v2\/types\/product"}],"replies":[{"embeddable":true,"href":"https:\/\/holidayexcursion.com\/tr\/wp-json\/wp\/v2\/comments?post=5139"}],"wp:featuredmedia":[{"embeddable":true,"href":"https:\/\/holidayexcursion.com\/tr\/wp-json\/wp\/v2\/media\/4787"}],"wp:attachment":[{"href":"https:\/\/holidayexcursion.com\/tr\/wp-json\/wp\/v2\/media?parent=5139"}],"wp:term":[{"taxonomy":"product_brand","embeddable":true,"href":"https:\/\/holidayexcursion.com\/tr\/wp-json\/wp\/v2\/product_brand?post=5139"},{"taxonomy":"product_cat","embeddable":true,"href":"https:\/\/holidayexcursion.com\/tr\/wp-json\/wp\/v2\/product_cat?post=5139"},{"taxonomy":"product_tag","embeddable":true,"href":"https:\/\/holidayexcursion.com\/tr\/wp-json\/wp\/v2\/product_tag?post=5139"}],"curies":[{"name":"wp","href":"https:\/\/api.w.org\/{rel}","templated":true}]}}