{"id":5156,"date":"2021-12-03T10:03:52","date_gmt":"2021-12-06T21:55:42","guid":{"rendered":"http:\/\/holidayexcursion.com\/excursions-in-alanya\/kategorilenmemis\/dortlu-bisiklet-atv\/"},"modified":"2024-04-23T20:12:33","modified_gmt":"2024-04-23T17:12:33","slug":"atv-2","status":"publish","type":"product","link":"https:\/\/holidayexcursion.com\/tr\/tours-in-alanya\/rent-a-car-tr\/atv-2\/","title":{"rendered":"Quad-ATV"},"content":{"rendered":"<h2 style=\"text-align: center;\"><strong>QUAD BIKE (ATV) RENT 300 cc<\/strong><\/h2>\n<p style=\"text-align: center;\">1-7 g\u00fcn fiyat\u0131 3000 TL | 7-14 g\u00fcn fiyat\u0131: 2500 TL<\/p>\n<p style=\"text-align: center;\">ATV&#8217;lerin g\u00fcnl\u00fck kullan\u0131m limiti 80 km&#8217;dir. Kullan\u0131lan her ilave kilometre i\u00e7in 1 Euro \u00fccret tahsil edilir.<\/p>\n<p style=\"text-align: center;\"><a href=\"https:\/\/en.wikipedia.org\/wiki\/Alanya\" rel=\"nofollow noopener\" target=\"_blank\">Alanya<\/a> Tatilinizde <a href=\"https:\/\/en.wikipedia.org\/wiki\/All-terrain_vehicle\" rel=\"nofollow noopener\" target=\"_blank\">ATV<\/a> Kiralaman\u0131n Avantajlar\u0131<\/p>\n<p style=\"text-align: center;\">Konu Atv maceralar\u0131na gelince, harika a\u00e7\u0131k hava deneyimlerini ya\u015faman\u0131n benzersiz bir yolunu sunar ve Alanya&#8217;daki farkl\u0131 seyahat planlar\u0131na hitap etmek i\u00e7in \u00e7e\u015fitli s\u00fcrelerle kiralanabilir. Bu yaz\u0131m\u0131zda ATV kiralaman\u0131n avantajlar\u0131n\u0131 ve macera deneyimlerinizi nas\u0131l geli\u015ftirdiklerini inceleyece\u011fiz.<\/p>\n<p style=\"text-align: center;\">1. Macerac\u0131 Ruhunuzu Serbest B\u0131rak\u0131n:<\/p>\n<p style=\"text-align: center;\">Atv kiralamak macerac\u0131 taraf\u0131n\u0131zdan yararlanman\u0131za olanak tan\u0131r. Bu d\u00f6rt tekerlekli ara\u00e7lar, toprak yollar, engebeli y\u00fczeyler ve hatta kum tepeleri gibi engebeli arazilerin \u00fcstesinden gelmek i\u00e7in \u00f6zel olarak tasarlanm\u0131\u015ft\u0131r. Sa\u011flam yap\u0131lar\u0131 ve g\u00fc\u00e7l\u00fc motorlar\u0131yla ATV&#8217;ler adrenalin pompalayan bir deneyim sunar ve yepyeni bir ke\u015fif d\u00fcnyas\u0131n\u0131n kap\u0131lar\u0131n\u0131 a\u00e7ar.<\/p>\n<p style=\"text-align: center;\"> <img loading=\"lazy\" decoding=\"async\" class=\"alignnone size-medium wp-image-22300\" src=\"https:\/\/holidayexcursion.com\/wp-content\/uploads\/2021\/12\/IMG_7266-300x225.jpeg\" alt=\"\" width=\"300\" height=\"225\" title=\"\" srcset=\"https:\/\/holidayexcursion.com\/wp-content\/uploads\/2021\/12\/IMG_7266-300x225.jpeg 300w, https:\/\/holidayexcursion.com\/wp-content\/uploads\/2021\/12\/IMG_7266-600x450.jpeg 600w, https:\/\/holidayexcursion.com\/wp-content\/uploads\/2021\/12\/IMG_7266.jpeg 640w\" sizes=\"auto, (max-width: 300px) 100vw, 300px\" \/><\/p>\n<p style=\"text-align: center;\">2. Geli\u015fmi\u015f Esneklik ve \u00d6zg\u00fcrl\u00fck:<\/p>\n<p style=\"text-align: center;\">ATV kiralaman\u0131n \u00f6nemli avantajlar\u0131ndan biri de sa\u011flad\u0131\u011f\u0131 \u00f6zg\u00fcrl\u00fck ve esnekliktir. Geleneksel ara\u00e7lar\u0131n aksine d\u00f6rtl\u00fc bisikletler dar alanlarda gezinme ve engellerin etraf\u0131nda manevra yapma konusunda m\u00fckemmeldir. Bu onlar\u0131 <a href=\"https:\/\/holidayexcursion.com\/tours-in-alanya\/tours\/buggy-tour\/\">off-road<\/a> ke\u015fifleri, tenha yollar ve daha b\u00fcy\u00fck ara\u00e7lar\u0131n eri\u015fmesinin zor olabilece\u011fi alanlar i\u00e7in ideal k\u0131lar. \u0130ster milli parklar\u0131, ister k\u0131rsal manzaralar\u0131, ister uzak yerleri ke\u015ffediyor olun, Atv ler size normalde daha az eri\u015filebilir olan alanlara girme \u00f6zg\u00fcrl\u00fc\u011f\u00fc verir.<\/p>\n<p style=\"text-align: center;\">3. Yolculu\u011funuza \u00d6zel:<\/p>\n<p style=\"text-align: center;\">ATV kiralama, seyahat planlar\u0131n\u0131za uyacak \u015fekilde \u00e7e\u015fitli s\u00fcre se\u00e7enekleri sunar. Atv ile \u0130ster g\u00fcnl\u00fck bir gezi planl\u0131yor olun ister daha uzun bir maceraya at\u0131l\u0131yor olun, kiralama acentam\u0131z ihtiya\u00e7lar\u0131n\u0131z\u0131 kar\u015f\u0131layabilir. H\u0131zl\u0131 yolculuklar i\u00e7in saatlik kiralamalardan, derinlemesine ke\u015fif i\u00e7in \u00e7ok g\u00fcnl\u00fck ve hatta haftal\u0131k kiralamalara kadar, seyahat program\u0131n\u0131za uygun bir kiralama s\u00fcresi bulmak kullan\u0131\u015fl\u0131d\u0131r ve \u00f6zelle\u015ftirilmi\u015f bir deneyime olanak tan\u0131r.<\/p>\n<p style=\"text-align: center;\"><img loading=\"lazy\" decoding=\"async\" class=\"alignnone size-medium wp-image-22306\" src=\"https:\/\/holidayexcursion.com\/wp-content\/uploads\/2021\/12\/IMG_7265-225x300.jpeg\" alt=\"\" width=\"225\" height=\"300\" title=\"\" srcset=\"https:\/\/holidayexcursion.com\/wp-content\/uploads\/2021\/12\/IMG_7265-225x300.jpeg 225w, https:\/\/holidayexcursion.com\/wp-content\/uploads\/2021\/12\/IMG_7265.jpeg 480w\" sizes=\"auto, (max-width: 225px) 100vw, 225px\" \/><\/p>\n<p style=\"text-align: center;\">4. S\u00fcr\u00fckleyici ve \u0130nteraktif Deneyimler:<\/p>\n<p style=\"text-align: center;\">Atv kiralamak daha s\u00fcr\u00fckleyici ve etkile\u015fimli bir maceray\u0131 te\u015fvik eder. Bu ara\u00e7larla r\u00fczgar\u0131n \u015fiddetini hissedebilir, \u00e7evredeki kokular\u0131 koklayabilir ve zorlu arazileri ge\u00e7menin heyecan\u0131n\u0131 ilk elden ya\u015fayabilirsiniz. Do\u011faya yak\u0131nl\u0131k, \u00e7evrenizle daha derin bir ba\u011flant\u0131 kurman\u0131za ve yaban hayat\u0131n\u0131 g\u00f6zlemleme, gizli noktalar\u0131 ke\u015ffetme ve \u00e7evrenizin g\u00fczelli\u011fini takdir etme \u015fans\u0131na olanak tan\u0131r.<\/p>\n<p style=\"text-align: center;\">5. Grup ve Aile Maceralar\u0131:<\/p>\n<p style=\"text-align: center;\">ATV kiralama, yaln\u0131z seyahatlerle s\u0131n\u0131rl\u0131 de\u011fildir, ayn\u0131 zamanda harika grup veya <a href=\"https:\/\/holidayexcursion.com\/tours-in-alanya\/tours\/jeep-safari\/\">aile maceralar\u0131na<\/a> da olanak tan\u0131r. Kiralama acenteleri genellikle tandem s\u00fcr\u00fc\u015fe uygun veya birden fazla yolcuyu a\u011f\u0131rlayacak d\u00f6rt tekerlekli bisikletler sa\u011flar. Birden fazla Atv kiralamak, arkada\u015flar\u0131n\u0131z veya ailenizle gezilere \u00e7\u0131kman\u0131za, kal\u0131c\u0131 an\u0131lar yaratman\u0131za ve ortak deneyimler yoluyla bir dostluk duygusu geli\u015ftirmenize olanak tan\u0131r.<\/p>\n<p style=\"text-align: center;\"><img loading=\"lazy\" decoding=\"async\" class=\"alignnone size-medium wp-image-17332\" src=\"https:\/\/holidayexcursion.com\/wp-content\/uploads\/2021\/12\/WhatsApp-Image-2023-10-05-at-09.39.43-1-300x169.jpeg\" alt=\"\" width=\"300\" height=\"169\" title=\"\" srcset=\"https:\/\/holidayexcursion.com\/wp-content\/uploads\/2021\/12\/WhatsApp-Image-2023-10-05-at-09.39.43-1-300x169.jpeg 300w, https:\/\/holidayexcursion.com\/wp-content\/uploads\/2021\/12\/WhatsApp-Image-2023-10-05-at-09.39.43-1-768x432.jpeg 768w, https:\/\/holidayexcursion.com\/wp-content\/uploads\/2021\/12\/WhatsApp-Image-2023-10-05-at-09.39.43-1-1024x576.jpeg 1024w, https:\/\/holidayexcursion.com\/wp-content\/uploads\/2021\/12\/WhatsApp-Image-2023-10-05-at-09.39.43-1-1536x864.jpeg 1536w, https:\/\/holidayexcursion.com\/wp-content\/uploads\/2021\/12\/WhatsApp-Image-2023-10-05-at-09.39.43-1-600x338.jpeg 600w, https:\/\/holidayexcursion.com\/wp-content\/uploads\/2021\/12\/WhatsApp-Image-2023-10-05-at-09.39.43-1.jpeg 2048w\" sizes=\"auto, (max-width: 300px) 100vw, 300px\" \/><\/p>\n<p style=\"text-align: center;\">6. Mesleki Rehberlik ve G\u00fcvenlik \u00d6nlemleri:<\/p>\n<p style=\"text-align: center;\">Rehberli turlar veya g\u00fcvenlik y\u00f6nlendirmeleri gibi ek hizmetler sunuyoruz. Bu hizmetler, \u00f6zellikle ATV s\u00fcr\u00fc\u015f\u00fcnde yeniyseniz veya ke\u015ffetti\u011finiz b\u00f6lgeye a\u015fina de\u011filseniz \u00e7ok de\u011ferli olabilir. Profesyonel rehberler yerel arazi hakk\u0131nda bilgi sa\u011flayabilir, manzaral\u0131 rotalar \u00f6nerebilir ve yolculuk boyunca g\u00fcvenli\u011finizi sa\u011flayabilir. ATV kiralarken kask ve di\u011fer koruyucu donan\u0131mlar\u0131n sa\u011flanmas\u0131 gibi g\u00fcvenlik \u00f6nlemleri de yayg\u0131nd\u0131r, bu da maceran\u0131z s\u0131ras\u0131nda i\u00e7inizin rahat olmas\u0131n\u0131 sa\u011flar.<\/p>\n<p style=\"text-align: center;\">Atv kiralamak heyecan verici deneyimlerle dolu bir d\u00fcnyan\u0131n kap\u0131lar\u0131n\u0131 a\u00e7ar ve ke\u015ffin s\u0131n\u0131rlar\u0131n\u0131 zorlaman\u0131za olanak tan\u0131r. \u00dcst\u00fcn arazi yetenekleri, esneklikleri ve etkile\u015fimli do\u011falar\u0131yla Atv ler , kendinizi harika d\u0131\u015f mekanlara kapt\u0131rman\u0131n benzersiz bir yolunu sunar. \u0130ster adrenalin patlamas\u0131, ister do\u011fal manzaralar\u0131 ke\u015ffetmenin alternatif bir yolu, ister unutulmaz bir grup maceras\u0131 ar\u0131yor olun, ATV kiralamak s\u0131radan bir geziyi ola\u011fan\u00fcst\u00fc bir geziye d\u00f6n\u00fc\u015ft\u00fcrebilir. O halde vitesinizi y\u00fckseltin, heyecan\u0131 kucaklay\u0131n ve unutulmaz bir Atv deneyimine ba\u015flay\u0131n.<\/p>\n<p style=\"text-align: center;\"><img loading=\"lazy\" decoding=\"async\" class=\"alignnone size-full wp-image-22294\" src=\"https:\/\/holidayexcursion.com\/wp-content\/uploads\/2021\/12\/IMG_7267.jpeg\" alt=\"\" width=\"259\" height=\"194\" title=\"\"><\/p>\n<h2 style=\"text-align: center;\"><strong>QUAD-ATV K\u0130RALAMA HAKKINDA EN \u00c7OK SORULAN SORULAR<\/strong><\/h2>\n<p style=\"text-align: center;\">1. ATV kiralaman\u0131n \u015fartlar\u0131 nelerdir?<br \/>\nATV kiralamak i\u00e7in genellikle ge\u00e7erli bir s\u00fcr\u00fcc\u00fc ehliyetine ihtiyac\u0131n\u0131z vard\u0131r ve baz\u0131 durumlarda minimum ya\u015f \u015fart\u0131n\u0131 kar\u015f\u0131laman\u0131z gerekebilir. Ek olarak, baz\u0131 kiralama \u015firketleri bir g\u00fcvenlik brifingine veya arazi ara\u00e7lar\u0131n\u0131 kullanma konusunda daha \u00f6nceden deneyime ihtiya\u00e7 duyabilir.<\/p>\n<p style=\"text-align: center;\">2. ATV kiralaman\u0131n maliyeti nedir?<br \/>\nATV kiralaman\u0131n maliyeti, konumu, kiralama s\u00fcresi, ATV tipi gibi fakt\u00f6rlere ba\u011fl\u0131 olarak de\u011fi\u015fiklik g\u00f6sterebilmektedir. Kiralama fiyatlar\u0131 genellikle saat ba\u015f\u0131na 25 dolar ila 200 ABD Dolar\u0131 aras\u0131nda de\u011fi\u015fmektedir ve tam g\u00fcnl\u00fck kiralamalarda genellikle indirimler mevcuttur.<\/p>\n<p style=\"text-align: center;\"><img loading=\"lazy\" decoding=\"async\" class=\"alignnone size-medium wp-image-17327\" src=\"https:\/\/holidayexcursion.com\/wp-content\/uploads\/2021\/12\/WhatsApp-Image-2023-10-05-at-09.39.43-2-300x169.jpeg\" alt=\"\" width=\"300\" height=\"169\" title=\"\" srcset=\"https:\/\/holidayexcursion.com\/wp-content\/uploads\/2021\/12\/WhatsApp-Image-2023-10-05-at-09.39.43-2-300x169.jpeg 300w, https:\/\/holidayexcursion.com\/wp-content\/uploads\/2021\/12\/WhatsApp-Image-2023-10-05-at-09.39.43-2-768x432.jpeg 768w, https:\/\/holidayexcursion.com\/wp-content\/uploads\/2021\/12\/WhatsApp-Image-2023-10-05-at-09.39.43-2-1024x576.jpeg 1024w, https:\/\/holidayexcursion.com\/wp-content\/uploads\/2021\/12\/WhatsApp-Image-2023-10-05-at-09.39.43-2-1536x864.jpeg 1536w, https:\/\/holidayexcursion.com\/wp-content\/uploads\/2021\/12\/WhatsApp-Image-2023-10-05-at-09.39.43-2-600x338.jpeg 600w, https:\/\/holidayexcursion.com\/wp-content\/uploads\/2021\/12\/WhatsApp-Image-2023-10-05-at-09.39.43-2.jpeg 2048w\" sizes=\"auto, (max-width: 300px) 100vw, 300px\" \/><\/p>\n<p style=\"text-align: center;\">3. ATV kiralamak i\u00e7in sigortaya ihtiyac\u0131m var m\u0131?<br \/>\nBir\u00e7ok ATV kiralama \u015firketi ek \u00fccret kar\u015f\u0131l\u0131\u011f\u0131nda sat\u0131n al\u0131nabilecek sigorta se\u00e7enekleri sunmaktad\u0131r. ATV kiralamadan \u00f6nce sigorta kapsam\u0131 hakk\u0131nda bilgi almak ve \u015fartlar ve ko\u015fullar\u0131 anlamak \u00f6nemlidir.<\/p>\n<p style=\"text-align: center;\">4. ATV kiralamalarda kask veriliyor mu?<br \/>\nKasklar genellikle ATV kiralama s\u0131ras\u0131nda firma taraf\u0131ndan verilir. Ki\u015fisel g\u00fcvenlik ve yerel d\u00fczenlemelere uyum a\u00e7\u0131s\u0131ndan kask takmak \u00f6nemlidir.<\/p>\n<p style=\"text-align: center;\">5. Daha \u00f6nce s\u00fcr\u00fc\u015f deneyimim olmadan ATV kiralayabilir miyim?<br \/>\nBaz\u0131 kiralama \u015firketleri yeni ba\u015flayanlar i\u00e7in temel e\u011fitim verebilirken, di\u011ferleri kirac\u0131lar\u0131n ATV s\u00fcrme deneyimine sahip olmalar\u0131n\u0131 isteyebilir. Acemi bir s\u00fcr\u00fcc\u00fcyseniz bunu sorman\u0131z \u00f6nemlidir.<\/p>\n<p style=\"text-align: center;\"><img loading=\"lazy\" decoding=\"async\" class=\"alignnone size-medium wp-image-17337\" src=\"https:\/\/holidayexcursion.com\/wp-content\/uploads\/2021\/12\/WhatsApp-Image-2023-10-05-at-09.39.43-169x300.jpeg\" alt=\"\" width=\"169\" height=\"300\" title=\"\" srcset=\"https:\/\/holidayexcursion.com\/wp-content\/uploads\/2021\/12\/WhatsApp-Image-2023-10-05-at-09.39.43-169x300.jpeg 169w, https:\/\/holidayexcursion.com\/wp-content\/uploads\/2021\/12\/WhatsApp-Image-2023-10-05-at-09.39.43-768x1365.jpeg 768w, https:\/\/holidayexcursion.com\/wp-content\/uploads\/2021\/12\/WhatsApp-Image-2023-10-05-at-09.39.43-576x1024.jpeg 576w, https:\/\/holidayexcursion.com\/wp-content\/uploads\/2021\/12\/WhatsApp-Image-2023-10-05-at-09.39.43-864x1536.jpeg 864w, https:\/\/holidayexcursion.com\/wp-content\/uploads\/2021\/12\/WhatsApp-Image-2023-10-05-at-09.39.43-600x1067.jpeg 600w, https:\/\/holidayexcursion.com\/wp-content\/uploads\/2021\/12\/WhatsApp-Image-2023-10-05-at-09.39.43.jpeg 1152w\" sizes=\"auto, (max-width: 169px) 100vw, 169px\" \/><\/p>\n<p style=\"text-align: center;\">6. ATV&#8217;yi iade etme prosed\u00fcr\u00fc nedir?<br \/>\nKirac\u0131lar\u0131n genellikle ATV yi, kararla\u015ft\u0131r\u0131lan zamanda ve kiraland\u0131\u011f\u0131 zamanki durumda kiralama tesisine iade etmeleri beklenir. Ge\u00e7 iadeler ek \u00fccrete neden olabilir, bu nedenle kira s\u00f6zle\u015fmesine uymak \u00f6nemlidir.<\/p>\n<p style=\"text-align: center;\">7. Kiralad\u0131\u011f\u0131m ATV&#8217;yi nerelerde kullanabilece\u011fim konusunda k\u0131s\u0131tlamalar var m\u0131?<br \/>\nKiralanan d\u00f6rtl\u00fc bisikleti nerede s\u00fcrebilece\u011finizle ilgili s\u0131n\u0131rlamalar\u0131 anlamak \u00f6nemlidir. Kira s\u00f6zle\u015fmeleri belirli alanlara veya arazi t\u00fcrlerine ili\u015fkin k\u0131s\u0131tlamalar i\u00e7erebilir ve bu k\u0131s\u0131tlamalara uymak \u00f6nemlidir.<\/p>\n<p style=\"text-align: center;\">8. Belirli bir kilometreyi a\u015f\u0131nca ek \u00fccretler var m\u0131?<br \/>\nBaz\u0131 ATV kiralama \u015firketlerinin kilometre s\u0131n\u0131rlamalar\u0131 vard\u0131r ve ayr\u0131lan mesafenin a\u015f\u0131lmas\u0131 durumunda ek \u00fccret talep edebilir. Beklenmeyen masraflardan \u00fccretler i\u00e7in bu \u015fartlar\u0131n varl\u0131\u011f\u0131 \u00f6nemlidir.<\/p>\n<p style=\"text-align: center;\">9. Mekanik sorun veya ar\u0131za durumunda ne olur?<br \/>\nKiralama s\u00fcresi boyunca mekanik sorunlar veya ar\u0131zalar olmas\u0131 durumunda, kiralama \u015firketiyle ileti\u015fime ge\u00e7erek yard\u0131m veya yedek ara\u00e7 alma prosed\u00fcrlerini bilmek \u00f6nemlidir.<\/p>\n<p style=\"text-align: center;\">10. ATV kiralamalarda kabul edilen \u00f6deme y\u00f6ntemleri nelerdir?<br \/>\nATV kiralama sa\u011flay\u0131c\u0131lar\u0131n\u0131n \u00e7o\u011fu, \u00f6deme i\u00e7in b\u00fct\u00fcn kredi kartlar\u0131n\u0131 kabul etmektedir ve baz\u0131lar\u0131 nakit i\u015flemlere de izin verebilir. ATV kiralamadan \u00f6nce kabul edilen \u00f6deme y\u00f6ntemlerini netle\u015ftirmek \u00f6nemlidir.<\/p>\n<p style=\"text-align: center;\">ATV kiralamak heyecan verici bir a\u00e7\u0131k hava maceras\u0131 sunabilir ve kiralama s\u00fcreci, g\u00fcvenlik kurallar\u0131 ve ilgili maliyetler ve politikalar hakk\u0131nda bilgi sahibi olmak sorunsuz ve keyifli bir deneyim sa\u011flayabilir.<\/p>\n<h4 style=\"text-align: center;\"><strong>QUAD ATV TRV 350 \u00d6ZELL\u0130KLER\u0130<\/strong><br \/>\nSilindir Hacmi 271 cc Motor Tipi 4 Zamanl\u0131, Tek Silindir<br \/>\n\u015eanz\u0131man CVT Maksimum G\u00fc\u00e7 22,52 HP @ 7000 rpm<br \/>\nMaksimum Tork 25,50 HP @ 5500 rpm Yak\u0131t Tipi Benzinli<br \/>\nAte\u015fleme Elektrikli So\u011futma S\u0131v\u0131 So\u011futmal\u0131<br \/>\n\u00d6n \/ Arka Fren Diski &#8211; Disk \u00d6n \/ Arka Lastik AT 22\u00d77-10\u2033 \/ AT 22\u00d710-10\u2033<br \/>\nUzunluk 1940 mm. Geni\u015flik 1095 mm.<br \/>\nY\u00fckseklik 1150 mm. Dingil mesafesi 1210 mm.<br \/>\nBo\u015f A\u011f\u0131rl\u0131k 245 kg. Maksimum Y\u00fck 428 kg.<br \/>\nYak\u0131t Tank\u0131 Kapasitesi 14 lt. \u00dcr\u00fcn Tipi T3 Trakt\u00f6r<\/h4>\n<p style=\"text-align: center;\">Alanya&#8217;daki tatiliniz boyunca size unutulmaz an\u0131lar diliyoruz.<\/p>\n<p style=\"text-align: center;\">Not: Daha fazla bilgi i\u00e7in Whats App&#8217;tan arayarak veya mesaj atarak da ileti\u015fime ge\u00e7ebilirsiniz.<\/p>\n<p style=\"text-align: center;\"><a href=\"https:\/\/www.facebook.com\/Alanyaholidayexcursion\" rel=\"nofollow noopener\" target=\"_blank\">Holiday Excursion Ekibi,<\/a><\/p>\n<p><iframe loading=\"lazy\" title=\"kuba trv 350\" width=\"1020\" height=\"574\" src=\"https:\/\/www.youtube.com\/embed\/imw0PNFq5Xc?feature=oembed\" frameborder=\"0\" allow=\"accelerometer; autoplay; clipboard-write; encrypted-media; gyroscope; picture-in-picture; web-share\" allowfullscreen><\/iframe><\/p>\n<p><iframe loading=\"lazy\" title=\"Kuba Trv350\" width=\"1020\" height=\"574\" src=\"https:\/\/www.youtube.com\/embed\/abuf-pJRQr8?feature=oembed\" frameborder=\"0\" allow=\"accelerometer; autoplay; clipboard-write; encrypted-media; gyroscope; picture-in-picture; web-share\" allowfullscreen><\/iframe><\/p>\n<p><iframe loading=\"lazy\" title=\"Kuba Trv350\" width=\"1020\" height=\"574\" src=\"https:\/\/www.youtube.com\/embed\/AiYCPYro3g8?feature=oembed\" frameborder=\"0\" allow=\"accelerometer; autoplay; clipboard-write; encrypted-media; gyroscope; picture-in-picture; web-share\" allowfullscreen><\/iframe><\/p>\n","protected":false},"excerpt":{"rendered":"<p>QUAD BIKE (ATV) RENT 300 cc 1-7 g\u00fcn fiyat\u0131 3000 TL | 7-14 g\u00fcn fiyat\u0131: 2500 TL ATV&#8217;lerin g\u00fcnl\u00fck kullan\u0131m limiti 80 km&#8217;dir. Kullan\u0131lan her ilave kilometre i\u00e7in 1 Euro \u00fccret tahsil edilir. Alanya Tatilinizde ATV Kiralaman\u0131n Avantajlar\u0131 Konu Atv maceralar\u0131na gelince, harika a\u00e7\u0131k hava deneyimlerini ya\u015faman\u0131n benzersiz bir yolunu sunar ve Alanya&#8217;daki farkl\u0131 seyahat<\/p>\n","protected":false},"featured_media":22305,"comment_status":"open","ping_status":"closed","template":"","meta":[],"product_brand":[],"product_cat":[102],"product_tag":[],"class_list":{"0":"post-5156","1":"product","2":"type-product","3":"status-publish","4":"has-post-thumbnail","6":"product_cat-rent-a-car-tr","8":"first","9":"instock","10":"featured","11":"virtual","12":"sold-individually","13":"purchasable","14":"product-type-booking"},"_links":{"self":[{"href":"https:\/\/holidayexcursion.com\/tr\/wp-json\/wp\/v2\/product\/5156","targetHints":{"allow":["GET"]}}],"collection":[{"href":"https:\/\/holidayexcursion.com\/tr\/wp-json\/wp\/v2\/product"}],"about":[{"href":"https:\/\/holidayexcursion.com\/tr\/wp-json\/wp\/v2\/types\/product"}],"replies":[{"embeddable":true,"href":"https:\/\/holidayexcursion.com\/tr\/wp-json\/wp\/v2\/comments?post=5156"}],"wp:featuredmedia":[{"embeddable":true,"href":"https:\/\/holidayexcursion.com\/tr\/wp-json\/wp\/v2\/media\/22305"}],"wp:attachment":[{"href":"https:\/\/holidayexcursion.com\/tr\/wp-json\/wp\/v2\/media?parent=5156"}],"wp:term":[{"taxonomy":"product_brand","embeddable":true,"href":"https:\/\/holidayexcursion.com\/tr\/wp-json\/wp\/v2\/product_brand?post=5156"},{"taxonomy":"product_cat","embeddable":true,"href":"https:\/\/holidayexcursion.com\/tr\/wp-json\/wp\/v2\/product_cat?post=5156"},{"taxonomy":"product_tag","embeddable":true,"href":"https:\/\/holidayexcursion.com\/tr\/wp-json\/wp\/v2\/product_tag?post=5156"}],"curies":[{"name":"wp","href":"https:\/\/api.w.org\/{rel}","templated":true}]}}