{"id":5170,"date":"2021-12-03T10:03:07","date_gmt":"2021-12-06T21:55:46","guid":{"rendered":"http:\/\/holidayexcursion.com\/excursions-in-alanya\/kategorilenmemis\/minibus\/"},"modified":"2024-03-18T11:38:44","modified_gmt":"2024-03-18T08:38:44","slug":"minibus","status":"publish","type":"product","link":"https:\/\/holidayexcursion.com\/tr\/tours-in-alanya\/rent-a-car-tr\/minibus\/","title":{"rendered":"Alanya&#8217;da minib\u00fcs kiralama"},"content":{"rendered":"<h2 style=\"text-align: center;\"><\/h2>\n<h2 style=\"text-align: center;\"><strong>Alanya&#8217;da kiral\u0131k minib\u00fcs<\/strong><\/h2>\n<p style=\"text-align: center;\">Unutulmaz Grup Maceralar\u0131 i\u00e7in Minib\u00fcs Kiralayarak Alanya ve Antalyay\u0131 Kolayl\u0131kla Ke\u015ffedin<\/p>\n<p style=\"text-align: center;\">Grup halinde <a href=\"https:\/\/holidayexcursion.com\/tours-in-alanya\/tours\/sapadere-canyon\/\">maceralara<\/a> at\u0131lmak s\u00f6z konusu oldu\u011funda minib\u00fcs kiralamak rahat ve keyifli bir yolculuk imkan\u0131 sunuyor. Minib\u00fcsler geni\u015f alan, konfor ve esneklik sa\u011flayarak onlar\u0131 aile tatilleri, kurumsal geziler, okul gezileri ve daha b\u00fcy\u00fck bir grup i\u00e7in ula\u015f\u0131m gerektiren di\u011fer durumlar i\u00e7in ideal bir se\u00e7im haline getiriyor. Bu yaz\u0131m\u0131zda grup maceralar\u0131n\u0131zdan en iyi \u015fekilde yararlanman\u0131z\u0131 sa\u011flayacak minib\u00fcs kiralaman\u0131n avantajlar\u0131n\u0131 ve dikkat edilmesi gereken noktalar\u0131n\u0131 ele alaca\u011f\u0131z.<\/p>\n<p style=\"text-align: center;\">1. Geni\u015f Alan ve Konfor:<\/p>\n<p style=\"text-align: center;\">Minib\u00fcs kiralamak, s\u0131k\u0131\u015f\u0131k alanlara veda etmek ve herkesin konforlu bir \u015fekilde seyahat etmesini sa\u011flamak anlam\u0131na gelir. Geni\u015f oturma alan\u0131 ve geni\u015f bacak mesafesiyle minib\u00fcsler, her yolcunun dinlenmesi ve yolculu\u011fun tad\u0131n\u0131 \u00e7\u0131karmas\u0131 i\u00e7in geni\u015f bir ortam sa\u011flar. \u0130ster uzun mesafeli bir yolculuk ister g\u00fcn\u00fcbirlik bir gezi olsun, minib\u00fcs\u00fcn konforu herkesin var\u0131\u015f noktas\u0131na tazelenmi\u015f ve ke\u015ffetmeye haz\u0131r bir \u015fekilde varmas\u0131n\u0131 sa\u011flar.<\/p>\n<p style=\"text-align: center;\"><img loading=\"lazy\" decoding=\"async\" class=\"alignnone size-medium wp-image-25592\" src=\"https:\/\/holidayexcursion.com\/wp-content\/uploads\/2021\/12\/Antalya-Shuttle-transfer-2-300x169.jpg\" alt=\"\" width=\"300\" height=\"169\" title=\"\" srcset=\"https:\/\/holidayexcursion.com\/wp-content\/uploads\/2021\/12\/Antalya-Shuttle-transfer-2-300x169.jpg 300w, https:\/\/holidayexcursion.com\/wp-content\/uploads\/2021\/12\/Antalya-Shuttle-transfer-2.jpg 432w\" sizes=\"auto, (max-width: 300px) 100vw, 300px\" \/><\/p>\n<p style=\"text-align: center;\">Minib\u00fcs kiralaman\u0131n en b\u00fcy\u00fck avantajlar\u0131ndan biri, yolculuk s\u0131ras\u0131nda grup kayna\u015fmas\u0131 ve geli\u015fmi\u015f etkile\u015fim f\u0131rsat\u0131d\u0131r. Herkesin tek bir ara\u00e7ta bir araya gelmesiyle canl\u0131 sohbetlere kat\u0131labilir, oyunlar oynayabilir veya sadece birbirinizin arkada\u015fl\u0131\u011f\u0131n\u0131n tad\u0131n\u0131 \u00e7\u0131karabilirsiniz. Bu ortak deneyim, birliktelik duygusunu besler ve ili\u015fkileri g\u00fc\u00e7lendirir, grup maceran\u0131z\u0131 daha da unutulmaz k\u0131lar.<\/p>\n<p style=\"text-align: center;\">3. Sorunsuz Lojistik:<\/p>\n<p style=\"text-align: center;\">Daha b\u00fcy\u00fck bir grup i\u00e7in ta\u015f\u0131mac\u0131l\u0131\u011f\u0131 koordine etmek lojistik bir kabus olabilir. Minib\u00fcs kiralamak s\u00fcreci basitle\u015ftirir ve birden fazla araca olan ihtiyac\u0131 ortadan kald\u0131r\u0131r. Herkesin ayn\u0131 ula\u015f\u0131m modunda olmas\u0131 sayesinde grubu kolayca takip edebilir, zaman\u0131nda var\u0131\u015flar\u0131 sa\u011flayabilir ve birden fazla alma ve b\u0131rakma i\u015flemini koordine etme zahmetinden kurtulabilirsiniz. Minib\u00fcs kiralama acenteleri kap\u0131dan kap\u0131ya hizmet rahatl\u0131\u011f\u0131n\u0131 da sunarak ger\u00e7ekten arkan\u0131za yaslan\u0131p rahatlaman\u0131za olanak tan\u0131yor.<\/p>\n<p style=\"text-align: center;\"><img loading=\"lazy\" decoding=\"async\" class=\"size-medium wp-image-3932\" src=\"https:\/\/holidayexcursion.com\/wp-content\/uploads\/2021\/12\/rent-a-minibus-in-alanya-300x200.webp\" alt=\"alanya&#039;da minib\u00fcs kiralamak\" width=\"300\" height=\"200\" title=\"\" srcset=\"https:\/\/holidayexcursion.com\/wp-content\/uploads\/2021\/12\/rent-a-minibus-in-alanya-300x200.webp 300w, https:\/\/holidayexcursion.com\/wp-content\/uploads\/2021\/12\/rent-a-minibus-in-alanya-768x512.webp 768w, https:\/\/holidayexcursion.com\/wp-content\/uploads\/2021\/12\/rent-a-minibus-in-alanya-1024x683.webp 1024w, https:\/\/holidayexcursion.com\/wp-content\/uploads\/2021\/12\/rent-a-minibus-in-alanya-1536x1024.webp 1536w, https:\/\/holidayexcursion.com\/wp-content\/uploads\/2021\/12\/rent-a-minibus-in-alanya-600x400.webp 600w, https:\/\/holidayexcursion.com\/wp-content\/uploads\/2021\/12\/rent-a-minibus-in-alanya.webp 1920w\" sizes=\"auto, (max-width: 300px) 100vw, 300px\" \/><\/p>\n<p style=\"text-align: center;\">4. Esneklik ve \u00d6zelle\u015ftirme:<\/p>\n<p style=\"text-align: center;\">Minib\u00fcs kiralama, k\u00fc\u00e7\u00fck minib\u00fcslerden 15 veya daha fazla yolcu kapasiteli daha b\u00fcy\u00fck ara\u00e7lara kadar \u00e7e\u015fitli b\u00fcy\u00fckl\u00fckteki gruplara hitap etmektedir. Bu esneklik, grubunuzun \u00f6zel ihtiya\u00e7lar\u0131na uygun bir minib\u00fcs se\u00e7menize olanak tan\u0131yarak herkesin yolculuk s\u0131ras\u0131nda geni\u015f alana ve rahatl\u0131\u011fa sahip olmas\u0131n\u0131 sa\u011flar. Ek olarak, kiralama acenteleri genellikle genel seyahat deneyimini geli\u015ftirmek i\u00e7in bagaj i\u00e7in saklama b\u00f6lmeleri, e\u011flence sistemleri veya di\u011fer olanaklar eklemek gibi \u00f6zelle\u015ftirme se\u00e7enekleri sunar.<\/p>\n<p style=\"text-align: center;\">5. G\u00fcvenlik ve Huzur:<\/p>\n<p style=\"text-align: center;\">Seyahat ederken <span style=\"font-size: 14.4px;\">Bir grupla g\u00fcvenlik son derece \u00f6nemlidir. Minib\u00fcs kiralama bak\u0131ml\u0131 ara\u00e7lar\u0131 ve profesyonel \u015fof\u00f6rleri ile g\u00f6n\u00fcl rahatl\u0131\u011f\u0131 sunmaktad\u0131r. <a href=\"https:\/\/holidayexcursion.com\/rent-a-car-in-alanya\/\">Kiralama acenteleri<\/a> yolcular\u0131n g\u00fcvenli\u011fini ve konforunu \u00f6n planda tutarak, minib\u00fcslerin d\u00fczenli olarak bak\u0131mlar\u0131n\u0131n yap\u0131lmas\u0131n\u0131, g\u00fcvenlik \u00f6zellikleriyle donat\u0131lmas\u0131n\u0131 ve ilgili y\u00f6netmelik ve y\u00f6nergelere uymas\u0131n\u0131 sa\u011flar. G\u00fcvenli\u011fe olan bu adanm\u0131\u015fl\u0131k, her t\u00fcrl\u00fc \u00f6nlemin al\u0131nd\u0131\u011f\u0131n\u0131 bilerek, tamamen rahatlaman\u0131za ve yolculu\u011fun tad\u0131n\u0131 \u00e7\u0131karman\u0131za olanak tan\u0131r.<\/span><\/p>\n<p style=\"text-align: center;\"><img loading=\"lazy\" decoding=\"async\" class=\"alignnone size-medium wp-image-3942\" src=\"https:\/\/holidayexcursion.com\/wp-content\/uploads\/2021\/12\/Gazipasa-Airport-Vip-Transfer-150x150.webp\" alt=\"\" width=\"300\" height=\"300\" title=\"\" srcset=\"https:\/\/holidayexcursion.com\/wp-content\/uploads\/2021\/12\/Gazipasa-Airport-Vip-Transfer-150x150.webp 150w, https:\/\/holidayexcursion.com\/wp-content\/uploads\/2021\/12\/Gazipasa-Airport-Vip-Transfer-300x300.webp 300w, https:\/\/holidayexcursion.com\/wp-content\/uploads\/2021\/12\/Gazipasa-Airport-Vip-Transfer-768x768.webp 768w, https:\/\/holidayexcursion.com\/wp-content\/uploads\/2021\/12\/Gazipasa-Airport-Vip-Transfer-1024x1024.webp 1024w, https:\/\/holidayexcursion.com\/wp-content\/uploads\/2021\/12\/Gazipasa-Airport-Vip-Transfer-1536x1536.webp 1536w, https:\/\/holidayexcursion.com\/wp-content\/uploads\/2021\/12\/Gazipasa-Airport-Vip-Transfer-600x600.webp 600w, https:\/\/holidayexcursion.com\/wp-content\/uploads\/2021\/12\/Gazipasa-Airport-Vip-Transfer-100x100.webp 100w, https:\/\/holidayexcursion.com\/wp-content\/uploads\/2021\/12\/Gazipasa-Airport-Vip-Transfer.webp 2000w\" sizes=\"auto, (max-width: 300px) 100vw, 300px\" \/><\/p>\n<p style=\"text-align: center;\">6. Maliyet Tasarrufu Sa\u011flayan Faydalar:<\/p>\n<p style=\"text-align: center;\">Minib\u00fcs kiralamak \u00f6zellikle kalabal\u0131k bir grupla seyahat ederken uygun maliyetli bir se\u00e7enek olabilir. Bireysel ula\u015f\u0131m se\u00e7eneklerini ayarlamak ve buna ba\u011fl\u0131 maliyetlerle u\u011fra\u015fmak yerine minib\u00fcs kiralamak, toplam masraf\u0131 yolcular aras\u0131nda payla\u015ft\u0131rman\u0131za olanak tan\u0131r. Ayr\u0131ca minib\u00fcs kiralamay\u0131 tercih etmek, birden fazla kiral\u0131k ara\u00e7 ihtiyac\u0131n\u0131, otopark \u00fccretlerini ve yak\u0131t masraflar\u0131n\u0131 ortadan kald\u0131rarak grup i\u00e7in \u00f6nemli tasarruflar sa\u011flayabilir.<\/p>\n<p style=\"text-align: center;\">Minib\u00fcs kiralamak, grup maceralar\u0131 i\u00e7in kolayl\u0131k, konfor ve dostluk d\u00fcnyas\u0131n\u0131n kap\u0131lar\u0131n\u0131 a\u00e7ar. Geni\u015f alan, \u00f6zelle\u015ftirilebilir se\u00e7enekler ve birlikte seyahat etme \u00f6zg\u00fcrl\u00fc\u011f\u00fc ile minib\u00fcs kiralama, ke\u015ffetmenin ve unutulmaz an\u0131lar yaratman\u0131n stressiz ve keyifli bir yolunu sunar. \u0130ster aile tatili, ister ekip olu\u015fturma gezisi, ister e\u011fitim gezisi olsun, minib\u00fcs kiralamak herkesin rahat\u00e7a seyahat etmesini, birbiriyle ba\u011f kurmas\u0131n\u0131 ve yolculu\u011fun keyfini doyas\u0131ya ya\u015famas\u0131n\u0131 sa\u011flar. O halde grubunuzu toplay\u0131n, bir maceraya at\u0131l\u0131n ve b\u0131rak\u0131n minib\u00fcs sizi s\u0131ra d\u0131\u015f\u0131 yerlere ta\u015f\u0131s\u0131n.<\/p>\n<p style=\"text-align: center;\"><img loading=\"lazy\" decoding=\"async\" class=\"size-medium wp-image-3933\" src=\"https:\/\/holidayexcursion.com\/wp-content\/uploads\/2021\/12\/rent-a-minibus-in-alanya-2-150x150.webp\" alt=\"alanya&#039;da minib\u00fcs kiralama-2\" width=\"300\" height=\"300\" title=\"\" srcset=\"https:\/\/holidayexcursion.com\/wp-content\/uploads\/2021\/12\/rent-a-minibus-in-alanya-2-150x150.webp 150w, https:\/\/holidayexcursion.com\/wp-content\/uploads\/2021\/12\/rent-a-minibus-in-alanya-2-300x300.webp 300w, https:\/\/holidayexcursion.com\/wp-content\/uploads\/2021\/12\/rent-a-minibus-in-alanya-2-768x768.webp 768w, https:\/\/holidayexcursion.com\/wp-content\/uploads\/2021\/12\/rent-a-minibus-in-alanya-2-1024x1024.webp 1024w, https:\/\/holidayexcursion.com\/wp-content\/uploads\/2021\/12\/rent-a-minibus-in-alanya-2-1536x1536.webp 1536w, https:\/\/holidayexcursion.com\/wp-content\/uploads\/2021\/12\/rent-a-minibus-in-alanya-2-600x600.webp 600w, https:\/\/holidayexcursion.com\/wp-content\/uploads\/2021\/12\/rent-a-minibus-in-alanya-2-100x100.webp 100w, https:\/\/holidayexcursion.com\/wp-content\/uploads\/2021\/12\/rent-a-minibus-in-alanya-2.webp 2000w\" sizes=\"auto, (max-width: 300px) 100vw, 300px\" \/><\/p>\n<p style=\"text-align: center;\">Araba kiralamak seyahat etmenin verimli ve rahat bir yolu olabilir ancak sorunsuz bir deneyim sa\u011flamak i\u00e7in dikkate al\u0131nmas\u0131 gereken birka\u00e7 \u00f6nemli nokta vard\u0131r. Ara\u00e7 kiralarken dikkat edilmesi gereken baz\u0131 \u00f6nemli noktalar \u015funlard\u0131r:<\/p>\n<p style=\"text-align: center;\">1. *Ya\u015f Gereksinimi*: \u00c7o\u011fu ara\u00e7 kiralama \u015firketi, as\u0131l s\u00fcr\u00fcc\u00fcn\u00fcn en az 25 ya\u015f\u0131nda olmas\u0131n\u0131 \u015fart ko\u015far. Baz\u0131 durumlarda 21-24 ya\u015f aras\u0131ndaki s\u00fcr\u00fcc\u00fcler ara\u00e7 kiralayabilir ancak ek \u00fccret \u00f6demeleri gerekebilir.<\/p>\n<p style=\"text-align: center;\">2. *S\u00fcr\u00fcc\u00fc Belgesi*: Ara\u00e7 kiralamak i\u00e7in ge\u00e7erli bir s\u00fcr\u00fcc\u00fc belgesine ihtiyac\u0131n\u0131z olacakt\u0131r. Yurt d\u0131\u015f\u0131na seyahat ediyorsan\u0131z uluslararas\u0131 s\u00fcr\u00fcc\u00fc iznine de ihtiyac\u0131n\u0131z olabilir, bu nedenle ziyaret etmeyi planlad\u0131\u011f\u0131n\u0131z \u00fclkenin gerekliliklerini kontrol etmeniz \u00f6nemlidir.<\/p>\n<p style=\"text-align: center;\">3. *Sigorta*: Kiral\u0131k ara\u00e7 \u015firketinin sundu\u011fu sigorta se\u00e7eneklerini anlamak \u00f6nemlidir. \u00c7o\u011fu \u015firket, bir kaza veya h\u0131rs\u0131zl\u0131k durumunda sizi koruyabilecek \u00e7arp\u0131\u015fma hasar\u0131ndan feragat (CDW) veya kay\u0131p hasar\u0131ndan feragat (LDW) sunar. Ek olarak, ki\u015fisel ara\u00e7 sigortan\u0131z veya kredi kart\u0131n\u0131z, kiral\u0131k ara\u00e7lar i\u00e7in bir miktar teminat sunabilir; bu nedenle, kiralama \u015firketinden ek sigorta sat\u0131n almadan \u00f6nce sa\u011flay\u0131c\u0131lar\u0131n\u0131za dan\u0131\u015fman\u0131z ak\u0131ll\u0131ca olacakt\u0131r.<\/p>\n<p style=\"text-align: center;\">4. *Kiralama S\u00f6zle\u015fmesini Anlamak*: Bir kiralama s\u00f6zle\u015fmesi imzalamadan \u00f6nce olas\u0131 \u00fccretler, kilometre s\u0131n\u0131rlamalar\u0131 ve yak\u0131t politikalar\u0131 da dahil olmak \u00fczere h\u00fck\u00fcm ve ko\u015fullar\u0131 dikkatlice inceleyin. Kiralama i\u015fleminiz i\u00e7in ge\u00e7erli olabilecek \u00f6zel k\u0131s\u0131tlamalar\u0131 veya gereksinimleri sordu\u011funuzdan emin olun.<\/p>\n<p style=\"text-align: center;\">5. *\u00d6nceden Rezervasyon*: \u00d6zellikle talebin y\u00fcksek oldu\u011fu yo\u011fun seyahat sezonlar\u0131nda, kiral\u0131k arac\u0131n\u0131z\u0131 \u00f6nceden ay\u0131rtmak genellikle faydal\u0131d\u0131r. Erken rezervasyon ayn\u0131 zamanda daha iyi bir fiyat elde etmenize de yard\u0131mc\u0131 olabilir.<\/p>\n<p style=\"text-align: center;\">6. *Ara\u00e7 Se\u00e7imi*: Yolcu say\u0131s\u0131na ve bagaj miktar\u0131na g\u00f6re ihtiyac\u0131n\u0131z olacak arac\u0131n boyutunu d\u00fc\u015f\u00fcn\u00fcn. Ek olarak, manuel veya otomatik \u015fanz\u0131man i\u00e7in \u00f6zel tercihleriniz varsa, bunu \u00f6nceden talep etmeniz en iyisidir.<\/p>\n<p style=\"text-align: center;\">7. *Araban\u0131n \u0130ncelenmesi*: Yola \u00e7\u0131kmadan \u00f6nce, kiral\u0131k arabay\u0131 mevcut hasarlara kar\u015f\u0131 iyice inceleyin ve t\u00fcm \u00e7iziklerin, eziklerin veya di\u011fer sorunlar\u0131n kiralama s\u00f6zle\u015fmesine belgelendi\u011finden emin olun. Bu, arac\u0131 iade etti\u011finizde hasarla ilgili herhangi bir anla\u015fmazl\u0131\u011f\u0131n \u00f6nlenmesine yard\u0131mc\u0131 olacakt\u0131r.<\/p>\n<p style=\"text-align: center;\">8. *Yak\u0131t Politikas\u0131*: Kiralama \u015firketinin yak\u0131t politikas\u0131 hakk\u0131nda bilgi edinin. Baz\u0131 \u015firketler, arac\u0131 dolu bir depo ile iade etmenizi isterken, di\u011ferleri yak\u0131t\u0131 \u00f6nceden sat\u0131n alma se\u00e7ene\u011fi sunuyor veya sizin ad\u0131n\u0131za araca yak\u0131t ikmali i\u00e7in bir prim talep ediyor.<\/p>\n<p style=\"text-align: center;\">9. *Arac\u0131 \u0130ade Etme*: Kira s\u00f6zle\u015fmenizde belirtilen iade saatine ve yerine dikkat edin. Ge\u00e7 iadeler ek \u00fccretlere neden olabilir, dolay\u0131s\u0131yla buna g\u00f6re plan yap\u0131n.<\/p>\n<p style=\"text-align: center;\">10. *Ek Ekipman*: GPS navigasyon sistemi, \u00e7ocuk araba koltuklar\u0131 veya tavan bagaj\u0131 gibi \u00f6zel ekipmanlara ihtiyac\u0131n\u0131z varsa, rezervasyonunuzu yaparken m\u00fcsaitlik durumunu ve ilgili maliyetleri \u00f6\u011frenin.<\/p>\n<p style=\"text-align: center;\">11. *M\u00fc\u015fteri Hizmetleri*: \u0130yi m\u00fc\u015fteri hizmetleri incelemelerine sahip sayg\u0131n bir araba kiralama \u015firketi se\u00e7in. Kiralama s\u00fcreniz boyunca herhangi bir sorunla kar\u015f\u0131la\u015f\u0131rsan\u0131z bu \u00f6nemli bir fark yaratabilir.<\/p>\n<p style=\"text-align: center;\">12. *Yerel S\u00fcr\u00fc\u015f Yasalar\u0131n\u0131 Anlamak*: Farkl\u0131 bir \u00fclkeye veya eyalete seyahat ediyorsan\u0131z, g\u00fcvenli ve uyumlu bir s\u00fcr\u00fc\u015f deneyimi sa\u011flamak i\u00e7in yerel s\u00fcr\u00fc\u015f yasalar\u0131n\u0131 ve yol i\u015faretlerini \u00f6\u011frenin.<\/p>\n<p style=\"text-align: center;\">Bu \u00f6nemli noktalar\u0131 akl\u0131n\u0131zda tutarak ara\u00e7 kiralama s\u00fcrecinizi g\u00fcvenle ilerleyebilir, seyahatlerinizde olumlu ve sorunsuz bir deneyim ya\u015faman\u0131z\u0131 sa\u011flayabilirsiniz.<\/p>\n<p style=\"text-align: center;\"><a href=\"https:\/\/en.wikipedia.org\/wiki\/Alanya\" rel=\"nofollow noopener\" target=\"_blank\">Alanya<\/a>&#8216;daki tatiliniz boyunca size unutulmaz an\u0131lar diliyoruz.<\/p>\n<p style=\"text-align: center;\">Not: Daha fazla bilgi i\u00e7in Whats App&#8217;tan arayarak veya mesaj atarak da ileti\u015fime ge\u00e7ebilirsiniz.<\/p>\n<p style=\"text-align: center;\">Holiday Excursion Ekibi,<\/p>\n","protected":false},"excerpt":{"rendered":"<p>Alanya&#8217;da kiral\u0131k minib\u00fcs Unutulmaz Grup Maceralar\u0131 i\u00e7in Minib\u00fcs Kiralayarak Alanya ve Antalyay\u0131 Kolayl\u0131kla Ke\u015ffedin Grup halinde maceralara at\u0131lmak s\u00f6z konusu oldu\u011funda minib\u00fcs kiralamak rahat ve keyifli bir yolculuk imkan\u0131 sunuyor. Minib\u00fcsler geni\u015f alan, konfor ve esneklik sa\u011flayarak onlar\u0131 aile tatilleri, kurumsal geziler, okul gezileri ve daha b\u00fcy\u00fck bir grup i\u00e7in ula\u015f\u0131m gerektiren di\u011fer durumlar i\u00e7in<\/p>\n","protected":false},"featured_media":4751,"comment_status":"open","ping_status":"closed","template":"","meta":[],"product_brand":[],"product_cat":[102],"product_tag":[],"class_list":{"0":"post-5170","1":"product","2":"type-product","3":"status-publish","4":"has-post-thumbnail","6":"product_cat-rent-a-car-tr","8":"first","9":"instock","10":"featured","11":"virtual","12":"sold-individually","13":"purchasable","14":"product-type-booking"},"_links":{"self":[{"href":"https:\/\/holidayexcursion.com\/tr\/wp-json\/wp\/v2\/product\/5170","targetHints":{"allow":["GET"]}}],"collection":[{"href":"https:\/\/holidayexcursion.com\/tr\/wp-json\/wp\/v2\/product"}],"about":[{"href":"https:\/\/holidayexcursion.com\/tr\/wp-json\/wp\/v2\/types\/product"}],"replies":[{"embeddable":true,"href":"https:\/\/holidayexcursion.com\/tr\/wp-json\/wp\/v2\/comments?post=5170"}],"wp:featuredmedia":[{"embeddable":true,"href":"https:\/\/holidayexcursion.com\/tr\/wp-json\/wp\/v2\/media\/4751"}],"wp:attachment":[{"href":"https:\/\/holidayexcursion.com\/tr\/wp-json\/wp\/v2\/media?parent=5170"}],"wp:term":[{"taxonomy":"product_brand","embeddable":true,"href":"https:\/\/holidayexcursion.com\/tr\/wp-json\/wp\/v2\/product_brand?post=5170"},{"taxonomy":"product_cat","embeddable":true,"href":"https:\/\/holidayexcursion.com\/tr\/wp-json\/wp\/v2\/product_cat?post=5170"},{"taxonomy":"product_tag","embeddable":true,"href":"https:\/\/holidayexcursion.com\/tr\/wp-json\/wp\/v2\/product_tag?post=5170"}],"curies":[{"name":"wp","href":"https:\/\/api.w.org\/{rel}","templated":true}]}}