{"id":5185,"date":"2021-12-03T09:38:17","date_gmt":"2021-12-06T22:04:20","guid":{"rendered":"http:\/\/holidayexcursion.com\/excursions-in-alanya\/kategorilenmemis\/turk-gecesi-turu\/"},"modified":"2023-11-07T00:13:30","modified_gmt":"2023-11-06T21:13:30","slug":"turk-gece-turu","status":"publish","type":"product","link":"https:\/\/holidayexcursion.com\/tr\/tours-in-alanya\/turlar\/turk-gece-turu\/","title":{"rendered":"T\u00fcrk Gecesi Turu"},"content":{"rendered":"<h2 style=\"text-align: center;\">T\u00fcrk Gecesi Turu<\/h2>\n<p style=\"text-align: center;\">T\u00fcrk Gecesi Turlar\u0131n\u0131n B\u00fcy\u00fcs\u00fcn\u00fc Ortaya \u00c7\u0131kar\u0131yoruz: Duyulara Y\u00f6nelik Bir Ziyafet<\/p>\n<p style=\"text-align: center;\">K\u00fclt\u00fcrel \u00e7e\u015fitlilik ve canl\u0131 gelenekler a\u00e7\u0131s\u0131ndan zengin bir \u00fclke olan T\u00fcrkiye, b\u00fcy\u00fcleyici gece manzaralar\u0131yla tan\u0131n\u0131yor. T\u00fcrk gecesi turlar\u0131, kadim geleneklerin, renkli performanslar\u0131n, leziz yemeklerin ve enerjik danslar\u0131n i\u00e7 i\u00e7e ge\u00e7erek unutulmaz bir ak\u015fam ya\u015fatt\u0131\u011f\u0131 e\u015fsiz ve s\u00fcr\u00fckleyici bir deneyim sunuyor. Holiday Excursion ile ger\u00e7ekle\u015ftirdi\u011fimiz bu turumuzda T\u00fcrk gecesi turlar\u0131n\u0131n b\u00fcy\u00fcleyici d\u00fcnyas\u0131na dal\u0131p, duyular\u0131 bekleyen ziyafeti ke\u015ffedece\u011fiz.<\/p>\n<p style=\"text-align: center;\">1. T\u00fcrk Mutfa\u011f\u0131 Lezzetleri:<\/p>\n<p style=\"text-align: center;\">T\u00fcrk gecesi turunun \u00f6ne \u00e7\u0131kan \u00f6zelliklerinden biri de \u00fclkenin zengin mutfak miras\u0131n\u0131n tad\u0131n\u0131 \u00e7\u0131karma f\u0131rsat\u0131d\u0131r. Geleneksel T\u00fcrk mutfa\u011f\u0131, lezzetli yemekleri ve \u00e7e\u015fitli mutfak gelenekleriyle d\u00fcnya \u00e7ap\u0131nda tan\u0131nmaktad\u0131r. Tur s\u0131ras\u0131nda kebaplar, mezeler, taze pi\u015fmi\u015f ekmekler ve nefis tatl\u0131lar gibi \u00e7e\u015fitli a\u011f\u0131z suland\u0131ran lezzetlerin sergilendi\u011fi g\u00f6rkemli bir ak\u015fam yeme\u011fiyle kar\u015f\u0131la\u015facaks\u0131n\u0131z. Her lokma, tarih boyunca T\u00fcrk mutfa\u011f\u0131na y\u00f6n veren lezzetlere bir bak\u0131\u015f sunuyor.<\/p>\n<p style=\"text-align: center;\">2. B\u00fcy\u00fcleyici Geleneksel Performanslar:<\/p>\n<p style=\"text-align: center;\">T\u00fcrk gecesi turlar\u0131, k\u00fclt\u00fcrel zenginlikleri ve sanatsal m\u00fckemmelli\u011fiyle izleyicileri b\u00fcy\u00fcleyen b\u00fcy\u00fcleyici geleneksel performanslar\u0131yla \u00fcnl\u00fcd\u00fcr. Oryantal dans\u00f6zlerin hipnotik k\u0131vr\u0131mlar\u0131 ve d\u00f6n\u00fc\u015fleri, T\u00fcrk halk danslar\u0131n\u0131n y\u0131ld\u0131r\u0131m h\u0131z\u0131ndaki ayak hareketleri ve geleneksel m\u00fczisyenlerin hayranl\u0131k uyand\u0131ran becerileri ile b\u00fcy\u00fclenmeye haz\u0131rlan\u0131n. Bu b\u00fcy\u00fcleyici performanslar, T\u00fcrkiye&#8217;nin miras\u0131n\u0131 ve hikayelerini hayata ge\u00e7irerek sizi b\u00fcy\u00fcleyici m\u00fczik, canl\u0131 kost\u00fcmler ve unutulmaz ritimlerle dolu bir d\u00fcnyaya s\u00fcr\u00fckl\u00fcyor.<\/p>\n<p style=\"text-align: center;\">3. Folklor ve K\u00fclt\u00fcrel Gelenekler:<\/p>\n<p style=\"text-align: center;\">T\u00fcrkiye&#8217;nin folklor ve k\u00fclt\u00fcrel geleneklerle dolu uzun ve hikayeli bir tarihi var. T\u00fcrk gecesi turlar\u0131, bu k\u00fclt\u00fcrel hazinelere ilk elden tan\u0131k olmak ve deneyimlemek i\u00e7in m\u00fckemmel bir platform sa\u011flar. Canl\u0131 performanslar ve canland\u0131rmalarla nesiller boyu aktar\u0131lan geleneksel t\u00f6renlere, d\u00fc\u011f\u00fcn geleneklerine ve b\u00f6lgesel danslara bir g\u00f6z atacaks\u0131n\u0131z. Kendinizi T\u00fcrk k\u00fclt\u00fcr\u00fcn\u00fcn zengin dokusuna kapt\u0131r\u0131n ve \u00fclkenin sevilen geleneklerine dair daha derin bir anlay\u0131\u015f kazan\u0131n.<\/p>\n<p style=\"text-align: center;\">4. Canl\u0131 Bir Atmosfer:<\/p>\n<p style=\"text-align: center;\">T\u00fcrk gecesi turuna ad\u0131m att\u0131\u011f\u0131n\u0131z andan itibaren heyecan ve kutlama dolu, canl\u0131 bir atmosferle sarmalanacaks\u0131n\u0131z. Mekanlar, \u015fenlik ve ne\u015fe dolu bir ortam yaratan renkli dekorlar, s\u00fcsl\u00fc mobilyalar ve b\u00fcy\u00fcleyici ayd\u0131nlatmalarla s\u00fcslenmi\u015ftir. Canl\u0131 m\u00fczik, geleneksel kost\u00fcmler ve enerjik performanslar, mekan\u0131 b\u00fcy\u00fcleyici bir g\u00f6r\u00fcnt\u00fc ve ses g\u00f6sterisine d\u00f6n\u00fc\u015ft\u00fcr\u00fcyor.<\/p>\n<p style=\"text-align: center;\">5. Dans Edin ve e\u011flencelere Kat\u0131l\u0131n:<\/p>\n<p style=\"text-align: center;\">T\u00fcrk gecesi turlar\u0131n\u0131n en g\u00fczel y\u00f6nlerinden biri de e\u011flencelere kat\u0131lma f\u0131rsat\u0131d\u0131r. Canl\u0131 ritimler ve ritimlerle dans edin, deneyimli e\u011fitmenlerden geleneksel dans ad\u0131mlar\u0131n\u0131 \u00f6\u011frenin ve sanat\u00e7\u0131larla ki\u015fisel d\u00fczeyde ba\u011flant\u0131 kurun. \u0130ster bir grup dans\u0131na kat\u0131lmak olsun, isterse bula\u015f\u0131c\u0131 m\u00fczi\u011fe ayaklar\u0131n\u0131z\u0131 hafif\u00e7e vurmak olsun, kutlamalara kat\u0131lmak deneyimin \u00f6zg\u00fcnl\u00fc\u011f\u00fcne ve keyfine katk\u0131da bulunur.<\/p>\n<p style=\"text-align: center;\">T\u00fcrk gecesi turlar\u0131, sizi bu b\u00fcy\u00fcleyici \u00fclkenin canl\u0131 k\u00fclt\u00fcr\u00fcne, geleneklerine ve lezzetlerine kapt\u0131rarak duyulara bir ziyafet sunuyor. T\u00fcrk mutfa\u011f\u0131n\u0131n cezbedici aromalar\u0131ndan b\u00fcy\u00fcleyici performanslara ve folklora kadar turun her y\u00f6n\u00fc unutulmaz ve s\u00fcr\u00fckleyici bir deneyim yaratmak i\u00e7in tasarland\u0131. \u0130ster \u00f6zel bir g\u00fcn\u00fc kutlamak, ister leziz yemeklerin tad\u0131n\u0131 \u00e7\u0131karmak, ister sadece T\u00fcrkiye&#8217;nin zengin k\u00fclt\u00fcrel miras\u0131n\u0131 kucaklamak istiyor olun, T\u00fcrk gecesi turu sihir, ne\u015fe ve \u00f6m\u00fcr boyu s\u00fcrecek an\u0131larla dolu bir ak\u015fam vaat ediyor.<\/p>\n<p style=\"text-align: center;\">Alanya&#8217;daki tatiliniz boyunca size unutulmaz an\u0131lar diliyoruz.<\/p>\n<p style=\"text-align: center;\">Not: Daha fazla bilgi i\u00e7in Whats App&#8217;tan arayarak veya mesaj atarak da ileti\u015fime ge\u00e7ebilirsiniz.<\/p>\n<p style=\"text-align: center;\">Holiday Excursion Ekibi,<\/p>\n<p><iframe loading=\"lazy\" title=\"Turkish night, Alanya\" width=\"1020\" height=\"574\" src=\"https:\/\/www.youtube.com\/embed\/XrlwviRH9ZM?feature=oembed\" frameborder=\"0\" allow=\"accelerometer; autoplay; clipboard-write; encrypted-media; gyroscope; picture-in-picture\" allowfullscreen><\/iframe><\/p>\n<p><iframe loading=\"lazy\" title=\"Folk dance at Turkish night Alanya\" width=\"1020\" height=\"574\" src=\"https:\/\/www.youtube.com\/embed\/NncJg-eAwk8?feature=oembed\" frameborder=\"0\" allow=\"accelerometer; autoplay; clipboard-write; encrypted-media; gyroscope; picture-in-picture\" allowfullscreen><\/iframe><\/p>\n","protected":false},"excerpt":{"rendered":"<p>T\u00fcrk Gecesi Turu T\u00fcrk Gecesi Turlar\u0131n\u0131n B\u00fcy\u00fcs\u00fcn\u00fc Ortaya \u00c7\u0131kar\u0131yoruz: Duyulara Y\u00f6nelik Bir Ziyafet K\u00fclt\u00fcrel \u00e7e\u015fitlilik ve canl\u0131 gelenekler a\u00e7\u0131s\u0131ndan zengin bir \u00fclke olan T\u00fcrkiye, b\u00fcy\u00fcleyici gece manzaralar\u0131yla tan\u0131n\u0131yor. T\u00fcrk gecesi turlar\u0131, kadim geleneklerin, renkli performanslar\u0131n, leziz yemeklerin ve enerjik danslar\u0131n i\u00e7 i\u00e7e ge\u00e7erek unutulmaz bir ak\u015fam ya\u015fatt\u0131\u011f\u0131 e\u015fsiz ve s\u00fcr\u00fckleyici bir deneyim sunuyor. Holiday Excursion<\/p>\n","protected":false},"featured_media":5186,"comment_status":"open","ping_status":"closed","template":"","meta":[],"product_brand":[],"product_cat":[108],"product_tag":[],"class_list":{"0":"post-5185","1":"product","2":"type-product","3":"status-publish","4":"has-post-thumbnail","6":"product_cat-turlar","8":"first","9":"instock","10":"featured","11":"virtual","12":"sold-individually","13":"purchasable","14":"product-type-booking"},"_links":{"self":[{"href":"https:\/\/holidayexcursion.com\/tr\/wp-json\/wp\/v2\/product\/5185","targetHints":{"allow":["GET"]}}],"collection":[{"href":"https:\/\/holidayexcursion.com\/tr\/wp-json\/wp\/v2\/product"}],"about":[{"href":"https:\/\/holidayexcursion.com\/tr\/wp-json\/wp\/v2\/types\/product"}],"replies":[{"embeddable":true,"href":"https:\/\/holidayexcursion.com\/tr\/wp-json\/wp\/v2\/comments?post=5185"}],"wp:featuredmedia":[{"embeddable":true,"href":"https:\/\/holidayexcursion.com\/tr\/wp-json\/wp\/v2\/media\/5186"}],"wp:attachment":[{"href":"https:\/\/holidayexcursion.com\/tr\/wp-json\/wp\/v2\/media?parent=5185"}],"wp:term":[{"taxonomy":"product_brand","embeddable":true,"href":"https:\/\/holidayexcursion.com\/tr\/wp-json\/wp\/v2\/product_brand?post=5185"},{"taxonomy":"product_cat","embeddable":true,"href":"https:\/\/holidayexcursion.com\/tr\/wp-json\/wp\/v2\/product_cat?post=5185"},{"taxonomy":"product_tag","embeddable":true,"href":"https:\/\/holidayexcursion.com\/tr\/wp-json\/wp\/v2\/product_tag?post=5185"}],"curies":[{"name":"wp","href":"https:\/\/api.w.org\/{rel}","templated":true}]}}