{"id":5196,"date":"2021-12-03T09:37:01","date_gmt":"2021-12-06T22:04:23","guid":{"rendered":"http:\/\/holidayexcursion.com\/excursions-in-alanya\/kategorilenmemis\/dortlu-safari-turu\/"},"modified":"2023-11-29T17:41:08","modified_gmt":"2023-11-29T14:41:08","slug":"dortlu-safari-turu","status":"publish","type":"product","link":"https:\/\/holidayexcursion.com\/tr\/tours-in-alanya\/turlar\/dortlu-safari-turu\/","title":{"rendered":"QUAD SAFAR\u0130"},"content":{"rendered":"<h2 style=\"text-align: center;\">Quad Safari turlar\u0131<\/h2>\n<p style=\"text-align: center;\">ATV Safari Turuyla <a href=\"https:\/\/en.wikipedia.org\/wiki\/Alanya\" rel=\"nofollow noopener\" target=\"_blank\">Alanya<\/a>&#8216;n\u0131n Do\u011fal G\u00fczelliklerini Ke\u015ffetmek<\/p>\n<p style=\"text-align: center;\">Antalya T\u00fcrkiye&#8217;nin g\u00fcney k\u0131y\u0131s\u0131nda yer alan Alanya, muhte\u015fem manzaralar\u0131, turkuaz sular\u0131 ve zengin k\u00fclt\u00fcrel miras\u0131yla bilinen bir destinasyondur. Bu g\u00fczel b\u00f6lgeyi ke\u015ffetmenin \u00e7e\u015fitli yollar\u0131 olsa da, d\u00f6rtl\u00fc safari turu, do\u011faya dalman\u0131za ve al\u0131\u015f\u0131lm\u0131\u015f\u0131n d\u0131\u015f\u0131nda gizli m\u00fccevherleri ke\u015ffetmenize olanak tan\u0131yan benzersiz ve heyecan verici bir deneyim sunar. Holiday Excursion ile ger\u00e7ekle\u015ftirece\u011finiz bu ATV turunda, ATV safari turunun merce\u011finden Alanya&#8217;n\u0131n harikalar\u0131n\u0131 ortaya \u00e7\u0131karacak, sizi bekleyen heyecan\u0131, maceray\u0131 ve do\u011fal g\u00fczellikleri \u00f6ne \u00e7\u0131karaca\u011f\u0131z.<\/p>\n<p style=\"text-align: center;\">1. ATV S\u00fcr\u00fc\u015f\u00fcn\u00fcn Heyecan\u0131:<\/p>\n<p style=\"text-align: center;\">Alanya&#8217;da <a href=\"https:\/\/holidayexcursion.com\/tours-in-alanya\/rent-a-car\/quad\/\">ATV<\/a> safari turuna \u00e7\u0131kmak, heyecan arayanlar i\u00e7in m\u00fckemmel, adrenalin dolu bir macera sunuyor. ATV kullanmak engebeli arazilerde gezinmenize, zorlu parkurlar\u0131 fethetmenize ve arazi ke\u015fiflerinin ger\u00e7ek ruhunu deneyimlemenize olanak tan\u0131r. \u0130ster deneyimli bir s\u00fcr\u00fcc\u00fc olun, ister yeni ba\u015flayan biri olun, d\u00f6rtl\u00fc bisikletlerin kullan\u0131m\u0131 kolayd\u0131r, bu da onu bir off-road maceras\u0131n\u0131n heyecan\u0131n\u0131 kucaklamak isteyen herkes i\u00e7in eri\u015filebilir k\u0131lar.<\/p>\n<p style=\"text-align: center;\"><img loading=\"lazy\" decoding=\"async\" class=\"alignnone size-medium wp-image-26186\" src=\"https:\/\/holidayexcursion.com\/wp-content\/uploads\/2021\/12\/atv-safari-holiday-excursion-300x218.jpg\" alt=\"\" width=\"300\" height=\"218\" title=\"\" srcset=\"https:\/\/holidayexcursion.com\/wp-content\/uploads\/2021\/12\/atv-safari-holiday-excursion-300x218.jpg 300w, https:\/\/holidayexcursion.com\/wp-content\/uploads\/2021\/12\/atv-safari-holiday-excursion-768x557.jpg 768w, https:\/\/holidayexcursion.com\/wp-content\/uploads\/2021\/12\/atv-safari-holiday-excursion-600x435.jpg 600w, https:\/\/holidayexcursion.com\/wp-content\/uploads\/2021\/12\/atv-safari-holiday-excursion.jpg 997w\" sizes=\"auto, (max-width: 300px) 100vw, 300px\" \/><\/p>\n<p style=\"text-align: center;\">2. \u0130\u00e7inizdeki Ka\u015fifi Ortaya \u00c7\u0131karmak:<\/p>\n<p style=\"text-align: center;\">Alanya, \u00e7e\u015fitli ve hayranl\u0131k uyand\u0131ran bir do\u011fal manzarayla kutsanm\u0131\u015ft\u0131r. ATV safari turu size geleneksel turistik mekanlar\u0131n s\u0131n\u0131rlar\u0131n\u0131 terk etme ve Alanya&#8217;n\u0131n muhte\u015fem k\u0131rsal\u0131n\u0131n kalbine girme f\u0131rsat\u0131 verir. Da\u011flardan, ormanlardan ve k\u0131rsal k\u00f6ylerden ge\u00e7erken nefes kesen panoramik manzaralara tan\u0131k olacak ve tipik gezginlerin \u00e7o\u011fu zaman eri\u015femeyece\u011fi el de\u011fmemi\u015f manzaralarla kar\u015f\u0131la\u015facaks\u0131n\u0131z.<\/p>\n<p style=\"text-align: center;\">3. Al\u0131\u015f\u0131lmad\u0131k Geziler:<\/p>\n<p style=\"text-align: center;\">D\u00f6rtl\u00fc safari turunun en \u00f6nemli avantajlar\u0131ndan biri uzak b\u00f6lgelere ve gizli noktalara eri\u015fim imkan\u0131d\u0131r. Kalabal\u0131ktan kurtulun ve kendinizi Alanya&#8217;n\u0131n gizli hazinelerinin el de\u011fmemi\u015f g\u00fczelli\u011fine b\u0131rak\u0131n. Pitoresk zeytin bah\u00e7eleri aras\u0131nda ilerleyin, dar toprak yollardan ge\u00e7in ve kristal berrakl\u0131\u011f\u0131nda sulara sahip tenha koylar\u0131 ke\u015ffedin. Bilgili bir rehberin size yol g\u00f6stermesiyle b\u00f6lgenin en iyi korunan s\u0131rlar\u0131n\u0131 ortaya \u00e7\u0131karabilir ve unutulmaz an\u0131lar yaratabilirsiniz.<\/p>\n<p style=\"text-align: center;\"><img loading=\"lazy\" decoding=\"async\" class=\"alignnone size-medium wp-image-26192\" src=\"https:\/\/holidayexcursion.com\/wp-content\/uploads\/2021\/12\/atv-safari-turu-Alanya-300x150.jpg\" alt=\"\" width=\"300\" height=\"150\" title=\"\" srcset=\"https:\/\/holidayexcursion.com\/wp-content\/uploads\/2021\/12\/atv-safari-turu-Alanya-300x150.jpg 300w, https:\/\/holidayexcursion.com\/wp-content\/uploads\/2021\/12\/atv-safari-turu-Alanya-600x300.jpg 600w, https:\/\/holidayexcursion.com\/wp-content\/uploads\/2021\/12\/atv-safari-turu-Alanya.jpg 700w\" sizes=\"auto, (max-width: 300px) 100vw, 300px\" \/><\/p>\n<p style=\"text-align: center;\">4. Huzur ve Do\u011fal G\u00fczelli\u011fi Kucaklamak:<\/p>\n<p style=\"text-align: center;\">Alanya&#8217;n\u0131n do\u011fal g\u00fczelli\u011fi hayranl\u0131k uyand\u0131r\u0131c\u0131d\u0131r ve ATV safari turu, kendinizi bu muhte\u015femli\u011fin i\u00e7ine tamamen kapt\u0131rman\u0131za olanak tan\u0131r. Canl\u0131 flora ve fauna ile s\u00fcslenmi\u015f vadiler, canland\u0131r\u0131c\u0131 bir soluklanma sunan basamakl\u0131 \u015felalelere tan\u0131k olur ve b\u00fcy\u00fcleyici manzara boyunca y\u0131lan gibi k\u0131vr\u0131lan nehirler ve akarsular boyunca k\u0131vr\u0131l\u0131r. Her virajda, nefesinizi kesecek nefes kesen manzaralarla kar\u015f\u0131la\u015facak ve unutulmaz foto\u011fraflar \u00e7ekmeniz i\u00e7in bolca f\u0131rsat sunacaks\u0131n\u0131z.<\/p>\n<p style=\"text-align: center;\">5. Yerel Misafirperverli\u011fi Deneyimlemek:<\/p>\n<p style=\"text-align: center;\">ATV safari turlar\u0131 genellikle yerel k\u00f6ylerdeki duraklar\u0131 da i\u00e7ermekte olup, Alanya b\u00f6lgesinin s\u0131cakl\u0131\u011f\u0131n\u0131 ve misafirperverli\u011fini deneyimlemenize olanak tan\u0131r. Yerel halkla etkile\u015fime ge\u00e7in, onlar\u0131n gelenek ve g\u00f6renekleri hakk\u0131nda bilgi edinin ve \u00e7e\u015fitli geleneksel lezzetlerin tad\u0131n\u0131 \u00e7\u0131kar\u0131n. Turun bu y\u00f6n\u00fc yaln\u0131zca yerel k\u00fclt\u00fcre dair anlay\u0131\u015f\u0131n\u0131z\u0131 geli\u015ftirmekle kalmaz, ayn\u0131 zamanda ziyaret etti\u011finiz yerlerle daha derin bir ba\u011flant\u0131 kurman\u0131z\u0131 da sa\u011flar.<\/p>\n<p style=\"text-align: center;\"><img loading=\"lazy\" decoding=\"async\" class=\"alignnone size-medium wp-image-26204\" src=\"https:\/\/holidayexcursion.com\/wp-content\/uploads\/2021\/12\/Quad-safari-alanya-300x169.jpg\" alt=\"\" width=\"300\" height=\"169\" title=\"\" srcset=\"https:\/\/holidayexcursion.com\/wp-content\/uploads\/2021\/12\/Quad-safari-alanya-300x169.jpg 300w, https:\/\/holidayexcursion.com\/wp-content\/uploads\/2021\/12\/Quad-safari-alanya-768x432.jpg 768w, https:\/\/holidayexcursion.com\/wp-content\/uploads\/2021\/12\/Quad-safari-alanya-1024x576.jpg 1024w, https:\/\/holidayexcursion.com\/wp-content\/uploads\/2021\/12\/Quad-safari-alanya-600x338.jpg 600w, https:\/\/holidayexcursion.com\/wp-content\/uploads\/2021\/12\/Quad-safari-alanya.jpg 1080w\" sizes=\"auto, (max-width: 300px) 100vw, 300px\" \/><\/p>\n<p style=\"text-align: center;\">Alanya&#8217;da ATV safari turu sizi b\u00f6lgenin do\u011fal harikalar\u0131 aras\u0131nda heyecan verici ve unutulmaz bir maceraya \u00e7\u0131kar\u0131r. Her zamanki turistik noktalardan bir ka\u00e7\u0131\u015f sunar ve kendinizi k\u0131rsal\u0131n ham ve el de\u011fmemi\u015f g\u00fczelli\u011fine kapt\u0131rman\u0131za olanak tan\u0131r. Nefes kesen manzaralardan gizli m\u00fccevherlere kadar d\u00f6rtl\u00fc safari turu, adrenalini, ke\u015ffi ve hayranl\u0131k uyand\u0131ran do\u011fal g\u00fczelli\u011fi birle\u015ftiren unutulmaz bir deneyim sunar. O halde vitesinizi toplay\u0131n, ATV&#8217;nize atlay\u0131n ve b\u0131rak\u0131n Alanya&#8217;n\u0131n b\u00fcy\u00fcleyici manzaralar\u0131 sizi unutulmaz bir ke\u015fif yolculu\u011funa \u00e7\u0131kars\u0131n.<\/p>\n<p style=\"text-align: center;\">G\u00fcney T\u00fcrkiye&#8217;deki en b\u00fcy\u00fck hareketli \u00e7amur ve toz halinde kendi d\u00f6rtl\u00fc bisikletinizi s\u00fcr\u00fcn. <a href=\"https:\/\/en.wikipedia.org\/wiki\/Taurus_Mountains\" rel=\"nofollow noopener\" target=\"_blank\">Toros Da\u011flar\u0131<\/a>&#8216;n\u0131n ormanlar\u0131, derin vadileri ve su ak\u0131nt\u0131lar\u0131 aras\u0131nda dola\u015farak 2 heyecan verici saatten fazla zaman ge\u00e7irin.<\/p>\n<p style=\"text-align: center;\">   <img loading=\"lazy\" decoding=\"async\" class=\"alignnone size-medium wp-image-26198\" src=\"https:\/\/holidayexcursion.com\/wp-content\/uploads\/2021\/12\/Quad-safari-alanya-holiday-excursion-1-300x225.jpg\" alt=\"\" width=\"300\" height=\"225\" title=\"\" srcset=\"https:\/\/holidayexcursion.com\/wp-content\/uploads\/2021\/12\/Quad-safari-alanya-holiday-excursion-1-300x225.jpg 300w, https:\/\/holidayexcursion.com\/wp-content\/uploads\/2021\/12\/Quad-safari-alanya-holiday-excursion-1-768x576.jpg 768w, https:\/\/holidayexcursion.com\/wp-content\/uploads\/2021\/12\/Quad-safari-alanya-holiday-excursion-1-600x450.jpg 600w, https:\/\/holidayexcursion.com\/wp-content\/uploads\/2021\/12\/Quad-safari-alanya-holiday-excursion-1.jpg 1024w\" sizes=\"auto, (max-width: 300px) 100vw, 300px\" \/><\/p>\n<p style=\"text-align: center;\">D\u00f6rtl\u00fc (ATV) bir bisiklete atlayarak Toros Da\u011flar\u0131&#8217;n\u0131 ke\u015ffetmenin en yeni ve en adrenalin dolu yolunun tad\u0131n\u0131 \u00e7\u0131kar\u0131n. Alanya, Side, Belek, Antalya ve Kemer&#8217;den ATV turlar\u0131m\u0131zla T\u00fcrkiye&#8217;nin g\u00fcneyindeki en b\u00fcy\u00fck hareketli \u00e7amur ve toz k\u00fctlesinde kendi nihai e\u011flence makinenizi kullan\u0131n.<\/p>\n<p style=\"text-align: center;\">ATV bisikletinizde, do\u011fal \u00e7evreyi ke\u015ffetmek i\u00e7in iki saatten fazla zaman harcayacak ve samimi ve profesyonel tur rehberimizden bir\u00e7ok tarihi mekan hakk\u0131nda bilgi edineceksiniz. Muhte\u015fem do\u011fa, \u00e7am ormanlar\u0131 ve \u00e7amurlu akarsularda d\u00f6rtl\u00fc bisikletinizi kullanarak e\u015fsiz bir Toros Da\u011flar\u0131 deneyimi ya\u015fayacaks\u0131n\u0131z. Yaprak d\u00f6ken ve i\u011fne yaprakl\u0131 a\u011fa\u00e7lar, derin vadiler, akarsular ve \u015felaleler Toros Da\u011flar\u0131&#8217;n\u0131 e\u015fsiz g\u00fczellikte bir yer haline getirir.<\/p>\n<p style=\"text-align: center;\">Daha \u00f6nce ATV s\u00fcr\u00fc\u015f deneyimine sahip olman\u0131za veya ehliyet sahibi olman\u0131za gerek yoktur. K\u0131sa bir e\u011fitim ve k\u00fc\u00e7\u00fck bir al\u0131\u015ft\u0131rmadan sonra, hayat\u0131n\u0131z\u0131n adrenalin y\u00fckl\u00fc bu ko\u015fu\u015fturmacas\u0131na g\u00fcvenle ba\u015flamaya haz\u0131r olacaks\u0131n\u0131z!<\/p>\n<p style=\"text-align: center;\">Fiyat dahil:<\/p>\n<p style=\"text-align: center;\">Otellerden alma ve otele b\u0131rakma.<br \/>\nrehberlik<br \/>\nYakla\u015f\u0131k 2,5 saat s\u00fcren ATV turu (22 &#8211; 27 km)<\/p>\n<p style=\"text-align: center;\">Fiyat dahil DE\u011e\u0130LD\u0130R:<\/p>\n<p style=\"text-align: center;\">Yiyecek, i\u00e7ecek ve ki\u015fisel harcamalar.<br \/>\nFoto\u011fraflar ve Videolar.<br \/>\nY\u00fcz maskesi (toz \u00f6nleyici).<br \/>\nEk bilgi:<br \/>\nD\u00f6rtl\u00fc bisiklet turumuz 16 ya\u015f ve \u00fcst\u00fc i\u00e7in mevcuttur. 16 ya\u015f\u0131ndan k\u00fc\u00e7\u00fckseniz Quad bisiklet turu seans\u0131m\u0131za ancak yolcu olarak kat\u0131labilirsiniz ve size ebeveynleri veya bir vasi e\u015flik etmelidir. Ayr\u0131ca 11 ya\u015f\u0131ndan k\u00fc\u00e7\u00fck \u00e7ocuklar da ebeveyn sorumlulu\u011funda yolcu koltu\u011funa kat\u0131labilir.<br \/>\nHer D\u00f6rtl\u00fc tur seans\u0131 yakla\u015f\u0131k 2 saat s\u00fcrer*<br \/>\n2 saatlik s\u00fcreye y\u00fczme ve foto\u011fraf molalar\u0131 dahildir.<\/p>\n<p style=\"text-align: center;\">Alanya&#8217;daki tatiliniz boyunca size unutulmaz an\u0131lar diliyoruz.<\/p>\n<p style=\"text-align: center;\">Not: Daha fazla bilgi i\u00e7in Whats App&#8217;tan arayarak veya mesaj atarak da ileti\u015fime ge\u00e7ebilirsiniz.<\/p>\n<p style=\"text-align: center;\">Holiday Excursion Ekibi,<\/p>\n<p><iframe loading=\"lazy\" title=\"Alanya ATV Safari\" width=\"1020\" height=\"574\" src=\"https:\/\/www.youtube.com\/embed\/hjSzheWxL9I?feature=oembed\" frameborder=\"0\" allow=\"accelerometer; autoplay; clipboard-write; encrypted-media; gyroscope; picture-in-picture; web-share\" allowfullscreen><\/iframe><\/p>\n<p><iframe loading=\"lazy\" title=\"Alanya Quad Safari\" width=\"1020\" height=\"574\" src=\"https:\/\/www.youtube.com\/embed\/7LhjfPZnik0?start=78&#038;feature=oembed\" frameborder=\"0\" allow=\"accelerometer; autoplay; clipboard-write; encrypted-media; gyroscope; picture-in-picture; web-share\" allowfullscreen><\/iframe><\/p>\n","protected":false},"excerpt":{"rendered":"<p>Quad Safari turlar\u0131 ATV Safari Turuyla Alanya&#8216;n\u0131n Do\u011fal G\u00fczelliklerini Ke\u015ffetmek Antalya T\u00fcrkiye&#8217;nin g\u00fcney k\u0131y\u0131s\u0131nda yer alan Alanya, muhte\u015fem manzaralar\u0131, turkuaz sular\u0131 ve zengin k\u00fclt\u00fcrel miras\u0131yla bilinen bir destinasyondur. Bu g\u00fczel b\u00f6lgeyi ke\u015ffetmenin \u00e7e\u015fitli yollar\u0131 olsa da, d\u00f6rtl\u00fc safari turu, do\u011faya dalman\u0131za ve al\u0131\u015f\u0131lm\u0131\u015f\u0131n d\u0131\u015f\u0131nda gizli m\u00fccevherleri ke\u015ffetmenize olanak tan\u0131yan benzersiz ve heyecan verici bir deneyim<\/p>\n","protected":false},"featured_media":6757,"comment_status":"open","ping_status":"closed","template":"","meta":[],"product_brand":[],"product_cat":[108],"product_tag":[],"class_list":{"0":"post-5196","1":"product","2":"type-product","3":"status-publish","4":"has-post-thumbnail","6":"product_cat-turlar","8":"first","9":"instock","10":"featured","11":"virtual","12":"sold-individually","13":"purchasable","14":"product-type-booking"},"_links":{"self":[{"href":"https:\/\/holidayexcursion.com\/tr\/wp-json\/wp\/v2\/product\/5196","targetHints":{"allow":["GET"]}}],"collection":[{"href":"https:\/\/holidayexcursion.com\/tr\/wp-json\/wp\/v2\/product"}],"about":[{"href":"https:\/\/holidayexcursion.com\/tr\/wp-json\/wp\/v2\/types\/product"}],"replies":[{"embeddable":true,"href":"https:\/\/holidayexcursion.com\/tr\/wp-json\/wp\/v2\/comments?post=5196"}],"wp:featuredmedia":[{"embeddable":true,"href":"https:\/\/holidayexcursion.com\/tr\/wp-json\/wp\/v2\/media\/6757"}],"wp:attachment":[{"href":"https:\/\/holidayexcursion.com\/tr\/wp-json\/wp\/v2\/media?parent=5196"}],"wp:term":[{"taxonomy":"product_brand","embeddable":true,"href":"https:\/\/holidayexcursion.com\/tr\/wp-json\/wp\/v2\/product_brand?post=5196"},{"taxonomy":"product_cat","embeddable":true,"href":"https:\/\/holidayexcursion.com\/tr\/wp-json\/wp\/v2\/product_cat?post=5196"},{"taxonomy":"product_tag","embeddable":true,"href":"https:\/\/holidayexcursion.com\/tr\/wp-json\/wp\/v2\/product_tag?post=5196"}],"curies":[{"name":"wp","href":"https:\/\/api.w.org\/{rel}","templated":true}]}}