{"id":5203,"date":"2021-12-03T09:36:35","date_gmt":"2021-12-06T22:05:08","guid":{"rendered":"http:\/\/holidayexcursion.com\/excursions-in-alanya\/kategorilenmemis\/manavgatta-tekne-turu\/"},"modified":"2024-03-18T23:14:03","modified_gmt":"2024-03-18T20:14:03","slug":"manavgat-tekne","status":"publish","type":"product","link":"https:\/\/holidayexcursion.com\/tr\/tours-in-alanya\/turlar\/manavgat-tekne\/","title":{"rendered":"MANAVGAT TEKNE TURU"},"content":{"rendered":"<h2 style=\"font-weight: 400; text-align: center;\">MANAVGAT TEKNE TURU<\/h2>\n<p style=\"text-align: center;\">Manavgat&#8217;\u0131n G\u00fczelli\u011fini Ke\u015ffetmek i\u00e7in b\u00fcy\u00fcleyici Bir <a href=\"https:\/\/holidayexcursion.com\/tours-in-alanya\/tours\/boat\/\">Tekne Turu<\/a> Deneyimi<\/p>\n<p style=\"text-align: center;\">T\u00fcrkiye&#8217;nin g\u00fcney k\u0131y\u0131s\u0131nda yer alan Manavgat, do\u011fal g\u00fczelli\u011fi ve zengin k\u00fclt\u00fcrel miras\u0131yla tan\u0131nan pitoresk bir kasabad\u0131r. Manavgat&#8217;\u0131n harikalar\u0131n\u0131 ke\u015ffetmenin en iyi yollar\u0131ndan biri, g\u00fczel manzaral\u0131 Manavgat Nehri boyunca tekne turu yapmakt\u0131r. Holiday Excursion ile ger\u00e7ekle\u015ftirece\u011fimiz bu gezimizde, Manavgat tekne turunda sizi bekleyen b\u00fcy\u00fcleyici manzaralar\u0131 ve deneyimleri ke\u015ffederken sizleri bir maceraya at\u0131lmaya davet ediyoruz.<\/p>\n<p style=\"text-align: center;\">1. <a href=\"https:\/\/en.wikipedia.org\/wiki\/Manavgat\" rel=\"nofollow noopener\" target=\"_blank\">Manavgat<\/a> \u00c7ay\u0131 Boyunca Gezinmek<\/p>\n<p style=\"text-align: center;\">Manavgat tekne turu, muhte\u015fem manzaral\u0131 Manavgat Nehri boyunca sakin ve cennet gibi bir yolculuk sunarak, yemye\u015fil manzaralar\u0131n ve berrak sular\u0131n nefes kesen manzaras\u0131n\u0131n keyfini \u00e7\u0131karman\u0131za olanak tan\u0131r. Hafif ak\u0131nt\u0131larda s\u00fcz\u00fcl\u00fcrken, y\u00fcksek a\u011fa\u00e7lar ve canl\u0131 bitki \u00f6rt\u00fcs\u00fcnden kaplumba\u011falar ve ku\u015flar gibi \u00e7e\u015fitli yabani hayvanlara kadar sizi \u00e7evreleyen do\u011fal g\u00fczelli\u011fe hayran kalma f\u0131rsat\u0131na sahip olacaks\u0131n\u0131z. Nehrin huzurlu ortam\u0131, hareketli \u015fehir hayat\u0131ndan sakin bir ka\u00e7\u0131\u015f yaratarak rahatlamak ve d\u00fc\u015f\u00fcnmek i\u00e7in m\u00fckemmel bir ortam sa\u011flar.<\/p>\n<p style=\"text-align: center;\"><img loading=\"lazy\" decoding=\"async\" class=\"alignnone size-medium wp-image-26309\" src=\"https:\/\/holidayexcursion.com\/wp-content\/uploads\/2021\/12\/manavgat-boat-holiday-excursion-300x200.jpg\" alt=\"\" width=\"300\" height=\"200\" title=\"\" srcset=\"https:\/\/holidayexcursion.com\/wp-content\/uploads\/2021\/12\/manavgat-boat-holiday-excursion-300x200.jpg 300w, https:\/\/holidayexcursion.com\/wp-content\/uploads\/2021\/12\/manavgat-boat-holiday-excursion-600x400.jpg 600w, https:\/\/holidayexcursion.com\/wp-content\/uploads\/2021\/12\/manavgat-boat-holiday-excursion.jpg 720w\" sizes=\"auto, (max-width: 300px) 100vw, 300px\" \/><\/p>\n<p style=\"text-align: center;\">2. \u0130konik Manavgat \u015eelalesini Ziyaret Etmek<\/p>\n<p style=\"text-align: center;\">Manavgat tekne turunun en \u00f6nemli noktalar\u0131ndan biri, hayranl\u0131k uyand\u0131ran Manavgat \u015eelalesi ziyaretidir. \u015eelaleye yakla\u015ft\u0131\u011f\u0131n\u0131zda, kayalara \u00e7arpan suyun g\u00fcrleyen sesini duyacak ve b\u00fcy\u00fcleyici bir manzara yaratacaks\u0131n\u0131z. G\u00fcr ye\u015filliklerin fonunda yer alan basamakl\u0131 suyun g\u00f6r\u00fcnt\u00fcs\u00fc nefes kesici bir g\u00fczellik. Manavgat \u015eelalesinin G\u00fczelli\u011fine bakmak i\u00e7in bir dakikan\u0131z\u0131 ay\u0131r\u0131n, y\u00fcz\u00fcn\u00fczdeki bu\u011fuyu hissedin ve bu do\u011fa harikas\u0131n\u0131n an\u0131s\u0131n\u0131 ya\u015fatmak i\u00e7in m\u00fckemmel foto\u011fraflar \u00e7ekin.<\/p>\n<p style=\"text-align: center;\">3. Manavgat \u00c7ar\u015f\u0131s\u0131 ve Camisini Ke\u015ffetmek<\/p>\n<p style=\"text-align: center;\">Manavgat Tekne turu boyunca yerel el sanatlar\u0131, tekstil \u00fcr\u00fcnleri, baharatlar ve taze \u00fcr\u00fcnlerin nefis bir kar\u0131\u015f\u0131m\u0131n\u0131 sunan hareketli bir pazar yeri olan hareketli Manavgat \u00c7ar\u015f\u0131s\u0131n\u0131 ke\u015ffetme f\u0131rsat\u0131na sahip olacaks\u0131n\u0131z. Renkli tezgahlarda dola\u015f\u0131rken ve \u00fcr\u00fcnlerini ve hikayelerini payla\u015fmaya hevesli dost canl\u0131s\u0131 sat\u0131c\u0131larla etkile\u015fimde bulunurken kendinizi canl\u0131 atmosfere kapt\u0131r\u0131n. Ek olarak, b\u00fcy\u00fck Manavgat Camii&#8217;ni ziyaret etmek, etkileyici kubbeleri ve karma\u015f\u0131k detaylar\u0131yla \u015fehrin dini ve mimari miras\u0131na bir bak\u0131\u015f atman\u0131z\u0131 sa\u011flar.<\/p>\n<p style=\"text-align: center;\"><img loading=\"lazy\" decoding=\"async\" class=\"alignnone size-medium wp-image-26315\" src=\"https:\/\/holidayexcursion.com\/wp-content\/uploads\/2021\/12\/Manavgat-boat-tour-holiday-excursion-300x125.jpg\" alt=\"\" width=\"300\" height=\"125\" title=\"\" srcset=\"https:\/\/holidayexcursion.com\/wp-content\/uploads\/2021\/12\/Manavgat-boat-tour-holiday-excursion-300x125.jpg 300w, https:\/\/holidayexcursion.com\/wp-content\/uploads\/2021\/12\/Manavgat-boat-tour-holiday-excursion.jpg 348w\" sizes=\"auto, (max-width: 300px) 100vw, 300px\" \/><\/p>\n<p style=\"text-align: center;\">4. Gemide \u00f6\u011fle Yeme\u011fi Keyfi<\/p>\n<p style=\"text-align: center;\">Lezzetli T\u00fcrk mutfa\u011f\u0131n\u0131n tad\u0131n\u0131 \u00e7\u0131karmak Manavgat tekne turu deneyiminin \u00f6nemli bir par\u00e7as\u0131d\u0131r. Manavgat tekne turu, teknenin konforunda panoramik manzaralar\u0131n keyfini \u00e7\u0131kar\u0131rken geleneksel T\u00fcrk yemeklerinin tad\u0131n\u0131 \u00e7\u0131karman\u0131za olanak tan\u0131yan enfes bir gemi \u00f6\u011fle yeme\u011fini i\u00e7erir. Geleneksel T\u00fcrk ekme\u011fi ve serinletici i\u00e7ecekler e\u015fli\u011finde taze haz\u0131rlanm\u0131\u015f mezeler, \u0131zgara kebaplar ve leziz salatalarla ziyafet \u00e7ekin. Nefis yemeklerin ve muhte\u015fem ortam\u0131n birle\u015fimi, ger\u00e7ekten unutulmaz bir yemek deneyimi yarat\u0131yor.<\/p>\n<p style=\"text-align: center;\">5. Manavgat&#8217;\u0131n Kumsallar\u0131nda Y\u00fczmek ve Rahatlamak:<\/p>\n<p style=\"text-align: center;\">Bir\u00e7ok tekne turu, Akdeniz&#8217;in masmavi sular\u0131nda y\u00fczmenin keyfini \u00e7\u0131karabilece\u011finiz ve demir atabilece\u011finiz k\u0131y\u0131 \u015feridi boyunca tenha noktalarda duraklar da sunmaktad\u0131r. Serinletici bir dal\u0131\u015f yap\u0131n, renkli deniz ya\u015fam\u0131 aras\u0131nda \u015fnorkel yap\u0131n ya da kumsallarda s\u0131cak g\u00fcne\u015fin tad\u0131n\u0131 \u00e7\u0131kar\u0131n. Bu rahatlama ve yenilenme anlar\u0131, Manavgat tekne turunuza ekstra bir mutluluk katman\u0131 katarak etraf\u0131n\u0131zdaki do\u011fal ihti\u015famla ba\u011flant\u0131 kurman\u0131za olanak tan\u0131r.<\/p>\n<p style=\"text-align: center;\"><img loading=\"lazy\" decoding=\"async\" class=\"alignnone size-medium wp-image-26327\" src=\"https:\/\/holidayexcursion.com\/wp-content\/uploads\/2021\/12\/manavgat_selalesi_doga-300x216.jpg\" alt=\"\" width=\"300\" height=\"216\" title=\"\" srcset=\"https:\/\/holidayexcursion.com\/wp-content\/uploads\/2021\/12\/manavgat_selalesi_doga-300x216.jpg 300w, https:\/\/holidayexcursion.com\/wp-content\/uploads\/2021\/12\/manavgat_selalesi_doga-768x553.jpg 768w, https:\/\/holidayexcursion.com\/wp-content\/uploads\/2021\/12\/manavgat_selalesi_doga-600x432.jpg 600w, https:\/\/holidayexcursion.com\/wp-content\/uploads\/2021\/12\/manavgat_selalesi_doga.jpg 900w\" sizes=\"auto, (max-width: 300px) 100vw, 300px\" \/><\/p>\n<p style=\"text-align: center;\">Manavgat tekne turu bu b\u00fcy\u00fcleyici kasaban\u0131n g\u00fczelli\u011fini ve \u00e7ekicili\u011fini ke\u015ffetmenin ola\u011fan\u00fcst\u00fc bir yoludur. Manavgat tekne turu sakin Manavgat Nehri boyunca yolculuk yapmaktan nefes kesen <a href=\"https:\/\/en.wikipedia.org\/wiki\/Manavgat_Waterfall\" rel=\"nofollow noopener\" target=\"_blank\">\u015felaleyi<\/a> ziyaret etmeye ve kendinizi canl\u0131 yerel k\u00fclt\u00fcre kapt\u0131rmaya kadar turun her an\u0131, do\u011fa harikalar\u0131 ve k\u00fclt\u00fcrel deneyimlerin bir kar\u0131\u015f\u0131m\u0131n\u0131 sunuyor. Holiday excursiondan sat\u0131n alaca\u011f\u0131n\u0131z Manavgat tekne turunun b\u00fcy\u00fcleyici ortam\u0131na kendinizi kapt\u0131r\u0131rken, bu unutulmaz yolculu\u011fa \u00e7\u0131k\u0131n ve \u00f6m\u00fcr boyu s\u00fcrecek an\u0131lar yarat\u0131n.<\/p>\n<p style=\"text-align: center;\"><img loading=\"lazy\" decoding=\"async\" class=\"alignnone size-medium wp-image-26321\" src=\"https:\/\/holidayexcursion.com\/wp-content\/uploads\/2021\/12\/manavgat-river-boat-tour-300x169.jpg\" alt=\"\" width=\"300\" height=\"169\" title=\"\" srcset=\"https:\/\/holidayexcursion.com\/wp-content\/uploads\/2021\/12\/manavgat-river-boat-tour-300x169.jpg 300w, https:\/\/holidayexcursion.com\/wp-content\/uploads\/2021\/12\/manavgat-river-boat-tour-768x432.jpg 768w, https:\/\/holidayexcursion.com\/wp-content\/uploads\/2021\/12\/manavgat-river-boat-tour-1024x576.jpg 1024w, https:\/\/holidayexcursion.com\/wp-content\/uploads\/2021\/12\/manavgat-river-boat-tour-600x338.jpg 600w, https:\/\/holidayexcursion.com\/wp-content\/uploads\/2021\/12\/manavgat-river-boat-tour.jpg 1200w\" sizes=\"auto, (max-width: 300px) 100vw, 300px\" \/><\/p>\n<div style=\"text-align: center;\"><strong>MANAVGAT TEKNE TURU PROGRAMI:<\/strong><\/div>\n<div style=\"text-align: center;\">* Alanya ve \u00e7evresindeki otel ve apartmanlardan otob\u00fcsle al\u0131n\u0131\u015f.<\/div>\n<div style=\"text-align: center;\">* Manavgat il\u00e7esine ve liman\u0131na var\u0131\u015f, Manavgat Nehri \u00fczerinde 4 saatlik tekne turu.<\/div>\n<div style=\"text-align: center;\">*Y\u00fczme molalar\u0131 (Hem denizde hem de nehirde y\u00fczebilirsiniz),Teknede \u00f6\u011fle yeme\u011fi molas\u0131<\/div>\n<div style=\"text-align: center;\">* Nehirin liman\u0131na d\u00f6n\u00fc\u015f ve otob\u00fcse binip Manavgat camisi ziyareti.<\/div>\n<div style=\"text-align: center;\">* Manavgat \u015felalesi ziyareti, Manavgat yerel \u00e7ar\u015f\u0131s\u0131 ve serbest zaman<\/div>\n<div style=\"text-align: center;\">*Alanya&#8217;daki otel\/apartlar<\/div>\n<div style=\"text-align: center;\">\n<div><\/div>\n<div><strong>F\u0130YATA DAH\u0130L OLANLAR :<\/strong><\/div>\n<div>* Alanya ve \u00e7evresindeki otel ve apartmanlardan transferiniz.<\/div>\n<div>\n<div>*Rehber, \u00d6\u011fle yeme\u011fi,Manavgat \u015felalesi giri\u015f \u00fccreti<\/div>\n<div><strong>Fiyata Dahil olmayanlar<\/strong><\/div>\n<div>* \u0130\u00e7ecekler, Foto\u011fraf, DVD<\/div>\n<div><strong>EK B\u0130LG\u0130 VE \u0130PU\u00c7LARI:<\/strong><\/div>\n<div>* Y\u00fczmek istiyorsan\u0131z mayonuzu, havlunuzu, g\u00fcne\u015f kreminizi yan\u0131n\u0131za al\u0131n.<\/div>\n<div>* Manavgat tekne ve \u015felale turu pazartesi ve per\u015fembe g\u00fcnleri d\u00fczenlenmektedir. Manavgat il\u00e7esinde pazar g\u00fcnleri nedeniyle<\/div>\n<div>* Cep telefonunuzu veya kameran\u0131z\u0131 yan\u0131n\u0131za al\u0131n<\/div>\n<\/div>\n<\/div>\n<p style=\"text-align: center;\">T\u00fcrkiye&#8217;deki tatiliniz boyunca size unutulmaz an\u0131lar dileriz.<\/p>\n<p style=\"text-align: center;\">Not: Daha fazla bilgi i\u00e7in Whats App&#8217;tan arayarak veya mesaj atarak da ileti\u015fime ge\u00e7ebilirsiniz.<\/p>\n<p style=\"text-align: center;\">Holiday Excursion Ekibi,<\/p>\n<p><iframe loading=\"lazy\" title=\"Boat Tour Manavgat I Daily Trip Video | Holiday in Side | FBB TRAVEL\" width=\"1020\" height=\"574\" src=\"https:\/\/www.youtube.com\/embed\/dJAkWqVnJDI?feature=oembed\" frameborder=\"0\" allow=\"accelerometer; autoplay; clipboard-write; encrypted-media; gyroscope; picture-in-picture; web-share\" allowfullscreen><\/iframe><\/p>\n<p><iframe loading=\"lazy\" title=\"ALANYA Manavgat Boat Tour OBG Travel\" width=\"1020\" height=\"765\" src=\"https:\/\/www.youtube.com\/embed\/7KpeiXD6Y04?feature=oembed\" frameborder=\"0\" allow=\"accelerometer; autoplay; clipboard-write; encrypted-media; gyroscope; picture-in-picture; web-share\" allowfullscreen><\/iframe><\/p>\n<p><iframe loading=\"lazy\" title=\"Boat on the River - Manavgat\" width=\"1020\" height=\"574\" src=\"https:\/\/www.youtube.com\/embed\/_50sbXNaSsY?feature=oembed\" frameborder=\"0\" allow=\"accelerometer; autoplay; clipboard-write; encrypted-media; gyroscope; picture-in-picture; web-share\" allowfullscreen><\/iframe><\/p>\n","protected":false},"excerpt":{"rendered":"<p>MANAVGAT TEKNE TURU Manavgat&#8217;\u0131n G\u00fczelli\u011fini Ke\u015ffetmek i\u00e7in b\u00fcy\u00fcleyici Bir Tekne Turu Deneyimi T\u00fcrkiye&#8217;nin g\u00fcney k\u0131y\u0131s\u0131nda yer alan Manavgat, do\u011fal g\u00fczelli\u011fi ve zengin k\u00fclt\u00fcrel miras\u0131yla tan\u0131nan pitoresk bir kasabad\u0131r. Manavgat&#8217;\u0131n harikalar\u0131n\u0131 ke\u015ffetmenin en iyi yollar\u0131ndan biri, g\u00fczel manzaral\u0131 Manavgat Nehri boyunca tekne turu yapmakt\u0131r. Holiday Excursion ile ger\u00e7ekle\u015ftirece\u011fimiz bu gezimizde, Manavgat tekne turunda sizi bekleyen b\u00fcy\u00fcleyici<\/p>\n","protected":false},"featured_media":4699,"comment_status":"open","ping_status":"closed","template":"","meta":[],"product_brand":[],"product_cat":[108],"product_tag":[],"class_list":{"0":"post-5203","1":"product","2":"type-product","3":"status-publish","4":"has-post-thumbnail","6":"product_cat-turlar","8":"first","9":"instock","10":"featured","11":"virtual","12":"sold-individually","13":"purchasable","14":"product-type-booking"},"_links":{"self":[{"href":"https:\/\/holidayexcursion.com\/tr\/wp-json\/wp\/v2\/product\/5203","targetHints":{"allow":["GET"]}}],"collection":[{"href":"https:\/\/holidayexcursion.com\/tr\/wp-json\/wp\/v2\/product"}],"about":[{"href":"https:\/\/holidayexcursion.com\/tr\/wp-json\/wp\/v2\/types\/product"}],"replies":[{"embeddable":true,"href":"https:\/\/holidayexcursion.com\/tr\/wp-json\/wp\/v2\/comments?post=5203"}],"wp:featuredmedia":[{"embeddable":true,"href":"https:\/\/holidayexcursion.com\/tr\/wp-json\/wp\/v2\/media\/4699"}],"wp:attachment":[{"href":"https:\/\/holidayexcursion.com\/tr\/wp-json\/wp\/v2\/media?parent=5203"}],"wp:term":[{"taxonomy":"product_brand","embeddable":true,"href":"https:\/\/holidayexcursion.com\/tr\/wp-json\/wp\/v2\/product_brand?post=5203"},{"taxonomy":"product_cat","embeddable":true,"href":"https:\/\/holidayexcursion.com\/tr\/wp-json\/wp\/v2\/product_cat?post=5203"},{"taxonomy":"product_tag","embeddable":true,"href":"https:\/\/holidayexcursion.com\/tr\/wp-json\/wp\/v2\/product_tag?post=5203"}],"curies":[{"name":"wp","href":"https:\/\/api.w.org\/{rel}","templated":true}]}}