{"id":5222,"date":"2021-12-03T09:34:08","date_gmt":"2021-12-06T22:05:10","guid":{"rendered":"http:\/\/holidayexcursion.com\/excursions-in-alanya\/kategorilenmemis\/starcraft-tekne-partisi-turu\/"},"modified":"2023-12-04T01:29:37","modified_gmt":"2023-12-03T22:29:37","slug":"starcraft","status":"publish","type":"product","link":"https:\/\/holidayexcursion.com\/tr\/tours-in-alanya\/turlar\/starcraft\/","title":{"rendered":"Starcraft Party tekne Turu"},"content":{"rendered":"<h2 style=\"text-align: center;\">Starcraft Party tekne Turu<\/h2>\n<p style=\"text-align: center;\">Alanya Starcraft <a href=\"https:\/\/holidayexcursion.com\/tours-in-alanya\/tours\/boat\/\">Tekne Turu<\/a>: Sakin Sahil \u015eeridi ve Kristal Berrak Sular\u0131 Ke\u015ffedin<\/p>\n<p style=\"text-align: center;\">I\u015f\u0131lt\u0131l\u0131 T\u00fcrk Rivieras\u0131&#8217;nda yer alan Alanya, cennet gibi plajlar\u0131, tarihi simgeleri ve nefes kesen do\u011fal g\u00fczellikleriyle ziyaret\u00e7ilerini b\u00fcy\u00fclemektedir. Kendinizi bu k\u0131y\u0131 cevherinin ihti\u015fam\u0131na kapt\u0131rman\u0131n en iyi yollar\u0131ndan biri, <a href=\"https:\/\/en.wikipedia.org\/wiki\/Alanya\" rel=\"nofollow noopener\" target=\"_blank\">Alanya<\/a> Starcraft tekne turuna \u00e7\u0131kmakt\u0131r. Bu Holiday Excursion turunda sizi, pitoresk sahil \u015feridinden gizli ma\u011faralara ve b\u00fcy\u00fcleyici \u015fnorkelli y\u00fczme noktalar\u0131na kadar, Alanya Starcraft tekne turunun zevklerini ve ilgi \u00e7ekici yerlerini vurgulayan sanal bir yolculu\u011fa \u00e7\u0131karaca\u011f\u0131z.<\/p>\n<p><img loading=\"lazy\" decoding=\"async\" class=\"wp-image-4040 aligncenter\" src=\"https:\/\/holidayexcursion.com\/wp-content\/uploads\/2021\/12\/starcraft-party-boat-1-150x150.webp\" alt=\"starcraft parti teknesi\" width=\"304\" height=\"304\" title=\"\" srcset=\"https:\/\/holidayexcursion.com\/wp-content\/uploads\/2021\/12\/starcraft-party-boat-1-150x150.webp 150w, https:\/\/holidayexcursion.com\/wp-content\/uploads\/2021\/12\/starcraft-party-boat-1-300x300.webp 300w, https:\/\/holidayexcursion.com\/wp-content\/uploads\/2021\/12\/starcraft-party-boat-1-768x768.webp 768w, https:\/\/holidayexcursion.com\/wp-content\/uploads\/2021\/12\/starcraft-party-boat-1-1024x1024.webp 1024w, https:\/\/holidayexcursion.com\/wp-content\/uploads\/2021\/12\/starcraft-party-boat-1-1536x1536.webp 1536w, https:\/\/holidayexcursion.com\/wp-content\/uploads\/2021\/12\/starcraft-party-boat-1-600x600.webp 600w, https:\/\/holidayexcursion.com\/wp-content\/uploads\/2021\/12\/starcraft-party-boat-1-100x100.webp 100w, https:\/\/holidayexcursion.com\/wp-content\/uploads\/2021\/12\/starcraft-party-boat-1.webp 2000w\" sizes=\"auto, (max-width: 304px) 100vw, 304px\" \/><\/p>\n<p style=\"text-align: center;\">T\u00fcrkiye&#8217;nin Antalya ilinde yer alan Alanya tarih, k\u00fclt\u00fcr ve do\u011fa harikalar\u0131n\u0131n m\u00fckemmel bir kar\u0131\u015f\u0131m\u0131n\u0131 sunmaktad\u0131r. Antik \u00e7a\u011flardan kalma zengin bir mirasa sahip olan \u015fehir, masmavi Akdeniz&#8217;e bakan bir tepenin \u00fczerinde yer alan, Alanya Kalesi olarak bilinen Orta \u00c7a\u011f kalesiyle karakterize edilir. Alanya&#8217;n\u0131n g\u00fczel plajlar\u0131, canl\u0131 gece hayat\u0131 ve lezzetli yerel mutfa\u011f\u0131, onu d\u00fcnyan\u0131n her yerinden gelen gezginler i\u00e7in pop\u00fcler bir destinasyon haline getirmektedir.<\/p>\n<p style=\"text-align: center;\">2. Alanya Starcraft Tekne Turunun \u00d6nemli Noktalar\u0131:<\/p>\n<p style=\"text-align: center;\">a) K\u0131y\u0131 \u015eeridinin Ke\u015ffi:<br \/>\nAlanya Starcraft party tekne turuna \u00e7\u0131kmak gizli koylarla, g\u00f6zlerden uzak plajlarla ve hayranl\u0131k uyand\u0131ran kayal\u0131klarla dolu muhte\u015fem sahil \u015feridini ke\u015ffetmenize olanak sa\u011flar. Kristal berrakl\u0131\u011f\u0131ndaki sularda yelken a\u00e7arken, g\u00fcvertede dinlenme, s\u0131cak g\u00fcne\u015fin tad\u0131n\u0131 \u00e7\u0131karma ve Alanya&#8217;n\u0131n pitoresk k\u0131y\u0131 \u015feridinin nefes kesen manzaralar\u0131n\u0131 izleme f\u0131rsat\u0131na sahip olacaks\u0131n\u0131z.<\/p>\n<p style=\"text-align: center;\"><img loading=\"lazy\" decoding=\"async\" class=\"size-medium wp-image-4044 aligncenter\" src=\"https:\/\/holidayexcursion.com\/wp-content\/uploads\/2021\/12\/starcraft-party-boat-5-150x150.webp\" alt=\"starcraft parti teknesi\" width=\"300\" height=\"300\" title=\"\" srcset=\"https:\/\/holidayexcursion.com\/wp-content\/uploads\/2021\/12\/starcraft-party-boat-5-150x150.webp 150w, https:\/\/holidayexcursion.com\/wp-content\/uploads\/2021\/12\/starcraft-party-boat-5-300x300.webp 300w, https:\/\/holidayexcursion.com\/wp-content\/uploads\/2021\/12\/starcraft-party-boat-5-768x768.webp 768w, https:\/\/holidayexcursion.com\/wp-content\/uploads\/2021\/12\/starcraft-party-boat-5-1024x1024.webp 1024w, https:\/\/holidayexcursion.com\/wp-content\/uploads\/2021\/12\/starcraft-party-boat-5-1536x1536.webp 1536w, https:\/\/holidayexcursion.com\/wp-content\/uploads\/2021\/12\/starcraft-party-boat-5-600x600.webp 600w, https:\/\/holidayexcursion.com\/wp-content\/uploads\/2021\/12\/starcraft-party-boat-5-100x100.webp 100w, https:\/\/holidayexcursion.com\/wp-content\/uploads\/2021\/12\/starcraft-party-boat-5.webp 2000w\" sizes=\"auto, (max-width: 300px) 100vw, 300px\" \/><\/p>\n<p style=\"text-align: center;\">b) Antik Tersaneyi Ziyaret Etmek:<br \/>\nAlanya Starcraft tekne turu genellikle K\u0131z\u0131l Kule olarak bilinen antik tersanede bir mola i\u00e7erir. Bu tarihi simge yap\u0131, 13. y\u00fczy\u0131la kadar uzan\u0131r ve Bizans ve Osmanl\u0131 d\u00f6nemlerinde \u00f6nemli bir deniz \u00fcss\u00fc olarak hizmet vermi\u015ftir. Ziyaret\u00e7iler tersaneyi ke\u015ffedebilir, b\u00fcy\u00fcleyici tarihi hakk\u0131nda bilgi edinebilir ve kulenin tepesinden \u015fehrin panoramik manzaras\u0131n\u0131n keyfini \u00e7\u0131karabilir.<\/p>\n<p style=\"text-align: center;\">c) Korsan Ma\u011faralar\u0131n\u0131n Ke\u015ffi:<br \/>\nAlanya, herhangi bir tekne turuna gizem ve entrika unsuru katan b\u00fcy\u00fcleyici korsan ma\u011faralar\u0131yla \u00fcnl\u00fcd\u00fcr. Bu do\u011fal ma\u011faralar\u0131n bir zamanlar korsanlar\u0131n s\u0131\u011f\u0131nd\u0131\u011f\u0131 ve hazinelerini saklad\u0131\u011f\u0131 saklanma yerleri oldu\u011fu s\u00f6yleniyordu. Bug\u00fcn ziyaret\u00e7iler bu b\u00fcy\u00fcleyici ma\u011faralar\u0131 ke\u015ffedebilir, benzersiz kaya olu\u015fumlar\u0131na hayran kalabilir ve derinliklerinde ortaya \u00e7\u0131kan g\u00f6steri\u015fli maceralar\u0131n hikayelerini hayal edebilir.<\/p>\n<p style=\"text-align: center;\"><img loading=\"lazy\" decoding=\"async\" class=\"size-medium wp-image-4046 aligncenter\" src=\"https:\/\/holidayexcursion.com\/wp-content\/uploads\/2021\/12\/starcraft-party-boat-7-150x150.webp\" alt=\"starcraft parti teknesi\" width=\"300\" height=\"300\" title=\"\" srcset=\"https:\/\/holidayexcursion.com\/wp-content\/uploads\/2021\/12\/starcraft-party-boat-7-150x150.webp 150w, https:\/\/holidayexcursion.com\/wp-content\/uploads\/2021\/12\/starcraft-party-boat-7-300x300.webp 300w, https:\/\/holidayexcursion.com\/wp-content\/uploads\/2021\/12\/starcraft-party-boat-7-768x768.webp 768w, https:\/\/holidayexcursion.com\/wp-content\/uploads\/2021\/12\/starcraft-party-boat-7-1024x1024.webp 1024w, https:\/\/holidayexcursion.com\/wp-content\/uploads\/2021\/12\/starcraft-party-boat-7-1536x1536.webp 1536w, https:\/\/holidayexcursion.com\/wp-content\/uploads\/2021\/12\/starcraft-party-boat-7-600x600.webp 600w, https:\/\/holidayexcursion.com\/wp-content\/uploads\/2021\/12\/starcraft-party-boat-7-100x100.webp 100w, https:\/\/holidayexcursion.com\/wp-content\/uploads\/2021\/12\/starcraft-party-boat-7.webp 2000w\" sizes=\"auto, (max-width: 300px) 100vw, 300px\" \/><\/p>\n<p style=\"text-align: center;\">d) Turkuaz Sularda Y\u00fczmek:<br \/>\nAlanya Starcraft tekne turunun \u00f6ne \u00e7\u0131kan \u00f6zelliklerinden biri de Akdeniz&#8217;in berrak ve canl\u0131 turkuaz sular\u0131nda y\u00fczme f\u0131rsat\u0131d\u0131r. Y\u00fczeyin alt\u0131na dal\u0131n ve renkli deniz ya\u015fam\u0131 ve b\u00fcy\u00fcleyici mercan resifleriyle dolu canl\u0131 bir su alt\u0131 d\u00fcnyas\u0131n\u0131 ke\u015ffedin. Her seviyeden y\u00fczme tutkunu, denizin huzuru ve g\u00fczelli\u011fi ile \u00e7evrili bu s\u00fcr\u00fckleyici deneyimin keyfini \u00e7\u0131karabilir.<\/p>\n<p style=\"text-align: center;\">3. Starcraft boat Konfor ve E\u011flence:<\/p>\n<p style=\"text-align: center;\">Alanya Starcraft tekne turlar\u0131 t\u00fcm yolculara unutulmaz bir deneyim ya\u015fatmak i\u00e7in konfor ve e\u011flence sa\u011flar. Teknemiz geni\u015f g\u00fcne\u015flenme g\u00fcverteleri, konforlu dinlenme alanlar\u0131 ve bar ve restoran gibi tekne i\u00e7i olanaklarla donat\u0131lm\u0131\u015ft\u0131r. Teknemizde ayr\u0131ca sahil boyunca gezinirken ambiyans\u0131 zenginle\u015ftirmek i\u00e7in canl\u0131 m\u00fczik ve e\u011flence de sunulmaktad\u0131r.<\/p>\n<p style=\"text-align: center;\">Alanya Starcraft tekne turu, muhte\u015fem sahil \u015feridini ke\u015ffetmenize, gizli ma\u011faralar\u0131 ortaya \u00e7\u0131karman\u0131za ve kendinizi Akdeniz&#8217;in canl\u0131 su alt\u0131 d\u00fcnyas\u0131na kapt\u0131rman\u0131za olanak tan\u0131yan ola\u011fan\u00fcst\u00fc bir macera vaat ediyor. Antik tersaneden korsan ma\u011faralar\u0131na kadar yol boyunca her durak, Alanya&#8217;n\u0131n zengin tarihi ve do\u011fa harikalar\u0131n\u0131n keyfini \u00e7\u0131karmak i\u00e7in e\u015fsiz bir f\u0131rsat sunuyor. O halde g\u00fcne\u015f kreminizi, dal\u0131\u015f maskeniz ile kendinizi Alanya <a href=\"https:\/\/holidayexcursion.com\/tours-in-alanya\/tours\/sunset-boat\/\">tekne turu<\/a>nda unutulmaz bir yolculu\u011fa haz\u0131rlay\u0131n.<\/p>\n<p style=\"text-align: center;\"><img loading=\"lazy\" decoding=\"async\" class=\"size-medium wp-image-4043 aligncenter\" src=\"https:\/\/holidayexcursion.com\/wp-content\/uploads\/2021\/12\/starcraft-party-boat-4-300x200.webp\" alt=\"starcraft parti teknesi\" width=\"300\" height=\"200\" title=\"\" srcset=\"https:\/\/holidayexcursion.com\/wp-content\/uploads\/2021\/12\/starcraft-party-boat-4-300x200.webp 300w, https:\/\/holidayexcursion.com\/wp-content\/uploads\/2021\/12\/starcraft-party-boat-4-768x512.webp 768w, https:\/\/holidayexcursion.com\/wp-content\/uploads\/2021\/12\/starcraft-party-boat-4-600x400.webp 600w, https:\/\/holidayexcursion.com\/wp-content\/uploads\/2021\/12\/starcraft-party-boat-4.webp 800w\" sizes=\"auto, (max-width: 300px) 100vw, 300px\" \/><\/p>\n<p style=\"text-align: center;\">Alanya&#8217;n\u0131n en iyi gece Party Bot turu! Alanya kalesinin alt\u0131ndaki en b\u00fcy\u00fck Starcraft Disco Boat&#8217;ta unutulmaz bir k\u00f6p\u00fck partisine ho\u015f geldiniz. Alanya&#8217;n\u0131n gece manzaras\u0131 e\u015fli\u011finde denizde el sallay\u0131n ve teknede dans edin.<\/p>\n<p style=\"text-align: center;\">Alanya&#8217;da geceler Starcraft&#8217;\u0131n g\u00fcvertesinde sabah\u0131n erken saatlerine kadar parti yapmak ve e\u011flenmek i\u00e7indir!<br \/>\nAlanya Kalesi&#8217;ne do\u011fru yelken a\u00e7arken disko teknesinde geceyi dans edin. Teknede e\u015fsiz ve muhte\u015fem bir ak\u015fam ge\u00e7irin.<br \/>\nStarcraft teknesinde ate\u015f g\u00f6sterisinin ve K\u00f6p\u00fck Partisinin keyfini \u00e7\u0131kar\u0131n, lezzetli i\u00e7ecekleri yudumlay\u0131n ve g\u00fc\u00e7l\u00fc m\u00fcziklerle dans edin.<br \/>\nParti g\u00fczergah\u0131n\u0131z;20:30 &#8211; 21:30: Otelden\/Daireden Alma<\/p>\n<p style=\"text-align: center;\">21:30 &#8211; 22:05: Alanya Kalesi&#8217;ne Seyir<br \/>\n22:05 &#8211; 22:30: Ate\u015f G\u00f6sterisi<br \/>\n22:30 &#8211; 00:30: Dans ve K\u00f6p\u00fck Partisi<br \/>\n00:30 &#8211; 01:30: Otele\/Daireye B\u0131rakma<\/p>\n<p style=\"text-align: center;\">Fiyat dahil:<br \/>\n\u2022 Otellerden alma ve otele b\u0131rakma<br \/>\n\u2022 At\u0131\u015ft\u0131rmal\u0131klar ve t\u00fcm yerel i\u00e7ecekler<\/p>\n<p style=\"text-align: center;\">Fiyat Dahil De\u011fildir:<br \/>\n\u2022 \u0130thal i\u00e7ecekler, yiyecekler, Kokteyller<br \/>\n\u2022 Foto\u011fraflar ve Videolar<br \/>\n\u2022 Ki\u015fisel giderler<\/p>\n<p style=\"text-align: center;\">Ek bilgi:<br \/>\nAlanya geceleri ger\u00e7ekten ya\u015fan\u0131r!<\/p>\n<p style=\"text-align: center;\">Alanya&#8217;daki tatiliniz boyunca size unutulmaz an\u0131lar diliyoruz.<\/p>\n<p style=\"text-align: center;\">Not: Daha fazla bilgi i\u00e7in Whats App&#8217;tan arayarak veya mesaj atarak da ileti\u015fime ge\u00e7ebilirsiniz.<\/p>\n<p style=\"text-align: center;\">Holiday Excursion Ekibi,<\/p>\n<p><iframe loading=\"lazy\" title=\"Alanya Starcraft Boat\" width=\"1020\" height=\"574\" src=\"https:\/\/www.youtube.com\/embed\/w9zZaUgOUq0?feature=oembed\" frameborder=\"0\" allow=\"accelerometer; autoplay; clipboard-write; encrypted-media; gyroscope; picture-in-picture; web-share\" allowfullscreen><\/iframe><\/p>\n<p><iframe loading=\"lazy\" title=\"Turkey Travel Video . STARCRAFT BOAT , Alanya 2015\" width=\"1020\" height=\"574\" src=\"https:\/\/www.youtube.com\/embed\/BISNqSs17bQ?feature=oembed\" frameborder=\"0\" allow=\"accelerometer; autoplay; clipboard-write; encrypted-media; gyroscope; picture-in-picture; web-share\" allowfullscreen><\/iframe><\/p>\n<p><iframe loading=\"lazy\" title=\"\u0422\u0443\u0440\u0446\u0438\u044f \u0410\u043b\u0430\u043d\u044c\u044f \/ \u041b\u0435\u0442\u044f\u0449\u0435\u0439 \u043f\u043e\u0445\u043e\u0434\u043a\u043e\u0439 - \u041f\u0435\u043d\u043d\u0430\u044f \u0434\u0438\u0441\u043a\u043e\u0442\u0435\u043a\u0430 \u043d\u0430 \u044f\u0445\u0442\u0435 \/ STARCRAFT BOAT\" width=\"1020\" height=\"574\" src=\"https:\/\/www.youtube.com\/embed\/_Lpw5KTJnTM?feature=oembed\" frameborder=\"0\" allow=\"accelerometer; autoplay; clipboard-write; encrypted-media; gyroscope; picture-in-picture; web-share\" allowfullscreen><\/iframe><\/p>\n","protected":false},"excerpt":{"rendered":"<p>Starcraft Party tekne Turu Alanya Starcraft Tekne Turu: Sakin Sahil \u015eeridi ve Kristal Berrak Sular\u0131 Ke\u015ffedin I\u015f\u0131lt\u0131l\u0131 T\u00fcrk Rivieras\u0131&#8217;nda yer alan Alanya, cennet gibi plajlar\u0131, tarihi simgeleri ve nefes kesen do\u011fal g\u00fczellikleriyle ziyaret\u00e7ilerini b\u00fcy\u00fclemektedir. Kendinizi bu k\u0131y\u0131 cevherinin ihti\u015fam\u0131na kapt\u0131rman\u0131n en iyi yollar\u0131ndan biri, Alanya Starcraft tekne turuna \u00e7\u0131kmakt\u0131r. Bu Holiday Excursion turunda sizi, pitoresk<\/p>\n","protected":false},"featured_media":4392,"comment_status":"open","ping_status":"closed","template":"","meta":[],"product_brand":[],"product_cat":[108],"product_tag":[],"class_list":{"0":"post-5222","1":"product","2":"type-product","3":"status-publish","4":"has-post-thumbnail","6":"product_cat-turlar","8":"first","9":"instock","10":"featured","11":"virtual","12":"sold-individually","13":"purchasable","14":"product-type-booking"},"_links":{"self":[{"href":"https:\/\/holidayexcursion.com\/tr\/wp-json\/wp\/v2\/product\/5222","targetHints":{"allow":["GET"]}}],"collection":[{"href":"https:\/\/holidayexcursion.com\/tr\/wp-json\/wp\/v2\/product"}],"about":[{"href":"https:\/\/holidayexcursion.com\/tr\/wp-json\/wp\/v2\/types\/product"}],"replies":[{"embeddable":true,"href":"https:\/\/holidayexcursion.com\/tr\/wp-json\/wp\/v2\/comments?post=5222"}],"wp:featuredmedia":[{"embeddable":true,"href":"https:\/\/holidayexcursion.com\/tr\/wp-json\/wp\/v2\/media\/4392"}],"wp:attachment":[{"href":"https:\/\/holidayexcursion.com\/tr\/wp-json\/wp\/v2\/media?parent=5222"}],"wp:term":[{"taxonomy":"product_brand","embeddable":true,"href":"https:\/\/holidayexcursion.com\/tr\/wp-json\/wp\/v2\/product_brand?post=5222"},{"taxonomy":"product_cat","embeddable":true,"href":"https:\/\/holidayexcursion.com\/tr\/wp-json\/wp\/v2\/product_cat?post=5222"},{"taxonomy":"product_tag","embeddable":true,"href":"https:\/\/holidayexcursion.com\/tr\/wp-json\/wp\/v2\/product_tag?post=5222"}],"curies":[{"name":"wp","href":"https:\/\/api.w.org\/{rel}","templated":true}]}}