{"id":5229,"date":"2021-12-03T09:34:47","date_gmt":"2021-12-06T22:05:11","guid":{"rendered":"http:\/\/holidayexcursion.com\/excursions-in-alanya\/kategorilenmemis\/alanyada-su-sporlari\/"},"modified":"2023-12-04T01:01:30","modified_gmt":"2023-12-03T22:01:30","slug":"su-sporlari","status":"publish","type":"product","link":"https:\/\/holidayexcursion.com\/tr\/tours-in-alanya\/watersports-tr\/su-sporlari\/","title":{"rendered":"SU SPORLARI"},"content":{"rendered":"<h2 style=\"text-align: center;\">SU SPORLARI<\/h2>\n<p style=\"text-align: center;\">May\u0131s-Ekim Aylar\u0131 Aras\u0131 Sat\u0131\u015f B\u00f6lgesi: Alanya, Side,Antalya,Kemer<\/p>\n<p style=\"text-align: center;\">Alanya&#8217;da Su Sporlar\u0131n\u0131n Heyecan\u0131n\u0131 Ke\u015ffetmek: Macera Arayanlar \u0130\u00e7in Bir Cennet<\/p>\n<p style=\"text-align: center;\">T\u00fcrkiye&#8217;nin g\u00fczel Akdeniz k\u0131y\u0131 \u015feridinde yer alan bir k\u0131y\u0131 cevheri olan Alanya, su sporlar\u0131 merakl\u0131lar\u0131 i\u00e7in bir cennettir. \u00c7arp\u0131c\u0131 plajlar\u0131, berrak sular\u0131 ve m\u00fckemmel hava ko\u015fullar\u0131yla Alanya, hem yeni ba\u015flayanlara hem de deneyimli macera arayanlara hitap eden bir dizi heyecan verici su sporu aktivitesi sunmaktad\u0131r. Bu <a href=\"https:\/\/holidayexcursion.com\/excursion-in-alanya\/\">Holiday Excursion<\/a> program\u0131nda, Alanya&#8217;daki su sporlar\u0131n\u0131n heyecan verici d\u00fcnyas\u0131nda size rehberlik edece\u011fiz ve bu cenneti ziyaret ederken kendinizi \u015f\u0131martabilece\u011finiz heyecan verici aktivitelerden baz\u0131lar\u0131n\u0131 ayd\u0131nlataca\u011f\u0131z.<\/p>\n<p style=\"text-align: center;\">1. Jet Skiing:<br \/>\nAlanya&#8217;da en pop\u00fcler su sporlar\u0131ndan biri <a href=\"https:\/\/en.wikipedia.org\/wiki\/Personal_watercraft\" rel=\"nofollow noopener\" target=\"_blank\">jet ski<\/a>dir. \u00c7arp\u0131c\u0131 sahil \u015feridinde gezinirken dalgalar aras\u0131nda h\u0131z yapman\u0131n heyecan\u0131n\u0131 ya\u015fay\u0131n. \u0130ster yeni ba\u015flayan olun ister adrenalin tutkunu olun, Alanya&#8217;da jet ski yapmak kolay kolay unutamayaca\u011f\u0131n\u0131z bir deneyimdir.<\/p>\n<p style=\"text-align: center;\"><img loading=\"lazy\" decoding=\"async\" class=\"alignnone size-medium wp-image-26533\" src=\"https:\/\/holidayexcursion.com\/wp-content\/uploads\/2021\/12\/alanya-parasailing_Watersports_-300x225.jpg\" alt=\"\" width=\"300\" height=\"225\" title=\"\" srcset=\"https:\/\/holidayexcursion.com\/wp-content\/uploads\/2021\/12\/alanya-parasailing_Watersports_-300x225.jpg 300w, https:\/\/holidayexcursion.com\/wp-content\/uploads\/2021\/12\/alanya-parasailing_Watersports_-768x576.jpg 768w, https:\/\/holidayexcursion.com\/wp-content\/uploads\/2021\/12\/alanya-parasailing_Watersports_-1024x769.jpg 1024w, https:\/\/holidayexcursion.com\/wp-content\/uploads\/2021\/12\/alanya-parasailing_Watersports_-1536x1153.jpg 1536w, https:\/\/holidayexcursion.com\/wp-content\/uploads\/2021\/12\/alanya-parasailing_Watersports_-600x450.jpg 600w, https:\/\/holidayexcursion.com\/wp-content\/uploads\/2021\/12\/alanya-parasailing_Watersports_.jpg 1912w\" sizes=\"auto, (max-width: 300px) 100vw, 300px\" \/><\/p>\n<p style=\"text-align: center;\">2. <a href=\"https:\/\/en.wikipedia.org\/wiki\/Parasailing\" rel=\"nofollow noopener\" target=\"_blank\">Deniz para\u015f\u00fct\u00fc<\/a>:<br \/>\nAlanya k\u0131y\u0131 \u015feridinin nefes kesen panoramik manzaras\u0131n\u0131 sunan, adrenalin pompalayan bir su sporu aktivitesi ar\u0131yorsan\u0131z parasailing&#8217;i deneyin. Masmavi sular\u0131n \u00fczerinde s\u00fcz\u00fcl\u00fcn ve para\u015f\u00fctle ba\u011fl\u0131 olarak g\u00f6ky\u00fcz\u00fcnde y\u00fcksekte as\u0131l\u0131 kal\u0131rken r\u00fczgar\u0131n h\u0131\u015f\u0131rt\u0131s\u0131n\u0131 hissedin. Ger\u00e7ekten unutulmaz bir deneyim.<\/p>\n<p style=\"text-align: center;\"><img loading=\"lazy\" decoding=\"async\" class=\"alignnone size-medium wp-image-26563\" src=\"https:\/\/holidayexcursion.com\/wp-content\/uploads\/2021\/12\/parasailing-boat-alanya-300x200.jpg\" alt=\"\" width=\"300\" height=\"200\" title=\"\" srcset=\"https:\/\/holidayexcursion.com\/wp-content\/uploads\/2021\/12\/parasailing-boat-alanya-300x200.jpg 300w, https:\/\/holidayexcursion.com\/wp-content\/uploads\/2021\/12\/parasailing-boat-alanya-768x512.jpg 768w, https:\/\/holidayexcursion.com\/wp-content\/uploads\/2021\/12\/parasailing-boat-alanya-1024x683.jpg 1024w, https:\/\/holidayexcursion.com\/wp-content\/uploads\/2021\/12\/parasailing-boat-alanya-1536x1024.jpg 1536w, https:\/\/holidayexcursion.com\/wp-content\/uploads\/2021\/12\/parasailing-boat-alanya-600x400.jpg 600w, https:\/\/holidayexcursion.com\/wp-content\/uploads\/2021\/12\/parasailing-boat-alanya.jpg 1620w\" sizes=\"auto, (max-width: 300px) 100vw, 300px\" \/><\/p>\n<p style=\"text-align: center;\">3. T\u00fcpl\u00fc Dal\u0131\u015f:<br \/>\nAlanya, canl\u0131 deniz ya\u015fam\u0131 ve muhte\u015fem su alt\u0131 manzaralar\u0131yla t\u00fcpl\u00fc dal\u0131\u015f merakl\u0131lar\u0131 i\u00e7in muhte\u015fem bir destinasyondur. Renkli bal\u0131klar, kaplumba\u011falar ve hatta ara s\u0131ra yunuslarla birlikte dal\u0131\u015f yaparak Akdeniz&#8217;in gizli derinliklerini ke\u015ffedin. \u0130ster yeni ba\u015flayan ister deneyimli bir dalg\u0131\u00e7 olun, Alanya her seviyeye uygun \u00e7e\u015fitli dal\u0131\u015f alanlar\u0131 sunmaktad\u0131r.<\/p>\n<p style=\"text-align: center;\"><img loading=\"lazy\" decoding=\"async\" class=\"alignnone size-medium wp-image-26545\" src=\"https:\/\/holidayexcursion.com\/wp-content\/uploads\/2021\/12\/Jet-ski-Alanya-holiday-excursion-300x300.png\" alt=\"\" width=\"300\" height=\"300\" title=\"\" srcset=\"https:\/\/holidayexcursion.com\/wp-content\/uploads\/2021\/12\/Jet-ski-Alanya-holiday-excursion-300x300.png 300w, https:\/\/holidayexcursion.com\/wp-content\/uploads\/2021\/12\/Jet-ski-Alanya-holiday-excursion-768x768.png 768w, https:\/\/holidayexcursion.com\/wp-content\/uploads\/2021\/12\/Jet-ski-Alanya-holiday-excursion-600x600.png 600w, https:\/\/holidayexcursion.com\/wp-content\/uploads\/2021\/12\/Jet-ski-Alanya-holiday-excursion-100x100.png 100w, https:\/\/holidayexcursion.com\/wp-content\/uploads\/2021\/12\/Jet-ski-Alanya-holiday-excursion-150x150.png 150w, https:\/\/holidayexcursion.com\/wp-content\/uploads\/2021\/12\/Jet-ski-Alanya-holiday-excursion.png 1013w\" sizes=\"auto, (max-width: 300px) 100vw, 300px\" \/><\/p>\n<p style=\"text-align: center;\">4. Ayakta K\u00fcrekli S\u00f6rf (SUP):<br \/>\nDaha rahat bir su sporu deneyimi i\u00e7in ayakta k\u00fcrekli s\u00f6rf\u00fc (SUP) deneyin. Sakin sularda s\u00fcz\u00fcl\u00fcn ve gizli ma\u011faralar\u0131 ve tenha koylar\u0131 ke\u015ffedin. SUP sadece g\u00fczel sahil \u015feridinin tad\u0131n\u0131 \u00e7\u0131karman\u0131n harika bir yolu de\u011fil, ayn\u0131 zamanda m\u00fckemmel bir kar\u0131n egzersizi de sa\u011fl\u0131yor.<\/p>\n<p style=\"text-align: center;\"><img loading=\"lazy\" decoding=\"async\" class=\"alignnone size-medium wp-image-26539\" src=\"https:\/\/holidayexcursion.com\/wp-content\/uploads\/2021\/12\/fly-board-alanya-holiday-excursion-300x157.jpg\" alt=\"\" width=\"300\" height=\"157\" title=\"\" srcset=\"https:\/\/holidayexcursion.com\/wp-content\/uploads\/2021\/12\/fly-board-alanya-holiday-excursion-300x157.jpg 300w, https:\/\/holidayexcursion.com\/wp-content\/uploads\/2021\/12\/fly-board-alanya-holiday-excursion-768x401.jpg 768w, https:\/\/holidayexcursion.com\/wp-content\/uploads\/2021\/12\/fly-board-alanya-holiday-excursion-600x313.jpg 600w, https:\/\/holidayexcursion.com\/wp-content\/uploads\/2021\/12\/fly-board-alanya-holiday-excursion.jpg 900w\" sizes=\"auto, (max-width: 300px) 100vw, 300px\" \/><\/p>\n<p style=\"text-align: center;\">5. Flyboarding:<br \/>\nHeyecan verici su sporu Flyboard u\u00e7u\u015fuyla yaz\u0131n tad\u0131n\u0131 \u00e7\u0131kar\u0131n. Su iti\u015fli jetpack&#8217;inizi tak\u0131n ve yer \u00e7ekimine meydan okuyan hareketler ve taklalar ger\u00e7ekle\u015ftirerek su y\u00fczeyinin \u00fczerinde s\u00fcz\u00fcl\u00fcn. Su sporlar\u0131n\u0131n heyecan\u0131n\u0131 u\u00e7ma hissi ile birle\u015ftiren Flyboarding, Alanya&#8217;da mutlaka denenmesi gereken bir aktivitedir.<\/p>\n<p style=\"text-align: center;\"><img loading=\"lazy\" decoding=\"async\" class=\"alignnone size-medium wp-image-26527\" src=\"https:\/\/holidayexcursion.com\/wp-content\/uploads\/2021\/12\/Alanya-Flyboard-holiday-excursion-300x200.jpg\" alt=\"\" width=\"300\" height=\"200\" title=\"\" srcset=\"https:\/\/holidayexcursion.com\/wp-content\/uploads\/2021\/12\/Alanya-Flyboard-holiday-excursion-300x200.jpg 300w, https:\/\/holidayexcursion.com\/wp-content\/uploads\/2021\/12\/Alanya-Flyboard-holiday-excursion-768x511.jpg 768w, https:\/\/holidayexcursion.com\/wp-content\/uploads\/2021\/12\/Alanya-Flyboard-holiday-excursion-1024x681.jpg 1024w, https:\/\/holidayexcursion.com\/wp-content\/uploads\/2021\/12\/Alanya-Flyboard-holiday-excursion-1536x1021.jpg 1536w, https:\/\/holidayexcursion.com\/wp-content\/uploads\/2021\/12\/Alanya-Flyboard-holiday-excursion-600x399.jpg 600w, https:\/\/holidayexcursion.com\/wp-content\/uploads\/2021\/12\/Alanya-Flyboard-holiday-excursion.jpg 1624w\" sizes=\"auto, (max-width: 300px) 100vw, 300px\" \/><\/p>\n<p style=\"text-align: center;\">6. Wakeboarding ve Su Kaya\u011f\u0131:<br \/>\nAlanya&#8217;n\u0131n ideal hava ko\u015fullar\u0131 ve sakin sular\u0131, buray\u0131 Wakeboard ve su kaya\u011f\u0131 i\u00e7in m\u00fckemmel k\u0131lmaktad\u0131r. \u0130ster tecr\u00fcbeli bir profesyonel olun, ister yeni ba\u015flayan biri olun, kaykay\u0131n\u0131z\u0131 veya kayaklar\u0131n\u0131z\u0131 ba\u011flay\u0131n ve bu pop\u00fcler su sporlar\u0131n\u0131n heyecan\u0131n\u0131 ya\u015farken dalgalar\u0131 a\u015f\u0131n.<\/p>\n<p style=\"text-align: center;\"><img loading=\"lazy\" decoding=\"async\" class=\"alignnone size-medium wp-image-26551\" src=\"https:\/\/holidayexcursion.com\/wp-content\/uploads\/2021\/12\/Jet-ski-alanya-holiday-watersports-300x200.webp\" alt=\"\" width=\"300\" height=\"200\" title=\"\" srcset=\"https:\/\/holidayexcursion.com\/wp-content\/uploads\/2021\/12\/Jet-ski-alanya-holiday-watersports-300x200.webp 300w, https:\/\/holidayexcursion.com\/wp-content\/uploads\/2021\/12\/Jet-ski-alanya-holiday-watersports-768x512.webp 768w, https:\/\/holidayexcursion.com\/wp-content\/uploads\/2021\/12\/Jet-ski-alanya-holiday-watersports-1024x683.webp 1024w, https:\/\/holidayexcursion.com\/wp-content\/uploads\/2021\/12\/Jet-ski-alanya-holiday-watersports-1536x1025.webp 1536w, https:\/\/holidayexcursion.com\/wp-content\/uploads\/2021\/12\/Jet-ski-alanya-holiday-watersports-2048x1366.webp 2048w, https:\/\/holidayexcursion.com\/wp-content\/uploads\/2021\/12\/Jet-ski-alanya-holiday-watersports-600x400.webp 600w\" sizes=\"auto, (max-width: 300px) 100vw, 300px\" \/><\/p>\n<p style=\"text-align: center;\">\u00c7arp\u0131c\u0131 do\u011fal g\u00fczelli\u011fi, zengin deniz ya\u015fam\u0131 ve m\u00fckemmel havas\u0131yla <a href=\"https:\/\/holidayexcursion.com\/tours-in-alanya\/tours\/city-tour\/\">Alanya<\/a>, su sporlar\u0131 tutkunlar\u0131 i\u00e7in bir cennettir. Y\u00fcksek h\u0131zl\u0131 jet skiden paddleboarding&#8217;in huzuruna kadar her heyecan arayan ki\u015fiye uygun bir aktivite var. Yani kendinizi bu sahil cevherinde bulursan\u0131z, Alanya&#8217;daki su sporlar\u0131n\u0131n heyecan verici d\u00fcnyas\u0131na dalma f\u0131rsat\u0131n\u0131 ka\u00e7\u0131rmay\u0131n. Unutulmaz anlara, muhte\u015fem manzaralara ve \u00f6m\u00fcr boyu s\u00fcrecek an\u0131lara haz\u0131rlan\u0131n.<\/p>\n<p style=\"text-align: center;\"><img loading=\"lazy\" decoding=\"async\" class=\"alignnone size-medium wp-image-26557\" src=\"https:\/\/holidayexcursion.com\/wp-content\/uploads\/2021\/12\/parasailing-alanya-holiday-excursion-300x300.png\" alt=\"\" width=\"300\" height=\"300\" title=\"\" srcset=\"https:\/\/holidayexcursion.com\/wp-content\/uploads\/2021\/12\/parasailing-alanya-holiday-excursion-300x300.png 300w, https:\/\/holidayexcursion.com\/wp-content\/uploads\/2021\/12\/parasailing-alanya-holiday-excursion-600x600.png 600w, https:\/\/holidayexcursion.com\/wp-content\/uploads\/2021\/12\/parasailing-alanya-holiday-excursion-100x100.png 100w, https:\/\/holidayexcursion.com\/wp-content\/uploads\/2021\/12\/parasailing-alanya-holiday-excursion-150x150.png 150w, https:\/\/holidayexcursion.com\/wp-content\/uploads\/2021\/12\/parasailing-alanya-holiday-excursion.png 750w\" sizes=\"auto, (max-width: 300px) 100vw, 300px\" \/><\/p>\n<p style=\"text-align: center;\">\u00d6mr\u00fcn\u00fcz boyunca kahkahalarla hat\u0131rlanacak, silinmez jet ski parasailing i\u00e7in kendi grubunuzu olu\u015fturuyorsunuz. Size Akdeniz&#8217;in en iyi su sporlar\u0131 e\u011flencesini organize etmenin s\u00f6z\u00fcn\u00fc veriyoruz. Tatil yerlerinize vard\u0131\u011f\u0131n\u0131zda, tatiliniz ve grubunuza uygun su sporlar\u0131 g\u00fcn ve saatini siz belirlersiniz. Faaliyetlerimiz i\u00e7in sizi konaklama yerinizden al\u0131yoruz. Transfer \u00fccreti 10\u20ac.<\/p>\n<p style=\"text-align: center;\">Jetski: 60 \u20ac (15 min.)<\/p>\n<p style=\"text-align: center;\">Parasailing: 1 person 60 \u20ac, 2 person 70 \u20ac, 3 person 100 \u20ac (max 200 kilo)<\/p>\n<p style=\"text-align: center;\">(5 km. yakla\u015f\u0131k 10-15 dk.)<\/p>\n<p style=\"text-align: center;\">Banana: 20 \u20ac (5 km.)<\/p>\n<p style=\"text-align: center;\">Flyboard 150 \u20ac<\/p>\n<p style=\"text-align: center;\">Sezon d\u00f6nemlerine g\u00f6re fiyat farkl\u0131l\u0131klar\u0131 olacakt\u0131r kesin bilgi i\u00e7in l\u00fctfen whatsapp&#8217;tan ileti\u015fime ge\u00e7iniz.<\/p>\n<p style=\"text-align: center;\">Alanya&#8217;daki tatiliniz boyunca size unutulmaz an\u0131lar diliyoruz.<\/p>\n<p style=\"text-align: center;\">Not: Daha fazla bilgi i\u00e7in Whats App&#8217;tan arayarak veya mesaj atarak da ileti\u015fime ge\u00e7ebilirsiniz.<\/p>\n<p style=\"text-align: center;\">Holiday Excursion Ekibi,<\/p>\n<p><iframe loading=\"lazy\" title=\"jet ski - crazy water sports\" width=\"1020\" height=\"574\" src=\"https:\/\/www.youtube.com\/embed\/jjlsKJqbiAg?feature=oembed\" frameborder=\"0\" allow=\"accelerometer; autoplay; clipboard-write; encrypted-media; gyroscope; picture-in-picture; web-share\" allowfullscreen><\/iframe><\/p>\n<p><iframe loading=\"lazy\" title=\"Alanya Flyboard\" width=\"1020\" height=\"765\" src=\"https:\/\/www.youtube.com\/embed\/bW3sjsdwWXY?feature=oembed\" frameborder=\"0\" allow=\"accelerometer; autoplay; clipboard-write; encrypted-media; gyroscope; picture-in-picture; web-share\" allowfullscreen><\/iframe><\/p>\n<p style=\"text-align: center;\"><a href=\"https:\/\/www.youtube.com\/watch?v=NmdTLu1fV0g\" rel=\"nofollow noopener\" target=\"_blank\"><span style=\"vertical-align: inherit;\"><span style=\"vertical-align: inherit;\">https:\/\/www.youtube.com\/watch?v=NmdTLu1fV0g<\/span><\/span><\/a><\/p>\n<p><iframe loading=\"lazy\" title=\"THE GIRLS vs. BIG MABLE\" width=\"1020\" height=\"765\" src=\"https:\/\/www.youtube.com\/embed\/0GdXmlkqdUI?feature=oembed\" frameborder=\"0\" allow=\"accelerometer; autoplay; clipboard-write; encrypted-media; gyroscope; picture-in-picture; web-share\" allowfullscreen><\/iframe><\/p>\n<p style=\"text-align: center;\">\n","protected":false},"excerpt":{"rendered":"<p>SU SPORLARI May\u0131s-Ekim Aylar\u0131 Aras\u0131 Sat\u0131\u015f B\u00f6lgesi: Alanya, Side,Antalya,Kemer Alanya&#8217;da Su Sporlar\u0131n\u0131n Heyecan\u0131n\u0131 Ke\u015ffetmek: Macera Arayanlar \u0130\u00e7in Bir Cennet T\u00fcrkiye&#8217;nin g\u00fczel Akdeniz k\u0131y\u0131 \u015feridinde yer alan bir k\u0131y\u0131 cevheri olan Alanya, su sporlar\u0131 merakl\u0131lar\u0131 i\u00e7in bir cennettir. \u00c7arp\u0131c\u0131 plajlar\u0131, berrak sular\u0131 ve m\u00fckemmel hava ko\u015fullar\u0131yla Alanya, hem yeni ba\u015flayanlara hem de deneyimli macera arayanlara hitap<\/p>\n","protected":false},"featured_media":4373,"comment_status":"open","ping_status":"closed","template":"","meta":[],"product_brand":[],"product_cat":[232],"product_tag":[],"class_list":{"0":"post-5229","1":"product","2":"type-product","3":"status-publish","4":"has-post-thumbnail","6":"product_cat-watersports-tr","8":"first","9":"instock","10":"featured","11":"virtual","12":"sold-individually","13":"purchasable","14":"product-type-booking"},"_links":{"self":[{"href":"https:\/\/holidayexcursion.com\/tr\/wp-json\/wp\/v2\/product\/5229","targetHints":{"allow":["GET"]}}],"collection":[{"href":"https:\/\/holidayexcursion.com\/tr\/wp-json\/wp\/v2\/product"}],"about":[{"href":"https:\/\/holidayexcursion.com\/tr\/wp-json\/wp\/v2\/types\/product"}],"replies":[{"embeddable":true,"href":"https:\/\/holidayexcursion.com\/tr\/wp-json\/wp\/v2\/comments?post=5229"}],"wp:featuredmedia":[{"embeddable":true,"href":"https:\/\/holidayexcursion.com\/tr\/wp-json\/wp\/v2\/media\/4373"}],"wp:attachment":[{"href":"https:\/\/holidayexcursion.com\/tr\/wp-json\/wp\/v2\/media?parent=5229"}],"wp:term":[{"taxonomy":"product_brand","embeddable":true,"href":"https:\/\/holidayexcursion.com\/tr\/wp-json\/wp\/v2\/product_brand?post=5229"},{"taxonomy":"product_cat","embeddable":true,"href":"https:\/\/holidayexcursion.com\/tr\/wp-json\/wp\/v2\/product_cat?post=5229"},{"taxonomy":"product_tag","embeddable":true,"href":"https:\/\/holidayexcursion.com\/tr\/wp-json\/wp\/v2\/product_tag?post=5229"}],"curies":[{"name":"wp","href":"https:\/\/api.w.org\/{rel}","templated":true}]}}