{"id":5237,"date":"2021-12-03T09:35:44","date_gmt":"2021-12-06T22:05:13","guid":{"rendered":"http:\/\/holidayexcursion.com\/excursions-in-alanya\/kategorilenmemis\/balik-tutma-ve-snorkelle-dalma-turu\/"},"modified":"2025-01-26T13:03:27","modified_gmt":"2025-01-26T10:03:27","slug":"balik-tutma-turu","status":"publish","type":"product","link":"https:\/\/holidayexcursion.com\/tr\/tours-in-alanya\/turlar\/balik-tutma-turu\/","title":{"rendered":"Bal\u0131k Tutma Turu"},"content":{"rendered":"<h2 style=\"text-align: center;\"><\/h2>\n<h3 id=\"highlights\" class=\"highlights\" style=\"text-align: center;\"><strong>BALIK\u00c7ILIK TURU<\/strong><\/h3>\n<h3 class=\"highlights\" style=\"text-align: center;\"><strong style=\"color: #555555; font-size: 14.4px;\">Maceraya Dal\u0131n: Bal\u0131k Tutma Turu ile Derinlikleri Ke\u015ffetmek<\/strong><\/h3>\n<div class=\"activity-details-content\" style=\"text-align: center;\">\n<section id=\"inclusions\" class=\"inclusions long-txt\">\n<div class=\"hed\">\n<p>Bal\u0131k tutma turlar\u0131, <a href=\"https:\/\/holidayexcursion.com\/tours-in-alanya\/tours\/quad-safari-tour\/\">do\u011fada<\/a> macera dolu ve s\u00fcr\u00fckleyici bir deneyim arayanlar i\u00e7in heyecan ve huzurun m\u00fckemmel kar\u0131\u015f\u0131m\u0131n\u0131 sunuyor. \u0130ster bal\u0131k tutma tutkunu olun ister \u015fnorkel merakl\u0131s\u0131 olun, bu turlar su ve sakinleriyle ger\u00e7ekten benzersiz bir \u015fekilde ba\u011flant\u0131 kurman\u0131za olanak tan\u0131r. Holiday Excursion seyahat acentas\u0131 ile yapt\u0131\u011f\u0131m\u0131z bu turda, bal\u0131k\u00e7\u0131l\u0131k d\u00fcnyas\u0131na dalaca\u011f\u0131z, bol deniz ya\u015fam\u0131n\u0131, \u00e7arp\u0131c\u0131 su alt\u0131 ekosistemlerini ve g\u00fcn\u00fcn av\u0131n\u0131n tad\u0131n\u0131 \u00e7\u0131karman\u0131n heyecan\u0131n\u0131 ke\u015ffedece\u011fiz.<\/p>\n<p><img loading=\"lazy\" decoding=\"async\" class=\"alignnone size-medium wp-image-28339\" src=\"https:\/\/holidayexcursion.com\/wp-content\/uploads\/2021\/12\/Alanya-fishing-tour-1-300x200.jpg\" alt=\"\" width=\"300\" height=\"200\" title=\"\" srcset=\"https:\/\/holidayexcursion.com\/wp-content\/uploads\/2021\/12\/Alanya-fishing-tour-1-300x200.jpg 300w, https:\/\/holidayexcursion.com\/wp-content\/uploads\/2021\/12\/Alanya-fishing-tour-1-600x400.jpg 600w, https:\/\/holidayexcursion.com\/wp-content\/uploads\/2021\/12\/Alanya-fishing-tour-1.jpg 750w\" sizes=\"auto, (max-width: 300px) 100vw, 300px\" \/><\/p>\n<p>1. Oltan\u0131z\u0131 Atmak: Bal\u0131k Tutma Turu:<\/p>\n<p>Bal\u0131k tutma turlar\u0131 yaln\u0131zca deneyimli bal\u0131k\u00e7\u0131lar i\u00e7in de\u011fildir; ayn\u0131 zamanda bal\u0131k tutma sanat\u0131n\u0131 \u00f6\u011frenmek isteyen yeni ba\u015flayanlar i\u00e7in de m\u00fckemmeldirler. Yerel bal\u0131k tutma noktalar\u0131nda bilgili profesyonel rehberlerle donat\u0131lm\u0131\u015f olarak, b\u00f6lge i\u00e7in en iyi bal\u0131k tutma yerlerini ve tekniklerini ke\u015ffetme f\u0131rsat\u0131na sahip olacaks\u0131n\u0131z. \u0130ster tatl\u0131 su ister tuzlu su bal\u0131k\u00e7\u0131l\u0131\u011f\u0131n\u0131 tercih edin, bu turlar alabal\u0131k ve somondan marlin ve ton bal\u0131\u011f\u0131na kadar \u00e7e\u015fitli bal\u0131k t\u00fcrlerini ke\u015ffetme \u015fans\u0131 sunuyor. Oltan\u0131z\u0131n \u00e7ekildi\u011fini hissetmenin heyecan\u0131 ve ne yakalayaca\u011f\u0131n\u0131za dair beklenti, bal\u0131k tutma turlar\u0131n\u0131 herkes i\u00e7in heyecan verici bir deneyim haline getiriyor.<\/p>\n<p><img loading=\"lazy\" decoding=\"async\" class=\"alignnone size-medium wp-image-28363\" src=\"https:\/\/holidayexcursion.com\/wp-content\/uploads\/2021\/12\/Fishing-tour-1.jpg\" alt=\"\" width=\"287\" height=\"175\" title=\"\"><\/p>\n<p>2. Sualt\u0131 Harikalar\u0131n\u0131 Ke\u015ffetmek: Bal\u0131k Tutma Turu ile<\/p>\n<p>Bal\u0131k tutma turlar\u0131, kendinizi su y\u00fczeyinin alt\u0131ndaki canl\u0131 d\u00fcnyaya kapt\u0131rman\u0131za olanak tan\u0131r. Bir maske, \u015fnorkel ve y\u00fczge\u00e7lerle donat\u0131lm\u0131\u015f olarak, berrak sularda s\u00fcz\u00fclerek deniz ya\u015fam\u0131n\u0131n inan\u0131lmaz \u00e7e\u015fitlili\u011fini g\u00f6zlemleyebilirsiniz. Renkli, zarif su alt\u0131 g\u00fczelliklerinden <a href=\"https:\/\/en.wikipedia.org\/wiki\/Sea_turtle\" rel=\"nofollow noopener\" target=\"_blank\">deniz kaplumba\u011falar\u0131na<\/a> ve oyuncu yunuslara kadar \u015fnorkelli y\u00fczme turlar\u0131, do\u011fan\u0131n harikalar\u0131yla yak\u0131ndan bir kar\u015f\u0131la\u015fma sunuyor. \u00c7arp\u0131c\u0131 su alt\u0131 manzaralar\u0131n\u0131 ke\u015ffedin, karma\u015f\u0131k ekosisteme tan\u0131k olun ve hatta birlikte y\u00fczme \u015fans\u0131na sahip olun. Bal\u0131k tutma turlar\u0131 her ya\u015ftan do\u011fa tutkunu i\u00e7in heyecan verici ve e\u011fitici bir deneyim sunar.<\/p>\n<p><img loading=\"lazy\" decoding=\"async\" class=\"alignnone size-medium wp-image-28357\" src=\"https:\/\/holidayexcursion.com\/wp-content\/uploads\/2021\/12\/fishing-Alanya-300x220.webp\" alt=\"\" width=\"300\" height=\"220\" title=\"\" srcset=\"https:\/\/holidayexcursion.com\/wp-content\/uploads\/2021\/12\/fishing-Alanya-300x220.webp 300w, https:\/\/holidayexcursion.com\/wp-content\/uploads\/2021\/12\/fishing-Alanya-768x563.webp 768w, https:\/\/holidayexcursion.com\/wp-content\/uploads\/2021\/12\/fishing-Alanya-600x440.webp 600w, https:\/\/holidayexcursion.com\/wp-content\/uploads\/2021\/12\/fishing-Alanya.webp 960w\" sizes=\"auto, (max-width: 300px) 100vw, 300px\" \/><\/p>\n<p>3. \u00c7evre Dostu Uygulamalar ve Koruma:<\/p>\n<p>Sorumlu bal\u0131k\u00e7\u0131l\u0131k turlar\u0131 deniz ekosistemlerinin korunmas\u0131na ve muhafaza edilmesine \u00f6ncelik verir. Bir\u00e7ok tur operat\u00f6r\u00fc, bal\u0131k pop\u00fclasyonu \u00fczerindeki etkiyi en aza indirecek \u015fekilde yakalama ve b\u0131rakma y\u00f6ntemlerinin kullan\u0131lmas\u0131n\u0131 sa\u011flayarak s\u00fcrd\u00fcr\u00fclebilir bal\u0131k\u00e7\u0131l\u0131k uygulamalar\u0131na ba\u011fl\u0131 kalmaktad\u0131r. \u015enorkelli y\u00fczme turlar\u0131 ayn\u0131 zamanda mercan kayal\u0131klar\u0131na dokunmaktan veya onlara zarar vermekten ka\u00e7\u0131nmak ve deniz canl\u0131lar\u0131n\u0131n do\u011fal ya\u015fam alanlar\u0131na sayg\u0131 g\u00f6stermek gibi \u00e7evre dostu davran\u0131\u015flar\u0131n \u00f6nemini de vurgulamaktad\u0131r. Bu turlara kat\u0131larak okyanuslar\u0131m\u0131z\u0131 gelecek nesiller i\u00e7in korumak i\u00e7in gereken koruma \u00e7abalar\u0131na aktif olarak katk\u0131da bulunmu\u015f olursunuz.<\/p>\n<p><img loading=\"lazy\" decoding=\"async\" class=\"alignnone size-medium wp-image-28345\" src=\"https:\/\/holidayexcursion.com\/wp-content\/uploads\/2021\/12\/fishing-alanya-2-300x213.jpg\" alt=\"\" width=\"300\" height=\"213\" title=\"\" srcset=\"https:\/\/holidayexcursion.com\/wp-content\/uploads\/2021\/12\/fishing-alanya-2-300x213.jpg 300w, https:\/\/holidayexcursion.com\/wp-content\/uploads\/2021\/12\/fishing-alanya-2-768x545.jpg 768w, https:\/\/holidayexcursion.com\/wp-content\/uploads\/2021\/12\/fishing-alanya-2-600x425.jpg 600w, https:\/\/holidayexcursion.com\/wp-content\/uploads\/2021\/12\/fishing-alanya-2.jpg 1000w\" sizes=\"auto, (max-width: 300px) 100vw, 300px\" \/><\/p>\n<p>4. Uzman Rehberli\u011fi ve G\u00fcvenlik \u00d6nlemleri:<\/p>\n<p>Bal\u0131k av\u0131 turlar\u0131, g\u00fcvenli\u011finizi ve e\u011flencenizi \u00f6n planda tutan deneyimli rehberler ve e\u011fitmenler taraf\u0131ndan ger\u00e7ekle\u015ftirilmektedir. Ba\u015far\u0131l\u0131 bir tur i\u00e7in yerel sular, <a href=\"https:\/\/holidayexcursion.com\/tours-in-alanya\/tours\/antalya-aquarium-tour\/\">deniz ya\u015fam\u0131<\/a> ve en iyi teknikler hakk\u0131nda kapsaml\u0131 bilgiye sahiptirler. \u0130ster yeni ba\u015flayan ister deneyimli bir macerac\u0131 olun, onlar\u0131n uzmanl\u0131\u011f\u0131 tatmin edici bir deneyim sa\u011flar. Tur s\u0131ras\u0131nda sa\u011fl\u0131\u011f\u0131n\u0131z\u0131 sa\u011flamak i\u00e7in uygun can yelekleri ve ilk yard\u0131m \u00e7antalar\u0131n\u0131n sa\u011flanmas\u0131 gibi g\u00fcvenlik \u00f6nlemleri de uygulanmaktad\u0131r.<\/p>\n<p><img loading=\"lazy\" decoding=\"async\" class=\"alignnone size-medium wp-image-28351\" src=\"https:\/\/holidayexcursion.com\/wp-content\/uploads\/2021\/12\/fishing-alanya-300x225.jpg\" alt=\"\" width=\"300\" height=\"225\" title=\"\" srcset=\"https:\/\/holidayexcursion.com\/wp-content\/uploads\/2021\/12\/fishing-alanya-300x225.jpg 300w, https:\/\/holidayexcursion.com\/wp-content\/uploads\/2021\/12\/fishing-alanya.jpg 600w\" sizes=\"auto, (max-width: 300px) 100vw, 300px\" \/><\/p>\n<p>5. Unutulmaz An\u0131lar ve mavi derinliklerin b\u00fcy\u00fcs\u00fc<\/p>\n<p>Bal\u0131k av\u0131 turuna kat\u0131lmak, unutulmaz an\u0131lar\u0131n ve do\u011fayla daha derin bir ba\u011f\u0131n kap\u0131s\u0131n\u0131 aral\u0131yor. Bal\u0131k tutman\u0131n heyecan\u0131, tertemiz sular\u0131n dinginli\u011fi ve deniz ya\u015fam\u0131yla hayranl\u0131k uyand\u0131ran kar\u015f\u0131la\u015fmalar, macerac\u0131 ruhunuz \u00fczerinde silinmez bir iz b\u0131rak\u0131yor. Bu bal\u0131k tutma turlar\u0131, g\u00fcnl\u00fck rutinden kopma ve do\u011fayla yeniden ba\u011flant\u0131 kurma f\u0131rsat\u0131 sunarak, y\u00fczeyin alt\u0131nda yatan g\u00fczelli\u011fe dair bir merak ve takdir duygusu sunar.<\/p>\n<p>Bal\u0131k tutma turu, b\u00fcy\u00fcleyici su alt\u0131 d\u00fcnyas\u0131n\u0131 ke\u015ffetmeniz ve kendinizi do\u011fan\u0131n huzuruna kapt\u0131rman\u0131z i\u00e7in bir kap\u0131 sunar. \u0130ster de\u011ferli bir av\u0131n tad\u0131n\u0131 \u00e7\u0131karman\u0131n heyecan\u0131na kap\u0131lm\u0131\u015f olun ister canl\u0131 deniz ekosistemleri aras\u0131nda \u015fnorkelli y\u00fczmenin huzurunu ar\u0131yor olun, bu turlar her seviyeden merakl\u0131 i\u00e7in unutulmaz bir deneyim sunar. Bu y\u00fczden e\u015fyalar\u0131n\u0131z\u0131 toplay\u0131n, maceraya dal\u0131n ve bal\u0131k tutma ve \u015fnorkelli dal\u0131\u015f turlar\u0131na \u00e7\u0131karken \u00f6m\u00fcr boyu s\u00fcrecek an\u0131lar yarat\u0131n.<\/p>\n<div><strong>ALANYA BALIK\u00c7ILIK TURU PROGRAMI:<\/strong><\/div>\n<div>* Alanya&#8217;daki otel ve dairelerden ara\u00e7la alma, Alanya liman\u0131na var\u0131\u015f<\/div>\n<div>* Bal\u0131k\u00e7\u0131 teknesinin limandan ayr\u0131lmas\u0131, bal\u0131k\u00e7\u0131l\u0131k ekipmanlar\u0131n\u0131n bozulmas\u0131<\/div>\n<div>* A\u00e7\u0131k denizde bal\u0131k tutma,Teknede \u00f6\u011fle yeme\u011fi,Y\u00fczme molalar\u0131<\/div>\n<div>* Alanya liman\u0131na d\u00f6n\u00fc\u015f, Alanya&#8217;daki otel ve dairelerinize b\u0131rakma<\/div>\n<div><\/div>\n<div><strong>F\u0130YATA DAH\u0130L OLANLAR :<\/strong><\/div>\n<div>* Alanya&#8217;daki otel ve dairelerden alma\/b\u0131rakma<\/div>\n<div>* Kaptan, bal\u0131k\u00e7\u0131,Bal\u0131k\u00e7\u0131l\u0131k ekipmanlar\u0131,\u00d6\u011fle yeme\u011fi, Alkols\u00fcz i\u00e7ecekler<\/div>\n<div><\/div>\n<div><strong>Fiyata Dahil olmayanlar<\/strong><\/div>\n<div>* Alkoll\u00fc i\u00e7ecekler<\/div>\n<div><\/div>\n<div><strong>EK B\u0130LG\u0130LER VE \u0130PU\u00c7LARI:<\/strong><\/div>\n<div>* Mayolar\u0131n\u0131z\u0131, g\u00fcne\u015f kreminizi ve havlular\u0131n\u0131z\u0131 yan\u0131n\u0131za al\u0131n<\/div>\n<div>* Bal\u0131k\u00e7\u0131 teknesinde WC ve du\u015f yeri mevcuttur<\/div>\n<\/div>\n<div class=\"hed\"><\/div>\n<\/section>\n<section id=\"exclusions\" class=\"exclusions long-txt\">\n<div class=\"hed\">\n<p>Alanya&#8217;daki tatiliniz boyunca size unutulmaz an\u0131lar diliyoruz.<\/p>\n<p>Not: Daha fazla bilgi i\u00e7in Whats App&#8217;tan arayarak veya mesaj atarak da ileti\u015fime ge\u00e7ebilirsiniz.<\/p>\n<p>Holiday Excursion Ekibi,<\/p>\n<p><iframe loading=\"lazy\" title=\"Spear Fishing Monster Bluefin Tuna BIGGER THAN ME in Turkey!\" width=\"1020\" height=\"574\" src=\"https:\/\/www.youtube.com\/embed\/IeaqTCX1HK4?feature=oembed\" frameborder=\"0\" allow=\"accelerometer; autoplay; clipboard-write; encrypted-media; gyroscope; picture-in-picture; web-share\" allowfullscreen><\/iframe><\/p>\n<\/div>\n<\/section>\n<div>\n<p><iframe loading=\"lazy\" title=\"GP011624\" width=\"1020\" height=\"574\" src=\"https:\/\/www.youtube.com\/embed\/FcO3MSo-3U8?feature=oembed\" frameborder=\"0\" allow=\"accelerometer; autoplay; clipboard-write; encrypted-media; gyroscope; picture-in-picture\" allowfullscreen><\/iframe><\/p>\n<\/div>\n<\/div>\n","protected":false},"excerpt":{"rendered":"<p>BALIK\u00c7ILIK TURU Maceraya Dal\u0131n: Bal\u0131k Tutma Turu ile Derinlikleri Ke\u015ffetmek Bal\u0131k tutma turlar\u0131, do\u011fada macera dolu ve s\u00fcr\u00fckleyici bir deneyim arayanlar i\u00e7in heyecan ve huzurun m\u00fckemmel kar\u0131\u015f\u0131m\u0131n\u0131 sunuyor. \u0130ster bal\u0131k tutma tutkunu olun ister \u015fnorkel merakl\u0131s\u0131 olun, bu turlar su ve sakinleriyle ger\u00e7ekten benzersiz bir \u015fekilde ba\u011flant\u0131 kurman\u0131za olanak tan\u0131r. Holiday Excursion seyahat acentas\u0131 ile<\/p>\n","protected":false},"featured_media":22745,"comment_status":"open","ping_status":"closed","template":"","meta":[],"product_brand":[],"product_cat":[108],"product_tag":[],"class_list":{"0":"post-5237","1":"product","2":"type-product","3":"status-publish","4":"has-post-thumbnail","6":"product_cat-turlar","8":"first","9":"instock","10":"featured","11":"virtual","12":"sold-individually","13":"purchasable","14":"product-type-booking"},"_links":{"self":[{"href":"https:\/\/holidayexcursion.com\/tr\/wp-json\/wp\/v2\/product\/5237","targetHints":{"allow":["GET"]}}],"collection":[{"href":"https:\/\/holidayexcursion.com\/tr\/wp-json\/wp\/v2\/product"}],"about":[{"href":"https:\/\/holidayexcursion.com\/tr\/wp-json\/wp\/v2\/types\/product"}],"replies":[{"embeddable":true,"href":"https:\/\/holidayexcursion.com\/tr\/wp-json\/wp\/v2\/comments?post=5237"}],"wp:featuredmedia":[{"embeddable":true,"href":"https:\/\/holidayexcursion.com\/tr\/wp-json\/wp\/v2\/media\/22745"}],"wp:attachment":[{"href":"https:\/\/holidayexcursion.com\/tr\/wp-json\/wp\/v2\/media?parent=5237"}],"wp:term":[{"taxonomy":"product_brand","embeddable":true,"href":"https:\/\/holidayexcursion.com\/tr\/wp-json\/wp\/v2\/product_brand?post=5237"},{"taxonomy":"product_cat","embeddable":true,"href":"https:\/\/holidayexcursion.com\/tr\/wp-json\/wp\/v2\/product_cat?post=5237"},{"taxonomy":"product_tag","embeddable":true,"href":"https:\/\/holidayexcursion.com\/tr\/wp-json\/wp\/v2\/product_tag?post=5237"}],"curies":[{"name":"wp","href":"https:\/\/api.w.org\/{rel}","templated":true}]}}