{"id":5240,"date":"2021-12-03T09:36:13","date_gmt":"2021-12-06T22:05:13","guid":{"rendered":"http:\/\/holidayexcursion.com\/excursions-in-alanya\/kategorilenmemis\/kapadokya-turu\/"},"modified":"2024-03-18T23:13:48","modified_gmt":"2024-03-18T20:13:48","slug":"kapadokya-turu","status":"publish","type":"product","link":"https:\/\/holidayexcursion.com\/tr\/tours-in-alanya\/turlar\/kapadokya-turu\/","title":{"rendered":"Kapadokya turu 2 g\u00fcnl\u00fck"},"content":{"rendered":"<h2 class=\"uppercase\" style=\"text-align: center;\">Kapadokya turu 2 g\u00fcnl\u00fck<\/h2>\n<p style=\"text-align: center;\"><strong>Kapadokya&#8217;n\u0131n B\u00fcy\u00fcleyici g\u00fczelliklerini Ortaya \u00c7\u0131kar\u0131yoruz: Unutulmaz Bir Tur Deneyimi<\/strong><\/p>\n<p style=\"text-align: center;\">T\u00fcrkiye&#8217;nin kalbinde yer alan <a href=\"https:\/\/en.wikipedia.org\/wiki\/Cappadocia\" rel=\"nofollow noopener\" target=\"_blank\">Kapadokya,<\/a> d\u00fcnyan\u0131n d\u00f6rt bir yan\u0131ndan gelen gezginleri b\u00fcy\u00fcleyen e\u015fsiz ve b\u00fcy\u00fcl\u00fc bir destinasyon olarak duruyor. Ger\u00e7ek\u00fcst\u00fc manzaralar\u0131, antik ma\u011fara evleri ve s\u0131cak hava balonlar\u0131yla dolu g\u00f6ky\u00fcz\u00fcyle Kapadokya turu unutulmaz bir deneyim vaat ediyor. Kapadokya turumuzda, Kapadokya&#8217;y\u0131 mutlaka ziyaret edilmesi gereken bir destinasyon haline getiren gizli hazineleri ve zengin tarihi ke\u015ffetmek i\u00e7in bir yolculu\u011fa \u00e7\u0131karken bize kat\u0131l\u0131n.<\/p>\n<p>\u00a0 \u00a0 \u00a0 \u00a0 \u00a0 \u00a0 \u00a0 \u00a0 \u00a0 \u00a0 \u00a0 \u00a0 \u00a0 \u00a0 \u00a0 \u00a0 \u00a0 \u00a0 \u00a0 \u00a0 \u00a0 \u00a0 \u00a0 \u00a0 \u00a0 \u00a0 \u00a0 \u00a0 \u00a0 \u00a0 <img loading=\"lazy\" decoding=\"async\" class=\"size-medium wp-image-3888\" src=\"https:\/\/holidayexcursion.com\/wp-content\/uploads\/2021\/12\/cappodocia-tour3-300x200.webp\" alt=\"Kapadokya turu\" width=\"300\" height=\"200\" title=\"\" srcset=\"https:\/\/holidayexcursion.com\/wp-content\/uploads\/2021\/12\/cappodocia-tour3-300x200.webp 300w, https:\/\/holidayexcursion.com\/wp-content\/uploads\/2021\/12\/cappodocia-tour3-768x512.webp 768w, https:\/\/holidayexcursion.com\/wp-content\/uploads\/2021\/12\/cappodocia-tour3-1024x683.webp 1024w, https:\/\/holidayexcursion.com\/wp-content\/uploads\/2021\/12\/cappodocia-tour3-600x400.webp 600w, https:\/\/holidayexcursion.com\/wp-content\/uploads\/2021\/12\/cappodocia-tour3.webp 1440w\" sizes=\"auto, (max-width: 300px) 100vw, 300px\" \/><\/p>\n<p style=\"text-align: center;\">1. Peri Bacalar\u0131n\u0131 Ke\u015ffetmek:<\/p>\n<p style=\"text-align: center;\">Kapadokya&#8217;n\u0131n ikonik peribacalar\u0131 b\u00f6lgenin en belirgin \u00f6zelliklerinden birini olu\u015fturuyor. Y\u00fczy\u0131llarca s\u00fcren do\u011fal erozyonla oyulmu\u015f bu y\u00fcksek kaya olu\u015fumlar\u0131, bacalar\u0131 ve hatta tuhaf yarat\u0131klar\u0131 and\u0131r\u0131yor. Kapadokya turu genellikle, canl\u0131 fresklerle s\u00fcslenmi\u015f antik ma\u011fara kiliselerinden baz\u0131lar\u0131n\u0131 ke\u015ffedebilece\u011finiz G\u00f6reme A\u00e7\u0131k Hava M\u00fczesi&#8217;ni ziyaret etmeyi i\u00e7erir. Bu b\u00fcy\u00fcleyici peribacalar\u0131n\u0131n aras\u0131nda y\u00fcr\u00fcmek, sizi hayran b\u0131rakacak masals\u0131 bir d\u00fcnyaya ad\u0131m atmak gibidir.<\/p>\n<p style=\"text-align: center;\"><img loading=\"lazy\" decoding=\"async\" class=\"size-medium wp-image-3887 aligncenter\" src=\"https:\/\/holidayexcursion.com\/wp-content\/uploads\/2021\/12\/cappodocia-tour2-300x159.webp\" alt=\"Kapadokya turu\" width=\"300\" height=\"159\" title=\"\" srcset=\"https:\/\/holidayexcursion.com\/wp-content\/uploads\/2021\/12\/cappodocia-tour2-300x159.webp 300w, https:\/\/holidayexcursion.com\/wp-content\/uploads\/2021\/12\/cappodocia-tour2-768x407.webp 768w, https:\/\/holidayexcursion.com\/wp-content\/uploads\/2021\/12\/cappodocia-tour2-600x318.webp 600w, https:\/\/holidayexcursion.com\/wp-content\/uploads\/2021\/12\/cappodocia-tour2.webp 850w\" sizes=\"auto, (max-width: 300px) 100vw, 300px\" \/><\/p>\n<p style=\"text-align: center;\">2. Kapadokya&#8217;n\u0131n Yeralt\u0131 \u015eehirlerini Ke\u015ffetmek:<\/p>\n<p style=\"text-align: center;\">Kapadokya&#8217;n\u0131n antik yer alt\u0131 \u015fehirlerine yeralt\u0131ndan giri\u015f yapmak, tarihle dolu gizli bir d\u00fcnyay\u0131 ortaya \u00e7\u0131kar\u0131r. Bu geni\u015f yeralt\u0131 a\u011flar\u0131 bir zamanlar hareketli topluluklar ve ilk H\u0131ristiyan sakinlerine i\u015fgalcilere kar\u015f\u0131 bar\u0131nak ve koruma sa\u011fl\u0131yordu. Derinkuyu ve Kaymakl\u0131, Kapadokya turu s\u0131ras\u0131nda ke\u015ffedilebilecek en etkileyici yer alt\u0131 \u015fehirlerinden ikisidir. Karma\u015f\u0131k t\u00fcnellerini, ya\u015fam alanlar\u0131n\u0131, kiliselerini ve havaland\u0131rma sistemlerini ke\u015ffetmek, eski uygarl\u0131klar\u0131n yarat\u0131c\u0131l\u0131\u011f\u0131na benzersiz bir bak\u0131\u015f sunuyor.<\/p>\n<p style=\"text-align: center;\"><img loading=\"lazy\" decoding=\"async\" class=\"size-medium wp-image-3892 aligncenter\" src=\"https:\/\/holidayexcursion.com\/wp-content\/uploads\/2021\/12\/cappodocia-tour7-300x210.webp\" alt=\"Kapadokya turu\" width=\"300\" height=\"210\" title=\"\" srcset=\"https:\/\/holidayexcursion.com\/wp-content\/uploads\/2021\/12\/cappodocia-tour7-300x210.webp 300w, https:\/\/holidayexcursion.com\/wp-content\/uploads\/2021\/12\/cappodocia-tour7-768x538.webp 768w, https:\/\/holidayexcursion.com\/wp-content\/uploads\/2021\/12\/cappodocia-tour7-600x420.webp 600w, https:\/\/holidayexcursion.com\/wp-content\/uploads\/2021\/12\/cappodocia-tour7.webp 800w\" sizes=\"auto, (max-width: 300px) 100vw, 300px\" \/><\/p>\n<p style=\"text-align: center;\">3. <a href=\"https:\/\/en.wikipedia.org\/wiki\/Hot_air_balloon\" rel=\"nofollow noopener\" target=\"_blank\">S\u0131cak Hava Balonu<\/a> Gezintisi ile Y\u00fckselmek:<\/p>\n<p style=\"text-align: center;\">Kapadokya turunun en s\u0131ra d\u0131\u015f\u0131 deneyimlerinden biri g\u00fcn do\u011fumunda s\u0131cak hava balonuyla g\u00f6ky\u00fcz\u00fcne \u00e7\u0131kmakt\u0131r. Balonunuz yava\u015f\u00e7a y\u00fckselirken, Kapadokya&#8217;n\u0131n e\u015fsiz manzaras\u0131n\u0131n nefes kesici bir panoramas\u0131yla kar\u015f\u0131la\u015facaks\u0131n\u0131z: peri bacalar\u0131 denizi, antik ma\u011fara evleri ve k\u0131rkyama tarlalar\u0131. G\u00f6ky\u00fcz\u00fcn\u00fc s\u00fcsleyen rengarenk balonlar ger\u00e7ek\u00fcst\u00fc ve m\u00fckemmel bir an ve manzara yarat\u0131yor. Y\u00fckseklerden huzur dolu dinginli\u011fin tad\u0131n\u0131 \u00e7\u0131kar\u0131rken, Kapadokya&#8217;n\u0131n s\u0131cak hava balonu turlar\u0131n\u0131n neden d\u00fcnyaca \u00fcnl\u00fc oldu\u011funu anlayacaks\u0131n\u0131z.<\/p>\n<p style=\"text-align: center;\"><img loading=\"lazy\" decoding=\"async\" class=\"size-medium wp-image-3893 aligncenter\" src=\"https:\/\/holidayexcursion.com\/wp-content\/uploads\/2021\/12\/cappodocia-tour8-300x165.webp\" alt=\"Kapadokya turu\" width=\"300\" height=\"165\" title=\"\" srcset=\"https:\/\/holidayexcursion.com\/wp-content\/uploads\/2021\/12\/cappodocia-tour8-300x165.webp 300w, https:\/\/holidayexcursion.com\/wp-content\/uploads\/2021\/12\/cappodocia-tour8.webp 457w\" sizes=\"auto, (max-width: 300px) 100vw, 300px\" \/><\/p>\n<p style=\"text-align: center;\">4. Ma\u011fara Konutlar\u0131 ve Kaya Kiliselerinde Gezinmek:<\/p>\n<p style=\"text-align: center;\">Kapadokya, y\u00fczy\u0131llar \u00f6nce ev ve manast\u0131r kompleksi olarak hizmet veren, yerel olarak &#8220;peribacalar\u0131&#8221; olarak bilinen ma\u011fara evleriyle \u00fcnl\u00fcd\u00fcr. Kapadokya turunuz s\u0131ras\u0131nda bu b\u00fcy\u00fcleyici ma\u011faralar\u0131 ke\u015ffetme f\u0131rsat\u0131na sahip olacaks\u0131n\u0131z. B\u00f6lgenin zengin tarihini ve k\u00fclt\u00fcrel miras\u0131n\u0131 yans\u0131tan karma\u015f\u0131k oymalara, fresklere ve benzersiz mimari tasar\u0131ma hayran kalacaks\u0131n\u0131z. Kapadokya turunuzda \u00c7arp\u0131c\u0131 Bizans d\u00f6nemi sanat\u0131yla \u00f6v\u00fcnen Karanl\u0131k Kilise ve Tokali Kilise gibi \u00e7e\u015fitli kaya kiliselerini ke\u015ffetme \u015fans\u0131n\u0131 ka\u00e7\u0131rmay\u0131n.<\/p>\n<p style=\"text-align: center;\"><img loading=\"lazy\" decoding=\"async\" class=\"size-medium wp-image-3890 aligncenter\" src=\"https:\/\/holidayexcursion.com\/wp-content\/uploads\/2021\/12\/cappodocia-tour5-300x210.webp\" alt=\"Kapadokya turu\" width=\"300\" height=\"210\" title=\"\" srcset=\"https:\/\/holidayexcursion.com\/wp-content\/uploads\/2021\/12\/cappodocia-tour5-300x210.webp 300w, https:\/\/holidayexcursion.com\/wp-content\/uploads\/2021\/12\/cappodocia-tour5-768x538.webp 768w, https:\/\/holidayexcursion.com\/wp-content\/uploads\/2021\/12\/cappodocia-tour5-600x420.webp 600w, https:\/\/holidayexcursion.com\/wp-content\/uploads\/2021\/12\/cappodocia-tour5.webp 800w\" sizes=\"auto, (max-width: 300px) 100vw, 300px\" \/><\/p>\n<p style=\"text-align: center;\">5. Y\u00f6resel Lezzetlerin Tad\u0131n\u0131 \u00c7\u0131karmak ve T\u00fcrk Misafirperverli\u011fini Ya\u015famak:<\/p>\n<p style=\"text-align: center;\">Kapadokya sadece g\u00f6rsel bir harika de\u011fil ayn\u0131 zamanda damak zevkinize de hitap eden bir lezzettir. Kapadokyada Genellikle mant\u0131 (T\u00fcrk mant\u0131s\u0131), kebap ve b\u00f6rek (lezzetli hamur i\u015fleri) gibi yemeklerin servis edildi\u011fi yerel restoranlarda geleneksel T\u00fcrk mutfa\u011f\u0131n\u0131 tatma f\u0131rsat\u0131n\u0131 yakalay\u0131n. Ayr\u0131ca, s\u0131cak ve dost canl\u0131s\u0131 ev sahiplerinin kendinizi evinizdeymi\u015f gibi hissedece\u011fi b\u00f6lgedeki b\u00fcy\u00fcleyici ma\u011fara otellerinden birinde kalarak kendinizi T\u00fcrk misafirperverli\u011fine kapt\u0131r\u0131n.<\/p>\n<p style=\"text-align: center;\"><img loading=\"lazy\" decoding=\"async\" class=\"alignnone size-medium wp-image-26381 aligncenter\" src=\"https:\/\/holidayexcursion.com\/wp-content\/uploads\/2021\/12\/kapadokya-tour-300x169.jpg\" alt=\"\" width=\"300\" height=\"169\" title=\"\" srcset=\"https:\/\/holidayexcursion.com\/wp-content\/uploads\/2021\/12\/kapadokya-tour-300x169.jpg 300w, https:\/\/holidayexcursion.com\/wp-content\/uploads\/2021\/12\/kapadokya-tour-768x432.jpg 768w, https:\/\/holidayexcursion.com\/wp-content\/uploads\/2021\/12\/kapadokya-tour-1024x576.jpg 1024w, https:\/\/holidayexcursion.com\/wp-content\/uploads\/2021\/12\/kapadokya-tour-600x338.jpg 600w, https:\/\/holidayexcursion.com\/wp-content\/uploads\/2021\/12\/kapadokya-tour.jpg 1200w\" sizes=\"auto, (max-width: 300px) 100vw, 300px\" \/><\/p>\n<p style=\"text-align: center;\">Kapadokya <a href=\"https:\/\/holidayexcursion.com\/tours-in-alanya\/tours\/pamukkale-tour\/\">tur<\/a>u, seyahat an\u0131lar\u0131n\u0131zda silinmez bir iz b\u0131rakmay\u0131 vaat eden bamba\u015fka bir d\u00fcnya deneyimidir. E\u015fsiz peribacalar\u0131n\u0131 ve yer alt\u0131 \u015fehirlerini ke\u015ffetmekten, s\u0131cak hava balonuyla pitoresk manzaralar\u0131n \u00fczerinde s\u00fcz\u00fclmeye kadar Kapadokya turunun her an\u0131 merak ve hayranl\u0131kla doludur. Bu b\u00fcy\u00fcleyici Kapadokya destinasyonun da \u00f6m\u00fcr boyu s\u00fcrecek bir yolculu\u011fa \u00e7\u0131karken b\u00f6lgenin do\u011fal g\u00fczelli\u011fi, zengin tarihi ve s\u0131cak misafirperverli\u011fiyle b\u00fcy\u00fclenmeye haz\u0131rlan\u0131n.<\/p>\n<div style=\"text-align: center;\">\n<p><strong>KAPADOKYA 2 G\u00dcNL\u00dcK TUR PROGRAMI<\/strong> <strong>1.G\u00dcN:<\/strong><\/p>\n<div>\n<div>* Alanya&#8217;daki otel ve dairelerden ara\u00e7la alma<\/div>\n<div>*Kahvalt\u0131 molas\u0131,\u00d6\u011fle yeme\u011fi molas\u0131,G\u00fcvercin Vadisi<\/div>\n<div>* U\u00e7hisar kalesinin ete\u011finde panorama molas\u0131<\/div>\n<div>* G\u00f6reme A\u00e7\u0131k Hava M\u00fczesi A\u015fk Vadisi&#8217;ni ziyaret etmek<\/div>\n<div>* Hayal Vadisi (Dervent) \u00c7\u00f6mlek\u00e7ilik ve Seramik At\u00f6lyesi ziyareti<\/div>\n<div>* Lokum ma\u011fazas\u0131, 4 y\u0131ld\u0131zl\u0131 otele var\u0131\u015f ve konaklama.<\/div>\n<div>* Otelde Ak\u015fam Yeme\u011fi, Otelde Dinlenme veya T\u00fcrk Gecesi g\u00f6sterisine kat\u0131l\u0131m (iste\u011fe ba\u011fl\u0131 ekstra)<\/div>\n<\/div>\n<div><\/div>\n<div><strong>2. G\u00dcN:<\/strong><\/div>\n<div>\n<div>*Balon izleme veya balon turu (her ikisi de iste\u011fe ba\u011fl\u0131 ekstra)<\/div>\n<div>*Otelde sabah kahvalt\u0131s\u0131,Otelden \u00e7\u0131k\u0131\u015f ve ayr\u0131l\u0131\u015f<\/div>\n<div>* Oniks at\u00f6lyesini ziyaret edin, Saratl\u0131 yeralt\u0131 \u015fehri m\u00fczesini ziyaret edin<\/div>\n<div>* \u0130htiya\u00e7 molas\u0131,Konya&#8217;da \u00f6\u011fle yeme\u011fi,\u0130htiya\u00e7 molas\u0131<\/div>\n<div>*Alanya ve \u00e7evresindeki otel ve apartlara b\u0131rakma.<\/div>\n<\/div>\n<\/div>\n<div style=\"text-align: center;\"><\/div>\n<div style=\"text-align: center;\"><strong>F\u0130YATA DAH\u0130L OLANLAR :<\/strong><\/div>\n<div style=\"text-align: center;\">* Alanya ve \u00e7evresindeki otel ve apartmanlardan transferiniz.<\/div>\n<div style=\"text-align: center;\">* Profesyonel tur rehberi, 4 y\u0131ld\u0131zl\u0131 otelde 1 gece konaklama(<a href=\"https:\/\/floriacappadocia.com\/\" rel=\"nofollow noopener\" target=\"_blank\">Floria Hotel Cappadocia<\/a>) or (<a href=\"https:\/\/suhankapadokya.com\/\" rel=\"nofollow noopener\" target=\"_blank\">Suhan Hotel Cappadocia<\/a> ) yar\u0131m pansiyon (1 dinner+1 breakfast)<\/div>\n<div style=\"text-align: center;\">* T\u00fcm giri\u015f \u00fccretleri<\/div>\n<div style=\"text-align: center;\"><\/div>\n<div style=\"text-align: center;\"><strong>Fiyata Dahil olmayanlar<\/strong><\/div>\n<div style=\"text-align: center;\">* Yol \u00fczerindeki restoranlarda \u00f6\u011fle yeme\u011fi (2 kez)<\/div>\n<div style=\"text-align: center;\">*Turun ilk g\u00fcn\u00fc kahvalt\u0131 (Kahvalt\u0131 paketini otelinizin resepsiyonundan isteyebilir veya mola verece\u011fimiz restorandan sat\u0131n alabilirsiniz)<\/div>\n<div style=\"text-align: center;\">* T\u00fcrk gecesi, dervi\u015f g\u00f6sterisi, balon turu ve balon izleme turu, T\u00fcm i\u00e7ecekler, G\u00f6reme a\u00e7\u0131k hava m\u00fczesi<\/div>\n<div style=\"text-align: center;\"><\/div>\n<div style=\"text-align: center;\"><strong>EK B\u0130LG\u0130 VE \u0130PU\u00c7LARI:<\/strong><\/div>\n<div style=\"text-align: center;\">*Konya \u015fehrinde bulunan Mevlana (Mevlana) m\u00fczesi iki g\u00fcnl\u00fck Kapadokya tur program\u0131nda yer almamaktad\u0131r.<\/div>\n<div style=\"text-align: center;\">* Otelde tek ki\u015filik oda &#8211; gecelik 25 EUR (Tek ki\u015fiyseniz ve tek ki\u015filik odada kalmak istiyorsan\u0131z)<\/div>\n<div style=\"text-align: center;\">* Kameran\u0131z\u0131 ve cep telefonunuzu yan\u0131n\u0131za al\u0131n.<\/div>\n<div style=\"text-align: center;\">* Kapadokya&#8217;da hava Alanya&#8217;ya g\u00f6re daha serin\/so\u011fuk. L\u00fctfen mevsim ko\u015fullar\u0131na g\u00f6re giyin<\/div>\n<div style=\"text-align: center;\"><\/div>\n<p style=\"text-align: center;\">T\u00fcrkiye&#8217;deki tatiliniz boyunca size unutulmaz an\u0131lar dileriz.<\/p>\n<p style=\"text-align: center;\">Not: Daha fazla bilgi i\u00e7in Whats App&#8217;tan arayarak veya mesaj atarak da ileti\u015fime ge\u00e7ebilirsiniz.<\/p>\n<p style=\"text-align: center;\">Holiday Excursion Ekibi,<\/p>\n<p><iframe loading=\"lazy\" title=\"Mevlana T\u00fcrbesi Ve M\u00fczesi - Konya\" width=\"1020\" height=\"574\" src=\"https:\/\/www.youtube.com\/embed\/b69EGLsWmfU?feature=oembed\" frameborder=\"0\" allow=\"accelerometer; autoplay; clipboard-write; encrypted-media; gyroscope; picture-in-picture; web-share\" allowfullscreen><\/iframe><\/p>\n<p><iframe loading=\"lazy\" title=\"Kapadokya Tan\u0131t\u0131m Filmi-2015 (Cappadocia)\" width=\"1020\" height=\"574\" src=\"https:\/\/www.youtube.com\/embed\/ByeNGYfoBYA?feature=oembed\" frameborder=\"0\" allow=\"accelerometer; autoplay; clipboard-write; encrypted-media; gyroscope; picture-in-picture; web-share\" allowfullscreen><\/iframe><\/p>\n<p><iframe loading=\"lazy\" title=\"KAPADOKYA HD CAPPADOCIA HD by Galip Hasan Temur\" width=\"1020\" height=\"574\" src=\"https:\/\/www.youtube.com\/embed\/7mRGItobR2U?feature=oembed\" frameborder=\"0\" allow=\"accelerometer; autoplay; clipboard-write; encrypted-media; gyroscope; picture-in-picture; web-share\" allowfullscreen><\/iframe><\/p>\n","protected":false},"excerpt":{"rendered":"<p>Kapadokya turu 2 g\u00fcnl\u00fck Kapadokya&#8217;n\u0131n B\u00fcy\u00fcleyici g\u00fczelliklerini Ortaya \u00c7\u0131kar\u0131yoruz: Unutulmaz Bir Tur Deneyimi T\u00fcrkiye&#8217;nin kalbinde yer alan Kapadokya, d\u00fcnyan\u0131n d\u00f6rt bir yan\u0131ndan gelen gezginleri b\u00fcy\u00fcleyen e\u015fsiz ve b\u00fcy\u00fcl\u00fc bir destinasyon olarak duruyor. Ger\u00e7ek\u00fcst\u00fc manzaralar\u0131, antik ma\u011fara evleri ve s\u0131cak hava balonlar\u0131yla dolu g\u00f6ky\u00fcz\u00fcyle Kapadokya turu unutulmaz bir deneyim vaat ediyor. Kapadokya turumuzda, Kapadokya&#8217;y\u0131 mutlaka ziyaret<\/p>\n","protected":false},"featured_media":4828,"comment_status":"open","ping_status":"closed","template":"","meta":[],"product_brand":[],"product_cat":[108],"product_tag":[],"class_list":{"0":"post-5240","1":"product","2":"type-product","3":"status-publish","4":"has-post-thumbnail","6":"product_cat-turlar","8":"first","9":"instock","10":"featured","11":"virtual","12":"sold-individually","13":"purchasable","14":"product-type-booking"},"_links":{"self":[{"href":"https:\/\/holidayexcursion.com\/tr\/wp-json\/wp\/v2\/product\/5240","targetHints":{"allow":["GET"]}}],"collection":[{"href":"https:\/\/holidayexcursion.com\/tr\/wp-json\/wp\/v2\/product"}],"about":[{"href":"https:\/\/holidayexcursion.com\/tr\/wp-json\/wp\/v2\/types\/product"}],"replies":[{"embeddable":true,"href":"https:\/\/holidayexcursion.com\/tr\/wp-json\/wp\/v2\/comments?post=5240"}],"wp:featuredmedia":[{"embeddable":true,"href":"https:\/\/holidayexcursion.com\/tr\/wp-json\/wp\/v2\/media\/4828"}],"wp:attachment":[{"href":"https:\/\/holidayexcursion.com\/tr\/wp-json\/wp\/v2\/media?parent=5240"}],"wp:term":[{"taxonomy":"product_brand","embeddable":true,"href":"https:\/\/holidayexcursion.com\/tr\/wp-json\/wp\/v2\/product_brand?post=5240"},{"taxonomy":"product_cat","embeddable":true,"href":"https:\/\/holidayexcursion.com\/tr\/wp-json\/wp\/v2\/product_cat?post=5240"},{"taxonomy":"product_tag","embeddable":true,"href":"https:\/\/holidayexcursion.com\/tr\/wp-json\/wp\/v2\/product_tag?post=5240"}],"curies":[{"name":"wp","href":"https:\/\/api.w.org\/{rel}","templated":true}]}}