{"id":5243,"date":"2021-10-06T17:43:32","date_gmt":"2021-12-06T22:07:34","guid":{"rendered":"http:\/\/holidayexcursion.com\/excursions-in-alanya\/kategorilenmemis\/su-gezegeni-aquapark-turu\/"},"modified":"2023-12-02T22:24:59","modified_gmt":"2023-12-02T19:24:59","slug":"su-parki","status":"publish","type":"product","link":"https:\/\/holidayexcursion.com\/tr\/tours-in-alanya\/turlar\/su-parki\/","title":{"rendered":"Aquapark Tour"},"content":{"rendered":"<h2 style=\"text-align: center;\">  <strong> ALANYA AQUAPARK TURU<\/strong><\/h2>\n<p style=\"text-align: center;\"> Aile Dostu E\u011flence: Alanya&#8217;n\u0131n Aquapark Turunu Ke\u015ffetmek ve Daha Fazlas\u0131<\/p>\n<p style=\"text-align: center;\">Bir aile tatili planlamak s\u00f6z konusu oldu\u011funda, Alanya, ideal bir aile destinasyonudur. \u00c7arp\u0131c\u0131 <a href=\"https:\/\/en.wikipedia.org\/wiki\/Mediterranean_Sea\" rel=\"nofollow noopener\" target=\"_blank\">Akdeniz<\/a> k\u0131y\u0131 \u015feridi, tarihi mekanlar\u0131 ve aile dostu aktivitelerin bollu\u011fuyla Alanya, herkes i\u00e7in bir \u015feyler sunmaktad\u0131r. Bu Holiday Excursion turunda, aileler i\u00e7in en heyecan verici atraksiyonlardan biri olan Alanya Su Park\u0131 Turu&#8217;na ve her ya\u015ftan ki\u015fiye e\u011flence dolu bir deneyimi garanti eden di\u011fer harika se\u00e7eneklere odaklanaca\u011f\u0131z.<\/p>\n<p style=\"text-align: center;\"> <img loading=\"lazy\" decoding=\"async\" class=\"alignnone size-medium wp-image-27948\" src=\"https:\/\/holidayexcursion.com\/wp-content\/uploads\/2021\/10\/eftelia-island-aquapark.jpg\" alt=\"\" width=\"300\" height=\"168\" title=\"\"><\/p>\n<p style=\"text-align: center;\">1. Alanya Aquapark Tour:<\/p>\n<p style=\"text-align: center;\">Alanya <a href=\"https:\/\/holidayexcursion.com\/tours-in-alanya\/tours\/land-of-legends\/\">Aquapark<\/a>, su maceralar\u0131 ve heyecan dolu bir g\u00fcn vaat eden heyecan verici bir su park\u0131d\u0131r. Bu aile dostu turistik mekandan neler bekleyebilece\u011finizi burada bulabilirsiniz:<\/p>\n<p style=\"text-align: center;\">a) Su Kayd\u0131raklar\u0131 ve Havuzlar:<br \/>\nAquapark&#8217;ta her ya\u015fa ve heyecan seviyesine uygun \u00e7ok \u00e7e\u015fitli su kayd\u0131raklar\u0131 bulunmaktad\u0131r. K\u00fc\u00e7\u00fck \u00e7ocuklar i\u00e7in hafif e\u011fimlerden gen\u00e7ler ve yeti\u015fkinler i\u00e7in adrenalin pompalayan y\u00fcksek h\u0131zl\u0131 kayd\u0131raklara kadar herkes i\u00e7in bir \u015feyler var. \u00c7e\u015fitli b\u00fcy\u00fckl\u00fck ve derinlikteki havuzlarda aileler birlikte dinlenebilir, serinletici suyun tad\u0131n\u0131 \u00e7\u0131karabilir veya birlikte e\u011flenebilirler.<\/p>\n<p style=\"text-align: center;\"><img loading=\"lazy\" decoding=\"async\" class=\"alignnone size-medium wp-image-27954\" src=\"https:\/\/holidayexcursion.com\/wp-content\/uploads\/2021\/10\/eftelia-island-holiday-excursion-2-300x168.jpg\" alt=\"\" width=\"300\" height=\"168\" title=\"\" srcset=\"https:\/\/holidayexcursion.com\/wp-content\/uploads\/2021\/10\/eftelia-island-holiday-excursion-2-300x168.jpg 300w, https:\/\/holidayexcursion.com\/wp-content\/uploads\/2021\/10\/eftelia-island-holiday-excursion-2-2048x1149.jpg 2048w, https:\/\/holidayexcursion.com\/wp-content\/uploads\/2021\/10\/eftelia-island-holiday-excursion-2-768x431.jpg 768w, https:\/\/holidayexcursion.com\/wp-content\/uploads\/2021\/10\/eftelia-island-holiday-excursion-2-1024x575.jpg 1024w, https:\/\/holidayexcursion.com\/wp-content\/uploads\/2021\/10\/eftelia-island-holiday-excursion-2-1536x862.jpg 1536w, https:\/\/holidayexcursion.com\/wp-content\/uploads\/2021\/10\/eftelia-island-holiday-excursion-2-600x337.jpg 600w\" sizes=\"auto, (max-width: 300px) 100vw, 300px\" \/><\/p>\n<p style=\"text-align: center;\">b) Tembel Nehir ve Dalga Havuzu:<br \/>\nAquapark&#8217;\u0131n \u00f6ne \u00e7\u0131kan \u00f6zelliklerinden biri de tembel nehirdir. Bir boat al\u0131n, arkan\u0131za yaslan\u0131n ve hafif ak\u0131nt\u0131n\u0131n sizi park\u0131n etraf\u0131nda ta\u015f\u0131mas\u0131na izin vererek rahatlat\u0131c\u0131 ve keyifli bir deneyim sa\u011flay\u0131n. Dalga havuzu, periyodik dalga dalgalanmalar\u0131yla okyanusta olma hissini veren, kalabal\u0131\u011f\u0131n ho\u015funa giden ba\u015fka bir \u015fey.<\/p>\n<p style=\"text-align: center;\">c) \u00c7ocuk Oyun Alan\u0131:<br \/>\nAquapark, mini kayd\u0131raklar, s\u0131\u00e7rama havuzlar\u0131 ve interaktif su \u00f6zellikleri i\u00e7eren \u00f6zel bir oyun alan\u0131yla k\u00fc\u00e7\u00fck \u00e7ocuklara hitap etmektedir. Ebeveynler, k\u00fc\u00e7\u00fck \u00e7ocuklar\u0131n\u0131n g\u00fcvenli ve denetlenen bir ortamda e\u011flenmesini izleyebilir.<\/p>\n<p style=\"text-align: center;\"><img loading=\"lazy\" decoding=\"async\" class=\"alignnone size-medium wp-image-27960\" src=\"https:\/\/holidayexcursion.com\/wp-content\/uploads\/2021\/10\/Eftelia-island-holiday-excursion1-300x200.jpg\" alt=\"\" width=\"300\" height=\"200\" title=\"\" srcset=\"https:\/\/holidayexcursion.com\/wp-content\/uploads\/2021\/10\/Eftelia-island-holiday-excursion1-300x200.jpg 300w, https:\/\/holidayexcursion.com\/wp-content\/uploads\/2021\/10\/Eftelia-island-holiday-excursion1-768x512.jpg 768w, https:\/\/holidayexcursion.com\/wp-content\/uploads\/2021\/10\/Eftelia-island-holiday-excursion1-600x400.jpg 600w, https:\/\/holidayexcursion.com\/wp-content\/uploads\/2021\/10\/Eftelia-island-holiday-excursion1.jpg 960w\" sizes=\"auto, (max-width: 300px) 100vw, 300px\" \/><\/p>\n<p style=\"text-align: center;\">Alanya, her ya\u015ftan insana say\u0131s\u0131z deneyim sunan, aile tatili i\u00e7in harika bir destinasyondur. Alanya Aquapark Turu, birbirinden keyifli su kayd\u0131raklar\u0131, tembel nehir ve dalga havuzuyla sonsuz e\u011flence ve heyecan ya\u015fat\u0131yor. Alanya, tarihi mekanlar\u0131 ke\u015ffetmekten g\u00fczel plajlar\u0131n keyfini \u00e7\u0131karmaya ve nefes kesen manzaralar\u0131 seyretmeye kadar, kal\u0131c\u0131 an\u0131lar yaratacak \u00e7ok \u00e7e\u015fitli aile dostu aktiviteler sunmaktad\u0131r. O halde \u00e7antalar\u0131n\u0131z\u0131 toplay\u0131n, g\u00fcne\u015fin alt\u0131nda e\u011flenmeye haz\u0131rlan\u0131n ve ailenizi Alanya&#8217;n\u0131n b\u00fcy\u00fcleyici ortam\u0131nda birbirine yakla\u015ft\u0131racak bir yolculu\u011fa \u00e7\u0131k\u0131n.<\/p>\n<p style=\"text-align: center;\">Sizi e\u011flenceli, aksiyon ve macera dolu bir g\u00fcne davet ediyoruz!<\/p>\n<p style=\"text-align: center;\">Aqua Park, t\u00fcm ya\u015f gruplar\u0131 i\u00e7in harika, sa\u011fl\u0131kl\u0131 bir e\u011flence sunar.<\/p>\n<p style=\"text-align: center;\">T\u00fcrk Rivieras\u0131&#8217;n\u0131n \u00f6nde gelen su park\u0131 sizi aquaparkta e\u011flenceye, e\u011flenceye, heyecana dolu bir g\u00fcn ge\u00e7irmeye davet ediyor&#8230;<\/p>\n<p style=\"text-align: center;\">T\u00fcrk Rivieras\u0131&#8217;n\u0131n en iyi hislerine sahip e\u015fsiz bir su park\u0131, her ya\u015f i\u00e7in en \u015fa\u015f\u0131rt\u0131c\u0131 su cazibe merkezlerini bulacaks\u0131n\u0131z. Sizi bereketli bir bitki \u00f6rt\u00fcs\u00fc ile \u00e7evrili en heyecan verici ve ferahlat\u0131c\u0131 yaz g\u00fcn\u00fcn\u00fcn keyfini \u00e7\u0131karmaya davet ediyoruz. \u00dcnl\u00fc Dalga Havuzu, \u00e7ocuk alanlar\u0131 ve \u00c7ocuk Lag\u00fcn\u00fc, dolamba\u00e7l\u0131 kayd\u0131raklar, sonu olmayan ini\u015fler, dinlenme havuzlar\u0131, \u00e7\u0131lg\u0131n nehirleri ka\u00e7\u0131ramazs\u0131n\u0131z.<\/p>\n<p style=\"text-align: center;\"><img loading=\"lazy\" decoding=\"async\" class=\"alignnone size-medium wp-image-27942\" src=\"https:\/\/holidayexcursion.com\/wp-content\/uploads\/2021\/10\/Aquapark-alanya-holiday-excursion-300x203.jpg\" alt=\"\" width=\"300\" height=\"203\" title=\"\" srcset=\"https:\/\/holidayexcursion.com\/wp-content\/uploads\/2021\/10\/Aquapark-alanya-holiday-excursion-300x203.jpg 300w, https:\/\/holidayexcursion.com\/wp-content\/uploads\/2021\/10\/Aquapark-alanya-holiday-excursion-768x518.jpg 768w, https:\/\/holidayexcursion.com\/wp-content\/uploads\/2021\/10\/Aquapark-alanya-holiday-excursion-600x405.jpg 600w, https:\/\/holidayexcursion.com\/wp-content\/uploads\/2021\/10\/Aquapark-alanya-holiday-excursion.jpg 948w\" sizes=\"auto, (max-width: 300px) 100vw, 300px\" \/><\/p>\n<p style=\"text-align: center;\">Akdeniz&#8217;in g\u00f6zde su park\u0131nda ister gen\u00e7, ister yeti\u015fkin olun e\u011flencenin s\u0131n\u0131r\u0131 yok.<\/p>\n<p style=\"text-align: center;\">G\u00fcnl\u00fck 2000 ki\u015fi kapasitesi ile T\u00fcrkiye&#8217;nin Akdeniz b\u00f6lgesinin en b\u00fcy\u00fck aquapark\u0131 sizleri e\u011flenceye, aksiyona ve maceraya davet ediyor. Akdeniz&#8217;in en sevilen su cennetinde, gen\u00e7 ya da yeti\u015fkin olun, e\u011flencenin s\u0131n\u0131r\u0131 yok.<\/p>\n<p style=\"text-align: center;\">Rafting yaparak maceral\u0131 bir e\u011flence ya\u015fayabilir, ormandan deniz manzaras\u0131 e\u015fli\u011finde dinlenebilir veya adrenalininizi ve kayd\u0131raklar\u0131n\u0131z\u0131 pompalayabilirsiniz.<br \/>\nAile Kayd\u0131ra\u011f\u0131 ile aile e\u011flencesi, Kamikaze ile y\u00fcksek h\u0131z heyecan\u0131, \u00f6zel tasar\u0131m\u0131 ile sizi ba\u015fka bir boyuta ta\u015f\u0131yan Multi Kayd\u0131rak&#8217;ta 4 ki\u015fi yan yana; Kara Delik, E\u011fim Kayd\u0131ra\u011f\u0131 ile yukar\u0131 ve a\u015fa\u011f\u0131 ve tekrar, \u00e7ocuklar i\u00e7in e\u011flenceli \u00c7ocuk Kayd\u0131raklar\u0131 ve \u00e7ok daha fazlas\u0131\u2026<\/p>\n<p style=\"text-align: center;\">Fiyata dahil olanlar: Otele transfer &#8211; Rehberlik &#8211; Aquapark&#8217;a giri\u015f \u00fccreti, \u00f6\u011fle yeme\u011fi.<\/p>\n<p style=\"text-align: center;\">00-06 ya\u015f \u00d6\u011fle yeme\u011fi dahil de\u011fildir, Aquapark&#8217;ta ekstra \u00fccretlendirilir.<\/p>\n<p style=\"text-align: center;\">Alanya&#8217;daki tatiliniz boyunca size unutulmaz an\u0131lar diliyoruz.<\/p>\n<p style=\"text-align: center;\">Not: Daha fazla bilgi i\u00e7in Whats App&#8217;tan arayarak veya mesaj atarak da ileti\u015fime ge\u00e7ebilirsiniz.<\/p>\n<p style=\"text-align: center;\">Holiday Excursion Ekibi,<\/p>\n<p><iframe loading=\"lazy\" title=\"Waterplanet - Alanya T\u00fcrkei (inkl. Bewertung)\" width=\"1020\" height=\"574\" src=\"https:\/\/www.youtube.com\/embed\/mjkZ2xDl4eo?feature=oembed\" frameborder=\"0\" allow=\"accelerometer; autoplay; clipboard-write; encrypted-media; gyroscope; picture-in-picture\" allowfullscreen><\/iframe><\/p>\n<p><iframe loading=\"lazy\" title=\"Hotel Waterplanet  Aquapark Alanya, 1\/2, www.agentiapatriot.ro\" width=\"1020\" height=\"574\" src=\"https:\/\/www.youtube.com\/embed\/yal2EW_Nfr4?feature=oembed\" frameborder=\"0\" allow=\"accelerometer; autoplay; clipboard-write; encrypted-media; gyroscope; picture-in-picture\" allowfullscreen><\/iframe><\/p>\n<p><iframe loading=\"lazy\" title=\"\u0422\u0443\u0440\u0446\u0438\u044f, \u0410\u043b\u0430\u043d\u044c\u044f, \u0410\u043a\u0432\u0430\u043f\u0430\u0440\u043a &quot;Water Planet&quot; \u0438\u044e\u043b\u044c 2011 \u0447.4\" width=\"1020\" height=\"765\" src=\"https:\/\/www.youtube.com\/embed\/kf84oo82_ig?feature=oembed\" frameborder=\"0\" allow=\"accelerometer; autoplay; clipboard-write; encrypted-media; gyroscope; picture-in-picture\" allowfullscreen><\/iframe><\/p>\n","protected":false},"excerpt":{"rendered":"<p>ALANYA AQUAPARK TURU Aile Dostu E\u011flence: Alanya&#8217;n\u0131n Aquapark Turunu Ke\u015ffetmek ve Daha Fazlas\u0131 Bir aile tatili planlamak s\u00f6z konusu oldu\u011funda, Alanya, ideal bir aile destinasyonudur. \u00c7arp\u0131c\u0131 Akdeniz k\u0131y\u0131 \u015feridi, tarihi mekanlar\u0131 ve aile dostu aktivitelerin bollu\u011fuyla Alanya, herkes i\u00e7in bir \u015feyler sunmaktad\u0131r. Bu Holiday Excursion turunda, aileler i\u00e7in en heyecan verici atraksiyonlardan biri olan Alanya<\/p>\n","protected":false},"featured_media":27947,"comment_status":"open","ping_status":"closed","template":"","meta":[],"product_brand":[],"product_cat":[108],"product_tag":[],"class_list":{"0":"post-5243","1":"product","2":"type-product","3":"status-publish","4":"has-post-thumbnail","6":"product_cat-turlar","8":"first","9":"instock","10":"featured","11":"virtual","12":"sold-individually","13":"purchasable","14":"product-type-booking"},"_links":{"self":[{"href":"https:\/\/holidayexcursion.com\/tr\/wp-json\/wp\/v2\/product\/5243","targetHints":{"allow":["GET"]}}],"collection":[{"href":"https:\/\/holidayexcursion.com\/tr\/wp-json\/wp\/v2\/product"}],"about":[{"href":"https:\/\/holidayexcursion.com\/tr\/wp-json\/wp\/v2\/types\/product"}],"replies":[{"embeddable":true,"href":"https:\/\/holidayexcursion.com\/tr\/wp-json\/wp\/v2\/comments?post=5243"}],"wp:featuredmedia":[{"embeddable":true,"href":"https:\/\/holidayexcursion.com\/tr\/wp-json\/wp\/v2\/media\/27947"}],"wp:attachment":[{"href":"https:\/\/holidayexcursion.com\/tr\/wp-json\/wp\/v2\/media?parent=5243"}],"wp:term":[{"taxonomy":"product_brand","embeddable":true,"href":"https:\/\/holidayexcursion.com\/tr\/wp-json\/wp\/v2\/product_brand?post=5243"},{"taxonomy":"product_cat","embeddable":true,"href":"https:\/\/holidayexcursion.com\/tr\/wp-json\/wp\/v2\/product_cat?post=5243"},{"taxonomy":"product_tag","embeddable":true,"href":"https:\/\/holidayexcursion.com\/tr\/wp-json\/wp\/v2\/product_tag?post=5243"}],"curies":[{"name":"wp","href":"https:\/\/api.w.org\/{rel}","templated":true}]}}