{"id":5248,"date":"2021-10-06T15:24:44","date_gmt":"2021-12-06T22:07:34","guid":{"rendered":"http:\/\/holidayexcursion.com\/excursions-in-alanya\/kategorilenmemis\/alanyada-dalis\/"},"modified":"2023-12-04T20:33:21","modified_gmt":"2023-12-04T17:33:21","slug":"dalis-turu","status":"publish","type":"product","link":"https:\/\/holidayexcursion.com\/tr\/tours-in-alanya\/turlar\/dalis-turu\/","title":{"rendered":"Dal\u0131\u015f Turu"},"content":{"rendered":"<h2 style=\"font-weight: 400; text-align: center;\"><strong>DALI\u015e TURU<\/strong><\/h2>\n<p style=\"text-align: center;\"><strong>Derinlere dalarak Alanya Dal\u0131\u015f Turunu Ke\u015ffetmek<\/strong><\/p>\n<p style=\"text-align: center;\">Heyecan verici bir dal\u0131\u015f turuna \u00e7\u0131karak kendinizi Alanya&#8217;n\u0131n b\u00fcy\u00fcleyici su alt\u0131 d\u00fcnyas\u0131na b\u0131rak\u0131n. T\u00fcrkiye&#8217;nin muhte\u015fem Akdeniz k\u0131y\u0131s\u0131nda yer alan Alanya, canl\u0131 deniz ya\u015fam\u0131, ilgi \u00e7ekici gemi enkazlar\u0131 ve nefes kesen su alt\u0131 manzaralar\u0131yla dolu bir dizi dal\u0131\u015f alan\u0131 sunan dal\u0131\u015f merakl\u0131lar\u0131 i\u00e7in bir cennettir. Bu Holiday Excursion turunda, sizi unutulmaz bir Alanya dal\u0131\u015f turuyla \u00f6nemli noktalara ve deneyimlere g\u00f6t\u00fcrece\u011fiz.<\/p>\n<p style=\"text-align: center;\"><img loading=\"lazy\" decoding=\"async\" class=\"alignnone size-medium wp-image-28166\" src=\"https:\/\/holidayexcursion.com\/wp-content\/uploads\/2021\/10\/alanya-diving-tour-300x223.jpg\" alt=\"\" width=\"300\" height=\"223\" title=\"\" srcset=\"https:\/\/holidayexcursion.com\/wp-content\/uploads\/2021\/10\/alanya-diving-tour-300x223.jpg 300w, https:\/\/holidayexcursion.com\/wp-content\/uploads\/2021\/10\/alanya-diving-tour-600x447.jpg 600w, https:\/\/holidayexcursion.com\/wp-content\/uploads\/2021\/10\/alanya-diving-tour.jpg 720w\" sizes=\"auto, (max-width: 300px) 100vw, 300px\" \/><\/p>\n<p style=\"text-align: center;\">1. Zengin Deniz Ya\u015fam\u0131n\u0131 Ke\u015ffedin:<\/p>\n<p style=\"text-align: center;\">Alanya&#8217;n\u0131n berrak sular\u0131 \u00e7ok \u00e7e\u015fitli deniz t\u00fcrlerine ev sahipli\u011fi yapmaktad\u0131r. Barakudalar, orfozlar, ahtapotlar ve hatta deniz kaplumba\u011falar\u0131 gibi b\u00fcy\u00fcleyici canl\u0131lardan, Alanya&#8217;n\u0131n sualt\u0131 d\u00fcnyas\u0131 g\u00f6r\u00fclmeye de\u011ferdir. \u0130ster yeni ba\u015flayan ister deneyimli bir dalg\u0131\u00e7 olun, Alanya dal\u0131\u015f turu sizi deniz ya\u015fam\u0131n\u0131n kaleydoskopuyla tan\u0131\u015ft\u0131racak ve y\u00fczeyin alt\u0131nda geli\u015fen g\u00fczelli\u011fe ve biyolojik \u00e7e\u015fitlili\u011fe ilk elden tan\u0131kl\u0131k etme f\u0131rsat\u0131 sunacakt\u0131r.<\/p>\n<p style=\"text-align: center;\"><img loading=\"lazy\" decoding=\"async\" class=\"alignnone size-medium wp-image-28172\" src=\"https:\/\/holidayexcursion.com\/wp-content\/uploads\/2021\/10\/diving-alanya-1-300x225.jpg\" alt=\"\" width=\"300\" height=\"225\" title=\"\" srcset=\"https:\/\/holidayexcursion.com\/wp-content\/uploads\/2021\/10\/diving-alanya-1-300x225.jpg 300w, https:\/\/holidayexcursion.com\/wp-content\/uploads\/2021\/10\/diving-alanya-1-600x450.jpg 600w, https:\/\/holidayexcursion.com\/wp-content\/uploads\/2021\/10\/diving-alanya-1.jpg 750w\" sizes=\"auto, (max-width: 300px) 100vw, 300px\" \/><\/p>\n<p style=\"text-align: center;\">2. B\u00fcy\u00fcleyici Dal\u0131\u015f Alanlar\u0131n\u0131 Ke\u015ffedin:<\/p>\n<p style=\"text-align: center;\"><a href=\"https:\/\/en.wikipedia.org\/wiki\/Alanya\" rel=\"nofollow noopener\" target=\"_blank\">Alanya<\/a> her seviyedeki dalg\u0131\u00e7lara hitap eden \u00e7ok say\u0131da dal\u0131\u015f alan\u0131na sahiptir. Pop\u00fcler yerlerden biri, heyecan verici bir su alt\u0131 maceras\u0131na at\u0131labilece\u011finiz Korsanlar Ma\u011faras\u0131d\u0131r. Ma\u011faran\u0131n turkuaz sular\u0131na dal\u0131n ve \u00e7arp\u0131c\u0131 kaya olu\u015fumlar\u0131na, y\u00fczme yollar\u0131na ve rengarenk s\u00fcngerler ve deniz yelpazeleriyle s\u00fcslenmi\u015f ma\u011faralara hayran kal\u0131n. Adrenalin tutkunlar\u0131, su alt\u0131 kanyonlar\u0131 ve heyecan verici duvar dal\u0131\u015flar\u0131yla \u00fcnl\u00fc dal\u0131\u015f noktas\u0131 Tophane Resifi&#8217;nin derinliklerini ke\u015ffedebilir.<\/p>\n<p style=\"text-align: center;\"><img loading=\"lazy\" decoding=\"async\" class=\"alignnone size-medium wp-image-28178\" src=\"https:\/\/holidayexcursion.com\/wp-content\/uploads\/2021\/10\/diving-alanya-holiday-excursion-300x225.jpg\" alt=\"\" width=\"300\" height=\"225\" title=\"\" srcset=\"https:\/\/holidayexcursion.com\/wp-content\/uploads\/2021\/10\/diving-alanya-holiday-excursion-300x225.jpg 300w, https:\/\/holidayexcursion.com\/wp-content\/uploads\/2021\/10\/diving-alanya-holiday-excursion-768x576.jpg 768w, https:\/\/holidayexcursion.com\/wp-content\/uploads\/2021\/10\/diving-alanya-holiday-excursion-600x450.jpg 600w, https:\/\/holidayexcursion.com\/wp-content\/uploads\/2021\/10\/diving-alanya-holiday-excursion.jpg 1000w\" sizes=\"auto, (max-width: 300px) 100vw, 300px\" \/><\/p>\n<p style=\"text-align: center;\">3. Tarihe Dal\u0131n: Gemi Enkazlar\u0131 ve Harabeler:<\/p>\n<p style=\"text-align: center;\">Alanya dal\u0131\u015f turu ayn\u0131 zamanda bat\u0131k tarihi mekanlar\u0131 ke\u015ffetmek i\u00e7in de e\u015fsiz bir f\u0131rsat sunuyor. Bat\u0131k gemilerin yan\u0131na dal\u0131n ve canl\u0131 yapay resiflere d\u00f6n\u00fc\u015fmelerine tan\u0131k olun. En dikkate de\u011fer gemi enkaz\u0131, farkl\u0131 beceri seviyelerindeki dalg\u0131\u00e7lar i\u00e7in ideal derinliklerde bulunan Rus sava\u015f u\u00e7a\u011f\u0131d\u0131r. Mercanlarla kapl\u0131 ve deniz ya\u015fam\u0131yla \u00e7evrili bu bat\u0131klar, unutulmaz bir dal\u0131\u015f deneyimi sunarken denizcilik tarihine b\u00fcy\u00fcleyici bir bak\u0131\u015f sunuyor.<\/p>\n<p style=\"text-align: center;\">4. Uzman Rehberlerle G\u00fcvenle Dal\u0131n:<\/p>\n<p style=\"text-align: center;\">Herhangi bir dal\u0131\u015f gezisinde g\u00fcvenlik her \u015feyden \u00f6nemlidir ve Alanya dal\u0131\u015f turu en y\u00fcksek standartlar\u0131 sa\u011flar. Deneyimli ve profesyonel e\u011fitimli rehberler, yolculuk boyunca size e\u015flik edecek, kapsaml\u0131 brifingler, ekipman kontrolleri ve su alt\u0131nda rehberlik sa\u011flayacakt\u0131r. Uzmanl\u0131klar\u0131 yaln\u0131zca g\u00fcvenli\u011finizi sa\u011flamakla kalm\u0131yor, ayn\u0131 zamanda yerel deniz ya\u015fam\u0131 ve su alt\u0131 arazisi hakk\u0131ndaki bilgilerini payla\u015farak genel dal\u0131\u015f deneyiminizi de geli\u015ftiriyor.<\/p>\n<p style=\"text-align: center;\"><img loading=\"lazy\" decoding=\"async\" class=\"alignnone size-medium wp-image-28184\" src=\"https:\/\/holidayexcursion.com\/wp-content\/uploads\/2021\/10\/holiday-excursion-alanya-300x200.jpg\" alt=\"\" width=\"300\" height=\"200\" title=\"\" srcset=\"https:\/\/holidayexcursion.com\/wp-content\/uploads\/2021\/10\/holiday-excursion-alanya-300x200.jpg 300w, https:\/\/holidayexcursion.com\/wp-content\/uploads\/2021\/10\/holiday-excursion-alanya-768x512.jpg 768w, https:\/\/holidayexcursion.com\/wp-content\/uploads\/2021\/10\/holiday-excursion-alanya-600x400.jpg 600w, https:\/\/holidayexcursion.com\/wp-content\/uploads\/2021\/10\/holiday-excursion-alanya.jpg 1000w\" sizes=\"auto, (max-width: 300px) 100vw, 300px\" \/><\/p>\n<p style=\"text-align: center;\">5. Manzaral\u0131 Tekne Gezileri ve Teknede Konfor:<\/p>\n<p style=\"text-align: center;\">Alanya dal\u0131\u015f turu, canland\u0131r\u0131c\u0131 dal\u0131\u015flar\u0131n yan\u0131 s\u0131ra sahil \u015feridi boyunca manzaral\u0131 tekne gezilerini de i\u00e7ermektedir. Dal\u0131\u015f alanlar\u0131 aras\u0131nda seyahat ederken rahatlay\u0131n ve Alanya&#8217;n\u0131n b\u00fcy\u00fcleyici plajlar\u0131n\u0131n, kayal\u0131klar\u0131n\u0131n ve kalesinin panoramik manzaras\u0131n\u0131n tad\u0131n\u0131 \u00e7\u0131kar\u0131n. Konforlu ve iyi donan\u0131ml\u0131 tekneler dinlenmek, sosyalle\u015fmek ve lezzetli at\u0131\u015ft\u0131rmal\u0131klar\u0131n ve i\u00e7eceklerin tad\u0131n\u0131 \u00e7\u0131karmak i\u00e7in geni\u015f alan sunarak, gev\u015femenize ve \u00e7evrenizin g\u00fczelli\u011fini tam olarak takdir etmenize olanak tan\u0131r.<\/p>\n<p style=\"text-align: center;\">Alanya dal\u0131\u015f turu, su alt\u0131 ke\u015fiflerini, canl\u0131 deniz ya\u015fam\u0131n\u0131 ve <a href=\"https:\/\/holidayexcursion.com\/tours-in-alanya\/tours\/side-aspendos-manavgat\/\">tarihi<\/a> entrikay\u0131 birle\u015ftiren unutulmaz bir macera vaat ediyor. Akdeniz&#8217;in derinliklerine dal\u0131n, y\u00fczeyin alt\u0131ndaki gizli hazineleri ke\u015ffedin, egzotik deniz t\u00fcrleriyle tan\u0131\u015f\u0131n ve ge\u00e7mi\u015fin kal\u0131nt\u0131lar\u0131na tan\u0131k olun. G\u00fcvenli\u011finizi ve konforunuzu sa\u011flayan deneyimli rehberler e\u015fli\u011finde Alanya dal\u0131\u015f turunuz, size \u00f6m\u00fcr boyu unutamayaca\u011f\u0131n\u0131z an\u0131lar b\u0131rakacak b\u00fcy\u00fcleyici ve zenginle\u015ftirici bir deneyim olacakt\u0131r.<\/p>\n<div style=\"text-align: center;\"><strong>ALANYA T\u00dcPL\u00dc DALI\u015e TURU PROGRAMI:<\/strong><\/div>\n<div style=\"text-align: center;\">\n<div>* Alanya&#8217;daki otel ve dairelerden ara\u00e7la alma, limana var\u0131\u015f<\/div>\n<div>* Dal\u0131\u015f teknesine binip yelken a\u00e7maya ba\u015flama<\/div>\n<div>* Dal\u0131\u015f e\u011fitmenleri taraf\u0131ndan dal\u0131\u015f, tekne rutini ve g\u00fcvenlik prosed\u00fcrleri hakk\u0131nda bilgilendirme<\/div>\n<div>* Dal\u0131\u015f e\u011fitmeni k\u00fc\u00e7\u00fck gruplar halinde ilk dal\u0131\u015f\u0131 yapar<\/div>\n<div>* Teknede \u00f6\u011fle yeme\u011fi, dinlenme, g\u00fcne\u015flenme ve \u015fnorkel.<\/div>\n<div>* \u00d6\u011fleden sonra ba\u015fka bir yerde dal\u0131\u015fa ge\u00e7ilir ve ikinci dal\u0131\u015flar ba\u015flar.<\/div>\n<div>* Tekne limana geri d\u00f6ner, Alanya&#8217;daki otel ve dairelerinize b\u0131rak\u0131l\u0131r.<\/div>\n<div><\/div>\n<\/div>\n<div style=\"text-align: center;\"><strong>F\u0130YATA DAH\u0130L OLANLAR :<\/strong><\/div>\n<div style=\"text-align: center;\">*Alanya&#8217;daki otel ve apartlardan alma\/b\u0131rakma, \u0130ki kez dal\u0131\u015f,<\/div>\n<div style=\"text-align: center;\">* \u00d6\u011fle yeme\u011fi (Izgara tavuk, salata, pilav) ,Profesyonel rehber, e\u011fitmenler<\/div>\n<div style=\"text-align: center;\">*T\u00fcm dal\u0131\u015f ekipmanlar\u0131<\/div>\n<div style=\"text-align: center;\"><\/div>\n<div style=\"text-align: center;\"><strong>Fiyata Dahil olmayanlar<\/strong><\/div>\n<div style=\"text-align: center;\">* \u0130\u00e7ecekler, Foto\u011fraflar ve videolar (DVD veya USB&#8217;de)<\/div>\n<div style=\"text-align: center;\"><\/div>\n<div style=\"text-align: center;\"><strong>Extra bilgi ve tavsiyeler<\/strong><\/div>\n<div style=\"text-align: center;\">* Dal\u0131\u015f yat\u0131nda soyunma kabinleri, tuvaletler, WC ve du\u015flar mevcuttur.<\/div>\n<div style=\"text-align: center;\">* Mayo, havlu, g\u00fcne\u015f kremi al\u0131n<\/div>\n<div style=\"text-align: center;\">\n<div>* Hi\u00e7 dal\u0131\u015f yapmam\u0131\u015f olanlar da rahatl\u0131kla Alanya dal\u0131\u015f turuna kat\u0131labilirler. Kat\u0131l\u0131mc\u0131lar\u0131m\u0131z\u0131n \u00e7o\u011funlu\u011fu ilk kez dal\u0131\u015f yapan ki\u015filerdir.<\/div>\n<div>* Dal\u0131\u015f yapmak istemeyip ailesi veya arkada\u015flar\u0131yla gelmek isteyenler sadece tekne turu \u00fccretini \u00f6deyerek tura kat\u0131labilirler.<\/div>\n<div>* Alanya dal\u0131\u015f turuna y\u00fczme bilmeyenler de kat\u0131labilir.<\/div>\n<div>* Hamileler Alanya dal\u0131\u015f turuna kat\u0131lamamaktad\u0131r.<\/div>\n<div>*Uluslararas\u0131 ge\u00e7erlili\u011fi olan PADI, CMAS, TSSF kurs programlar\u0131 sunmaktay\u0131z ve talep halinde misafirlerimize sertifika vermekteyiz.<\/div>\n<div>* 10 ya\u015f\u0131n\u0131 doldurmu\u015f \u00e7ocuklar\u0131n dal\u0131\u015f yapmas\u0131na izin verilmektedir.<\/div>\n<\/div>\n<p style=\"font-weight: 400; text-align: center;\">Fiyata transfer, sigorta, ekipman, \u00f6\u011fle yeme\u011fi ve tur servis rehberi dahildir.<\/p>\n<p style=\"text-align: center;\">Alanya&#8217;daki tatiliniz boyunca size unutulmaz an\u0131lar diliyoruz.<\/p>\n<p style=\"text-align: center;\">Not: Daha fazla bilgi i\u00e7in Whats App&#8217;tan arayarak veya mesaj atarak da ileti\u015fime ge\u00e7ebilirsiniz.<\/p>\n<p style=\"text-align: center;\">Holiday Excursion Ekibi,<\/p>\n<p><iframe loading=\"lazy\" title=\"Alanya da Bat\u0131k Sahil G\u00fcvenlik Botuna Dal\u0131\u015f Yapt\u0131k | Scuba Diving\" width=\"1020\" height=\"574\" src=\"https:\/\/www.youtube.com\/embed\/JeTr8K51rpE?feature=oembed\" frameborder=\"0\" allow=\"accelerometer; autoplay; clipboard-write; encrypted-media; gyroscope; picture-in-picture; web-share\" allowfullscreen><\/iframe><\/p>\n<p><iframe loading=\"lazy\" title=\"Alanya T\u00fcpl\u00fc Dal\u0131\u015f | Korsan Ma\u011faras\u0131 Dal\u0131\u015f B\u00f6lgesi | Scuba Diving\" width=\"1020\" height=\"574\" src=\"https:\/\/www.youtube.com\/embed\/xfHe6s1VHaw?feature=oembed\" frameborder=\"0\" allow=\"accelerometer; autoplay; clipboard-write; encrypted-media; gyroscope; picture-in-picture; web-share\" allowfullscreen><\/iframe><\/p>\n","protected":false},"excerpt":{"rendered":"<p>DALI\u015e TURU Derinlere dalarak Alanya Dal\u0131\u015f Turunu Ke\u015ffetmek Heyecan verici bir dal\u0131\u015f turuna \u00e7\u0131karak kendinizi Alanya&#8217;n\u0131n b\u00fcy\u00fcleyici su alt\u0131 d\u00fcnyas\u0131na b\u0131rak\u0131n. T\u00fcrkiye&#8217;nin muhte\u015fem Akdeniz k\u0131y\u0131s\u0131nda yer alan Alanya, canl\u0131 deniz ya\u015fam\u0131, ilgi \u00e7ekici gemi enkazlar\u0131 ve nefes kesen su alt\u0131 manzaralar\u0131yla dolu bir dizi dal\u0131\u015f alan\u0131 sunan dal\u0131\u015f merakl\u0131lar\u0131 i\u00e7in bir cennettir. Bu Holiday Excursion<\/p>\n","protected":false},"featured_media":4317,"comment_status":"open","ping_status":"closed","template":"","meta":[],"product_brand":[],"product_cat":[108],"product_tag":[],"class_list":{"0":"post-5248","1":"product","2":"type-product","3":"status-publish","4":"has-post-thumbnail","6":"product_cat-turlar","8":"first","9":"instock","10":"virtual","11":"sold-individually","12":"purchasable","13":"product-type-booking"},"_links":{"self":[{"href":"https:\/\/holidayexcursion.com\/tr\/wp-json\/wp\/v2\/product\/5248","targetHints":{"allow":["GET"]}}],"collection":[{"href":"https:\/\/holidayexcursion.com\/tr\/wp-json\/wp\/v2\/product"}],"about":[{"href":"https:\/\/holidayexcursion.com\/tr\/wp-json\/wp\/v2\/types\/product"}],"replies":[{"embeddable":true,"href":"https:\/\/holidayexcursion.com\/tr\/wp-json\/wp\/v2\/comments?post=5248"}],"wp:featuredmedia":[{"embeddable":true,"href":"https:\/\/holidayexcursion.com\/tr\/wp-json\/wp\/v2\/media\/4317"}],"wp:attachment":[{"href":"https:\/\/holidayexcursion.com\/tr\/wp-json\/wp\/v2\/media?parent=5248"}],"wp:term":[{"taxonomy":"product_brand","embeddable":true,"href":"https:\/\/holidayexcursion.com\/tr\/wp-json\/wp\/v2\/product_brand?post=5248"},{"taxonomy":"product_cat","embeddable":true,"href":"https:\/\/holidayexcursion.com\/tr\/wp-json\/wp\/v2\/product_cat?post=5248"},{"taxonomy":"product_tag","embeddable":true,"href":"https:\/\/holidayexcursion.com\/tr\/wp-json\/wp\/v2\/product_tag?post=5248"}],"curies":[{"name":"wp","href":"https:\/\/api.w.org\/{rel}","templated":true}]}}