{"id":5266,"date":"2021-10-06T15:34:51","date_gmt":"2021-12-06T22:07:36","guid":{"rendered":"http:\/\/holidayexcursion.com\/excursions-in-alanya\/kategorilenmemis\/side-aspendos-manavgat-turu\/"},"modified":"2023-12-04T20:12:47","modified_gmt":"2023-12-04T17:12:47","slug":"side-aspendos-manavgat","status":"publish","type":"product","link":"https:\/\/holidayexcursion.com\/tr\/tours-in-alanya\/turlar\/side-aspendos-manavgat\/","title":{"rendered":"Side Aspendos Manavgat"},"content":{"rendered":"<h1 style=\"text-align: center;\"><\/h1>\n<h1 style=\"text-align: center;\"><strong>SIDE ASPENDOS MANAVGAT<\/strong><\/h1>\n<p style=\"text-align: center;\"><strong>Kadim Harikalar\u0131 Ke\u015ffetmek: Side Aspendos Manavgat <\/strong><\/p>\n<p style=\"text-align: center;\"><a href=\"https:\/\/en.wikipedia.org\/wiki\/Side,_Turkey\" rel=\"nofollow noopener\" target=\"_blank\">Side<\/a> <a href=\"https:\/\/en.wikipedia.org\/wiki\/Aspendos\" rel=\"nofollow noopener\" target=\"_blank\">Aspendos<\/a> Manavgat turuna kat\u0131larak tarih ve do\u011fan\u0131n i\u00e7inde b\u00fcy\u00fcleyici bir yolculu\u011fa \u00e7\u0131k\u0131n. Bu gezi, antik uygarl\u0131klar\u0131n hazinelerini ke\u015ffetmek, nefes kesen manzaralara tan\u0131k olmak ve T\u00fcrkiye&#8217;nin Antalya b\u00f6lgesinin b\u00fcy\u00fcleyici hikayelerine kendinizi kapt\u0131rmak i\u00e7in e\u015fsiz bir f\u0131rsat sunuyor. Bu Holiday Excursion Turunda, K\u00fclt\u00fcr,tarihi ve do\u011fal g\u00fczellikler \u00f6nemli noktalar ve deneyimler konusunda size rehberlik edece\u011fiz.<\/p>\n<p style=\"text-align: center;\">1. S\u0130DE : Ya\u015fayan Antik \u00c7a\u011f M\u00fczesi:<\/p>\n<p style=\"text-align: center;\">Akdeniz ile Side Nehri aras\u0131nda pitoresk bir yar\u0131mada \u00fczerinde yer alan antik Side kentini ke\u015ffederken zamanda geriye ad\u0131m at\u0131n. Apollon Tap\u0131na\u011f\u0131&#8217;n\u0131n iyi korunmu\u015f kal\u0131nt\u0131lar\u0131, b\u00fcy\u00fck bir Roma tiyatrosu ve Agora kal\u0131nt\u0131lar\u0131 sayesinde, bir zamanlar\u0131n hareketli liman \u015fehrinin canl\u0131 tarihi ve k\u00fclt\u00fcr\u00fc hakk\u0131nda fikir edineceksiniz. Roma surlar\u0131yla \u00e7evrili b\u00fcy\u00fcleyici sokaklarda dola\u015f\u0131n, her f\u0131rsatta gizli m\u00fccevherleri ortaya \u00e7\u0131kar\u0131n ve antik kal\u0131nt\u0131lar\u0131n modern ya\u015famla kayna\u015fmas\u0131na tan\u0131k olun.<\/p>\n<h1 style=\"text-align: center;\"><img loading=\"lazy\" decoding=\"async\" class=\"alignnone size-medium wp-image-28160\" src=\"https:\/\/holidayexcursion.com\/wp-content\/uploads\/2021\/10\/side-antik-tiyatro-holiday-300x216.jpg\" alt=\"\" width=\"300\" height=\"216\" title=\"\" srcset=\"https:\/\/holidayexcursion.com\/wp-content\/uploads\/2021\/10\/side-antik-tiyatro-holiday-300x216.jpg 300w, https:\/\/holidayexcursion.com\/wp-content\/uploads\/2021\/10\/side-antik-tiyatro-holiday-768x553.jpg 768w, https:\/\/holidayexcursion.com\/wp-content\/uploads\/2021\/10\/side-antik-tiyatro-holiday-600x432.jpg 600w, https:\/\/holidayexcursion.com\/wp-content\/uploads\/2021\/10\/side-antik-tiyatro-holiday.jpg 900w\" sizes=\"auto, (max-width: 300px) 100vw, 300px\" \/><\/h1>\n<p style=\"text-align: center;\">2. Aspendos: Bir Mimarl\u0131k Harikas\u0131:<\/p>\n<p style=\"text-align: center;\">Side Aspendos Manavgat turu D\u00fcnyan\u0131n en iyi korunmu\u015f antik tiyatrolar\u0131ndan birine ev sahipli\u011fi yapan Aspendos&#8217;un ihti\u015fam\u0131na hayran kalmaya haz\u0131rlan\u0131n. MS 2. y\u00fczy\u0131lda in\u015fa edilen bu muhte\u015fem amfitiyatro, d\u00f6neminin mimari dehas\u0131n\u0131 g\u00f6zler \u00f6n\u00fcne seriyor. En y\u00fcksek koltuklarda f\u0131s\u0131lt\u0131lar\u0131n bile duyulmas\u0131na olanak tan\u0131yan ola\u011fan\u00fcst\u00fc akusti\u011fe hayret edin ve bir zamanlar bu sahneyi s\u00fcsleyen b\u00fcy\u00fcleyici performanslar\u0131 g\u00f6z\u00fcn\u00fczde canland\u0131r\u0131n. Bu mimari \u015faheserin duvarlar\u0131 aras\u0131nda dururken ge\u00e7mi\u015fle inan\u0131lmaz bir ba\u011f hissedeceksiniz.<\/p>\n<h1 style=\"text-align: center;\"><img loading=\"lazy\" decoding=\"async\" class=\"alignnone size-medium wp-image-28130\" src=\"https:\/\/holidayexcursion.com\/wp-content\/uploads\/2021\/10\/Aspendos-Antik-Kenti3-300x200.jpg\" alt=\"\" width=\"300\" height=\"200\" title=\"\" srcset=\"https:\/\/holidayexcursion.com\/wp-content\/uploads\/2021\/10\/Aspendos-Antik-Kenti3-300x200.jpg 300w, https:\/\/holidayexcursion.com\/wp-content\/uploads\/2021\/10\/Aspendos-Antik-Kenti3-1024x683.jpg 1024w, https:\/\/holidayexcursion.com\/wp-content\/uploads\/2021\/10\/Aspendos-Antik-Kenti3-768x512.jpg 768w, https:\/\/holidayexcursion.com\/wp-content\/uploads\/2021\/10\/Aspendos-Antik-Kenti3-1536x1024.jpg 1536w, https:\/\/holidayexcursion.com\/wp-content\/uploads\/2021\/10\/Aspendos-Antik-Kenti3-2048x1366.jpg 2048w, https:\/\/holidayexcursion.com\/wp-content\/uploads\/2021\/10\/Aspendos-Antik-Kenti3-600x400.jpg 600w\" sizes=\"auto, (max-width: 300px) 100vw, 300px\" \/><\/h1>\n<p style=\"text-align: center;\">3. Manavgat \u015eelalesi: Do\u011fan\u0131n Huzuru:<\/p>\n<p style=\"text-align: center;\">Manavgat <a href=\"https:\/\/holidayexcursion.com\/tours-in-alanya\/tours\/sapadere-canyon\/\">\u015eelale<\/a>si&#8217;nde tarihi g\u00fczelliklerin ortas\u0131nda do\u011fan\u0131n huzuruna ka\u00e7abilirsiniz. Side&#8217;ye sadece birka\u00e7 kilometre uzakl\u0131kta, yemye\u015fil ye\u015filliklerle \u00e7evrili bu nefes kesen \u00e7a\u011flayan, Manavgat Nehri&#8217;ne d\u00f6k\u00fclerek pitoresk bir manzara yarat\u0131yor. Nehir k\u0131y\u0131s\u0131nda huzurlu bir y\u00fcr\u00fcy\u00fc\u015fe \u00e7\u0131k\u0131n, su a\u015fa\u011f\u0131daki havuza \u00e7arparken sisi hissedin ve bu do\u011fa harikas\u0131n\u0131n huzurunu ve g\u00fczelli\u011fini temsil eden unutulmaz foto\u011fraflar \u00e7ekin.<\/p>\n<h1 style=\"text-align: center;\"><img loading=\"lazy\" decoding=\"async\" class=\"alignnone size-medium wp-image-28148\" src=\"https:\/\/holidayexcursion.com\/wp-content\/uploads\/2021\/10\/manavgat_selalesi_doga-300x216.jpg\" alt=\"\" width=\"300\" height=\"216\" title=\"\" srcset=\"https:\/\/holidayexcursion.com\/wp-content\/uploads\/2021\/10\/manavgat_selalesi_doga-300x216.jpg 300w, https:\/\/holidayexcursion.com\/wp-content\/uploads\/2021\/10\/manavgat_selalesi_doga-768x553.jpg 768w, https:\/\/holidayexcursion.com\/wp-content\/uploads\/2021\/10\/manavgat_selalesi_doga-600x432.jpg 600w, https:\/\/holidayexcursion.com\/wp-content\/uploads\/2021\/10\/manavgat_selalesi_doga.jpg 900w\" sizes=\"auto, (max-width: 300px) 100vw, 300px\" \/><\/h1>\n<p style=\"text-align: center;\">4. K\u00fclt\u00fcrel Deneyimler ve Zevkler:<\/p>\n<p style=\"text-align: center;\">Side Aspendos Manavgat gezisi tarihi ve do\u011fa harikalar\u0131na ve yerel k\u00fclt\u00fcre kapt\u0131rman\u0131z i\u00e7in bolca f\u0131rsat sa\u011flar. Yerel restoranlarda otantik T\u00fcrk mutfa\u011f\u0131n\u0131n tad\u0131n\u0131 \u00e7\u0131kar\u0131n, b\u00f6lgesel lezzetlerin ve geleneksel tatlar\u0131n tad\u0131n\u0131 \u00e7\u0131kar\u0131n. Renkli kuma\u015flar, baharatlar ve el sanatlar\u0131 ile dolu, yerel sat\u0131c\u0131larla etkile\u015fime ge\u00e7ebilece\u011finiz ve size yolculu\u011funuzu hat\u0131rlatacak benzersiz hediyelik e\u015fyalar bulabilece\u011finiz canl\u0131 yerel pazarlar\u0131 ke\u015ffedin.<\/p>\n<h1 style=\"text-align: center;\"><img loading=\"lazy\" decoding=\"async\" class=\"alignnone size-medium wp-image-28136\" src=\"https:\/\/holidayexcursion.com\/wp-content\/uploads\/2021\/10\/manavgat-boat-holiday-excursion-300x200.jpg\" alt=\"\" width=\"300\" height=\"200\" title=\"\" srcset=\"https:\/\/holidayexcursion.com\/wp-content\/uploads\/2021\/10\/manavgat-boat-holiday-excursion-300x200.jpg 300w, https:\/\/holidayexcursion.com\/wp-content\/uploads\/2021\/10\/manavgat-boat-holiday-excursion-600x400.jpg 600w, https:\/\/holidayexcursion.com\/wp-content\/uploads\/2021\/10\/manavgat-boat-holiday-excursion.jpg 720w\" sizes=\"auto, (max-width: 300px) 100vw, 300px\" \/><\/h1>\n<p style=\"text-align: center;\">5. Profesyonel Rehberli Tur:<\/p>\n<p style=\"text-align: center;\">Sorunsuz ve zenginle\u015ftirici bir deneyim sa\u011flamak i\u00e7in Side Aspendos Manavgat turuna bilgili ve g\u00fcler y\u00fczl\u00fc rehberler e\u015flik etmektedir. Uzman rehberler size her sitenin tarihini, mitolojisini ve \u00f6nemini anlatacak ve kar\u015f\u0131la\u015ft\u0131\u011f\u0131n\u0131z harikalar\u0131 daha derinden takdir etmenizi sa\u011flayacak. Ayr\u0131ca T\u00fcrkiye&#8217;nin bu b\u00fcy\u00fcleyici b\u00f6lgesinde zaman\u0131n\u0131z\u0131 en iyi \u015fekilde de\u011ferlendirmenize olanak tan\u0131yan i\u00e7eriden ipu\u00e7lar\u0131 ve tavsiyeler de sa\u011flayacaklar.<\/p>\n<h1 style=\"text-align: center;\"><img loading=\"lazy\" decoding=\"async\" class=\"alignnone size-medium wp-image-28154\" src=\"https:\/\/holidayexcursion.com\/wp-content\/uploads\/2021\/10\/side-antik-kent-holiday-excursion-300x200.jpg\" alt=\"\" width=\"300\" height=\"200\" title=\"\" srcset=\"https:\/\/holidayexcursion.com\/wp-content\/uploads\/2021\/10\/side-antik-kent-holiday-excursion-300x200.jpg 300w, https:\/\/holidayexcursion.com\/wp-content\/uploads\/2021\/10\/side-antik-kent-holiday-excursion-1024x682.jpg 1024w, https:\/\/holidayexcursion.com\/wp-content\/uploads\/2021\/10\/side-antik-kent-holiday-excursion-768x511.jpg 768w, https:\/\/holidayexcursion.com\/wp-content\/uploads\/2021\/10\/side-antik-kent-holiday-excursion-1536x1022.jpg 1536w, https:\/\/holidayexcursion.com\/wp-content\/uploads\/2021\/10\/side-antik-kent-holiday-excursion-600x399.jpg 600w, https:\/\/holidayexcursion.com\/wp-content\/uploads\/2021\/10\/side-antik-kent-holiday-excursion.jpg 1600w\" sizes=\"auto, (max-width: 300px) 100vw, 300px\" \/><\/h1>\n<p style=\"text-align: center;\">Side Aspendos Manavgat turu, antik uygarl\u0131klar\u0131n cazibesini, \u00e7arp\u0131c\u0131 do\u011fal manzaralar\u0131 ve k\u00fclt\u00fcrel yo\u011funlu\u011fu unutulmaz tek bir deneyimde birle\u015ftiriyor. Side&#8217;nin etkileyici kal\u0131nt\u0131lar\u0131ndan Aspendos&#8217;un mimari harikas\u0131na ve Manavgat \u015eelalesi&#8217;nin huzuruna kadar bu tur, T\u00fcrkiye&#8217;nin tarihi ve do\u011fal hazinelerinin \u00e7ok y\u00f6nl\u00fc bir ke\u015ffini sunuyor. \u00d6yleyse, y\u00fcr\u00fcy\u00fc\u015f ayakkab\u0131lar\u0131n\u0131z\u0131 ba\u011flay\u0131n, merak duygunuzu getirin ve sizi zamanda geriye g\u00f6t\u00fcrecek ve \u00f6m\u00fcr boyu hazine olacak an\u0131larla b\u0131rakacak bir yolculu\u011fa haz\u0131rlan\u0131n.<\/p>\n<h1 style=\"text-align: center;\"><img loading=\"lazy\" decoding=\"async\" class=\"alignnone size-medium wp-image-28142\" src=\"https:\/\/holidayexcursion.com\/wp-content\/uploads\/2021\/10\/manavgat-river-boat-tour-300x169.jpg\" alt=\"\" width=\"300\" height=\"169\" title=\"\" srcset=\"https:\/\/holidayexcursion.com\/wp-content\/uploads\/2021\/10\/manavgat-river-boat-tour-300x169.jpg 300w, https:\/\/holidayexcursion.com\/wp-content\/uploads\/2021\/10\/manavgat-river-boat-tour-1024x576.jpg 1024w, https:\/\/holidayexcursion.com\/wp-content\/uploads\/2021\/10\/manavgat-river-boat-tour-768x432.jpg 768w, https:\/\/holidayexcursion.com\/wp-content\/uploads\/2021\/10\/manavgat-river-boat-tour-600x338.jpg 600w, https:\/\/holidayexcursion.com\/wp-content\/uploads\/2021\/10\/manavgat-river-boat-tour.jpg 1200w\" sizes=\"auto, (max-width: 300px) 100vw, 300px\" \/><\/h1>\n<div style=\"text-align: center;\"><strong>S\u0130DE ASPENDOS MANAVGAT \u015eELALES\u0130 TUR PROGRAMI<\/strong><\/div>\n<div style=\"text-align: center;\">* Alanya&#8217;daki otel ve dairelerden ara\u00e7la al\u0131n\u0131\u015f<\/div>\n<div style=\"text-align: center;\">* Side&#8217;yi ve antik kentini ziyaret , Aspendos amfi tiyatrosunu ziyaret<\/div>\n<div style=\"text-align: center;\">* \u00d6\u011fle yeme\u011fi zaman\u0131, Manavgat \u015felalesini ziyaret<\/div>\n<div style=\"text-align: center;\">*Alanya&#8217;daki otellerinize ve dairelerinize b\u0131rakma<\/div>\n<div style=\"text-align: center;\"><\/div>\n<div style=\"text-align: center;\"><strong>S\u0130DE ASPENDOS MANAVGAT TURU F\u0130YATA DAH\u0130L OLANLAR:<\/strong><\/div>\n<div style=\"text-align: center;\">* Alanya&#8217;daki otel ve apartmanlardan alma ve b\u0131rakma<\/div>\n<div style=\"text-align: center;\">* Tur rehberi \u00d6\u011fle yeme\u011fi (a\u00e7\u0131k b\u00fcfe)<\/div>\n<div style=\"text-align: center;\">*Giri\u015f \u00fccretleri (Aspendos Amfitiyatrosu:5\u20ac, Manavgat \u015eelalesi:2\u20ac)<\/div>\n<div style=\"text-align: center;\"><\/div>\n<div style=\"text-align: center;\"><strong>Fiyata Dahil olmayanlar<\/strong><\/div>\n<div style=\"text-align: center;\">* \u0130\u00e7ecekler, Ki\u015fisel harcamalar<\/div>\n<div style=\"text-align: center;\"><\/div>\n<div style=\"text-align: center;\"><strong>S\u0130DE ASPENDOS MANAVGAT TURU \u0130\u00c7\u0130N EK B\u0130LG\u0130 &amp; \u0130PU\u00c7LARI:<\/strong><\/div>\n<div style=\"text-align: center;\">* Tarihi mekanlarda foto\u011fraf \u00e7ekilmesine izin verilmektedir. Kameran\u0131z\u0131 ve cep telefonunuzu yan\u0131n\u0131za alabilirsiniz<\/div>\n<div style=\"text-align: center;\">* Y\u00fcr\u00fcy\u00fc\u015f alanlar\u0131 i\u00e7in rahat ayakkab\u0131lar giyin.<\/div>\n<div style=\"text-align: center;\">* Sizi Manavgat \u015felalesine g\u00f6t\u00fcr\u00fcyoruz.<\/div>\n<p style=\"text-align: center;\">T\u00fcrkiye&#8217;deki tatiliniz boyunca size unutulmaz an\u0131lar dileriz.<\/p>\n<p style=\"text-align: center;\">Not: Daha fazla bilgi i\u00e7in Whats App&#8217;tan arayarak veya mesaj atarak da ileti\u015fime ge\u00e7ebilirsiniz.<\/p>\n<p style=\"text-align: center;\">Holiday Excursion Ekibi,<\/p>\n<p><iframe loading=\"lazy\" title=\"Side, Antalya, Turkey - April 2010\" width=\"1020\" height=\"574\" src=\"https:\/\/www.youtube.com\/embed\/CFtRytRFXLU?feature=oembed\" frameborder=\"0\" allow=\"accelerometer; autoplay; clipboard-write; encrypted-media; gyroscope; picture-in-picture\" allowfullscreen><\/iframe><\/p>\n<p><iframe loading=\"lazy\" title=\"15 Temmuz 2012 Manavgat \u015felalesi gezisi.MP4\" width=\"1020\" height=\"574\" src=\"https:\/\/www.youtube.com\/embed\/OcYEE2v-wQY?feature=oembed\" frameborder=\"0\" allow=\"accelerometer; autoplay; clipboard-write; encrypted-media; gyroscope; picture-in-picture\" allowfullscreen><\/iframe><\/p>\n<p><iframe loading=\"lazy\" title=\"Aspendos Tiyatrosu - Antalya\" width=\"1020\" height=\"574\" src=\"https:\/\/www.youtube.com\/embed\/ON5g6ZlBUvk?feature=oembed\" frameborder=\"0\" allow=\"accelerometer; autoplay; clipboard-write; encrypted-media; gyroscope; picture-in-picture\" allowfullscreen><\/iframe><\/p>\n<p><iframe loading=\"lazy\" title=\"Side-Manavgat-Antalya\" width=\"1020\" height=\"765\" src=\"https:\/\/www.youtube.com\/embed\/ukvzFjpdKZw?feature=oembed\" frameborder=\"0\" allow=\"accelerometer; autoplay; clipboard-write; encrypted-media; gyroscope; picture-in-picture\" allowfullscreen><\/iframe><\/p>\n","protected":false},"excerpt":{"rendered":"<p>SIDE ASPENDOS MANAVGAT Kadim Harikalar\u0131 Ke\u015ffetmek: Side Aspendos Manavgat Side Aspendos Manavgat turuna kat\u0131larak tarih ve do\u011fan\u0131n i\u00e7inde b\u00fcy\u00fcleyici bir yolculu\u011fa \u00e7\u0131k\u0131n. Bu gezi, antik uygarl\u0131klar\u0131n hazinelerini ke\u015ffetmek, nefes kesen manzaralara tan\u0131k olmak ve T\u00fcrkiye&#8217;nin Antalya b\u00f6lgesinin b\u00fcy\u00fcleyici hikayelerine kendinizi kapt\u0131rmak i\u00e7in e\u015fsiz bir f\u0131rsat sunuyor. Bu Holiday Excursion Turunda, K\u00fclt\u00fcr,tarihi ve do\u011fal g\u00fczellikler \u00f6nemli<\/p>\n","protected":false},"featured_media":4710,"comment_status":"open","ping_status":"closed","template":"","meta":[],"product_brand":[],"product_cat":[108],"product_tag":[],"class_list":{"0":"post-5266","1":"product","2":"type-product","3":"status-publish","4":"has-post-thumbnail","6":"product_cat-turlar","8":"first","9":"instock","10":"featured","11":"virtual","12":"sold-individually","13":"purchasable","14":"product-type-booking"},"_links":{"self":[{"href":"https:\/\/holidayexcursion.com\/tr\/wp-json\/wp\/v2\/product\/5266","targetHints":{"allow":["GET"]}}],"collection":[{"href":"https:\/\/holidayexcursion.com\/tr\/wp-json\/wp\/v2\/product"}],"about":[{"href":"https:\/\/holidayexcursion.com\/tr\/wp-json\/wp\/v2\/types\/product"}],"replies":[{"embeddable":true,"href":"https:\/\/holidayexcursion.com\/tr\/wp-json\/wp\/v2\/comments?post=5266"}],"wp:featuredmedia":[{"embeddable":true,"href":"https:\/\/holidayexcursion.com\/tr\/wp-json\/wp\/v2\/media\/4710"}],"wp:attachment":[{"href":"https:\/\/holidayexcursion.com\/tr\/wp-json\/wp\/v2\/media?parent=5266"}],"wp:term":[{"taxonomy":"product_brand","embeddable":true,"href":"https:\/\/holidayexcursion.com\/tr\/wp-json\/wp\/v2\/product_brand?post=5266"},{"taxonomy":"product_cat","embeddable":true,"href":"https:\/\/holidayexcursion.com\/tr\/wp-json\/wp\/v2\/product_cat?post=5266"},{"taxonomy":"product_tag","embeddable":true,"href":"https:\/\/holidayexcursion.com\/tr\/wp-json\/wp\/v2\/product_tag?post=5266"}],"curies":[{"name":"wp","href":"https:\/\/api.w.org\/{rel}","templated":true}]}}