{"id":5272,"date":"2021-10-06T17:00:59","date_gmt":"2021-12-06T22:07:37","guid":{"rendered":"http:\/\/holidayexcursion.com\/excursions-in-alanya\/kategorilenmemis\/alanyada-yamac-parasutu\/"},"modified":"2025-06-04T18:46:28","modified_gmt":"2025-06-04T15:46:28","slug":"yamac-parasutu","status":"publish","type":"product","link":"https:\/\/holidayexcursion.com\/tr\/tours-in-alanya\/turlar\/yamac-parasutu\/","title":{"rendered":"Alanya&#8217;da Yama\u00e7 Para\u015f\u00fct\u00fc"},"content":{"rendered":"<h2 style=\"text-align: center;\">Yama\u00e7 Para\u015f\u00fct\u00fc<\/h2>\n<p style=\"text-align: center;\">Alanya yama\u00e7 para\u015f\u00fct\u00fc maceras\u0131<\/p>\n<p style=\"text-align: center;\">Sizi Alanya&#8217;n\u0131n yukar\u0131s\u0131ndaki g\u00f6klere ta\u015f\u0131yacak heyecan verici bir maceraya haz\u0131r m\u0131s\u0131n\u0131z? T\u00fcrkiye&#8217;nin bu sahil <a href=\"https:\/\/holidayexcursion.com\/tours-in-alanya\/tours\/city-tour\/\">kent<\/a>inin nefes kesen g\u00fczelli\u011fini benzersiz ve heyecan verici bir bak\u0131\u015f a\u00e7\u0131s\u0131yla deneyimlemenize olanak tan\u0131yan pop\u00fcler bir aktivite olan yama\u00e7 para\u015f\u00fct\u00fcnden ba\u015fka bir yere bakmay\u0131n. Bu Holiday Excursion turunda sizi Alanya yama\u00e7 para\u015f\u00fct\u00fcn\u00fcn heyecan verici d\u00fcnyas\u0131nda bir yolculu\u011fa \u00e7\u0131karaca\u011f\u0131z, deneyim, g\u00fcvenlik \u00f6nlemleri ve kar\u015f\u0131la\u015faca\u011f\u0131n\u0131z b\u00fcy\u00fcleyici manzaralar hakk\u0131nda bilgiler sunaca\u011f\u0131z.<\/p>\n<p><img loading=\"lazy\" decoding=\"async\" class=\"size-medium wp-image-4096\" src=\"https:\/\/holidayexcursion.com\/wp-content\/uploads\/2021\/10\/alanya-paragliding-6.webp\" alt=\"alanya-yama\u00e7 para\u015f\u00fct\u00fc\" width=\"300\" height=\"300\" title=\"\" srcset=\"https:\/\/holidayexcursion.com\/wp-content\/uploads\/2021\/10\/alanya-paragliding-6.webp 2000w, https:\/\/holidayexcursion.com\/wp-content\/uploads\/2021\/10\/alanya-paragliding-6-300x300.webp 300w, https:\/\/holidayexcursion.com\/wp-content\/uploads\/2021\/10\/alanya-paragliding-6-768x768.webp 768w, https:\/\/holidayexcursion.com\/wp-content\/uploads\/2021\/10\/alanya-paragliding-6-1024x1024.webp 1024w, https:\/\/holidayexcursion.com\/wp-content\/uploads\/2021\/10\/alanya-paragliding-6-1536x1536.webp 1536w, https:\/\/holidayexcursion.com\/wp-content\/uploads\/2021\/10\/alanya-paragliding-6-600x600.webp 600w, https:\/\/holidayexcursion.com\/wp-content\/uploads\/2021\/10\/alanya-paragliding-6-100x100.webp 100w, https:\/\/holidayexcursion.com\/wp-content\/uploads\/2021\/10\/alanya-paragliding-6-150x150.webp 150w\" sizes=\"auto, (max-width: 300px) 100vw, 300px\" \/><\/p>\n<p style=\"text-align: center;\">1. Adrenalin Patlamas\u0131:<\/p>\n<p style=\"text-align: center;\">U\u00e7u\u015fa haz\u0131rlan\u0131rken i\u00e7inizde heyecan ve beklenti olu\u015fuyor. Alanya&#8217;da yama\u00e7 para\u015f\u00fct\u00fc ba\u015fka hi\u00e7bir \u015feye benzemeyen bir adrenalin patlamas\u0131 sunuyor. R\u00fczgar sizi ta\u015f\u0131rken kendinizi a\u011f\u0131rl\u0131ks\u0131z hissederek, renkli bir g\u00f6lgeli\u011fin alt\u0131nda as\u0131l\u0131 kalarak havada s\u00fcz\u00fcleceksiniz. H\u0131z, y\u00fckseklik ve a\u015fa\u011f\u0131daki do\u011fa harikalar\u0131n\u0131 ku\u015fbak\u0131\u015f\u0131 g\u00f6rmenin birle\u015fimi size b\u00fcy\u00fck bir ne\u015fe ve \u00f6m\u00fcr boyu s\u00fcrecek bir an\u0131 b\u0131rakacak.<\/p>\n<p><img loading=\"lazy\" decoding=\"async\" class=\"size-medium wp-image-28124 aligncenter\" src=\"https:\/\/holidayexcursion.com\/wp-content\/uploads\/2021\/10\/paragliding-Alanya-2-300x200.jpg\" alt=\"\" width=\"300\" height=\"200\" title=\"\" srcset=\"https:\/\/holidayexcursion.com\/wp-content\/uploads\/2021\/10\/paragliding-Alanya-2-300x200.jpg 300w, https:\/\/holidayexcursion.com\/wp-content\/uploads\/2021\/10\/paragliding-Alanya-2-600x400.jpg 600w, https:\/\/holidayexcursion.com\/wp-content\/uploads\/2021\/10\/paragliding-Alanya-2.jpg 669w\" sizes=\"auto, (max-width: 300px) 100vw, 300px\" \/><\/p>\n<p style=\"text-align: center;\">2. \u00d6nce G\u00fcvenlik:<\/p>\n<p style=\"text-align: center;\"><a href=\"https:\/\/en.wikipedia.org\/wiki\/Alanya\" rel=\"nofollow noopener\" target=\"_blank\">Alanya<\/a> Yama\u00e7 Para\u015f\u00fct\u00fc adrenalin pompalayan bir macerad\u0131r ancak g\u00fcvenlik son derece \u00f6nemlidir. Kalk\u0131\u015ftan \u00f6nce uzman e\u011fitmenlerden kapsaml\u0131 bir g\u00fcvenlik brifingi alacaks\u0131n\u0131z. Gerekli \u00f6nlemler konusunda size rehberlik edecek ve ekipman\u0131n nas\u0131l kullan\u0131laca\u011f\u0131n\u0131 g\u00f6stereceklerdir. \u0130\u00e7iniz rahat olsun, deneyimli pilotlar u\u00e7u\u015f boyunca size e\u015flik edecek ve t\u00fcm g\u00fcvenlik \u00f6nlemlerinin al\u0131nmas\u0131n\u0131 sa\u011flayacakt\u0131r. Alanya&#8217;n\u0131n g\u00fcvenli\u011finizi ve sa\u011fl\u0131\u011f\u0131n\u0131z\u0131 \u00f6n planda tutan deneyimli ve lisansl\u0131 yama\u00e7 para\u015f\u00fct\u00fc operat\u00f6rlerine sahip oldu\u011fu bilinmektedir.<\/p>\n<p><img loading=\"lazy\" decoding=\"async\" class=\"size-medium wp-image-28118 aligncenter\" src=\"https:\/\/holidayexcursion.com\/wp-content\/uploads\/2021\/10\/Paragliding-alanya-300x200.jpg\" alt=\"\" width=\"300\" height=\"200\" title=\"\" srcset=\"https:\/\/holidayexcursion.com\/wp-content\/uploads\/2021\/10\/Paragliding-alanya-300x200.jpg 300w, https:\/\/holidayexcursion.com\/wp-content\/uploads\/2021\/10\/Paragliding-alanya-600x400.jpg 600w, https:\/\/holidayexcursion.com\/wp-content\/uploads\/2021\/10\/Paragliding-alanya.jpg 720w\" sizes=\"auto, (max-width: 300px) 100vw, 300px\" \/><\/p>\n<p style=\"text-align: center;\">3. Unutulmaz Manzaralar<\/p>\n<p style=\"text-align: center;\">Akdeniz&#8217;in turkuaz sular\u0131n\u0131n ve kilometrelerce uzanan alt\u0131n rengi kumsallar\u0131n panoramik manzaras\u0131 e\u015fli\u011finde, Alanya&#8217;n\u0131n muhte\u015fem sahil \u015feridinin \u00fczerinde s\u00fcz\u00fclme hissini hayal edin. Alanya Yama\u00e7 Para\u015f\u00fct\u00fc, tepenin \u00fczerinde yer alan Alanya Kalesi, pitoresk liman ve \u00e7evredeki Toros Da\u011flar\u0131 dahil olmak \u00fczere \u015fehrin \u00f6nemli simge yap\u0131lar\u0131na tan\u0131kl\u0131k etmek i\u00e7in e\u015fsiz bir bak\u0131\u015f noktas\u0131 sunar. Nefes kesen do\u011fal g\u00fczellikler ile antik tarihi mekanlar\u0131n birle\u015fimi nefesinizi kesecek.<\/p>\n<p><img loading=\"lazy\" decoding=\"async\" class=\"size-medium wp-image-4091 aligncenter\" src=\"https:\/\/holidayexcursion.com\/wp-content\/uploads\/2021\/10\/alanya-paragliding-1.webp\" alt=\"alanya-yama\u00e7 para\u015f\u00fct\u00fc\" width=\"300\" height=\"300\" title=\"\" srcset=\"https:\/\/holidayexcursion.com\/wp-content\/uploads\/2021\/10\/alanya-paragliding-1.webp 2000w, https:\/\/holidayexcursion.com\/wp-content\/uploads\/2021\/10\/alanya-paragliding-1-300x300.webp 300w, https:\/\/holidayexcursion.com\/wp-content\/uploads\/2021\/10\/alanya-paragliding-1-768x768.webp 768w, https:\/\/holidayexcursion.com\/wp-content\/uploads\/2021\/10\/alanya-paragliding-1-1024x1024.webp 1024w, https:\/\/holidayexcursion.com\/wp-content\/uploads\/2021\/10\/alanya-paragliding-1-1536x1536.webp 1536w, https:\/\/holidayexcursion.com\/wp-content\/uploads\/2021\/10\/alanya-paragliding-1-600x600.webp 600w, https:\/\/holidayexcursion.com\/wp-content\/uploads\/2021\/10\/alanya-paragliding-1-100x100.webp 100w, https:\/\/holidayexcursion.com\/wp-content\/uploads\/2021\/10\/alanya-paragliding-1-150x150.webp 150w\" sizes=\"auto, (max-width: 300px) 100vw, 300px\" \/><\/p>\n<p style=\"text-align: center;\">4. Herkes \u0130\u00e7in Uygun:<\/p>\n<p style=\"text-align: center;\">Alanya&#8217;da yama\u00e7 para\u015f\u00fct\u00fcn\u00fcn en g\u00fczel yanlar\u0131ndan biri de \u00e7e\u015fitli ya\u015f ve kondisyon seviyesindeki insanlara uygun olmas\u0131d\u0131r. U\u00e7u\u015fun t\u00fcm a\u015famalar\u0131yla ilgilenen deneyimli pilotlar size e\u015flik edece\u011finden herhangi bir \u00f6n deneyime gerek yoktur. \u0130ster adrenalin patlamas\u0131 arayan bir adrenalin ba\u011f\u0131ml\u0131s\u0131 olun, ister sadece yeni bir \u015feyler denemek isteyen biri olun, Alanya&#8217;da yama\u00e7 para\u015f\u00fct\u00fc herkes i\u00e7in eri\u015filebilir ve unutulmaz bir macera sunuyor.<\/p>\n<p style=\"text-align: center;\">5. Ger\u00e7ekten Unutulmaz Bir Deneyim:<\/p>\n<p style=\"text-align: center;\">Alanya yama\u00e7 para\u015f\u00fct\u00fc sadece heyecan verici bir macera de\u011fil, ayn\u0131 zamanda \u00f6zg\u00fcrl\u00fck ve do\u011fayla b\u00fct\u00fcnle\u015fme duygusu da sunuyor. G\u00f6ky\u00fcz\u00fcnde s\u00fcz\u00fcl\u00fcrken, \u00e7evredeki huzur ve dinginli\u011fin tad\u0131n\u0131 \u00e7\u0131karmak i\u00e7in bir dakikan\u0131z\u0131 ay\u0131r\u0131n. Adrenalin ve huzurun birle\u015fimi, etraf\u0131m\u0131zdaki d\u00fcnyan\u0131n g\u00fczelli\u011fini ve enginli\u011fini size hat\u0131rlatan, kal\u0131c\u0131 bir izlenim b\u0131rakan bir deneyim yarat\u0131r.<\/p>\n<p><img loading=\"lazy\" decoding=\"async\" class=\"size-medium wp-image-4094 aligncenter\" src=\"https:\/\/holidayexcursion.com\/wp-content\/uploads\/2021\/10\/alanya-paragliding-4.webp\" alt=\"alanya-yama\u00e7 para\u015f\u00fct\u00fc\" width=\"300\" height=\"300\" title=\"\" srcset=\"https:\/\/holidayexcursion.com\/wp-content\/uploads\/2021\/10\/alanya-paragliding-4.webp 2000w, https:\/\/holidayexcursion.com\/wp-content\/uploads\/2021\/10\/alanya-paragliding-4-300x300.webp 300w, https:\/\/holidayexcursion.com\/wp-content\/uploads\/2021\/10\/alanya-paragliding-4-768x768.webp 768w, https:\/\/holidayexcursion.com\/wp-content\/uploads\/2021\/10\/alanya-paragliding-4-1024x1024.webp 1024w, https:\/\/holidayexcursion.com\/wp-content\/uploads\/2021\/10\/alanya-paragliding-4-1536x1536.webp 1536w, https:\/\/holidayexcursion.com\/wp-content\/uploads\/2021\/10\/alanya-paragliding-4-600x600.webp 600w, https:\/\/holidayexcursion.com\/wp-content\/uploads\/2021\/10\/alanya-paragliding-4-100x100.webp 100w, https:\/\/holidayexcursion.com\/wp-content\/uploads\/2021\/10\/alanya-paragliding-4-150x150.webp 150w\" sizes=\"auto, (max-width: 300px) 100vw, 300px\" \/><\/p>\n<p style=\"text-align: center;\">Alanya yama\u00e7 para\u015f\u00fct\u00fc bu k\u0131y\u0131 cennetinde unutulmaz bir deneyim arayan maceraperestlerin vazge\u00e7ilmezidir. Nefes kesen manzaras\u0131, u\u00e7u\u015f heyecan\u0131 ve uygulanan g\u00fcvenlik \u00f6nlemleriyle yama\u00e7 para\u015f\u00fct\u00fc, Alanya&#8217;ya bamba\u015fka bir a\u00e7\u0131dan bakma f\u0131rsat\u0131 sunuyor. O halde ekipmanlar\u0131n\u0131z\u0131 tak\u0131n, u\u00e7u\u015fa haz\u0131rlan\u0131n ve r\u00fczgarlar\u0131n sizi Alanya semalar\u0131nda inan\u0131lmaz bir yolculu\u011fa ta\u015f\u0131mas\u0131na izin verin. Bir \u00f6m\u00fcr boyu s\u00fcrecek an\u0131lar yaratmaya ve sizi maceraya ve do\u011fan\u0131n g\u00fczelli\u011fine kar\u015f\u0131 yeni ke\u015ffedilen bir a\u015fkla ba\u015f ba\u015fa b\u0131rakmaya haz\u0131r olun.<\/p>\n<p style=\"text-align: center;\">Tur program\u0131;<br \/>\n&#8211; Holiday Excursiondan u\u00e7u\u015f hakk\u0131nda k\u0131sa bir bilgi al\u0131n<br \/>\n&#8211; Kalk\u0131\u015f noktas\u0131na kadar s\u00fcr\u00fc\u015f<br \/>\n&#8211; Kalk\u0131\u015f alan\u0131nda para\u015f\u00fctlerin haz\u0131rlanmas\u0131<br \/>\n&#8211; Pilot ile birka\u00e7 kolay ad\u0131m atmak<br \/>\n&#8211; G\u00f6ky\u00fcz\u00fcnde yakla\u015f\u0131k 25 dakika yelken<br \/>\n&#8211; Kleopatra Plaj\u0131&#8217;na kolay ini\u015f<br \/>\n&#8211; Foto\u011fraf \u00e7ekme ve otele d\u00f6n\u00fc\u015f videosu izleme<\/p>\n<p style=\"text-align: center;\">Fiyat dahil:<br \/>\n\u2022 Otelinizden alma ve otele b\u0131rakma<br \/>\n\u2022 25 dakikal\u0131k u\u00e7u\u015f<br \/>\n\u2022 T\u00fcm ekipmanlar<br \/>\n\u2022 Uluslararas\u0131 lisansl\u0131 uzmanlar taraf\u0131ndan verilen talimatlar<br \/>\n\u2022 Sigorta<\/p>\n<p style=\"text-align: center;\">Fiyat dahil DE\u011e\u0130LD\u0130R:<br \/>\nYiyecek ve \u0130\u00e7ecek Foto\u011fraflar\u0131 ve Videolar\u0131<br \/>\nEk bilgi:<br \/>\nSa\u011fl\u0131k durumunuzu tam olarak bilmedi\u011fimiz i\u00e7in, riski size ait olmak \u00fczere u\u00e7uyorsunuz.<br \/>\nElbette en modern ekipmanlarla ve mant\u0131kl\u0131 bir \u015fekilde ge\u00e7erli lisanslar ve sigortalarla u\u00e7uyoruz.<\/p>\n<p style=\"text-align: center;\">L\u00fctfen rahat k\u0131yafetler giyin ve yan\u0131n\u0131zda getirin;<br \/>\nG\u00fcne\u015f g\u00f6zl\u00fc\u011f\u00fc,sa\u011flam spor ayakkab\u0131<\/p>\n<p style=\"text-align: center;\">Kat\u0131l\u0131mc\u0131lar i\u00e7in a\u011f\u0131rl\u0131k limitleri;<br \/>\nAsgari a\u011f\u0131rl\u0131k : 25 kg<br \/>\nMaksimum a\u011f\u0131rl\u0131k : 120 kG<\/p>\n<p style=\"text-align: center;\">Alanya&#8217;daki tatiliniz boyunca size unutulmaz an\u0131lar diliyoruz.<\/p>\n<p style=\"text-align: center;\">Not: Daha fazla bilgi i\u00e7in Whats App&#8217;tan arayarak veya mesaj atarak da ileti\u015fime ge\u00e7ebilirsiniz.<\/p>\n<p style=\"text-align: center;\">Holiday Excursion Ekibi,<\/p>\n<p><iframe loading=\"lazy\" title=\"Alanya Paragliding\" width=\"1020\" height=\"574\" src=\"https:\/\/www.youtube.com\/embed\/xfECDndJoBA?feature=oembed\" frameborder=\"0\" allow=\"accelerometer; autoplay; clipboard-write; encrypted-media; gyroscope; picture-in-picture; web-share\" referrerpolicy=\"strict-origin-when-cross-origin\" allowfullscreen><\/iframe><\/p>\n<p><iframe loading=\"lazy\" title=\"Alanya Tandem Paragliding\" width=\"1020\" height=\"765\" src=\"https:\/\/www.youtube.com\/embed\/bA4XdCXcm1E?feature=oembed\" frameborder=\"0\" allow=\"accelerometer; autoplay; clipboard-write; encrypted-media; gyroscope; picture-in-picture; web-share\" referrerpolicy=\"strict-origin-when-cross-origin\" allowfullscreen><\/iframe><\/p>\n","protected":false},"excerpt":{"rendered":"<p>Yama\u00e7 Para\u015f\u00fct\u00fc Alanya yama\u00e7 para\u015f\u00fct\u00fc maceras\u0131 Sizi Alanya&#8217;n\u0131n yukar\u0131s\u0131ndaki g\u00f6klere ta\u015f\u0131yacak heyecan verici bir maceraya haz\u0131r m\u0131s\u0131n\u0131z? T\u00fcrkiye&#8217;nin bu sahil kentinin nefes kesen g\u00fczelli\u011fini benzersiz ve heyecan verici bir bak\u0131\u015f a\u00e7\u0131s\u0131yla deneyimlemenize olanak tan\u0131yan pop\u00fcler bir aktivite olan yama\u00e7 para\u015f\u00fct\u00fcnden ba\u015fka bir yere bakmay\u0131n. Bu Holiday Excursion turunda sizi Alanya yama\u00e7 para\u015f\u00fct\u00fcn\u00fcn heyecan verici d\u00fcnyas\u0131nda<\/p>\n","protected":false},"featured_media":4229,"comment_status":"open","ping_status":"closed","template":"","meta":[],"product_brand":[],"product_cat":[108],"product_tag":[],"class_list":{"0":"post-5272","1":"product","2":"type-product","3":"status-publish","4":"has-post-thumbnail","6":"product_cat-turlar","8":"first","9":"instock","10":"virtual","11":"sold-individually","12":"purchasable","13":"product-type-booking"},"_links":{"self":[{"href":"https:\/\/holidayexcursion.com\/tr\/wp-json\/wp\/v2\/product\/5272","targetHints":{"allow":["GET"]}}],"collection":[{"href":"https:\/\/holidayexcursion.com\/tr\/wp-json\/wp\/v2\/product"}],"about":[{"href":"https:\/\/holidayexcursion.com\/tr\/wp-json\/wp\/v2\/types\/product"}],"replies":[{"embeddable":true,"href":"https:\/\/holidayexcursion.com\/tr\/wp-json\/wp\/v2\/comments?post=5272"}],"wp:featuredmedia":[{"embeddable":true,"href":"https:\/\/holidayexcursion.com\/tr\/wp-json\/wp\/v2\/media\/4229"}],"wp:attachment":[{"href":"https:\/\/holidayexcursion.com\/tr\/wp-json\/wp\/v2\/media?parent=5272"}],"wp:term":[{"taxonomy":"product_brand","embeddable":true,"href":"https:\/\/holidayexcursion.com\/tr\/wp-json\/wp\/v2\/product_brand?post=5272"},{"taxonomy":"product_cat","embeddable":true,"href":"https:\/\/holidayexcursion.com\/tr\/wp-json\/wp\/v2\/product_cat?post=5272"},{"taxonomy":"product_tag","embeddable":true,"href":"https:\/\/holidayexcursion.com\/tr\/wp-json\/wp\/v2\/product_tag?post=5272"}],"curies":[{"name":"wp","href":"https:\/\/api.w.org\/{rel}","templated":true}]}}