{"id":5278,"date":"2021-10-06T17:14:26","date_gmt":"2021-12-06T22:07:39","guid":{"rendered":"http:\/\/holidayexcursion.com\/excursions-in-alanya\/kategorilenmemis\/turk-hamami\/"},"modified":"2023-12-02T23:35:25","modified_gmt":"2023-12-02T20:35:25","slug":"turk-hamami","status":"publish","type":"product","link":"https:\/\/holidayexcursion.com\/tr\/tours-in-alanya\/turlar\/turk-hamami\/","title":{"rendered":"T\u00fcrk Hamam\u0131"},"content":{"rendered":"<h2 style=\"font-weight: 400; text-align: center;\"> T\u00dcRK HAMAMI<\/h2>\n<p style=\"text-align: center;\"><strong>T\u00fcrk Hamam\u0131 Deneyimini Ortaya \u00c7\u0131karmak Rahatlama ve K\u00fclt\u00fcrel Gelene\u011fe Bir Yolculuk<\/strong><\/p>\n<p style=\"text-align: center;\">T\u00fcrkiye&#8217;yi ziyaret ederken, hamam olarak da bilinen T\u00fcrk hamam\u0131n\u0131n as\u0131rl\u0131k gelene\u011fini ya\u015fama f\u0131rsat\u0131n\u0131 ka\u00e7\u0131ramazs\u0131n\u0131z. \u00dclkenin k\u00fclt\u00fcr\u00fcne derinden ba\u011fl\u0131 olan T\u00fcrk hamam\u0131, rahatlama, yenilenme ve k\u00fclt\u00fcrel etkile\u015fimin e\u015fsiz bir kar\u0131\u015f\u0131m\u0131n\u0131 sunuyor. Bu Tatil Gezisi turunda sizi T\u00fcrk hamam\u0131 deneyiminin sanal bir turuna \u00e7\u0131karaca\u011f\u0131z, hamam\u0131n tarihi \u00f6nemini ve hem bedene hem de ruha sundu\u011fu say\u0131s\u0131z fayday\u0131 ortaya \u00e7\u0131karaca\u011f\u0131z.<\/p>\n<p style=\"text-align: center;\"> <img loading=\"lazy\" decoding=\"async\" class=\"alignnone size-medium wp-image-28048\" src=\"https:\/\/holidayexcursion.com\/wp-content\/uploads\/2021\/10\/turkish-bath-alanya1-300x169.jpg\" alt=\"\" width=\"300\" height=\"169\" title=\"\" srcset=\"https:\/\/holidayexcursion.com\/wp-content\/uploads\/2021\/10\/turkish-bath-alanya1-300x169.jpg 300w, https:\/\/holidayexcursion.com\/wp-content\/uploads\/2021\/10\/turkish-bath-alanya1-768x432.jpg 768w, https:\/\/holidayexcursion.com\/wp-content\/uploads\/2021\/10\/turkish-bath-alanya1-600x338.jpg 600w, https:\/\/holidayexcursion.com\/wp-content\/uploads\/2021\/10\/turkish-bath-alanya1.jpg 800w\" sizes=\"auto, (max-width: 300px) 100vw, 300px\" \/><\/p>\n<p style=\"text-align: center;\">1. Tarihe Bir Bak\u0131\u015f:<\/p>\n<p style=\"text-align: center;\">Ge\u00e7mi\u015fi Roma d\u00f6nemine kadar uzanan <a href=\"https:\/\/en.wikipedia.org\/wiki\/Hammam\" rel=\"nofollow noopener\" target=\"_blank\">T\u00fcrk hamam\u0131<\/a>, y\u00fczy\u0131llard\u0131r T\u00fcrk k\u00fclt\u00fcr\u00fcn\u00fcn ayr\u0131lmaz bir par\u00e7as\u0131 olmu\u015ftur. Roma hamamlar\u0131ndan ilham alan T\u00fcrk hamam\u0131, banyo, temizlik ve sosyalle\u015fme unsurlar\u0131n\u0131 birle\u015ftirerek kendine \u00f6zg\u00fc stil ve rit\u00fcellerle geli\u015fti. T\u00fcrk hamam\u0131n\u0131 deneyimleyerek eskimeyen bir gelene\u011fe ba\u011flan\u0131rs\u0131n\u0131z ve \u00fclkenin zengin tarihi miras\u0131 hakk\u0131nda fikir sahibi olursunuz.<\/p>\n<p style=\"text-align: center;\"><img loading=\"lazy\" decoding=\"async\" class=\"alignnone size-medium wp-image-28036\" src=\"https:\/\/holidayexcursion.com\/wp-content\/uploads\/2021\/10\/turkish-bath-alanya-3-300x200.jpg\" alt=\"\" width=\"300\" height=\"200\" title=\"\" srcset=\"https:\/\/holidayexcursion.com\/wp-content\/uploads\/2021\/10\/turkish-bath-alanya-3-300x200.jpg 300w, https:\/\/holidayexcursion.com\/wp-content\/uploads\/2021\/10\/turkish-bath-alanya-3-768x512.jpg 768w, https:\/\/holidayexcursion.com\/wp-content\/uploads\/2021\/10\/turkish-bath-alanya-3-600x400.jpg 600w, https:\/\/holidayexcursion.com\/wp-content\/uploads\/2021\/10\/turkish-bath-alanya-3.jpg 960w\" sizes=\"auto, (max-width: 300px) 100vw, 300px\" \/><\/p>\n<p style=\"text-align: center;\">2. Rahatlat\u0131c\u0131 birT\u00fcrk Hamam\u0131:<\/p>\n<p style=\"text-align: center;\">T\u00fcrk hamam\u0131n\u0131n bulundu\u011fu geleneksel Osmanl\u0131 tarz\u0131 binaya girdi\u011finizde huzur dolu bir d\u00fcnyaya ad\u0131m at\u0131n. G\u00fczel mermer ve karma\u015f\u0131k fayanslarla s\u00fcslenmi\u015f s\u0131cak, lo\u015f odalar bir huzur havas\u0131 yarat\u0131yor. Atmosferli ortam, d\u0131\u015f d\u00fcnyan\u0131n stresini geride b\u0131rakarak rahatlamaya zemin haz\u0131rl\u0131yor.<\/p>\n<p style=\"text-align: center;\">3. T\u00fcrk Hamam\u0131 Rit\u00fceli:<\/p>\n<p style=\"text-align: center;\">T\u00fcrk hamam\u0131 rit\u00fceli tipik olarak hem bedeni hem de zihni temizlemek ve canland\u0131rmak i\u00e7in tasarlanm\u0131\u015f birka\u00e7 a\u015famadan olu\u015fur. S\u0131cak buhar odas\u0131nda soyunup rahatlayacak, \u0131s\u0131n\u0131n g\u00f6zeneklerinizi a\u00e7mas\u0131na ve v\u00fccudunuzu sonraki bak\u0131mlara haz\u0131rlamas\u0131na olanak tan\u0131yacaks\u0131n\u0131z. Yetenekli bir mas\u00f6r veya mas\u00f6z daha sonra cildinizi kaba bir eldiven kullanarak temizleyerek \u00f6l\u00fc h\u00fccreleri ve yabanc\u0131 maddeleri temizleyecektir. Bunu rahatlat\u0131c\u0131 bir k\u00f6p\u00fck masaj\u0131 ve canland\u0131r\u0131c\u0131 bir durulama takip eder. T\u00fcm s\u00fcre\u00e7 canland\u0131r\u0131c\u0131d\u0131r, kendinizi yenilenmi\u015f, gen\u00e7le\u015fmi\u015f ve derinlemesine temizlenmi\u015f hissetmenizi sa\u011flar.<\/p>\n<p><img loading=\"lazy\" decoding=\"async\" class=\"size-medium wp-image-28042 aligncenter\" src=\"https:\/\/holidayexcursion.com\/wp-content\/uploads\/2021\/10\/turkish-bath-alanya-300x200.jpg\" alt=\"\" width=\"300\" height=\"200\" title=\"\" srcset=\"https:\/\/holidayexcursion.com\/wp-content\/uploads\/2021\/10\/turkish-bath-alanya-300x200.jpg 300w, https:\/\/holidayexcursion.com\/wp-content\/uploads\/2021\/10\/turkish-bath-alanya-600x400.jpg 600w, https:\/\/holidayexcursion.com\/wp-content\/uploads\/2021\/10\/turkish-bath-alanya.jpg 669w\" sizes=\"auto, (max-width: 300px) 100vw, 300px\" \/><\/p>\n<p style=\"text-align: center;\">4. T\u00fcrk Hamam\u0131 Sa\u011fl\u0131\u011fa Faydalar\u0131:<\/p>\n<p style=\"text-align: center;\">Sakin bir deneyimin yan\u0131 s\u0131ra, T\u00fcrk hamam\u0131 sa\u011fl\u0131k a\u00e7\u0131s\u0131ndan \u00e7ok say\u0131da fayda sunar. Buhar kaslar\u0131 gev\u015fetmeye, solunum rahats\u0131zl\u0131klar\u0131n\u0131 hafifletmeye ve v\u00fccudun detoksifikasyonuna yard\u0131mc\u0131 olur. Eksfoliasyon kan dola\u015f\u0131m\u0131n\u0131 iyile\u015ftirir ve kirleri gidererek cildin yumu\u015fak ve parlak olmas\u0131n\u0131 sa\u011flar. Yat\u0131\u015ft\u0131r\u0131c\u0131 masaj ve hafif esneme, rahatlamay\u0131 daha da art\u0131r\u0131r ve genel refah\u0131 art\u0131r\u0131r.<\/p>\n<p style=\"text-align: center;\">5. T\u00fcrk Hamam\u0131 K\u00fclt\u00fcrel \u0130\u00e7ermesi:<\/p>\n<p style=\"text-align: center;\">T\u00fcrk hamam\u0131 sadece fiziksel rahatlamadan ibaret de\u011fildir; ayn\u0131 zamanda kendinizi T\u00fcrk k\u00fclt\u00fcr\u00fcne kapt\u0131rma f\u0131rsat\u0131 da sa\u011flar. Ziyaretiniz s\u0131ras\u0131nda y\u00f6re halk\u0131n\u0131n sohbet etmek, dinlenmek ve sosyalle\u015fmek i\u00e7in bir araya geldi\u011fi hamam\u0131n sosyal y\u00f6n\u00fcne tan\u0131k olacaks\u0131n\u0131z. Y\u00fczmeye kat\u0131lan di\u011fer ki\u015filerle sohbet ederek veya sadece onlar\u0131n etkile\u015fimlerini g\u00f6zlemleyerek T\u00fcrk gelenek ve g\u00f6reneklerine dair daha derin bir anlay\u0131\u015f kazanacaks\u0131n\u0131z.<\/p>\n<p><img loading=\"lazy\" decoding=\"async\" class=\"size-medium wp-image-28030 aligncenter\" src=\"https:\/\/holidayexcursion.com\/wp-content\/uploads\/2021\/10\/hamam-alanya-1-300x180.png\" alt=\"\" width=\"300\" height=\"180\" title=\"\" srcset=\"https:\/\/holidayexcursion.com\/wp-content\/uploads\/2021\/10\/hamam-alanya-1-300x180.png 300w, https:\/\/holidayexcursion.com\/wp-content\/uploads\/2021\/10\/hamam-alanya-1-600x360.png 600w, https:\/\/holidayexcursion.com\/wp-content\/uploads\/2021\/10\/hamam-alanya-1.png 695w\" sizes=\"auto, (max-width: 300px) 100vw, 300px\" \/><\/p>\n<p style=\"text-align: center;\">T\u00fcrk hamam\u0131 <a href=\"https:\/\/holidayexcursion.com\/tours-in-alanya\/tours\/demre-myra-kekova\/\">tur<\/a>u, rahatlama ve k\u00fclt\u00fcrel etkile\u015fime do\u011fru b\u00fcy\u00fcleyici bir yolculuktur. B\u00fcy\u00fcleyici tarihi, dingin ortam\u0131 ve tedavi edici faydalar\u0131yla T\u00fcrk hamam\u0131 deneyimi sizi huzur ve yenilenme d\u00fcnyas\u0131na ta\u015f\u0131may\u0131 vaat ediyor. \u0130ster fiziksel bir canlanma, ister T\u00fcrk miras\u0131yla daha derin bir ba\u011flant\u0131 aray\u0131\u015f\u0131nda olun, T\u00fcrk hamam\u0131 turu sizi tazelenmi\u015f, canlanm\u0131\u015f ve zenginle\u015ftirecek ger\u00e7ekten unutulmaz bir deneyim sunuyor. \u00d6yleyse kendinizi bu kadim gelene\u011fe b\u0131rak\u0131n ve bedeniniz, zihniniz ve ruhunuz i\u00e7in unutulmaz bir yolculu\u011fa \u00e7\u0131k\u0131n.<\/p>\n<div style=\"text-align: center;\"><strong>F\u0130YATA DAH\u0130L OLANLAR :<\/strong><\/div>\n<div style=\"text-align: center;\">* Alanya ve \u00e7evresindeki otel ve apartmanlardan alma ve b\u0131rakma<\/div>\n<div style=\"text-align: center;\">* T\u00fcm hamam hizmetleri (sauna, jakuzi, buhar banyosu, tuz odas\u0131, \u00e7amur odas\u0131)<\/div>\n<div style=\"text-align: center;\">* \u00dc\u00e7l\u00fc masaj paketi (kese+k\u00f6p\u00fck+ya\u011f masaj\u0131)<\/div>\n<div style=\"text-align: center;\"><\/div>\n<div style=\"text-align: center;\"><strong>Fiyata Dahil olmayanlar<\/strong><\/div>\n<div style=\"text-align: center;\">* \u0130\u00e7ecekler, Manik\u00fcr, Pedik\u00fcr, Thai masaj\u0131, s\u0131cak ta\u015f masaj\u0131.<\/div>\n<div style=\"text-align: center;\"><\/div>\n<div style=\"text-align: center;\"><strong>EK B\u0130LG\u0130 VE \u0130PU\u00c7LARI:<\/strong><\/div>\n<div style=\"text-align: center;\">* 09:00-19:00 saatleri aras\u0131nda rezervasyon yap\u0131labilir.<\/div>\n<div style=\"text-align: center;\">*Alanya T\u00fcrk Hamam\u0131 paketi yakla\u015f\u0131k 2 bu\u00e7uk saat s\u00fcrmektedir.<\/div>\n<div style=\"text-align: center;\">*Herhangi bir sa\u011fl\u0131k sorununuz varsa; y\u00fckseklik, nem ve s\u0131cakl\u0131k ile ilgili. L\u00fctfen dikkatli ol<\/div>\n<div style=\"text-align: center;\">* E\u011fer (yeni) bronzlu\u011funuza \u00f6nem veriyorsan\u0131z belki tatilinizin ba\u015f\u0131nda bir hamam\u0131 ziyaret edebilirsiniz.<\/div>\n<div style=\"text-align: center;\">* Kilitlenebilir soyunma kabinleri, erkek havlusu (pe\u015ftemal) \/ \u015fal, terlik (takunya) hizmeti vermekteyiz.<\/div>\n<div style=\"text-align: center;\">* Mayolar\u0131n\u0131z\u0131 getirin<\/div>\n<div style=\"text-align: center;\">* \u00c7ocuk fiyatlar\u0131 6-12 ya\u015f aras\u0131 \u00e7ocuklar i\u00e7in ge\u00e7erlidir. Masaj yapt\u0131rabilirler.<\/div>\n<p style=\"text-align: center;\">Alanya&#8217;daki tatiliniz boyunca size unutulmaz an\u0131lar diliyoruz.<\/p>\n<p style=\"text-align: center;\">Not: Daha fazla bilgi i\u00e7in Whats App&#8217;tan arayarak veya mesaj atarak da ileti\u015fime ge\u00e7ebilirsiniz.<\/p>\n<p style=\"text-align: center;\">Holiday Excursion Ekibi,<\/p>\n<p><iframe loading=\"lazy\" title=\"Hamam | &#039;t is hier fantasties\" width=\"1020\" height=\"574\" src=\"https:\/\/www.youtube.com\/embed\/iIwG31B7cxk?feature=oembed\" frameborder=\"0\" allow=\"accelerometer; autoplay; clipboard-write; encrypted-media; gyroscope; picture-in-picture\" allowfullscreen><\/iframe><\/p>\n<p><iframe loading=\"lazy\" title=\"Turkish Steam Bath, Hamam, Peninsula Hot Springs, Mornington Peninsula, Australia\" width=\"1020\" height=\"574\" src=\"https:\/\/www.youtube.com\/embed\/7NEN5VwRnHs?feature=oembed\" frameborder=\"0\" allow=\"accelerometer; autoplay; clipboard-write; encrypted-media; gyroscope; picture-in-picture\" allowfullscreen><\/iframe><\/p>\n<p><iframe loading=\"lazy\" title=\"alanya hamam sauna\" width=\"1020\" height=\"574\" src=\"https:\/\/www.youtube.com\/embed\/hFQM2TdPIoY?feature=oembed\" frameborder=\"0\" allow=\"accelerometer; autoplay; clipboard-write; encrypted-media; gyroscope; picture-in-picture\" allowfullscreen><\/iframe><\/p>\n<p><iframe loading=\"lazy\" title=\"Alanya Hamam Turu-Hamam Tyrkisk Bad (KISA)\" width=\"1020\" height=\"574\" src=\"https:\/\/www.youtube.com\/embed\/5VxIFUl8bSM?feature=oembed\" frameborder=\"0\" allow=\"accelerometer; autoplay; clipboard-write; encrypted-media; gyroscope; picture-in-picture\" allowfullscreen><\/iframe><\/p>\n","protected":false},"excerpt":{"rendered":"<p>T\u00dcRK HAMAMI T\u00fcrk Hamam\u0131 Deneyimini Ortaya \u00c7\u0131karmak Rahatlama ve K\u00fclt\u00fcrel Gelene\u011fe Bir Yolculuk T\u00fcrkiye&#8217;yi ziyaret ederken, hamam olarak da bilinen T\u00fcrk hamam\u0131n\u0131n as\u0131rl\u0131k gelene\u011fini ya\u015fama f\u0131rsat\u0131n\u0131 ka\u00e7\u0131ramazs\u0131n\u0131z. \u00dclkenin k\u00fclt\u00fcr\u00fcne derinden ba\u011fl\u0131 olan T\u00fcrk hamam\u0131, rahatlama, yenilenme ve k\u00fclt\u00fcrel etkile\u015fimin e\u015fsiz bir kar\u0131\u015f\u0131m\u0131n\u0131 sunuyor. Bu Tatil Gezisi turunda sizi T\u00fcrk hamam\u0131 deneyiminin sanal bir turuna \u00e7\u0131karaca\u011f\u0131z,<\/p>\n","protected":false},"featured_media":4470,"comment_status":"open","ping_status":"closed","template":"","meta":[],"product_brand":[],"product_cat":[108],"product_tag":[],"class_list":{"0":"post-5278","1":"product","2":"type-product","3":"status-publish","4":"has-post-thumbnail","6":"product_cat-turlar","8":"first","9":"instock","10":"featured","11":"virtual","12":"sold-individually","13":"purchasable","14":"product-type-booking"},"_links":{"self":[{"href":"https:\/\/holidayexcursion.com\/tr\/wp-json\/wp\/v2\/product\/5278","targetHints":{"allow":["GET"]}}],"collection":[{"href":"https:\/\/holidayexcursion.com\/tr\/wp-json\/wp\/v2\/product"}],"about":[{"href":"https:\/\/holidayexcursion.com\/tr\/wp-json\/wp\/v2\/types\/product"}],"replies":[{"embeddable":true,"href":"https:\/\/holidayexcursion.com\/tr\/wp-json\/wp\/v2\/comments?post=5278"}],"wp:featuredmedia":[{"embeddable":true,"href":"https:\/\/holidayexcursion.com\/tr\/wp-json\/wp\/v2\/media\/4470"}],"wp:attachment":[{"href":"https:\/\/holidayexcursion.com\/tr\/wp-json\/wp\/v2\/media?parent=5278"}],"wp:term":[{"taxonomy":"product_brand","embeddable":true,"href":"https:\/\/holidayexcursion.com\/tr\/wp-json\/wp\/v2\/product_brand?post=5278"},{"taxonomy":"product_cat","embeddable":true,"href":"https:\/\/holidayexcursion.com\/tr\/wp-json\/wp\/v2\/product_cat?post=5278"},{"taxonomy":"product_tag","embeddable":true,"href":"https:\/\/holidayexcursion.com\/tr\/wp-json\/wp\/v2\/product_tag?post=5278"}],"curies":[{"name":"wp","href":"https:\/\/api.w.org\/{rel}","templated":true}]}}