{"id":5283,"date":"2021-10-06T17:19:44","date_gmt":"2021-12-06T22:07:40","guid":{"rendered":"http:\/\/holidayexcursion.com\/excursions-in-alanya\/kategorilenmemis\/alanya-at-turu\/"},"modified":"2023-12-02T23:04:47","modified_gmt":"2023-12-02T20:04:47","slug":"at-turu","status":"publish","type":"product","link":"https:\/\/holidayexcursion.com\/tr\/tours-in-alanya\/turlar\/at-turu\/","title":{"rendered":"At turu"},"content":{"rendered":"<h2 id=\"highlights\" class=\"highlights\" style=\"text-align: center;\"><strong>AT TURU<\/strong><\/h2>\n<section id=\"exclusions\" class=\"exclusions long-txt\">\n<div class=\"hed\">\n<p style=\"text-align: center;\"><strong>Alanya&#8217;da D\u00f6rtnala Yolculuk: Heyecan verici bir Binicilik Turuna \u00c7\u0131k\u0131n<\/strong><\/p>\n<p style=\"text-align: center;\">Alanya, T\u00fcrkiye sadece g\u00fczel plajlar\u0131 ve tarihi mekanlar\u0131yla \u00fcnl\u00fc de\u011fil, ayn\u0131 zamanda her ya\u015ftan at tutkunu i\u00e7in unutulmaz bir deneyim sunuyor. Alanya&#8217;da bir binicilik turu, b\u00f6lgenin gizli g\u00fczelliklerini ke\u015ffederken kendinizi muhte\u015fem do\u011fal \u00e7evreye kapt\u0131rmak i\u00e7in e\u015fsiz bir f\u0131rsat sunar. Bu Holiday Excursion turunda, sizi bekleyen ne\u015fe ve huzurun bir g\u00f6r\u00fcnt\u00fcs\u00fcn\u00fc sunarak, Alanya&#8217;da bir binicilik turunun harikalar\u0131n\u0131 ke\u015ffedece\u011fiz..<\/p>\n<p style=\"text-align: center;\"><img loading=\"lazy\" decoding=\"async\" class=\"alignnone size-medium wp-image-28012\" src=\"https:\/\/holidayexcursion.com\/wp-content\/uploads\/2021\/10\/Horse-riding-alanya-300x200.jpg\" alt=\"\" width=\"300\" height=\"200\" title=\"\" srcset=\"https:\/\/holidayexcursion.com\/wp-content\/uploads\/2021\/10\/Horse-riding-alanya-300x200.jpg 300w, https:\/\/holidayexcursion.com\/wp-content\/uploads\/2021\/10\/Horse-riding-alanya-768x511.jpg 768w, https:\/\/holidayexcursion.com\/wp-content\/uploads\/2021\/10\/Horse-riding-alanya-600x399.jpg 600w, https:\/\/holidayexcursion.com\/wp-content\/uploads\/2021\/10\/Horse-riding-alanya.jpg 960w\" sizes=\"auto, (max-width: 300px) 100vw, 300px\" \/><\/p>\n<p style=\"text-align: center;\">1. Nefes Kesen Manzaray\u0131 Ke\u015ffedin:<\/p>\n<p style=\"text-align: center;\"><a href=\"https:\/\/tr.wikipedia.org\/wiki\/Alanya\" rel=\"nofollow noopener\" target=\"_blank\">Alanya<\/a>&#8216;da at binme turu, b\u00f6lgenin pitoresk manzaralar\u0131na farkl\u0131 bir perspektiften tan\u0131k olman\u0131z\u0131 sa\u011flar. Zeytinliklerden, \u00e7am ormanlar\u0131ndan ve manzaral\u0131 patikalardan ge\u00e7erken do\u011fayla yads\u0131namaz bir ba\u011f hissedeceksiniz. Akdeniz&#8217;in, s\u0131rada\u011flar\u0131n\u0131n ve yemye\u015fil k\u0131rsal\u0131n b\u00fcy\u00fcleyici manzaralar\u0131 sakin ve unutulmaz bir deneyim yaratmaktad\u0131r.<\/p>\n<p style=\"text-align: center;\">2. Binicilik Keyfini Ya\u015fay\u0131n:<\/p>\n<p style=\"text-align: center;\">\u0130ster deneyimli bir binici olun, ister yeni ba\u015flayan bir binici olun, Alanya&#8217;da bir binicilik turu her seviyedeki uzmanl\u0131\u011fa hitap etmektedir. Bilgili rehberler ve iyi e\u011fitimli atlar, herkes i\u00e7in g\u00fcvenli ve keyifli bir deneyim sa\u011flar. Bu g\u00f6rkemli Atlara binmek, yaln\u0131zca macera duygusunu a\u015f\u0131lamakla kalm\u0131yor, ayn\u0131 zamanda insan ve at aras\u0131ndaki ba\u011fa dair derin bir takdir uyand\u0131r\u0131yor.<\/p>\n<p style=\"text-align: center;\"><img loading=\"lazy\" decoding=\"async\" class=\"alignnone size-medium wp-image-28024\" src=\"https:\/\/holidayexcursion.com\/wp-content\/uploads\/2021\/10\/Horse-riding-holiday-excursion1-300x225.jpg\" alt=\"\" width=\"300\" height=\"225\" title=\"\" srcset=\"https:\/\/holidayexcursion.com\/wp-content\/uploads\/2021\/10\/Horse-riding-holiday-excursion1-300x225.jpg 300w, https:\/\/holidayexcursion.com\/wp-content\/uploads\/2021\/10\/Horse-riding-holiday-excursion1-768x576.jpg 768w, https:\/\/holidayexcursion.com\/wp-content\/uploads\/2021\/10\/Horse-riding-holiday-excursion1-600x450.jpg 600w, https:\/\/holidayexcursion.com\/wp-content\/uploads\/2021\/10\/Horse-riding-holiday-excursion1.jpg 775w\" sizes=\"auto, (max-width: 300px) 100vw, 300px\" \/><\/p>\n<p style=\"text-align: center;\">3. Al\u0131\u015f\u0131lmad\u0131k Destinasyonlar\u0131 Ke\u015ffedin:<\/p>\n<p style=\"text-align: center;\">Alanya&#8217;da at turu yapman\u0131n en g\u00fczel yanlar\u0131ndan biri de ba\u015fka ula\u015f\u0131m ara\u00e7lar\u0131yla ula\u015f\u0131lamayan yerleri ziyaret etme f\u0131rsat\u0131d\u0131r. Kalabal\u0131k turistik b\u00f6lgelerden ka\u00e7\u0131n ve b\u00fcy\u00fcleyici do\u011fa harikalar\u0131na giden gizli yollar\u0131 ke\u015ffedin. Antik kal\u0131nt\u0131lardan cennet gibi k\u00f6ylere kadar, Alanya&#8217;n\u0131n sundu\u011fu zengin tarih ve k\u00fclt\u00fcr kar\u015f\u0131s\u0131nda b\u00fcy\u00fcleneceksiniz.<\/p>\n<p style=\"text-align: center;\">4. Herkes \u0130\u00e7in \u00d6zel Deneyimler:<\/p>\n<p style=\"text-align: center;\">Alanya&#8217;da binicilik turlar\u0131 binicilerin farkl\u0131 tercihlerine hitap etmektedir. \u0130ster sakin bir y\u00fcr\u00fcy\u00fc\u015f\u00fc, ister daha canland\u0131r\u0131c\u0131 d\u00f6rtnallar\u0131 tercih edin, her s\u00fcr\u00fcc\u00fcn\u00fcn konfor seviyesine uygun se\u00e7enekler mevcuttur. \u00c7ocuklu aileler de e\u011flenceye kat\u0131labilir,<\/p>\n<p style=\"text-align: center;\">.<img loading=\"lazy\" decoding=\"async\" class=\"alignnone size-medium wp-image-28006\" src=\"https:\/\/holidayexcursion.com\/wp-content\/uploads\/2021\/10\/Alanya-Horse-Riding-holiday-excursion-300x200.jpg\" alt=\"\" width=\"300\" height=\"200\" title=\"\" srcset=\"https:\/\/holidayexcursion.com\/wp-content\/uploads\/2021\/10\/Alanya-Horse-Riding-holiday-excursion-300x200.jpg 300w, https:\/\/holidayexcursion.com\/wp-content\/uploads\/2021\/10\/Alanya-Horse-Riding-holiday-excursion-600x400.jpg 600w, https:\/\/holidayexcursion.com\/wp-content\/uploads\/2021\/10\/Alanya-Horse-Riding-holiday-excursion.jpg 669w\" sizes=\"auto, (max-width: 300px) 100vw, 300px\" \/><\/p>\n<p>&nbsp;<\/p>\n<p style=\"text-align: center;\">5. Bilgili Rehberlerden \u00d6\u011frenin:<\/p>\n<p style=\"text-align: center;\">Binicilik turlar\u0131na e\u015flik eden rehberler sadece binicilik konusunda uzman de\u011fil ayn\u0131 zamanda yerel tarih, bitki \u00f6rt\u00fcs\u00fc ve fauna hakk\u0131nda da bilgi sahibidir. B\u00f6lgenin k\u00fclt\u00fcr\u00fcne dair de\u011ferli bilgiler sunarak Alanya&#8217;n\u0131n zengin miras\u0131n\u0131 anlaman\u0131z\u0131 ve takdir etmenizi sa\u011flar.<\/p>\n<p style=\"text-align: center;\">Alanya&#8217;da bir binicilik turu, do\u011fayla ba\u011flant\u0131 kurmak, gizli m\u00fccevherleri ke\u015ffetmek ve ata binmenin heyecan\u0131n\u0131 ya\u015famak i\u00e7in ola\u011fan\u00fcst\u00fc bir f\u0131rsat sunuyor. Nefes kesen manzaralardan her ya\u015f ve beceri d\u00fczeyine uygun \u00f6zel deneyimlere kadar Alanya, at tutkunlar\u0131 i\u00e7in unutulmaz bir <a href=\"https:\/\/holidayexcursion.com\/tours-in-alanya\/tours\/sapadere-canyon\/\">macera<\/a> sunuyor. O halde, eyerlerinizi giyin, k\u0131rsal\u0131n huzurunu kucaklay\u0131n ve T\u00fcrkiye&#8217;nin Alanya \u015fehrinin kalbinde kal\u0131c\u0131 an\u0131lar yaratacak bir yolculu\u011fa \u00e7\u0131k\u0131n.<\/p>\n<p><img loading=\"lazy\" decoding=\"async\" class=\"size-medium wp-image-28018 aligncenter\" src=\"https:\/\/holidayexcursion.com\/wp-content\/uploads\/2021\/10\/Horse-riding-holiday-excursion-300x200.jpg\" alt=\"\" width=\"300\" height=\"200\" title=\"\" srcset=\"https:\/\/holidayexcursion.com\/wp-content\/uploads\/2021\/10\/Horse-riding-holiday-excursion-300x200.jpg 300w, https:\/\/holidayexcursion.com\/wp-content\/uploads\/2021\/10\/Horse-riding-holiday-excursion.jpg 600w\" sizes=\"auto, (max-width: 300px) 100vw, 300px\" \/><\/p>\n<div style=\"text-align: center;\"><strong>ALANYA AT TURU PROGRAMI<\/strong><\/div>\n<div style=\"text-align: center;\">*Alanya ve \u00e7evresinde konaklad\u0131\u011f\u0131n\u0131z otel veya apartlardan ara\u00e7la al\u0131nma<\/div>\n<div style=\"text-align: center;\">* Demirta\u015f yak\u0131n\u0131ndaki Seki k\u00f6y\u00fcndeki at \u00e7iftli\u011fine var\u0131\u015f<\/div>\n<div style=\"text-align: center;\">* Deneyimli e\u011fitmenlerimiz taraf\u0131ndan tur s\u0131ras\u0131nda uyulmas\u0131 gereken kurallar hakk\u0131nda bilgilendirme<\/div>\n<div style=\"text-align: center;\">* Orman yolunda ata binmek, At \u00e7iftli\u011fimize d\u00f6n\u00fc\u015f<\/div>\n<div style=\"text-align: center;\">* Dinlenme, T\u00fcrk \u00e7ay\u0131 tad\u0131m\u0131,Alanya ve \u00e7evresindeki otelinize veya dairenize b\u0131rakma<\/div>\n<div style=\"text-align: center;\"><\/div>\n<div style=\"text-align: center;\"><strong>F\u0130YATA DAH\u0130L OLANLAR :<\/strong><\/div>\n<div style=\"text-align: center;\">* Alanya&#8217;daki otelinizden veya dairenizden alma ve b\u0131rakma.<\/div>\n<div style=\"text-align: center;\">* Rehber, e\u011fitmen<\/div>\n<div style=\"text-align: center;\">* 3 saat binicilik, T\u00fcm binicilik ekipmanlar\u0131, T\u00fcrk \u00e7ay\u0131, elma \u00e7ay\u0131<\/div>\n<div style=\"text-align: center;\"><\/div>\n<div style=\"text-align: center;\"><strong>Fiyata Dahil olmayanlar<\/strong><\/div>\n<div style=\"text-align: center;\">* \u0130\u00e7ecekler, yiyecekler, Binicilik botlar\u0131<\/div>\n<div style=\"text-align: center;\"><\/div>\n<div style=\"text-align: center;\"><strong>EK B\u0130LG\u0130 VE \u0130PU\u00c7LARI:<\/strong><\/div>\n<div style=\"text-align: center;\">*Alanya&#8217;da binicilik turuna yeni ba\u015flayanlar veya profesyoneller fark etmeksizin herkes kat\u0131labilir.<\/div>\n<div style=\"text-align: center;\">*Alanya binicilik turuna 100 kg \u00fczeri ki\u015filer kat\u0131lamaz.<\/div>\n<div style=\"text-align: center;\">*Hamile bayanlar\u0131n binmesine izin verilmez.<\/div>\n<div style=\"text-align: center;\">*\u00c7ocuklar ebeveynleri e\u015fli\u011finde binicilik turlar\u0131na kat\u0131labilirler.<\/div>\n<div style=\"text-align: center;\">*Alanya binicilik turu t\u00fcm y\u0131l boyunca d\u00fczenlenmektedir.<\/div>\n<p style=\"text-align: center;\">Alanya&#8217;daki tatiliniz boyunca size unutulmaz an\u0131lar diliyoruz.<\/p>\n<p style=\"text-align: center;\">Not: Daha fazla bilgi i\u00e7in Whats App&#8217;tan arayarak veya mesaj atarak da ileti\u015fime ge\u00e7ebilirsiniz.<\/p>\n<p style=\"text-align: center;\">Holiday Excursion Ekibi,<\/p>\n<p><iframe loading=\"lazy\" title=\"Horse Riding | Cinematic Short Film | SONY A7SIII\" width=\"1020\" height=\"574\" src=\"https:\/\/www.youtube.com\/embed\/MKOd5AZnEX0?feature=oembed\" frameborder=\"0\" allow=\"accelerometer; autoplay; clipboard-write; encrypted-media; gyroscope; picture-in-picture; web-share\" allowfullscreen><\/iframe><\/p>\n<p><iframe loading=\"lazy\" title=\"HORSE CLUB at binme alanya\" width=\"1020\" height=\"574\" src=\"https:\/\/www.youtube.com\/embed\/wByjfND7XS4?feature=oembed\" frameborder=\"0\" allow=\"accelerometer; autoplay; clipboard-write; encrypted-media; gyroscope; picture-in-picture; web-share\" allowfullscreen><\/iframe><\/p>\n<p><iframe loading=\"lazy\" title=\"HORSE CLUB at binme alanya Antalya\" width=\"1020\" height=\"574\" src=\"https:\/\/www.youtube.com\/embed\/asNtBKq_pUA?feature=oembed\" frameborder=\"0\" allow=\"accelerometer; autoplay; clipboard-write; encrypted-media; gyroscope; picture-in-picture; web-share\" allowfullscreen><\/iframe><\/p>\n<\/div>\n<\/section>\n","protected":false},"excerpt":{"rendered":"<p>AT TURU Alanya&#8217;da D\u00f6rtnala Yolculuk: Heyecan verici bir Binicilik Turuna \u00c7\u0131k\u0131n Alanya, T\u00fcrkiye sadece g\u00fczel plajlar\u0131 ve tarihi mekanlar\u0131yla \u00fcnl\u00fc de\u011fil, ayn\u0131 zamanda her ya\u015ftan at tutkunu i\u00e7in unutulmaz bir deneyim sunuyor. Alanya&#8217;da bir binicilik turu, b\u00f6lgenin gizli g\u00fczelliklerini ke\u015ffederken kendinizi muhte\u015fem do\u011fal \u00e7evreye kapt\u0131rmak i\u00e7in e\u015fsiz bir f\u0131rsat sunar. Bu Holiday Excursion turunda, sizi<\/p>\n","protected":false},"featured_media":4205,"comment_status":"open","ping_status":"closed","template":"","meta":[],"product_brand":[],"product_cat":[108],"product_tag":[],"class_list":{"0":"post-5283","1":"product","2":"type-product","3":"status-publish","4":"has-post-thumbnail","6":"product_cat-turlar","8":"first","9":"instock","10":"featured","11":"virtual","12":"sold-individually","13":"purchasable","14":"product-type-booking"},"_links":{"self":[{"href":"https:\/\/holidayexcursion.com\/tr\/wp-json\/wp\/v2\/product\/5283","targetHints":{"allow":["GET"]}}],"collection":[{"href":"https:\/\/holidayexcursion.com\/tr\/wp-json\/wp\/v2\/product"}],"about":[{"href":"https:\/\/holidayexcursion.com\/tr\/wp-json\/wp\/v2\/types\/product"}],"replies":[{"embeddable":true,"href":"https:\/\/holidayexcursion.com\/tr\/wp-json\/wp\/v2\/comments?post=5283"}],"wp:featuredmedia":[{"embeddable":true,"href":"https:\/\/holidayexcursion.com\/tr\/wp-json\/wp\/v2\/media\/4205"}],"wp:attachment":[{"href":"https:\/\/holidayexcursion.com\/tr\/wp-json\/wp\/v2\/media?parent=5283"}],"wp:term":[{"taxonomy":"product_brand","embeddable":true,"href":"https:\/\/holidayexcursion.com\/tr\/wp-json\/wp\/v2\/product_brand?post=5283"},{"taxonomy":"product_cat","embeddable":true,"href":"https:\/\/holidayexcursion.com\/tr\/wp-json\/wp\/v2\/product_cat?post=5283"},{"taxonomy":"product_tag","embeddable":true,"href":"https:\/\/holidayexcursion.com\/tr\/wp-json\/wp\/v2\/product_tag?post=5283"}],"curies":[{"name":"wp","href":"https:\/\/api.w.org\/{rel}","templated":true}]}}