{"id":5287,"date":"2021-10-06T03:40:19","date_gmt":"2021-12-06T22:07:40","guid":{"rendered":"http:\/\/holidayexcursion.com\/excursions-in-alanya\/kategorilenmemis\/demre-myra-ve-kekova-turu\/"},"modified":"2024-06-28T04:56:28","modified_gmt":"2024-06-28T01:56:28","slug":"demre-myra-kekova","status":"publish","type":"product","link":"https:\/\/holidayexcursion.com\/tr\/tours-in-alanya\/turlar\/demre-myra-kekova\/","title":{"rendered":"Demre Myra Kekova"},"content":{"rendered":"<h2 style=\"text-align: center;\">DEMRE MYRA KEKOVA<\/h2>\n<p style=\"text-align: center;\">Kadim Harikalar\u0131 Ke\u015ffetmek: Demre Myra <a href=\"https:\/\/en.wikipedia.org\/wiki\/Kekova\" rel=\"nofollow noopener\" target=\"_blank\">Kekova<\/a> Turunun A\u00e7\u0131l\u0131\u015f\u0131<\/p>\n<p style=\"text-align: center;\">Demre Myra Kekova turu ile kadim tarihin ve nefes kesen do\u011fal g\u00fczelliklerin diyar\u0131na ad\u0131m at\u0131n. \u00c7arp\u0131c\u0131 T\u00fcrkiye sahilinde yer alan Bu Holiday Excursion turu, sizi zamanda b\u00fcy\u00fcleyici bir yolculu\u011fa \u00e7\u0131kararak Demre&#8217;nin b\u00fcy\u00fcleyici hazinelerini ke\u015ffetmenize, gizemli bat\u0131k \u015fehir Kekova&#8217;y\u0131 ke\u015ffetmenize ve kendinizi geleneksel Myra k\u00f6y\u00fcn\u00fcn cazibesine kapt\u0131rman\u0131za olanak tan\u0131r. . Bu Holiday Excursion <a href=\"https:\/\/holidayexcursion.com\/tours-in-alanya\/tours\/horse-riding\/\">tur<\/a>unda, sizi bekleyen \u00f6nemli noktalara ve deneyimlere de\u011finece\u011fiz.<\/p>\n<p style=\"text-align: center;\"><img loading=\"lazy\" decoding=\"async\" class=\"alignnone size-medium wp-image-28375\" src=\"https:\/\/holidayexcursion.com\/wp-content\/uploads\/2021\/10\/kekova-tour-holiday-excursion-300x200.webp\" alt=\"\" width=\"300\" height=\"200\" title=\"\" srcset=\"https:\/\/holidayexcursion.com\/wp-content\/uploads\/2021\/10\/kekova-tour-holiday-excursion-300x200.webp 300w, https:\/\/holidayexcursion.com\/wp-content\/uploads\/2021\/10\/kekova-tour-holiday-excursion-768x511.webp 768w, https:\/\/holidayexcursion.com\/wp-content\/uploads\/2021\/10\/kekova-tour-holiday-excursion-600x400.webp 600w, https:\/\/holidayexcursion.com\/wp-content\/uploads\/2021\/10\/kekova-tour-holiday-excursion.webp 1000w\" sizes=\"auto, (max-width: 300px) 100vw, 300px\" \/><\/p>\n<p style=\"text-align: center;\">1. Demre Myra Kekova: Antik Myra&#8217;n\u0131n \u00c7\u00f6z\u00fclmesi:<\/p>\n<p style=\"text-align: center;\">Eski ad\u0131 Myra olan Demre, zengin bir tarih ve mitolojiye sahiptir. Kayal\u0131klara oyulmu\u015f iyi korunmu\u015f Likya kaya mezarlar\u0131na hayran kalabilece\u011finiz Myra antik kal\u0131nt\u0131lar\u0131n\u0131 ziyaret edin. Ge\u00e7mi\u015fi M.\u00d6. 2. y\u00fczy\u0131la kadar uzanan, g\u00fczelce s\u00fcslenmi\u015f Myra Tiyatrosu&#8217;na hayret edeceksiniz ve \u00f6nemli bir hac b\u00f6lgesi olan Roma d\u00f6neminden kalma St. Nicholas Kilisesi&#8217;nin etkileyici kal\u0131nt\u0131lar\u0131n\u0131 ke\u015ffedeceksiniz. Uzman rehberler size Demre&#8217;nin antik harikalar\u0131n\u0131 gezdirirken, bu tarihi simgelerin ard\u0131ndaki hikayeleri ke\u015ffedin.<\/p>\n<p style=\"text-align: center;\">2. Kekova: Bat\u0131k \u015eehir Gizemi:<\/p>\n<p style=\"text-align: center;\">K\u0131smen su alt\u0131nda kalan kal\u0131nt\u0131lar\u0131yla \u00fcnl\u00fc Kekova&#8217;n\u0131n sular\u0131nda gezinirken ola\u011fan\u00fcst\u00fc bir <a href=\"https:\/\/holidayexcursion.com\/tours-in-alanya\/tours\/jeep-safari\/\">maceraya<\/a> at\u0131l\u0131n. Y\u00fczy\u0131llar \u00f6nce bir depremle y\u0131k\u0131lan bat\u0131k \u015fehir, \u015fimdi b\u00fcy\u00fcleyici bir su alt\u0131 manzaras\u0131 sunuyor. Bu arkeolojik hazine \u00fczerinde \u015fnorkel yaparken veya cam tabanl\u0131 bir tekne turuna \u00e7\u0131karken antik duvarlar\u0131n, merdivenlerin ve hatta bat\u0131k binalar\u0131n kal\u0131nt\u0131lar\u0131na hayret edeceksiniz. Bat\u0131k \u015fehrin ge\u00e7mi\u015finin s\u0131rlar\u0131n\u0131 ke\u015ffedin ve bir zamanlar geli\u015fen bu metropolde ya\u015fam\u0131n nas\u0131l oldu\u011funu hayal edin.<\/p>\n<p style=\"text-align: center;\"><img loading=\"lazy\" decoding=\"async\" class=\"alignnone size-medium wp-image-28369\" src=\"https:\/\/holidayexcursion.com\/wp-content\/uploads\/2021\/10\/Demre-tour-holiday-excursion-300x158.webp\" alt=\"\" width=\"300\" height=\"158\" title=\"\" srcset=\"https:\/\/holidayexcursion.com\/wp-content\/uploads\/2021\/10\/Demre-tour-holiday-excursion-300x158.webp 300w, https:\/\/holidayexcursion.com\/wp-content\/uploads\/2021\/10\/Demre-tour-holiday-excursion.webp 600w\" sizes=\"auto, (max-width: 300px) 100vw, 300px\" \/><\/p>\n<p style=\"text-align: center;\">3. <a href=\"https:\/\/en.wikipedia.org\/wiki\/Myra\" rel=\"nofollow noopener\" target=\"_blank\">Myra<\/a>: Zamans\u0131z Sadelik ve Yerel K\u00fclt\u00fcr:<\/p>\n<p style=\"text-align: center;\">Pitoresk manzaralar aras\u0131nda otantik k\u0131rsal ya\u015fam\u0131n ortaya \u00e7\u0131kt\u0131\u011f\u0131 geleneksel T\u00fcrk k\u00f6y\u00fc Myra&#8217;y\u0131 deneyimleyin. Kendinizi Myra&#8217;n\u0131n s\u0131cakl\u0131\u011f\u0131na ve sadeli\u011fine kapt\u0131r\u0131rken b\u00fcy\u00fcleyici yerel k\u00f6yler, ta\u015f evler ve cennet gibi zeytinliklerle kar\u015f\u0131la\u015f\u0131n. Yerel olarak \u00fcretilen zeytinya\u011f\u0131 ve taze pi\u015fmi\u015f ekmek gibi geleneksel lezzetlerin tad\u0131na bak\u0131n ve k\u00fclt\u00fcrel miraslar\u0131n\u0131 gururla koruyan dost canl\u0131s\u0131 yerel halkla etkile\u015fime ge\u00e7in. Myra, tur s\u0131ras\u0131nda kar\u015f\u0131la\u015faca\u011f\u0131n\u0131z antik harikalarla sakin ve rahatlat\u0131c\u0131 bir kontrast sunuyor.<\/p>\n<p style=\"text-align: center;\">4. Do\u011fan\u0131n \u0130hti\u015fam\u0131na Bak\u0131\u015flar:<\/p>\n<p style=\"text-align: center;\">Demre Myra Kekova turu, tarihi ve k\u00fclt\u00fcrel zenginliklerin yan\u0131 s\u0131ra, ziyaret\u00e7ilerine nefes kesen do\u011fa manzaralar\u0131 da sunmaktad\u0131r. Farkl\u0131 lokasyonlar aras\u0131nda yelken a\u00e7arken Akdeniz&#8217;in turkuaz sular\u0131n\u0131n b\u00fcy\u00fcleyici manzaras\u0131n\u0131n keyfini \u00e7\u0131kar\u0131n. Bu ola\u011fan\u00fcst\u00fc yolculu\u011fun arka plan\u0131n\u0131 olu\u015fturan engebeli k\u0131y\u0131 \u015feridine, yemye\u015fil tepelere ve muhte\u015fem Toros Da\u011flar\u0131&#8217;na hayran kalacaks\u0131n\u0131z. G\u00f6zlerden uzak koylarda y\u00fczmek ve sakl\u0131 koylar\u0131 ke\u015ffetmek i\u00e7in e\u015fsiz f\u0131rsatlar sunan tur, do\u011fayla en saf haliyle ba\u011flant\u0131 kurman\u0131za olanak tan\u0131yor.<\/p>\n<p style=\"text-align: center;\"><img loading=\"lazy\" decoding=\"async\" class=\"alignnone size-medium wp-image-28381\" src=\"https:\/\/holidayexcursion.com\/wp-content\/uploads\/2021\/10\/kekova_adasi_holiday-excursion-300x216.jpg\" alt=\"\" width=\"300\" height=\"216\" title=\"\" srcset=\"https:\/\/holidayexcursion.com\/wp-content\/uploads\/2021\/10\/kekova_adasi_holiday-excursion-300x216.jpg 300w, https:\/\/holidayexcursion.com\/wp-content\/uploads\/2021\/10\/kekova_adasi_holiday-excursion-768x553.jpg 768w, https:\/\/holidayexcursion.com\/wp-content\/uploads\/2021\/10\/kekova_adasi_holiday-excursion-600x432.jpg 600w, https:\/\/holidayexcursion.com\/wp-content\/uploads\/2021\/10\/kekova_adasi_holiday-excursion.jpg 900w\" sizes=\"auto, (max-width: 300px) 100vw, 300px\" \/><\/p>\n<p style=\"text-align: center;\">5. Rehberli Uzmanl\u0131k ve Konfor:<\/p>\n<p style=\"text-align: center;\">Demre Myra Kekova turunda b\u00f6lgenin tarihine, k\u00fclt\u00fcr\u00fcne ve do\u011fa harikalar\u0131na hakim deneyimli rehberler verilmektedir. Bu bilgili rehberler tur boyunca size e\u015flik edecek, ilgi \u00e7ekici bilgiler payla\u015facak ve g\u00fcvenli ve rahat bir deneyim sa\u011flayacakt\u0131r. \u0130ster antik kal\u0131nt\u0131lar\u0131 ke\u015ffetmeyi, ister sadece do\u011fal g\u00fczelli\u011fin tad\u0131n\u0131 \u00e7\u0131karmay\u0131 se\u00e7in, onlar\u0131n uzmanl\u0131\u011f\u0131 turun \u00f6nemli noktalar\u0131n\u0131 anlaman\u0131z\u0131 ve takdir etmenizi art\u0131racakt\u0131r.<\/p>\n<p style=\"text-align: center;\">Demre Myra Kekova turu, tarih, k\u00fclt\u00fcr ve do\u011fal g\u00fczelliklerin e\u015fsiz bir kar\u0131\u015f\u0131m\u0131n\u0131 sunarak eski uygarl\u0131klar\u0131n s\u0131rlar\u0131n\u0131 a\u00e7\u0131\u011fa \u00e7\u0131karman\u0131za, bat\u0131k bir \u015fehrin gizemini ke\u015ffetmenize ve kendinizi geleneksel bir T\u00fcrk k\u00f6y\u00fcn\u00fcn zamans\u0131z sadeli\u011fine kapt\u0131rman\u0131za olanak tan\u0131r. Deneyimli rehberlerin yolculu\u011funuzu y\u00f6nlendirdi\u011fi bu tur, zenginle\u015ftirici ve unutulmaz bir deneyim vaat ederek, T\u00fcrkiye&#8217;nin tarihi ve do\u011fal miras\u0131n\u0131n derinli\u011fine dair derin bir takdir b\u0131rakman\u0131z\u0131 sa\u011flar.<\/p>\n<p style=\"text-align: center;\"><img loading=\"lazy\" decoding=\"async\" class=\"alignnone size-medium wp-image-28387\" src=\"https:\/\/holidayexcursion.com\/wp-content\/uploads\/2021\/10\/Myra-tour-holiday-excursion-300x159.webp\" alt=\"\" width=\"300\" height=\"159\" title=\"\" srcset=\"https:\/\/holidayexcursion.com\/wp-content\/uploads\/2021\/10\/Myra-tour-holiday-excursion-300x159.webp 300w, https:\/\/holidayexcursion.com\/wp-content\/uploads\/2021\/10\/Myra-tour-holiday-excursion-600x318.webp 600w, https:\/\/holidayexcursion.com\/wp-content\/uploads\/2021\/10\/Myra-tour-holiday-excursion.webp 650w\" sizes=\"auto, (max-width: 300px) 100vw, 300px\" \/><\/p>\n<div style=\"text-align: center;\"><strong> DEMRE MYRA KEKOVA TUR PROGRAMI:<\/strong><\/div>\n<div style=\"text-align: center;\">* Alanya&#8217;daki otel ve dairelerden alma\/b\u0131rakma<\/div>\n<div style=\"text-align: center;\">*Antalya yak\u0131n\u0131nda kahvalt\u0131 molas\u0131<\/div>\n<div style=\"text-align: center;\">* Aziz Nikolas M\u00fczesi ve ikon merkezini ziyaret etmek<\/div>\n<div style=\"text-align: center;\">* Myra antik kenti, antik tiyatro ve kaya mezarl\u0131\u011f\u0131 ziyareti, \u00d6\u011fle yeme\u011fi<\/div>\n<div style=\"text-align: center;\">* Kekova Adas\u0131 ve Bat\u0131k \u015eehir&#8217;e tekneyle gidi\u015f (2 saat)<\/div>\n<div style=\"text-align: center;\">* Myra&#8217;dan hareket,Antalya yak\u0131n\u0131nda mola<\/div>\n<div style=\"text-align: center;\">*Alanya&#8217;daki otellerinize ve dairelerinize b\u0131rakma<\/div>\n<div style=\"text-align: center;\"><\/div>\n<div style=\"text-align: center;\"><strong>F\u0130YATA DAH\u0130L OLANLAR :<\/strong><\/div>\n<div style=\"text-align: center;\">* Alanya&#8217;daki otel ve dairelerden alma\/b\u0131rakma<\/div>\n<div style=\"text-align: center;\">* Tur rehberi, \u00d6\u011fle yeme\u011fi, Bat\u0131k \u015fehirle birlikte tekne gezisi<\/div>\n<div style=\"text-align: center;\">* T\u00fcm giri\u015f \u00fccretleri (Myra antik kenti ve Ayasofya M\u00fczesi)<\/div>\n<div style=\"text-align: center;\"><\/div>\n<div style=\"text-align: center;\"><strong>Fiyata Dahil olmayanlar<\/strong><\/div>\n<div style=\"text-align: center;\">*\u0130\u00e7ecekler<\/div>\n<div style=\"text-align: center;\"><\/div>\n<div style=\"text-align: center;\"><strong>Extra bilgi ve tavsiyeler<\/strong><\/div>\n<div style=\"text-align: center;\">* Kameran\u0131z\u0131, mayonuzu, havlunuzu, g\u00fcne\u015f g\u00f6zl\u00fc\u011f\u00fcn\u00fcz\u00fc, y\u00fcr\u00fcy\u00fc\u015f ayakkab\u0131lar\u0131n\u0131z\u0131 yan\u0131n\u0131za al\u0131n<\/div>\n<p style=\"text-align: center;\">Antalya,Alanya,Side,Manavgat,Belek&#8217;ten temin edilebilir. Kesin al\u0131m saatleri i\u00e7in l\u00fctfen bizimle ileti\u015fime ge\u00e7in.<\/p>\n<p style=\"text-align: center;\">T\u00fcrkiye&#8217;deki tatiliniz boyunca size unutulmaz an\u0131lar dileriz.<\/p>\n<p style=\"text-align: center;\">Not: Daha fazla bilgi i\u00e7in Whats App&#8217;tan arayarak veya mesaj atarak da ileti\u015fime ge\u00e7ebilirsiniz.<\/p>\n<p style=\"text-align: center;\">Holiday Excursion Ekibi,<\/p>\n<p><iframe loading=\"lazy\" title=\"Demre Myra (General Information)\" width=\"1020\" height=\"765\" src=\"https:\/\/www.youtube.com\/embed\/K8iB-FTp9cg?feature=oembed\" frameborder=\"0\" allow=\"accelerometer; autoplay; clipboard-write; encrypted-media; gyroscope; picture-in-picture; web-share\" allowfullscreen><\/iframe><\/p>\n<p><iframe loading=\"lazy\" title=\"Home of Saint Nicholas (Santa Claus) - Demre, Turkey\" width=\"1020\" height=\"574\" src=\"https:\/\/www.youtube.com\/embed\/wFd-0DcQtvM?feature=oembed\" frameborder=\"0\" allow=\"accelerometer; autoplay; clipboard-write; encrypted-media; gyroscope; picture-in-picture; web-share\" allowfullscreen><\/iframe><\/p>\n<p><iframe loading=\"lazy\" title=\"Myra Antik Kenti Demre\/Antalya - The ancient city of Myra in Demre \/ Antalya\" width=\"1020\" height=\"574\" src=\"https:\/\/www.youtube.com\/embed\/afqk_uuf5nM?feature=oembed\" frameborder=\"0\" allow=\"accelerometer; autoplay; clipboard-write; encrypted-media; gyroscope; picture-in-picture; web-share\" allowfullscreen><\/iframe><\/p>\n","protected":false},"excerpt":{"rendered":"<p>DEMRE MYRA KEKOVA Kadim Harikalar\u0131 Ke\u015ffetmek: Demre Myra Kekova Turunun A\u00e7\u0131l\u0131\u015f\u0131 Demre Myra Kekova turu ile kadim tarihin ve nefes kesen do\u011fal g\u00fczelliklerin diyar\u0131na ad\u0131m at\u0131n. \u00c7arp\u0131c\u0131 T\u00fcrkiye sahilinde yer alan Bu Holiday Excursion turu, sizi zamanda b\u00fcy\u00fcleyici bir yolculu\u011fa \u00e7\u0131kararak Demre&#8217;nin b\u00fcy\u00fcleyici hazinelerini ke\u015ffetmenize, gizemli bat\u0131k \u015fehir Kekova&#8217;y\u0131 ke\u015ffetmenize ve kendinizi geleneksel Myra k\u00f6y\u00fcn\u00fcn<\/p>\n","protected":false},"featured_media":4592,"comment_status":"open","ping_status":"closed","template":"","meta":[],"product_brand":[],"product_cat":[108],"product_tag":[],"class_list":{"0":"post-5287","1":"product","2":"type-product","3":"status-publish","4":"has-post-thumbnail","6":"product_cat-turlar","8":"first","9":"instock","10":"featured","11":"virtual","12":"sold-individually","13":"purchasable","14":"product-type-booking"},"_links":{"self":[{"href":"https:\/\/holidayexcursion.com\/tr\/wp-json\/wp\/v2\/product\/5287","targetHints":{"allow":["GET"]}}],"collection":[{"href":"https:\/\/holidayexcursion.com\/tr\/wp-json\/wp\/v2\/product"}],"about":[{"href":"https:\/\/holidayexcursion.com\/tr\/wp-json\/wp\/v2\/types\/product"}],"replies":[{"embeddable":true,"href":"https:\/\/holidayexcursion.com\/tr\/wp-json\/wp\/v2\/comments?post=5287"}],"wp:featuredmedia":[{"embeddable":true,"href":"https:\/\/holidayexcursion.com\/tr\/wp-json\/wp\/v2\/media\/4592"}],"wp:attachment":[{"href":"https:\/\/holidayexcursion.com\/tr\/wp-json\/wp\/v2\/media?parent=5287"}],"wp:term":[{"taxonomy":"product_brand","embeddable":true,"href":"https:\/\/holidayexcursion.com\/tr\/wp-json\/wp\/v2\/product_brand?post=5287"},{"taxonomy":"product_cat","embeddable":true,"href":"https:\/\/holidayexcursion.com\/tr\/wp-json\/wp\/v2\/product_cat?post=5287"},{"taxonomy":"product_tag","embeddable":true,"href":"https:\/\/holidayexcursion.com\/tr\/wp-json\/wp\/v2\/product_tag?post=5287"}],"curies":[{"name":"wp","href":"https:\/\/api.w.org\/{rel}","templated":true}]}}