{"id":5292,"date":"2021-10-06T01:38:31","date_gmt":"2021-12-06T22:07:43","guid":{"rendered":"http:\/\/holidayexcursion.com\/excursions-in-alanya\/kategorilenmemis\/rafting-turu\/"},"modified":"2024-03-02T19:47:21","modified_gmt":"2024-03-02T16:47:21","slug":"antalya-rafting-turu","status":"publish","type":"product","link":"https:\/\/holidayexcursion.com\/tr\/tours-in-alanya\/turlar\/antalya-rafting-turu\/","title":{"rendered":"Rafting Turu"},"content":{"rendered":"<h2 style=\"font-weight: 400; text-align: center;\">Rafting Turu<\/h2>\n<p style=\"text-align: center;\">Rapidleri Fethedin ve Maceray\u0131 Kucaklay\u0131n: <a href=\"https:\/\/en.wikipedia.org\/wiki\/K%C3%B6pr%C3%BCl%C3%BC_Canyon\" rel=\"nofollow noopener\" target=\"_blank\">Antalya<\/a> Rafting Turu<\/p>\n<p style=\"text-align: center;\">Antalya Rafting turu nun\u00a0 heyecan dolu d\u00fcnyas\u0131na ad\u0131m atarken adrenalin dolu bir maceraya haz\u0131r olun. T\u00fcrkiye&#8217;nin Akdeniz k\u0131y\u0131s\u0131ndaki pitoresk manzaralar i\u00e7inde yer alan bu pop\u00fcler destinasyon, a\u00e7\u0131k hava merakl\u0131lar\u0131 ve macera arayanlar i\u00e7in unutulmaz bir deneyim sunuyor. Bu Holiday Excursion turumuzda sizi adrenalin dolu Antalya Alanya Rafting Turu ile muhte\u015fem adrenalin dolu bir yolculu\u011fa \u00e7\u0131karaca\u011f\u0131z.<\/p>\n<p style=\"text-align: center;\"><img loading=\"lazy\" decoding=\"async\" class=\"alignnone size-medium wp-image-28824\" src=\"https:\/\/holidayexcursion.com\/wp-content\/uploads\/2021\/10\/Rafting-alanya-300x200.webp\" alt=\"\" width=\"300\" height=\"200\" title=\"\" srcset=\"https:\/\/holidayexcursion.com\/wp-content\/uploads\/2021\/10\/Rafting-alanya-300x200.webp 300w, https:\/\/holidayexcursion.com\/wp-content\/uploads\/2021\/10\/Rafting-alanya-768x511.webp 768w, https:\/\/holidayexcursion.com\/wp-content\/uploads\/2021\/10\/Rafting-alanya-600x400.webp 600w, https:\/\/holidayexcursion.com\/wp-content\/uploads\/2021\/10\/Rafting-alanya.webp 1000w\" sizes=\"auto, (max-width: 300px) 100vw, 300px\" \/><\/p>\n<p style=\"text-align: center;\">1. Kudretli K\u00f6pr\u00fc\u00e7ay Nehri:<\/p>\n<p style=\"text-align: center;\">Antalya Rafting turu, h\u0131zl\u0131 akan sular\u0131 ve co\u015fkulu ak\u0131nt\u0131lar\u0131yla \u00fcnl\u00fc K\u00f6pr\u00fc\u00e7ay Nehri \u00fczerinde yap\u0131lmaktad\u0131r. Nehrin k\u0131vr\u0131mlar\u0131 ve d\u00f6n\u00fc\u015fleri aras\u0131nda gezinirken yemye\u015fil ormanlar, engebeli kanyonlar ve hayranl\u0131k uyand\u0131ran \u015felaleler dahil nefes kesen do\u011fal g\u00fczelliklerle \u00e7evreleneceksiniz. A\u015fa\u011f\u0131 do\u011fru ilerlerken muhte\u015fem manzaran\u0131n b\u00fcy\u00fcs\u00fcne kap\u0131lmaya haz\u0131rlan\u0131n.<\/p>\n<p style=\"text-align: center;\">2. Heyecanlar ve Zorluklar:<\/p>\n<p style=\"text-align: center;\">Antalya Rafting turu zorlu ama inan\u0131lmaz derecede \u00f6d\u00fcllendirici bir deneyimdir. Uzman rehberler g\u00fcvenlik talimatlar\u0131n\u0131 sa\u011flayacak ve sizi gerekli ekipmanlarla donatarak maceran\u0131z\u0131n g\u00fcvenli ve keyifli olmas\u0131n\u0131 sa\u011flayacakt\u0131r. Tak\u0131m \u00e7al\u0131\u015fman\u0131z\u0131, \u00e7evikli\u011finizi ve kararl\u0131l\u0131\u011f\u0131n\u0131z\u0131 test edecek heyecan verici h\u0131zl\u0131 ge\u00e7i\u015fleri fethederken, kalp at\u0131\u015flar\u0131n\u0131z\u0131 h\u0131zland\u0131racak anlara kendinizi haz\u0131rlay\u0131n. K\u00f6pr\u00fc\u00e7ay Nehri&#8217;nde rafting yapmak, adrenalin tutkunlar\u0131 i\u00e7in heyecan verici ak\u0131nt\u0131lar ile rahatlamak ve b\u00fcy\u00fcleyici \u00e7evreyi ke\u015ffetmek i\u00e7in sakin uzanma olanaklar\u0131n\u0131 bir arada sunuyor.<\/p>\n<p style=\"text-align: center;\"><img loading=\"lazy\" decoding=\"async\" class=\"alignnone size-medium wp-image-28812\" src=\"https:\/\/holidayexcursion.com\/wp-content\/uploads\/2021\/10\/Alanya-rafting-300x199.webp\" alt=\"\" width=\"300\" height=\"199\" title=\"\" srcset=\"https:\/\/holidayexcursion.com\/wp-content\/uploads\/2021\/10\/Alanya-rafting-300x199.webp 300w, https:\/\/holidayexcursion.com\/wp-content\/uploads\/2021\/10\/Alanya-rafting-768x508.webp 768w, https:\/\/holidayexcursion.com\/wp-content\/uploads\/2021\/10\/Alanya-rafting-600x397.webp 600w, https:\/\/holidayexcursion.com\/wp-content\/uploads\/2021\/10\/Alanya-rafting.webp 1000w\" sizes=\"auto, (max-width: 300px) 100vw, 300px\" \/><\/p>\n<p style=\"text-align: center;\">3. T\u00fcm Deneyim Seviyelerine Uygun:<\/p>\n<p style=\"text-align: center;\">\u0130ster deneyimli bir raftingci olun ister ilk kez deneyen olun, Antalya Rafting turu farkl\u0131 beceri seviyelerine hitap etmektedir. Uzman rehberler, herkesin g\u00fcvenli ve keyifli bir deneyim ya\u015famas\u0131n\u0131 sa\u011flamak i\u00e7in rehberlik ve yard\u0131m sa\u011flamaya haz\u0131rd\u0131r. Yeni ba\u015flayanlar nehrin daha az zorlu k\u0131s\u0131mlar\u0131n\u0131 tercih edebilirken, daha deneyimli ki\u015filer tam g\u00fcn s\u00fcren bir maceraya at\u0131l\u0131p kendilerini ne\u015felendirecek heyecan verici ak\u0131nt\u0131larla m\u00fccadele edebilir.<\/p>\n<p style=\"text-align: center;\">4. Heyecan Verici Bir Grup Etkinli\u011fi:<\/p>\n<p style=\"text-align: center;\">Antalya Rafting turu fantastik bir grup etkinli\u011fi olup, aileler, arkada\u015flar veya kurumsal ekip olu\u015fturma gezileri i\u00e7in idealdir. H\u0131zl\u0131 ak\u0131nt\u0131larda ilerlemek i\u00e7in birlikte \u00e7al\u0131\u015fmak, kat\u0131l\u0131mc\u0131lar aras\u0131nda i\u015fbirli\u011fini, ileti\u015fimi ve dostlu\u011fu te\u015fvik eder. Nehrin sundu\u011fu zorluklar kar\u015f\u0131s\u0131nda birbirinizi te\u015fvik edip desteklerken kal\u0131c\u0131 an\u0131lar yarat\u0131n. Bu <a href=\"https:\/\/holidayexcursion.com\/tours-in-alanya\/tours\/horse-riding\/\">macera<\/a> s\u0131ras\u0131nda olu\u015fan ba\u011f \u015f\u00fcphesiz ili\u015fkileri g\u00fc\u00e7lendirecek ve y\u0131llar boyu hat\u0131rlanacak bir deneyim yaratacakt\u0131r.<\/p>\n<p style=\"text-align: center;\"><img loading=\"lazy\" decoding=\"async\" class=\"alignnone size-medium wp-image-28818\" src=\"https:\/\/holidayexcursion.com\/wp-content\/uploads\/2021\/10\/Rafting-alanya-tour-300x188.webp\" alt=\"\" width=\"300\" height=\"188\" title=\"\" srcset=\"https:\/\/holidayexcursion.com\/wp-content\/uploads\/2021\/10\/Rafting-alanya-tour-300x188.webp 300w, https:\/\/holidayexcursion.com\/wp-content\/uploads\/2021\/10\/Rafting-alanya-tour-600x375.webp 600w, https:\/\/holidayexcursion.com\/wp-content\/uploads\/2021\/10\/Rafting-alanya-tour.webp 624w\" sizes=\"auto, (max-width: 300px) 100vw, 300px\" \/><\/p>\n<p style=\"text-align: center;\">5. Do\u011faya Dalm\u0131\u015f:<\/p>\n<p style=\"text-align: center;\">Antalya Rafting turunun \u00f6ne \u00e7\u0131kan \u00f6zelliklerinden biri de do\u011fan\u0131n harikalar\u0131na kendinizi kapt\u0131rma f\u0131rsat\u0131d\u0131r. K\u00f6pr\u00fc\u00e7ay Nehri&#8217;nin berrak sular\u0131nda s\u00fcz\u00fclerek bu b\u00f6lgeyi eviniz yapan canl\u0131 flora ve faunaya tan\u0131k olman\u0131z\u0131 sa\u011flar. Yolculu\u011funuz s\u0131ras\u0131nda ortaya \u00e7\u0131kabilecek nadir ku\u015f t\u00fcrlerine, kaplumba\u011falara ve di\u011fer yabani hayvanlara dikkat edin. T\u00fcrkiye&#8217;nin do\u011fal g\u00fczelliklerinin bu ilk elden deneyimi, rafting maceras\u0131na ekstra bir boyut kat\u0131yor.<\/p>\n<p style=\"text-align: center;\">K\u00f6pr\u00fc\u00e7ay Nehri \u00fczerinde yap\u0131lan Antalya Rafting turu, adrenalin dolu ak\u0131nt\u0131lar\u0131 nefes kesen do\u011fal g\u00fczelliklerle birle\u015ftiren, heyecan verici ve unutulmaz bir macerad\u0131r. T\u00fcm deneyim seviyelerine uygun olan bu aktivite, kendinize meydan okuman\u0131za, ba\u015fkalar\u0131yla ba\u011f kurman\u0131za ve T\u00fcrkiye&#8217;nin muhte\u015fem manzaralar\u0131n\u0131n keyfini \u00e7\u0131karman\u0131za olanak tan\u0131r. \u0130ster adrenalin dolu bir deneyim ar\u0131yor olun, ister benzersiz bir ekip kurma deneyimi ar\u0131yor olun, Antalya Rafting, damarlar\u0131n\u0131zda ve an\u0131lar\u0131n\u0131zda adrenalinin dola\u015faca\u011f\u0131, \u00f6m\u00fcr boyu s\u00fcrecek unutulmaz bir macera vaat ediyor. O halde k\u00fcrekinizi kap\u0131n, emniyet ekipman\u0131n\u0131z\u0131 tak\u0131n ve Antalya&#8217;n\u0131n ak\u0131nt\u0131lar\u0131n\u0131 fethetmeye haz\u0131rlan\u0131n!<\/p>\n<p style=\"text-align: center;\"><img loading=\"lazy\" decoding=\"async\" class=\"alignnone size-medium wp-image-28806\" src=\"https:\/\/holidayexcursion.com\/wp-content\/uploads\/2021\/10\/Alanya-rafting-tour-300x200.webp\" alt=\"\" width=\"300\" height=\"200\" title=\"\" srcset=\"https:\/\/holidayexcursion.com\/wp-content\/uploads\/2021\/10\/Alanya-rafting-tour-300x200.webp 300w, https:\/\/holidayexcursion.com\/wp-content\/uploads\/2021\/10\/Alanya-rafting-tour-1024x682.webp 1024w, https:\/\/holidayexcursion.com\/wp-content\/uploads\/2021\/10\/Alanya-rafting-tour-768x512.webp 768w, https:\/\/holidayexcursion.com\/wp-content\/uploads\/2021\/10\/Alanya-rafting-tour-600x400.webp 600w, https:\/\/holidayexcursion.com\/wp-content\/uploads\/2021\/10\/Alanya-rafting-tour.webp 1295w\" sizes=\"auto, (max-width: 300px) 100vw, 300px\" \/><\/p>\n<div style=\"text-align: center;\"><strong>\u00a0RAFT\u0130NG TURU PROGRAMI:<\/strong><\/div>\n<div style=\"text-align: center;\">*Alanya ve \u00e7evresindeki otel ve apartlardan ara\u00e7la alma<\/div>\n<div style=\"text-align: center;\">* K\u00f6pr\u00fcl\u00fc Kanyon&#8217;a var\u0131\u015f<\/div>\n<div style=\"text-align: center;\">* Profesyonel rehberler taraf\u0131ndan rafting hakk\u0131nda bilgilendirme<\/div>\n<div style=\"text-align: center;\">* Rafting ekipman\u0131n\u0131zla donat\u0131lma<\/div>\n<div style=\"text-align: center;\">* Rafting ba\u015flamadan \u00f6nce ba\u015flang\u0131\u00e7 \u200b\u200bnoktas\u0131na yolculuk (yolculuk 7 km ve yakla\u015f\u0131k 15 dakika s\u00fcrer), Roma k\u00f6pr\u00fcs\u00fcn\u00fc ziyaret etme, foto\u011fraf \u00e7ekme ve y\u00fczmenin keyfini \u00e7\u0131karma f\u0131rsat\u0131 olacakt\u0131r.<\/div>\n<div style=\"text-align: center;\">* Daha sonra rafting deneyiminin ilk k\u0131sm\u0131 uzman profesyonel rehberlerimiz e\u015fli\u011finde 10 km&#8217;dir.<\/div>\n<div style=\"text-align: center;\">* Daha sonra nehir kenar\u0131ndaki restoranda \u00f6\u011fle yeme\u011fi molas\u0131<\/div>\n<div style=\"text-align: center;\">* \u00d6\u011fle yeme\u011finin ard\u0131ndan rafting yolculu\u011funuzun son 3,6 km&#8217;sine ba\u015fl\u0131yoruz.<\/div>\n<div style=\"text-align: center;\">* Son istasyona vard\u0131\u011f\u0131m\u0131zda, yol boyunca \u00e7ekilen foto\u011fraf ve videolar\u0131 g\u00f6r\u00fcnt\u00fcleme f\u0131rsat\u0131 bulacaks\u0131n\u0131z, e\u011fer isterseniz maceran\u0131z\u0131n hat\u0131ras\u0131 olarak bunlar\u0131 sat\u0131n alabilirsiniz.<\/div>\n<div style=\"text-align: center;\">*Alanya&#8217;daki otellerinize ve dairelerinize b\u0131rakma<\/div>\n<div style=\"text-align: center;\"><\/div>\n<div style=\"text-align: center;\">\n<div><strong>F\u0130YATA DAH\u0130L OLANLAR :<\/strong><\/div>\n<div>* Alanya ve \u00e7evresindeki otel ve apartmanlardan transferiniz.<\/div>\n<div>* \u00d6\u011fle yeme\u011fi, Rehber, e\u011fitmenler, Ana ekipmanlar (kask, can yele\u011fi, bot)<\/div>\n<div><\/div>\n<div><strong>Fiyata Dahil olmayanlar<\/strong><\/div>\n<div>* \u0130\u00e7ecekler, Foto\u011fraflar, DVD<\/div>\n<\/div>\n<div style=\"text-align: center;\"><\/div>\n<div style=\"text-align: center;\"><strong>Extra bilgi ve tavsiyeler<\/strong><\/div>\n<div style=\"text-align: center;\">* 3 ya\u015f alt\u0131 \u00e7ocuklar\u0131n ve hamile kad\u0131nlar\u0131n rafting yapmas\u0131na izin verilmemektedir.<\/div>\n<div style=\"text-align: center;\">* Mayo, deniz ayakkab\u0131s\u0131, sandalet, bikini, havlu, g\u00fcne\u015f kremi, bir ti\u015f\u00f6rt daha getirin<\/div>\n<div style=\"text-align: center;\">* Suda kolay kaymayan uygun ayakkab\u0131lar giyin. Ayr\u0131ca rehberimizden kiralayabilir veya sat\u0131n alabilirsiniz.<\/div>\n<div style=\"text-align: center;\">* L\u00fctfen de\u011ferli e\u015fyalar\u0131n\u0131z\u0131 ve metal aksesuarlar\u0131n\u0131z\u0131 (k\u00fcpe, kolye vb.) almay\u0131n\u0131z. Sadece i\u00e7ecek, foto\u011fraf ve video i\u00e7in bir miktar para alabilirsiniz.<\/div>\n<p style=\"font-weight: 400; text-align: center;\">Antalya,Alanya,Side,Manavgat,Belek&#8217;ten temin edilebilir. Kesin al\u0131m saatleri i\u00e7in l\u00fctfen bizimle ileti\u015fime ge\u00e7in.<\/p>\n<p style=\"text-align: center;\">Alanya&#8217;daki tatiliniz boyunca size unutulmaz an\u0131lar diliyoruz.<\/p>\n<p style=\"text-align: center;\">Not: Daha fazla bilgi i\u00e7in Whats App&#8217;tan arayarak veya mesaj atarak da ileti\u015fime ge\u00e7ebilirsiniz.<\/p>\n<p style=\"text-align: center;\">Holiday Excursion Ekibi,<\/p>\n<p><iframe loading=\"lazy\" title=\"Rafting k\u00f6pr\u00fcl\u00fc canyon, T\u00fcrkei Region Antalya\" width=\"1020\" height=\"765\" src=\"https:\/\/www.youtube.com\/embed\/Sl9b6UKi2T8?feature=oembed\" frameborder=\"0\" allow=\"accelerometer; autoplay; clipboard-write; encrypted-media; gyroscope; picture-in-picture; web-share\" allowfullscreen><\/iframe><\/p>\n<p><iframe loading=\"lazy\" title=\"K\u00f6pr\u00fcl\u00fc Kanyon \/ Manavgat \/ Antalya\" width=\"1020\" height=\"765\" src=\"https:\/\/www.youtube.com\/embed\/Xxng1g1PrdE?feature=oembed\" frameborder=\"0\" allow=\"accelerometer; autoplay; clipboard-write; encrypted-media; gyroscope; picture-in-picture; web-share\" allowfullscreen><\/iframe><\/p>\n","protected":false},"excerpt":{"rendered":"<p>Rafting Turu Rapidleri Fethedin ve Maceray\u0131 Kucaklay\u0131n: Antalya Rafting Turu Antalya Rafting turu nun\u00a0 heyecan dolu d\u00fcnyas\u0131na ad\u0131m atarken adrenalin dolu bir maceraya haz\u0131r olun. T\u00fcrkiye&#8217;nin Akdeniz k\u0131y\u0131s\u0131ndaki pitoresk manzaralar i\u00e7inde yer alan bu pop\u00fcler destinasyon, a\u00e7\u0131k hava merakl\u0131lar\u0131 ve macera arayanlar i\u00e7in unutulmaz bir deneyim sunuyor. Bu Holiday Excursion turumuzda sizi adrenalin dolu Antalya<\/p>\n","protected":false},"featured_media":4289,"comment_status":"open","ping_status":"closed","template":"","meta":[],"product_brand":[],"product_cat":[108],"product_tag":[],"class_list":{"0":"post-5292","1":"product","2":"type-product","3":"status-publish","4":"has-post-thumbnail","6":"product_cat-turlar","8":"first","9":"instock","10":"virtual","11":"sold-individually","12":"purchasable","13":"product-type-booking"},"_links":{"self":[{"href":"https:\/\/holidayexcursion.com\/tr\/wp-json\/wp\/v2\/product\/5292","targetHints":{"allow":["GET"]}}],"collection":[{"href":"https:\/\/holidayexcursion.com\/tr\/wp-json\/wp\/v2\/product"}],"about":[{"href":"https:\/\/holidayexcursion.com\/tr\/wp-json\/wp\/v2\/types\/product"}],"replies":[{"embeddable":true,"href":"https:\/\/holidayexcursion.com\/tr\/wp-json\/wp\/v2\/comments?post=5292"}],"wp:featuredmedia":[{"embeddable":true,"href":"https:\/\/holidayexcursion.com\/tr\/wp-json\/wp\/v2\/media\/4289"}],"wp:attachment":[{"href":"https:\/\/holidayexcursion.com\/tr\/wp-json\/wp\/v2\/media?parent=5292"}],"wp:term":[{"taxonomy":"product_brand","embeddable":true,"href":"https:\/\/holidayexcursion.com\/tr\/wp-json\/wp\/v2\/product_brand?post=5292"},{"taxonomy":"product_cat","embeddable":true,"href":"https:\/\/holidayexcursion.com\/tr\/wp-json\/wp\/v2\/product_cat?post=5292"},{"taxonomy":"product_tag","embeddable":true,"href":"https:\/\/holidayexcursion.com\/tr\/wp-json\/wp\/v2\/product_tag?post=5292"}],"curies":[{"name":"wp","href":"https:\/\/api.w.org\/{rel}","templated":true}]}}