{"id":5305,"date":"2021-10-06T01:47:10","date_gmt":"2021-12-06T22:07:44","guid":{"rendered":"http:\/\/holidayexcursion.com\/excursions-in-alanya\/kategorilenmemis\/antalya-akvaryum-turu\/"},"modified":"2023-12-05T23:00:50","modified_gmt":"2023-12-05T20:00:50","slug":"antalya-akvaryum","status":"publish","type":"product","link":"https:\/\/holidayexcursion.com\/tr\/tours-in-alanya\/turlar\/antalya-akvaryum\/","title":{"rendered":"Antalya Akvaryum Turu"},"content":{"rendered":"<h2 style=\"text-align: center;\">ANTALYA AKVARYUM TURU<\/h2>\n<p>&nbsp;<\/p>\n<p style=\"text-align: center;\">B\u00fcy\u00fcleyici Derinliklere Dal\u0131n: Antalya Akvaryum Turunu Ke\u015ffetme zaman\u0131<\/p>\n<p style=\"text-align: center;\">T\u00fcrkiye&#8217;nin muhte\u015fem Akdeniz k\u0131y\u0131s\u0131nda yer alan b\u00fcy\u00fcleyici bir destinasyon olan Antalya Akvaryum&#8217;da kendinizi hayranl\u0131k uyand\u0131ran deniz ya\u015fam\u0131 d\u00fcnyas\u0131na b\u0131rak\u0131n. E\u011fitim, e\u011flence ve maceran\u0131n e\u015fsiz bir kar\u0131\u015f\u0131m\u0131n\u0131 sunan Antalya Akvaryum turu, her ya\u015ftan ziyaret\u00e7iye unutulmaz bir deneyim vaat ediyor. Bu b\u00fcy\u00fcleyici cazibe merkezinde sizi bekleyen harikalar aras\u0131nda sanal bir yolculu\u011fa \u00e7\u0131kal\u0131m.<\/p>\n<p style=\"text-align: center;\"><img loading=\"lazy\" decoding=\"async\" class=\"alignnone size-medium wp-image-28731\" src=\"https:\/\/holidayexcursion.com\/wp-content\/uploads\/2021\/10\/Antalya-Akvaryum-Turu-3-300x195.jpeg\" alt=\"\" width=\"300\" height=\"195\" title=\"\" srcset=\"https:\/\/holidayexcursion.com\/wp-content\/uploads\/2021\/10\/Antalya-Akvaryum-Turu-3-300x195.jpeg 300w, https:\/\/holidayexcursion.com\/wp-content\/uploads\/2021\/10\/Antalya-Akvaryum-Turu-3-600x389.jpeg 600w, https:\/\/holidayexcursion.com\/wp-content\/uploads\/2021\/10\/Antalya-Akvaryum-Turu-3.jpeg 735w\" sizes=\"auto, (max-width: 300px) 100vw, 300px\" \/><\/p>\n<p style=\"text-align: center;\">1. Muhte\u015fem Bir Sualt\u0131 Cenneti:<\/p>\n<p style=\"text-align: center;\">D\u00fcnyan\u0131n en b\u00fcy\u00fck t\u00fcnel akvaryumlar\u0131ndan birine sahip olan <a href=\"https:\/\/www.antalyaaquarium.com\/Tr\/Anasayfa\" rel=\"nofollow noopener\" target=\"_blank\">Antalya Akvaryum<\/a>&#8216;u ke\u015ffederken b\u00fcy\u00fcleyici bir d\u00fcnyaya ad\u0131m at\u0131n. Canl\u0131 deniz ya\u015fam\u0131n\u0131n kaleydoskopunu g\u00f6zler \u00f6n\u00fcne seren \u015feffaf t\u00fcnelde y\u00fcr\u00fcrken sizi \u00e7evreleyen nefes kesen su alt\u0131 manzaralar\u0131n\u0131n b\u00fcy\u00fcs\u00fcne kap\u0131lmaya haz\u0131r olun. \u00c7arp\u0131c\u0131 mercan resiflerinden g\u00f6rkemli k\u00f6pek bal\u0131klar\u0131na, <a href=\"https:\/\/holidayexcursion.com\/tours-in-alanya\/tours\/diving-tour\/\">kaplumba\u011falara<\/a> ve say\u0131s\u0131z tropikal bal\u0131k t\u00fcr\u00fcne kadar Antalya Akvaryum&#8217;un sergileri, dalgalar\u0131n alt\u0131ndaki b\u00fcy\u00fcleyici ekosisteme heyecan verici bir bak\u0131\u015f sunuyor.<\/p>\n<p style=\"text-align: center;\"><img loading=\"lazy\" decoding=\"async\" class=\"alignnone size-medium wp-image-28725\" src=\"https:\/\/holidayexcursion.com\/wp-content\/uploads\/2021\/10\/antalya-akvaryum-300x200.jpg\" alt=\"\" width=\"300\" height=\"200\" title=\"\" srcset=\"https:\/\/holidayexcursion.com\/wp-content\/uploads\/2021\/10\/antalya-akvaryum-300x200.jpg 300w, https:\/\/holidayexcursion.com\/wp-content\/uploads\/2021\/10\/antalya-akvaryum-600x400.jpg 600w, https:\/\/holidayexcursion.com\/wp-content\/uploads\/2021\/10\/antalya-akvaryum.jpg 669w\" sizes=\"auto, (max-width: 300px) 100vw, 300px\" \/><\/p>\n<p style=\"text-align: center;\">2. E\u011fitici ve Bilgilendirici:<\/p>\n<p style=\"text-align: center;\">Antalya Akvaryum turu e\u011flencenin \u00f6tesine ge\u00e7erek ziyaret\u00e7ilerine e\u011fitici ve bilgilendirici bir deneyim sunuyor. Etkile\u015fimli ekranlar, bilgilendirici tabelalar ve bilgili personel arac\u0131l\u0131\u011f\u0131yla denizlerin korunmas\u0131, sudaki ya\u015fam alanlar\u0131n\u0131n korunmas\u0131n\u0131n \u00f6nemi ve \u00e7e\u015fitli deniz canl\u0131lar\u0131n\u0131n b\u00fcy\u00fcleyici davran\u0131\u015flar\u0131 ve adaptasyonlar\u0131 hakk\u0131nda bilgi edineceksiniz. Okyanusun hassas dengesinin harikalar\u0131n\u0131 ke\u015ffedin ve onu korumak i\u00e7in gereken \u00e7evresel \u00e7abalar\u0131n yeni ke\u015ffedilen takdirini kazan\u0131n.<\/p>\n<p style=\"text-align: center;\"><img loading=\"lazy\" decoding=\"async\" class=\"size-medium wp-image-4026\" src=\"https:\/\/holidayexcursion.com\/wp-content\/uploads\/2021\/10\/antalya-aquarium-1-150x150.webp\" alt=\"antalya akvaryum\" width=\"300\" height=\"300\" title=\"\" srcset=\"https:\/\/holidayexcursion.com\/wp-content\/uploads\/2021\/10\/antalya-aquarium-1-150x150.webp 150w, https:\/\/holidayexcursion.com\/wp-content\/uploads\/2021\/10\/antalya-aquarium-1-300x300.webp 300w, https:\/\/holidayexcursion.com\/wp-content\/uploads\/2021\/10\/antalya-aquarium-1-768x768.webp 768w, https:\/\/holidayexcursion.com\/wp-content\/uploads\/2021\/10\/antalya-aquarium-1-1024x1024.webp 1024w, https:\/\/holidayexcursion.com\/wp-content\/uploads\/2021\/10\/antalya-aquarium-1-1536x1536.webp 1536w, https:\/\/holidayexcursion.com\/wp-content\/uploads\/2021\/10\/antalya-aquarium-1-600x600.webp 600w, https:\/\/holidayexcursion.com\/wp-content\/uploads\/2021\/10\/antalya-aquarium-1-100x100.webp 100w, https:\/\/holidayexcursion.com\/wp-content\/uploads\/2021\/10\/antalya-aquarium-1.webp 2000w\" sizes=\"auto, (max-width: 300px) 100vw, 300px\" \/><\/p>\n<p style=\"text-align: center;\">3. \u00c7ok Boyutlu Deneyimler:<\/p>\n<p style=\"text-align: center;\">Antalya Akvaryum, ziyaret\u00e7ilerin ilgi alanlar\u0131na ve ya\u015flar\u0131na g\u00f6re tasarlanm\u0131\u015f \u00e7e\u015fitli benzersiz ve s\u00fcr\u00fckleyici deneyimler sunmaktad\u0131r. Antalya Akvaryum, ziyaret\u00e7ilerin ilgi alanlar\u0131na ve ya\u015flar\u0131na g\u00f6re tasarlanm\u0131\u015f \u00e7e\u015fitli benzersiz ve s\u00fcr\u00fckleyici deneyimler sunmaktad\u0131r. Akvaryumda ayr\u0131ca 3D film g\u00f6sterimleri, kar d\u00fcnyas\u0131 ve tematik hediyelik e\u015fya d\u00fckkan\u0131 gibi \u00f6zel aktiviteler de yer al\u0131yor ve herkesin keyif alaca\u011f\u0131 bir \u015feyler var.<\/p>\n<p style=\"text-align: center;\"><img loading=\"lazy\" decoding=\"async\" class=\"size-medium wp-image-4029\" src=\"https:\/\/holidayexcursion.com\/wp-content\/uploads\/2021\/10\/antalya-aquarium-4-150x150.webp\" alt=\"antalya akvaryum\" width=\"300\" height=\"300\" title=\"\" srcset=\"https:\/\/holidayexcursion.com\/wp-content\/uploads\/2021\/10\/antalya-aquarium-4-150x150.webp 150w, https:\/\/holidayexcursion.com\/wp-content\/uploads\/2021\/10\/antalya-aquarium-4-300x300.webp 300w, https:\/\/holidayexcursion.com\/wp-content\/uploads\/2021\/10\/antalya-aquarium-4-768x768.webp 768w, https:\/\/holidayexcursion.com\/wp-content\/uploads\/2021\/10\/antalya-aquarium-4-1024x1024.webp 1024w, https:\/\/holidayexcursion.com\/wp-content\/uploads\/2021\/10\/antalya-aquarium-4-1536x1536.webp 1536w, https:\/\/holidayexcursion.com\/wp-content\/uploads\/2021\/10\/antalya-aquarium-4-600x600.webp 600w, https:\/\/holidayexcursion.com\/wp-content\/uploads\/2021\/10\/antalya-aquarium-4-100x100.webp 100w, https:\/\/holidayexcursion.com\/wp-content\/uploads\/2021\/10\/antalya-aquarium-4.webp 2000w\" sizes=\"auto, (max-width: 300px) 100vw, 300px\" \/><\/p>\n<p style=\"text-align: center;\">4. Duyusal Bir Zevk:<\/p>\n<p style=\"text-align: center;\">Antalya Akvaryum&#8217;da yol al\u0131rken t\u00fcm duyular\u0131n\u0131z\u0131 harekete ge\u00e7irmeye haz\u0131rlan\u0131n. Deniz ya\u015fam\u0131n\u0131n canl\u0131 renklerine hayran kal\u0131n, su alt\u0131 d\u00fcnyas\u0131n\u0131n yumu\u015fak seslerini dinleyin ve suda ya\u015fayan canl\u0131lar\u0131n zarif hareketlerini izlerken huzurun ba\u015fka bir diyar\u0131na ta\u015f\u0131n\u0131n. G\u00f6rsellerin, seslerin ve atmosferin birle\u015fimi size benzeri olmayan bir duyusal deneyim b\u0131rakacakt\u0131r.<\/p>\n<p style=\"text-align: center;\">5. Ziyaret\u00e7i Dostu Olanaklar:<\/p>\n<p style=\"text-align: center;\">Antalya Akvaryum turu ziyaret\u00e7ilerinin konforunu ve rahatl\u0131\u011f\u0131n\u0131 sa\u011flamak i\u00e7in tasarlanm\u0131\u015ft\u0131r. Eri\u015filebilir yollar, dinlenmek i\u00e7in oturma alanlar\u0131 ve ke\u015fifle ge\u00e7en bir g\u00fcn\u00fcn ard\u0131ndan a\u00e7l\u0131\u011f\u0131n\u0131z\u0131 giderecek \u00e7e\u015fitli yemek se\u00e7enekleri sunar. Tesis, herkes i\u00e7in endi\u015fesiz ve keyifli bir gezi sa\u011flayacak \u015fekilde y\u00fcksek g\u00fcvenlik standartlar\u0131na uymaktad\u0131r.<\/p>\n<p style=\"text-align: center;\"><img loading=\"lazy\" decoding=\"async\" class=\"alignnone size-medium wp-image-28737\" src=\"https:\/\/holidayexcursion.com\/wp-content\/uploads\/2021\/10\/Antalya-Aquarium-Trip-9-300x150.jpg\" alt=\"\" width=\"300\" height=\"150\" title=\"\" srcset=\"https:\/\/holidayexcursion.com\/wp-content\/uploads\/2021\/10\/Antalya-Aquarium-Trip-9-300x150.jpg 300w, https:\/\/holidayexcursion.com\/wp-content\/uploads\/2021\/10\/Antalya-Aquarium-Trip-9-768x384.jpg 768w, https:\/\/holidayexcursion.com\/wp-content\/uploads\/2021\/10\/Antalya-Aquarium-Trip-9-600x300.jpg 600w, https:\/\/holidayexcursion.com\/wp-content\/uploads\/2021\/10\/Antalya-Aquarium-Trip-9.jpg 900w\" sizes=\"auto, (max-width: 300px) 100vw, 300px\" \/><\/p>\n<p style=\"text-align: center;\">Antalya Akvaryum turu b\u00fcy\u00fcleyici ve s\u00fcr\u00fckleyici bir deneyim sunarak ziyaret\u00e7ilerin su alt\u0131 d\u00fcnyas\u0131n\u0131n derinliklerini hi\u00e7 \u0131slanmadan ke\u015ffetmelerine olanak tan\u0131yor. \u00c7arp\u0131c\u0131 sergilerinden e\u011fitici bilgilere kadar herkesin keyif alaca\u011f\u0131 ve \u00f6\u011frenebilece\u011fi bir \u015feyler var. Bu b\u00fcy\u00fcleyici destinasyonda bir yolculu\u011fa \u00e7\u0131k\u0131n ve Antalya Akvaryum&#8217;un sizi ilham verici, hayranl\u0131k uyand\u0131ran ve deniz koruman\u0131n \u00f6nemini daha iyi anlayan bir anlay\u0131\u015fla b\u0131rakmas\u0131na izin verin. \u00d6yleyse, bu ola\u011fan\u00fcst\u00fc cazibeye dal\u0131n ve unutulmaz an\u0131lar yarat\u0131n.<\/p>\n<p style=\"text-align: center;\">131 metrelik su alt\u0131 t\u00fcnellerinden ge\u00e7in<\/p>\n<p style=\"text-align: center;\">40&#8217;tan fazla sergi i\u00e7eren d\u00fcnyan\u0131n en b\u00fcy\u00fck akvaryumlar\u0131ndan birini deneyimleyin<\/p>\n<p style=\"text-align: center;\">D\u00fcnyan\u0131n en b\u00fcy\u00fck mercan resifi dekorasyonunu g\u00f6r\u00fcn<\/p>\n<p style=\"text-align: center;\">genel bak\u0131\u015f<\/p>\n<p style=\"text-align: center;\">D\u00fcnyan\u0131n en b\u00fcy\u00fck akvaryum kompleksi olan Antalya Akvaryum ilham, e\u011flence ve e\u011fitimi bir arada sunuyor.<\/p>\n<p style=\"text-align: center;\">Ne bekleyebilece\u011finizi<\/p>\n<p style=\"text-align: center;\">D\u00fcnyan\u0131n en b\u00fcy\u00fck Akvaryum komplekslerinden biri olan Antalya Akvaryum ilham, e\u011flence ve e\u011fitimi bir arada sunuyor.<br \/>\nAkvaryum, yolculu\u011funuzu daha heyecanl\u0131 ve unutulmaz k\u0131lmak i\u00e7in \u00e7e\u015fitli tematik b\u00f6l\u00fcmler sunar. Hint Okyanusu, K\u0131z\u0131ldeniz, Atlantik Okyanusu ve Pasifik Okyanusu, 4 tematik akvaryum \u015feklinde sizleri kar\u015f\u0131l\u0131yor. Soldaki b\u00fcy\u00fck, silindirik akvaryum ve \u00e7evresindeki k\u00fc\u00e7\u00fck akvaryumlarda Antalya ili ve \u00e7evresinde sualt\u0131 ya\u015fam\u0131ndan \u00f6rnekler g\u00f6rebilirsiniz.<\/p>\n<p><img loading=\"lazy\" decoding=\"async\" class=\"size-medium wp-image-4031\" src=\"https:\/\/holidayexcursion.com\/wp-content\/uploads\/2021\/10\/antalya-aquarium-6-150x150.webp\" alt=\"antalya akvaryum\" width=\"300\" height=\"300\" title=\"\" srcset=\"https:\/\/holidayexcursion.com\/wp-content\/uploads\/2021\/10\/antalya-aquarium-6-150x150.webp 150w, https:\/\/holidayexcursion.com\/wp-content\/uploads\/2021\/10\/antalya-aquarium-6-300x300.webp 300w, https:\/\/holidayexcursion.com\/wp-content\/uploads\/2021\/10\/antalya-aquarium-6-768x768.webp 768w, https:\/\/holidayexcursion.com\/wp-content\/uploads\/2021\/10\/antalya-aquarium-6-1024x1024.webp 1024w, https:\/\/holidayexcursion.com\/wp-content\/uploads\/2021\/10\/antalya-aquarium-6-1536x1536.webp 1536w, https:\/\/holidayexcursion.com\/wp-content\/uploads\/2021\/10\/antalya-aquarium-6-600x600.webp 600w, https:\/\/holidayexcursion.com\/wp-content\/uploads\/2021\/10\/antalya-aquarium-6-100x100.webp 100w, https:\/\/holidayexcursion.com\/wp-content\/uploads\/2021\/10\/antalya-aquarium-6.webp 2000w\" sizes=\"auto, (max-width: 300px) 100vw, 300px\" \/><\/p>\n<p style=\"text-align: center;\">Daha sonra, d\u00fcnyan\u0131n nehirlerinde (Asya nehirleri, Nil ve Amazon Nehirleri) ya\u015fayan muhte\u015fem yarat\u0131klar\u0131 g\u00f6r\u00fcn. Daha ileride Tropik Resif b\u00f6l\u00fcm\u00fcyle kar\u015f\u0131la\u015facaks\u0131n\u0131z. Canl\u0131 mercanlara, palya\u00e7o bal\u0131klar\u0131na, denizatlar\u0131na, aslan bal\u0131klar\u0131na, ahtapotlara ve dev m\u00fcrenlere buradan daha yak\u0131ndan bakabilirsiniz. Tematik b\u00f6l\u00fcm\u00fcn son dura\u011f\u0131 ise k\u00f6pek bal\u0131\u011f\u0131 tank\u0131. Hatta her g\u00fcn d\u00fczenli olarak yap\u0131lan k\u00f6pekbal\u0131\u011f\u0131 besleme saatlerine de rastlayabilirsiniz.<\/p>\n<p style=\"text-align: center;\"><img loading=\"lazy\" decoding=\"async\" class=\"size-medium wp-image-4030\" src=\"https:\/\/holidayexcursion.com\/wp-content\/uploads\/2021\/10\/antalya-aquarium-5-150x150.webp\" alt=\"antalya akvaryum\" width=\"300\" height=\"300\" title=\"\" srcset=\"https:\/\/holidayexcursion.com\/wp-content\/uploads\/2021\/10\/antalya-aquarium-5-150x150.webp 150w, https:\/\/holidayexcursion.com\/wp-content\/uploads\/2021\/10\/antalya-aquarium-5-300x300.webp 300w, https:\/\/holidayexcursion.com\/wp-content\/uploads\/2021\/10\/antalya-aquarium-5-768x768.webp 768w, https:\/\/holidayexcursion.com\/wp-content\/uploads\/2021\/10\/antalya-aquarium-5-1024x1024.webp 1024w, https:\/\/holidayexcursion.com\/wp-content\/uploads\/2021\/10\/antalya-aquarium-5-1536x1536.webp 1536w, https:\/\/holidayexcursion.com\/wp-content\/uploads\/2021\/10\/antalya-aquarium-5-600x600.webp 600w, https:\/\/holidayexcursion.com\/wp-content\/uploads\/2021\/10\/antalya-aquarium-5-100x100.webp 100w, https:\/\/holidayexcursion.com\/wp-content\/uploads\/2021\/10\/antalya-aquarium-5.webp 2000w\" sizes=\"auto, (max-width: 300px) 100vw, 300px\" \/><\/p>\n<p style=\"text-align: center;\">40 tematik akvaryumu ke\u015ffettikten sonra d\u00fcnyan\u0131n en b\u00fcy\u00fck t\u00fcnel akvaryumuyla kar\u015f\u0131la\u015facaks\u0131n\u0131z. T\u00fcnelin ilk b\u00f6l\u00fcm\u00fc, d\u00fcnyan\u0131n en b\u00fcy\u00fck tropikal resif s\u00fcslemelerinden birini sunuyor. T\u00fcnelin ikinci k\u0131sm\u0131 Bat\u0131k \u015eehir Atlantis ve Akdeniz temalar\u0131n\u0131 anlat\u0131yor ve ard\u0131ndan korsan enkaz\u0131 g\u00f6zlem noktas\u0131na \u00e7\u0131k\u0131yor.<\/p>\n<p style=\"text-align: center;\">Akvaryum ziyaretinizi, Hollywood ye\u015fil ekran arka planlar\u0131n\u0131 kullanarak hat\u0131ra foto\u011fraflar\u0131 ve \u00f6zel hediyelik e\u015fya d\u00fckkan\u0131 ziyareti (kendi masraf\u0131) gibi unutulmaz an\u0131larla d\u00f6n\u00fc\u015ft\u00fcrebilirsiniz. Ayr\u0131ca Snow World&#8217;de ger\u00e7ek kardan kar topu yaparak unutulmaz bir deneyim ya\u015fayabilir ya da Wild Park&#8217;taki tropikal s\u00fcr\u00fcngen evinde d\u00fcnyan\u0131n en zehirli, renkli ve ilgin\u00e7 t\u00fcrleri aras\u0131nda bir yolculu\u011fa \u00e7\u0131kabilirsiniz. Oceanride XD Cinema&#8217;da \u00e7ok boyutlu film teknolojisi ile d\u00fcnya denizlerini bile a\u00e7abilirsiniz.<\/p>\n<p style=\"text-align: center;\"><img loading=\"lazy\" decoding=\"async\" class=\"size-medium wp-image-4028\" src=\"https:\/\/holidayexcursion.com\/wp-content\/uploads\/2021\/10\/antalya-aquarium-3-150x150.webp\" alt=\"antalya akvaryum\" width=\"300\" height=\"300\" title=\"\" srcset=\"https:\/\/holidayexcursion.com\/wp-content\/uploads\/2021\/10\/antalya-aquarium-3-150x150.webp 150w, https:\/\/holidayexcursion.com\/wp-content\/uploads\/2021\/10\/antalya-aquarium-3-300x300.webp 300w, https:\/\/holidayexcursion.com\/wp-content\/uploads\/2021\/10\/antalya-aquarium-3-768x768.webp 768w, https:\/\/holidayexcursion.com\/wp-content\/uploads\/2021\/10\/antalya-aquarium-3-1024x1024.webp 1024w, https:\/\/holidayexcursion.com\/wp-content\/uploads\/2021\/10\/antalya-aquarium-3-1536x1536.webp 1536w, https:\/\/holidayexcursion.com\/wp-content\/uploads\/2021\/10\/antalya-aquarium-3-600x600.webp 600w, https:\/\/holidayexcursion.com\/wp-content\/uploads\/2021\/10\/antalya-aquarium-3-100x100.webp 100w, https:\/\/holidayexcursion.com\/wp-content\/uploads\/2021\/10\/antalya-aquarium-3.webp 2000w\" sizes=\"auto, (max-width: 300px) 100vw, 300px\" \/><\/p>\n<ul style=\"text-align: center;\">\n<li>\n<div><strong>ANTALYA AKVARYUM TUR PROGRAMI :<\/strong><\/div>\n<div>* Alanya&#8217;daki otel ve dairelerden ara\u00e7la al\u0131n\u0131\u015f, konforlu bir otob\u00fcsle Antalya&#8217;ya transfer<\/div>\n<div>* Antalya Akvaryum&#8217;a var\u0131\u015f, Akvaryum&#8217;da serbest zaman<\/div>\n<div>* Y\u00fcz y\u00fcze m\u00fcze ziyareti, Akvaryumdan ayr\u0131l\u0131\u015f ve Alanya&#8217;ya transfer<\/div>\n<div>* Alanya&#8217;daki otel ve dairelerinize b\u0131rakma<\/div>\n<div><\/div>\n<div><strong>F\u0130YATA DAH\u0130L OLANLAR :<\/strong><\/div>\n<div>* Alanya&#8217;daki otel ve dairelerden alma\/b\u0131rakma<\/div>\n<div>* Rehber,Antalya Akvaryum bilet fiyat\u0131,Y\u00fcz y\u00fcze m\u00fcze<\/div>\n<div><\/div>\n<div><strong>\u0130STE\u011eE BA\u011eLI EKSTRALAR<\/strong><\/div>\n<div>* Yiyecek ve i\u00e7ecekler, Ki\u015fisel harcamalar<\/div>\n<div>* Di\u011fer aktivite ve m\u00fcze \u00fccretleri (Vah\u015fi park, Kar d\u00fcnyas\u0131, Buz M\u00fczesi, XD sinema)<\/div>\n<\/li>\n<li>\n<div>Antalya akvaryum kompleksinde<\/div>\n<div><\/div>\n<div><strong>EK B\u0130LG\u0130 VE \u0130PU\u00c7LARI:<\/strong><\/div>\n<div>*Akvaryumda foto\u011fraf \u00e7ekilmesine izin verilmektedir. Kameran\u0131z\u0131 ve cep telefonunuzu yan\u0131n\u0131za alabilirsiniz.<\/div>\n<\/li>\n<li><\/li>\n<li>Alanya tatiliniz boyunca size unutulmaz an\u0131lar dileriz. Not: Daha fazla bilgi i\u00e7in whatsapp&#8217;tan arayabilir veya mesaj atarak da ileti\u015fime ge\u00e7ebilirsiniz.Holiday Excursion Ekibi,<\/li>\n<\/ul>\n<p><iframe loading=\"lazy\" title=\"Antalya Akvaryum\" width=\"1020\" height=\"574\" src=\"https:\/\/www.youtube.com\/embed\/HAeRLqmg3IA?feature=oembed\" frameborder=\"0\" allow=\"accelerometer; autoplay; clipboard-write; encrypted-media; gyroscope; picture-in-picture; web-share\" allowfullscreen><\/iframe><\/p>\n<p><iframe loading=\"lazy\" title=\"Antalya Akvaryum tan\u0131t\u0131m filmi\" width=\"1020\" height=\"574\" src=\"https:\/\/www.youtube.com\/embed\/XglHgHKaj0A?feature=oembed\" frameborder=\"0\" allow=\"accelerometer; autoplay; clipboard-write; encrypted-media; gyroscope; picture-in-picture; web-share\" allowfullscreen><\/iframe><\/p>\n<p><iframe loading=\"lazy\" title=\"Antalya Akvaryum + dinlendirici m\u00fczik\" width=\"1020\" height=\"574\" src=\"https:\/\/www.youtube.com\/embed\/sSxBHCthYjA?feature=oembed\" frameborder=\"0\" allow=\"accelerometer; autoplay; clipboard-write; encrypted-media; gyroscope; picture-in-picture; web-share\" allowfullscreen><\/iframe><\/p>\n<p><iframe loading=\"lazy\" title=\"\ud83d\udc20 Antalya Aquarium | Antalya Homes \u00ae\" width=\"1020\" height=\"574\" src=\"https:\/\/www.youtube.com\/embed\/ywzTPXWKtR8?feature=oembed\" frameborder=\"0\" allow=\"accelerometer; autoplay; clipboard-write; encrypted-media; gyroscope; picture-in-picture; web-share\" allowfullscreen><\/iframe><\/p>\n","protected":false},"excerpt":{"rendered":"<p>ANTALYA AKVARYUM TURU &nbsp; B\u00fcy\u00fcleyici Derinliklere Dal\u0131n: Antalya Akvaryum Turunu Ke\u015ffetme zaman\u0131 T\u00fcrkiye&#8217;nin muhte\u015fem Akdeniz k\u0131y\u0131s\u0131nda yer alan b\u00fcy\u00fcleyici bir destinasyon olan Antalya Akvaryum&#8217;da kendinizi hayranl\u0131k uyand\u0131ran deniz ya\u015fam\u0131 d\u00fcnyas\u0131na b\u0131rak\u0131n. E\u011fitim, e\u011flence ve maceran\u0131n e\u015fsiz bir kar\u0131\u015f\u0131m\u0131n\u0131 sunan Antalya Akvaryum turu, her ya\u015ftan ziyaret\u00e7iye unutulmaz bir deneyim vaat ediyor. Bu b\u00fcy\u00fcleyici cazibe merkezinde sizi<\/p>\n","protected":false},"featured_media":4449,"comment_status":"open","ping_status":"closed","template":"","meta":[],"product_brand":[],"product_cat":[108],"product_tag":[],"class_list":{"0":"post-5305","1":"product","2":"type-product","3":"status-publish","4":"has-post-thumbnail","6":"product_cat-turlar","8":"first","9":"instock","10":"virtual","11":"sold-individually","12":"purchasable","13":"product-type-booking"},"_links":{"self":[{"href":"https:\/\/holidayexcursion.com\/tr\/wp-json\/wp\/v2\/product\/5305","targetHints":{"allow":["GET"]}}],"collection":[{"href":"https:\/\/holidayexcursion.com\/tr\/wp-json\/wp\/v2\/product"}],"about":[{"href":"https:\/\/holidayexcursion.com\/tr\/wp-json\/wp\/v2\/types\/product"}],"replies":[{"embeddable":true,"href":"https:\/\/holidayexcursion.com\/tr\/wp-json\/wp\/v2\/comments?post=5305"}],"wp:featuredmedia":[{"embeddable":true,"href":"https:\/\/holidayexcursion.com\/tr\/wp-json\/wp\/v2\/media\/4449"}],"wp:attachment":[{"href":"https:\/\/holidayexcursion.com\/tr\/wp-json\/wp\/v2\/media?parent=5305"}],"wp:term":[{"taxonomy":"product_brand","embeddable":true,"href":"https:\/\/holidayexcursion.com\/tr\/wp-json\/wp\/v2\/product_brand?post=5305"},{"taxonomy":"product_cat","embeddable":true,"href":"https:\/\/holidayexcursion.com\/tr\/wp-json\/wp\/v2\/product_cat?post=5305"},{"taxonomy":"product_tag","embeddable":true,"href":"https:\/\/holidayexcursion.com\/tr\/wp-json\/wp\/v2\/product_tag?post=5305"}],"curies":[{"name":"wp","href":"https:\/\/api.w.org\/{rel}","templated":true}]}}