{"id":5311,"date":"2021-10-06T02:11:49","date_gmt":"2021-12-06T22:07:45","guid":{"rendered":"http:\/\/holidayexcursion.com\/excursions-in-alanya\/kategorilenmemis\/sealanya-yunus-gosteri-turu\/"},"modified":"2025-05-09T09:37:59","modified_gmt":"2025-05-09T06:37:59","slug":"yunus-gosterisi","status":"publish","type":"product","link":"https:\/\/holidayexcursion.com\/tr\/tours-in-alanya\/turlar\/yunus-gosterisi\/","title":{"rendered":"Yunus G\u00f6sterisi"},"content":{"rendered":"<h2 style=\"text-align: center;\">Alanya&#8217;da yunus g\u00f6sterisi<\/h2>\n<p style=\"text-align: center;\">B\u00fcy\u00fcleyici Bir Deneyim: \u015ea\u015f\u0131rt\u0131c\u0131 Alanya <a href=\"https:\/\/holidayexcursion.com\/tours-in-alanya\/tours\/land-of-legends\/\">Yunus G\u00f6sterisi<\/a>ne Tan\u0131k Olun<\/p>\n<p style=\"text-align: center;\">Alanya Yunus G\u00f6sterisi deneyimini ya\u015farken yunuslar\u0131n inan\u0131lmaz zekas\u0131 ve \u00e7evikli\u011fiyle b\u00fcy\u00fclenmeye haz\u0131rlan\u0131n. T\u00fcrkiye&#8217;nin Akdeniz k\u0131y\u0131s\u0131nda yer alan g\u00f6steri, sizi bu muhte\u015fem canl\u0131lar\u0131n su alt\u0131 d\u00fcnyas\u0131na b\u00fcy\u00fcleyici bir yolculu\u011fa \u00e7\u0131karmay\u0131 vaat ediyor. Alanya Yunus G\u00f6sterisi&#8217;nin \u00f6ne \u00e7\u0131kan noktalar\u0131n\u0131 ve harikalar\u0131n\u0131 ke\u015ffederken bize kat\u0131l\u0131n.<\/p>\n<p style=\"text-align: center;\"><img loading=\"lazy\" decoding=\"async\" class=\"alignnone size-medium wp-image-28564\" src=\"https:\/\/holidayexcursion.com\/wp-content\/uploads\/2021\/10\/dolphin-show-holiday-excursion-300x200.jpg\" alt=\"\" width=\"300\" height=\"200\" title=\"\" srcset=\"https:\/\/holidayexcursion.com\/wp-content\/uploads\/2021\/10\/dolphin-show-holiday-excursion-300x200.jpg 300w, https:\/\/holidayexcursion.com\/wp-content\/uploads\/2021\/10\/dolphin-show-holiday-excursion-600x400.jpg 600w, https:\/\/holidayexcursion.com\/wp-content\/uploads\/2021\/10\/dolphin-show-holiday-excursion.jpg 720w\" sizes=\"auto, (max-width: 300px) 100vw, 300px\" \/><\/p>\n<p style=\"text-align: center;\">1. Yunus G\u00f6sterilerinin Keyfi:<\/p>\n<p style=\"text-align: center;\">Y\u00fcksek e\u011fitimli yunuslar bir dizi b\u00fcy\u00fcleyici performansla yeteneklerini ve becerilerini sergilerken hayran kalmaya haz\u0131r olun. \u0130nan\u0131lmaz akrobatik hareketlerine, senkronize y\u00fczmelerine ve e\u011fitmenleriyle e\u011flenceli etkile\u015fimlerine tan\u0131k olun. Alanya Yunus G\u00f6sterisi, hem e\u011flenceli hem de hayranl\u0131k uyand\u0131ran, her ya\u015ftan izleyiciyi hayretler i\u00e7inde b\u0131rakan keyifli bir g\u00f6steri sunuyor.<\/p>\n<p style=\"text-align: center;\">2. Yunus Davran\u0131\u015f\u0131na \u0130li\u015fkin E\u011fitimsel Bilgiler:<\/p>\n<p style=\"text-align: center;\"><a href=\"https:\/\/en.wikipedia.org\/wiki\/Alanya\" rel=\"nofollow noopener\" target=\"_blank\">Alanya<\/a> Yunus G\u00f6sterisi e\u011flenceli g\u00f6sterilerin \u00f6tesinde yunuslar\u0131n davran\u0131\u015flar\u0131 ve zekalar\u0131 hakk\u0131nda e\u011fitici bilgiler de sunuyor. Do\u011fal ya\u015fam alanlar\u0131, sosyal yap\u0131lar\u0131 ve bu ola\u011fan\u00fcst\u00fc canl\u0131lar\u0131 korumaya y\u00f6nelik koruma \u00e7abalar\u0131n\u0131n \u00f6nemi hakk\u0131nda bilgi edinin. Bilgilendirici yorumlar arac\u0131l\u0131\u011f\u0131yla g\u00f6steri, sorumlu eko-turizm ve deniz ya\u015fam\u0131n\u0131n korunmas\u0131 ihtiyac\u0131 konusunda fark\u0131ndal\u0131k yaratmay\u0131 ama\u00e7l\u0131yor.<\/p>\n<p style=\"text-align: center;\"><img loading=\"lazy\" decoding=\"async\" class=\"alignnone size-medium wp-image-28552\" src=\"https:\/\/holidayexcursion.com\/wp-content\/uploads\/2021\/10\/alanya-dolphins-show-3-300x198.jpg\" alt=\"\" width=\"300\" height=\"198\" title=\"\" srcset=\"https:\/\/holidayexcursion.com\/wp-content\/uploads\/2021\/10\/alanya-dolphins-show-3-300x198.jpg 300w, https:\/\/holidayexcursion.com\/wp-content\/uploads\/2021\/10\/alanya-dolphins-show-3-768x507.jpg 768w, https:\/\/holidayexcursion.com\/wp-content\/uploads\/2021\/10\/alanya-dolphins-show-3-600x396.jpg 600w, https:\/\/holidayexcursion.com\/wp-content\/uploads\/2021\/10\/alanya-dolphins-show-3.jpg 1000w\" sizes=\"auto, (max-width: 300px) 100vw, 300px\" \/><\/p>\n<p style=\"text-align: center;\">3. Unutulmaz Etkile\u015fimler:<\/p>\n<p style=\"text-align: center;\">Daha etkile\u015fimli bir deneyim arayanlar i\u00e7in Alanya Yunus G\u00f6sterisi, bu ola\u011fan\u00fcst\u00fc yarat\u0131klarla yak\u0131nla\u015fmak ve ki\u015fiselle\u015fmek i\u00e7in e\u015fsiz f\u0131rsatlar sunuyor. Mekana ba\u011fl\u0131 olarak yunuslarla y\u00fczme, foto\u011fraf \u00e7ektirme, hatta onlar\u0131 besleme \u015fans\u0131na sahip olabilirsiniz. Bu etkile\u015fimler ya\u015fam boyu an\u0131lar yarat\u0131r ve bu inan\u0131lmaz hayvanlara kar\u015f\u0131 daha derin bir takdir duyman\u0131za olanak tan\u0131r.<\/p>\n<p style=\"text-align: center;\">4. Aile Dostu E\u011flence:<\/p>\n<p style=\"text-align: center;\">Alanya Yunus G\u00f6sterisi her ya\u015ftan ziyaret\u00e7iye e\u011flence sunan ideal bir aile dostu aktivitedir. Hem \u00e7ocuklar hem de yeti\u015fkinler, yunuslar\u0131n e\u011flenceli do\u011fas\u0131 ve zekas\u0131 kar\u015f\u0131s\u0131nda b\u00fcy\u00fclenecekler. Bu inan\u0131lmaz yarat\u0131klara i\u015f ba\u015f\u0131nda tan\u0131k olmak sadece keyifli de\u011fil ayn\u0131 zamanda e\u011fiticidir. Bu, t\u00fcm aile \u00fczerinde kal\u0131c\u0131 bir izlenim b\u0131rakacak bir deneyimdir.<\/p>\n<p style=\"text-align: center;\"><img loading=\"lazy\" decoding=\"async\" class=\"alignnone size-medium wp-image-28570\" src=\"https:\/\/holidayexcursion.com\/wp-content\/uploads\/2021\/10\/Dolphin-Show-alanya-1-300x225.jpg\" alt=\"\" width=\"300\" height=\"225\" title=\"\" srcset=\"https:\/\/holidayexcursion.com\/wp-content\/uploads\/2021\/10\/Dolphin-Show-alanya-1-300x225.jpg 300w, https:\/\/holidayexcursion.com\/wp-content\/uploads\/2021\/10\/Dolphin-Show-alanya-1-1024x768.jpg 1024w, https:\/\/holidayexcursion.com\/wp-content\/uploads\/2021\/10\/Dolphin-Show-alanya-1-768x576.jpg 768w, https:\/\/holidayexcursion.com\/wp-content\/uploads\/2021\/10\/Dolphin-Show-alanya-1-600x450.jpg 600w, https:\/\/holidayexcursion.com\/wp-content\/uploads\/2021\/10\/Dolphin-Show-alanya-1.jpg 1200w\" sizes=\"auto, (max-width: 300px) 100vw, 300px\" \/><\/p>\n<p style=\"text-align: center;\">5. \u00c7arp\u0131c\u0131 Mekan ve Profesyonel Sunum:<\/p>\n<p style=\"text-align: center;\">Alanya Dolphin Show, modern olanaklar ve konforlu oturma yerleri sunan birinci s\u0131n\u0131f bir mekanda ger\u00e7ekle\u015ftirilmektedir. En son teknolojiye sahip ses ve \u0131\u015f\u0131k sistemleriyle g\u00f6steri, genel e\u011flenceyi art\u0131ran, profesyonelce sunulan bir deneyim sunuyor. Kendinizi yunuslar\u0131n b\u00fcy\u00fcl\u00fc d\u00fcnyas\u0131na kapt\u0131r\u0131rken arkan\u0131za yaslan\u0131n ve rahatlay\u0131n ve onlar\u0131n inan\u0131lmaz yeteneklerine hayran kal\u0131n.<\/p>\n<p style=\"text-align: center;\">Alanya Yunus G\u00f6sterisi sizi yunuslar\u0131n ola\u011fan\u00fcst\u00fc d\u00fcnyas\u0131na yakla\u015ft\u0131ran b\u00fcy\u00fcleyici bir deneyim sunuyor. Heyecan verici performanslardan e\u011fitici bilgilere kadar her ya\u015ftan insana e\u011flence sunan program, denizlerin korunmas\u0131n\u0131n \u00f6nemini vurguluyor. \u0130ster hayranl\u0131k uyand\u0131ran akrobasi, interaktif ve e\u011fitici deneyimler, ister sadece e\u011flenceli bir aile gezisi ar\u0131yor olun, Alanya Yunus G\u00f6sterisi unutulmaz bir deneyim sunar. Size bir \u00f6m\u00fcr boyu hazine olacak an\u0131lar b\u0131rakan bu ola\u011fan\u00fcst\u00fc yarat\u0131klar\u0131n g\u00fczelli\u011fi ve zekas\u0131 kar\u015f\u0131s\u0131nda b\u00fcy\u00fclenmeye ve b\u00fcy\u00fclenmeye haz\u0131rlan\u0131n.<\/p>\n<p style=\"text-align: center;\"><img loading=\"lazy\" decoding=\"async\" class=\"alignnone size-medium wp-image-28558\" src=\"https:\/\/holidayexcursion.com\/wp-content\/uploads\/2021\/10\/dolphin-show-alanya-300x169.jpg\" alt=\"\" width=\"300\" height=\"169\" title=\"\" srcset=\"https:\/\/holidayexcursion.com\/wp-content\/uploads\/2021\/10\/dolphin-show-alanya-300x169.jpg 300w, https:\/\/holidayexcursion.com\/wp-content\/uploads\/2021\/10\/dolphin-show-alanya-1024x576.jpg 1024w, https:\/\/holidayexcursion.com\/wp-content\/uploads\/2021\/10\/dolphin-show-alanya-768x432.jpg 768w, https:\/\/holidayexcursion.com\/wp-content\/uploads\/2021\/10\/dolphin-show-alanya-1536x864.jpg 1536w, https:\/\/holidayexcursion.com\/wp-content\/uploads\/2021\/10\/dolphin-show-alanya-600x338.jpg 600w, https:\/\/holidayexcursion.com\/wp-content\/uploads\/2021\/10\/dolphin-show-alanya.jpg 1920w\" sizes=\"auto, (max-width: 300px) 100vw, 300px\" \/><\/p>\n<div style=\"text-align: center;\">Sealanya Yunus Park\u0131&#8217;nda Alanya yunus g\u00f6sterisi g\u00fcnde iki kez d\u00fczenlenmektedir.<\/div>\n<div style=\"text-align: center;\"><\/div>\n<div style=\"text-align: center;\"><strong> Sabah grubu: Al\u0131\u015f: 09:00 D\u00f6n\u00fc\u015f: 12:00<\/strong><\/div>\n<div style=\"text-align: center;\"><\/div>\n<div style=\"text-align: center;\"><strong> \u00d6\u011fleden sonra grubu: Al\u0131\u015f :14:00 D\u00f6n\u00fc\u015f:17:00<\/strong><\/div>\n<div style=\"text-align: center;\">\n<div><\/div>\n<div><strong>ALANYA YUNUS G\u00d6STER\u0130S\u0130 TUR PROGRAMI:<\/strong><\/div>\n<div>* Alanya ve \u00e7evresindeki otellerden\/apartlardan ara\u00e7la al\u0131n\u0131\u015f.<\/div>\n<div>* Sealanya yunus park\u0131na var\u0131\u015f<\/div>\n<div>* Yunus ve Deniz aslanlar\u0131 g\u00f6sterisi<\/div>\n<div>*Alanya ve \u00e7evresindeki otellere\/apartlara b\u0131rakma<\/div>\n<\/div>\n<div style=\"text-align: center;\"><\/div>\n<div style=\"text-align: center;\"><strong>F\u0130YATA DAH\u0130L OLANLAR :<\/strong><\/div>\n<div style=\"text-align: center;\">* Alanya ve \u00e7evresindeki otellerden\/apartlardan alma ve b\u0131rakma<\/div>\n<div style=\"text-align: center;\">* Tur rehberi<\/div>\n<div style=\"text-align: center;\">* Yunus ve Deniz aslanlar\u0131 g\u00f6sterisi (yakla\u015f\u0131k bir saat)<\/div>\n<div style=\"text-align: center;\"><\/div>\n<div style=\"text-align: center;\"><strong>Fiyata Dahil olmayanlar<\/strong><\/div>\n<div style=\"text-align: center;\">*Yunuslarla y\u00fczme 1 ki\u015fi i\u00e7in 120 \u20ac rezervasyon gereklidir.<\/div>\n<div style=\"text-align: center;\">* \u0130\u00e7ecek, yiyecek vb. ki\u015fisel harcamalar. parkta<\/div>\n<div style=\"text-align: center;\">* Foto\u011fraf\u00e7\u0131lar\u0131n \u00e7ekti\u011fi yunuslu foto\u011fraflar<\/div>\n<div style=\"text-align: center;\"><\/div>\n<div style=\"text-align: center;\"><strong>EK B\u0130LG\u0130LER VE \u0130PU\u00c7LARI:<\/strong><\/div>\n<div style=\"text-align: center;\">* Sadece yunuslarla y\u00fczmek istiyorsan\u0131z sadece 120\u20ac&#8217;ya Alanya&#8217;da yunuslarla y\u00fczme turuna \u00fccretsiz transfer hizmeti ile rezervasyon yapt\u0131rabilirsiniz.<\/div>\n<div style=\"text-align: center;\">\n<div>* 3 ya\u015f\u0131ndan k\u00fc\u00e7\u00fck \u00e7ocuklar\u0131n yunuslarla y\u00fczmesine izin verilmez.<\/div>\n<div>* 4-6 ya\u015f aras\u0131 \u00e7ocuklara bir yeti\u015fkinin e\u015flik etmesi gerekmektedir.<\/div>\n<div>* Y\u00fczme seans\u0131n\u0131z i\u00e7in \u00f6nceden rezervasyon yapt\u0131rman\u0131z gerekmektedir (sezonda yo\u011fundur).<\/div>\n<\/div>\n<p style=\"text-align: center;\"><span lang=\"EN-US\">Fiyata transfer, giri\u015f bileti, sigorta dahildir.<\/span><\/p>\n<p style=\"text-align: center;\">Alanya&#8217;daki tatiliniz boyunca size unutulmaz an\u0131lar diliyoruz.<\/p>\n<p style=\"text-align: center;\">Not: Daha fazla bilgi i\u00e7in Whats App&#8217;tan arayarak veya mesaj atarak da ileti\u015fime ge\u00e7ebilirsiniz.<\/p>\n<p style=\"text-align: center;\">Holiday Excursion Ekibi,<\/p>\n<p><iframe loading=\"lazy\" title=\"Sealanya  Seapark  &amp; Dolphinpark\" width=\"1020\" height=\"574\" src=\"https:\/\/www.youtube.com\/embed\/30QBDxtRD5c?feature=oembed\" frameborder=\"0\" allow=\"accelerometer; autoplay; clipboard-write; encrypted-media; gyroscope; picture-in-picture; web-share\" allowfullscreen><\/iframe><\/p>\n<p><iframe loading=\"lazy\" title=\"SEALANYA Dolphin show, Alanya, Turkey \/ \u0428\u043e\u0443 \u0434\u0435\u043b\u044c\u0444\u0438\u043d\u043e\u0432 \u0432 \u043c\u043e\u0440\u0441\u043a\u043e\u043c \u043f\u0430\u0440\u043a\u0435 SEALANYA\" width=\"1020\" height=\"574\" src=\"https:\/\/www.youtube.com\/embed\/pQtIzmoPB8Y?feature=oembed\" frameborder=\"0\" allow=\"accelerometer; autoplay; clipboard-write; encrypted-media; gyroscope; picture-in-picture; web-share\" allowfullscreen><\/iframe><\/p>\n","protected":false},"excerpt":{"rendered":"<p>Alanya&#8217;da yunus g\u00f6sterisi B\u00fcy\u00fcleyici Bir Deneyim: \u015ea\u015f\u0131rt\u0131c\u0131 Alanya Yunus G\u00f6sterisine Tan\u0131k Olun Alanya Yunus G\u00f6sterisi deneyimini ya\u015farken yunuslar\u0131n inan\u0131lmaz zekas\u0131 ve \u00e7evikli\u011fiyle b\u00fcy\u00fclenmeye haz\u0131rlan\u0131n. T\u00fcrkiye&#8217;nin Akdeniz k\u0131y\u0131s\u0131nda yer alan g\u00f6steri, sizi bu muhte\u015fem canl\u0131lar\u0131n su alt\u0131 d\u00fcnyas\u0131na b\u00fcy\u00fcleyici bir yolculu\u011fa \u00e7\u0131karmay\u0131 vaat ediyor. Alanya Yunus G\u00f6sterisi&#8217;nin \u00f6ne \u00e7\u0131kan noktalar\u0131n\u0131 ve harikalar\u0131n\u0131 ke\u015ffederken bize kat\u0131l\u0131n. 1.<\/p>\n","protected":false},"featured_media":4423,"comment_status":"open","ping_status":"closed","template":"","meta":[],"product_brand":[],"product_cat":[108],"product_tag":[],"class_list":{"0":"post-5311","1":"product","2":"type-product","3":"status-publish","4":"has-post-thumbnail","6":"product_cat-turlar","8":"first","9":"instock","10":"virtual","11":"product-type-simple"},"_links":{"self":[{"href":"https:\/\/holidayexcursion.com\/tr\/wp-json\/wp\/v2\/product\/5311","targetHints":{"allow":["GET"]}}],"collection":[{"href":"https:\/\/holidayexcursion.com\/tr\/wp-json\/wp\/v2\/product"}],"about":[{"href":"https:\/\/holidayexcursion.com\/tr\/wp-json\/wp\/v2\/types\/product"}],"replies":[{"embeddable":true,"href":"https:\/\/holidayexcursion.com\/tr\/wp-json\/wp\/v2\/comments?post=5311"}],"wp:featuredmedia":[{"embeddable":true,"href":"https:\/\/holidayexcursion.com\/tr\/wp-json\/wp\/v2\/media\/4423"}],"wp:attachment":[{"href":"https:\/\/holidayexcursion.com\/tr\/wp-json\/wp\/v2\/media?parent=5311"}],"wp:term":[{"taxonomy":"product_brand","embeddable":true,"href":"https:\/\/holidayexcursion.com\/tr\/wp-json\/wp\/v2\/product_brand?post=5311"},{"taxonomy":"product_cat","embeddable":true,"href":"https:\/\/holidayexcursion.com\/tr\/wp-json\/wp\/v2\/product_cat?post=5311"},{"taxonomy":"product_tag","embeddable":true,"href":"https:\/\/holidayexcursion.com\/tr\/wp-json\/wp\/v2\/product_tag?post=5311"}],"curies":[{"name":"wp","href":"https:\/\/api.w.org\/{rel}","templated":true}]}}