{"id":5319,"date":"2021-10-06T02:57:30","date_gmt":"2021-12-06T22:07:47","guid":{"rendered":"http:\/\/holidayexcursion.com\/excursions-in-alanya\/kategorilenmemis\/pamukkale-turu\/"},"modified":"2023-12-05T00:24:17","modified_gmt":"2023-12-04T21:24:17","slug":"salda-golu-pamukkale","status":"publish","type":"product","link":"https:\/\/holidayexcursion.com\/tr\/tours-in-alanya\/turlar\/salda-golu-pamukkale\/","title":{"rendered":"Salda G\u00f6l\u00fc Pamukkale Turu"},"content":{"rendered":"<h2 style=\"font-weight: 400; text-align: center;\">SALDA G\u00d6L\u00dc PAMUKKALE TURU<\/h2>\n<p style=\"text-align: center;\">B\u00fcy\u00fcleyici Harikalar: Salda G\u00f6l\u00fc ve Pamukkale Turu<\/p>\n<p style=\"text-align: center;\">T\u00fcrkiye&#8217;nin en b\u00fcy\u00fcleyici do\u011fa harikalar\u0131ndan ikisi olan Salda G\u00f6l\u00fc ve Pamukkale&#8217;ye tan\u0131k olmak i\u00e7in b\u00fcy\u00fcleyici bir yolculu\u011fa \u00e7\u0131k\u0131n. Bu tur sizi, Salda G\u00f6l\u00fc&#8217;n\u00fcn saf turkuaz sular\u0131 ve Pamukkale&#8217;nin ola\u011fan\u00fcst\u00fc terasl\u0131 traverten havuzlar\u0131 kar\u015f\u0131s\u0131nda hayran kalaca\u011f\u0131n\u0131z g\u00fcneybat\u0131 T\u00fcrkiye&#8217;nin muhte\u015fem manzaralar\u0131na g\u00f6t\u00fcrecek. Bu <a href=\"https:\/\/holidayexcursion.com\/tours-in-alanya\/tours\/boat-tour\/\">b\u00fcy\u00fcleyici<\/a> turda sizi bekleyen \u00f6nemli anlar\u0131 ve deneyimleri ke\u015ffederken bize kat\u0131l\u0131n.<\/p>\n<p style=\"text-align: center;\"><img loading=\"lazy\" decoding=\"async\" class=\"alignnone size-medium wp-image-28393\" src=\"https:\/\/holidayexcursion.com\/wp-content\/uploads\/2021\/10\/pamukkale-tour-holiday-excursion-300x225.jpg\" alt=\"\" width=\"300\" height=\"225\" title=\"\" srcset=\"https:\/\/holidayexcursion.com\/wp-content\/uploads\/2021\/10\/pamukkale-tour-holiday-excursion-300x225.jpg 300w, https:\/\/holidayexcursion.com\/wp-content\/uploads\/2021\/10\/pamukkale-tour-holiday-excursion-768x576.jpg 768w, https:\/\/holidayexcursion.com\/wp-content\/uploads\/2021\/10\/pamukkale-tour-holiday-excursion-600x450.jpg 600w, https:\/\/holidayexcursion.com\/wp-content\/uploads\/2021\/10\/pamukkale-tour-holiday-excursion.jpg 1024w\" sizes=\"auto, (max-width: 300px) 100vw, 300px\" \/><\/p>\n<p style=\"text-align: center;\">1. Salda G\u00f6l\u00fc pamukkale: T\u00fcrk Maldivleri:<\/p>\n<p style=\"text-align: center;\">&#8220;<a href=\"https:\/\/en.wikipedia.org\/wiki\/Lake_Salda\" rel=\"nofollow noopener\" target=\"_blank\">T\u00fcrk Maldivleri<\/a>&#8221; olarak bilinen Salda G\u00f6l\u00fc, nefes kesen do\u011fal g\u00fczelliklerin aras\u0131nda yer alan gizli bir m\u00fccevherdir. Kristal berrakl\u0131\u011f\u0131nda turkuaz sular\u0131, toz beyaz kumlu plajlar\u0131 ve pitoresk \u00e7evresi ile bu muhte\u015fem g\u00f6l, e\u015fsiz ve sakin bir deneyim sunuyor. Kendinizi serinletici suya b\u0131rak\u0131n, el de\u011fmemi\u015f k\u0131y\u0131larda rahatlay\u0131n ve ger\u00e7ek\u00fcst\u00fc manzaralar\u0131n Instagram&#8217;a lay\u0131k foto\u011fraflar\u0131n\u0131 \u00e7ekin. Sizi b\u00fcy\u00fcleyecek ger\u00e7ek bir cennet olan Salda G\u00f6l\u00fc&#8217;n\u00fcn b\u00fcy\u00fcleyici g\u00fczelli\u011fini ke\u015ffedin.<\/p>\n<p style=\"text-align: center;\"><img loading=\"lazy\" decoding=\"async\" class=\"alignnone size-medium wp-image-28399\" src=\"https:\/\/holidayexcursion.com\/wp-content\/uploads\/2021\/10\/Salda-lake-pamukkale-1-300x174.jpg\" alt=\"\" width=\"300\" height=\"174\" title=\"\" srcset=\"https:\/\/holidayexcursion.com\/wp-content\/uploads\/2021\/10\/Salda-lake-pamukkale-1-300x174.jpg 300w, https:\/\/holidayexcursion.com\/wp-content\/uploads\/2021\/10\/Salda-lake-pamukkale-1-600x349.jpg 600w, https:\/\/holidayexcursion.com\/wp-content\/uploads\/2021\/10\/Salda-lake-pamukkale-1.jpg 745w\" sizes=\"auto, (max-width: 300px) 100vw, 300px\" \/><\/p>\n<p style=\"text-align: center;\">2. Salda G\u00f6l\u00fc Pamukkale: Bir Do\u011fa Harikas\u0131:<\/p>\n<p style=\"text-align: center;\">\u00c7o\u011fu zaman &#8220;Pamuk Kalesi&#8221; olarak an\u0131lan <a href=\"https:\/\/en.wikipedia.org\/wiki\/Pamukkale\" rel=\"nofollow noopener\" target=\"_blank\">Pamukkale<\/a>&#8216;nin b\u00fcy\u00fcs\u00fcne kap\u0131lmaya haz\u0131rlan\u0131n. Bu UNESCO D\u00fcnya Miras\u0131 Alan\u0131, termal sularla dolu, ger\u00e7ek\u00fcst\u00fc bir manzara yaratan terasl\u0131 traverten havuzlara sahiptir. Teraslara \u00e7\u0131kt\u0131\u011f\u0131n\u0131zda, s\u0131cak ve \u015fifal\u0131 mineral bak\u0131m\u0131ndan zengin sular\u0131n tad\u0131n\u0131 \u00e7\u0131kar\u0131rken \u00e7arp\u0131c\u0131 beyaz olu\u015fumlara hayran kalacaks\u0131n\u0131z. Ye\u015filliklerin arka plan\u0131nda basamakl\u0131 havuzlar\u0131n ger\u00e7ek\u00fcst\u00fc g\u00f6r\u00fcnt\u00fcs\u00fc ger\u00e7ekten g\u00f6r\u00fclmesi gereken bir manzara. Pamukkale ayr\u0131ca antik kal\u0131nt\u0131lar\u0131 ortaya \u00e7\u0131karabilece\u011finiz ve tarihi \u00f6nemini \u00f6\u011frenebilece\u011finiz Hierapolis Antik Kenti&#8217;ni ke\u015ffetme f\u0131rsat\u0131 da sunuyor.<\/p>\n<p style=\"text-align: center;\"><img loading=\"lazy\" decoding=\"async\" class=\"alignnone size-medium wp-image-28417\" src=\"https:\/\/holidayexcursion.com\/wp-content\/uploads\/2021\/10\/Salda-pamukkale-turu-holiday-excursion-300x184.jpg\" alt=\"\" width=\"300\" height=\"184\" title=\"\" srcset=\"https:\/\/holidayexcursion.com\/wp-content\/uploads\/2021\/10\/Salda-pamukkale-turu-holiday-excursion-300x184.jpg 300w, https:\/\/holidayexcursion.com\/wp-content\/uploads\/2021\/10\/Salda-pamukkale-turu-holiday-excursion.jpg 596w\" sizes=\"auto, (max-width: 300px) 100vw, 300px\" \/><\/p>\n<p style=\"text-align: center;\">3. Salda G\u00f6l\u00fc Pamukkale Termal Banyolar\u0131 ve \u015e\u0131mart\u0131c\u0131 atmosferi:<\/p>\n<p style=\"text-align: center;\">Pamukkale&#8217;deki termal sular\u0131n gen\u00e7le\u015ftirici ve tedavi edici \u00f6zelliklerinin keyfini \u00e7\u0131kar\u0131n. \u015eifa faydalar\u0131yla bilinen, do\u011fal olarak \u0131s\u0131t\u0131lan, mineral bak\u0131m\u0131ndan zengin bu sular, unutulmaz bir banyo deneyimi sunuyor. Pamukkale&#8217;nin termal banyolar\u0131, muhte\u015fem do\u011fal g\u00fczelliklerle \u00e7evriliyken dinlenmek ve yenilenmek i\u00e7in e\u015fsiz bir f\u0131rsat sunar. S\u0131cak sulara dald\u0131\u011f\u0131n\u0131z\u0131, v\u00fccudunuzu yeniledi\u011finizi ve t\u00fcm stresinizin eriyip gitti\u011fini hissetti\u011finizi hayal edin.<\/p>\n<p style=\"text-align: center;\"><img loading=\"lazy\" decoding=\"async\" class=\"alignnone size-medium wp-image-28405\" src=\"https:\/\/holidayexcursion.com\/wp-content\/uploads\/2021\/10\/Salda-lake-pamukkale-2-300x159.webp\" alt=\"\" width=\"300\" height=\"159\" title=\"\" srcset=\"https:\/\/holidayexcursion.com\/wp-content\/uploads\/2021\/10\/Salda-lake-pamukkale-2-300x159.webp 300w, https:\/\/holidayexcursion.com\/wp-content\/uploads\/2021\/10\/Salda-lake-pamukkale-2-600x318.webp 600w, https:\/\/holidayexcursion.com\/wp-content\/uploads\/2021\/10\/Salda-lake-pamukkale-2.webp 650w\" sizes=\"auto, (max-width: 300px) 100vw, 300px\" \/><\/p>\n<p style=\"text-align: center;\">4. Salda G\u00f6l\u00fc Pamukkale turu Rehberli Uzmanl\u0131k ve Konfor:<\/p>\n<p style=\"text-align: center;\">Salda G\u00f6l\u00fc Pamukkale turu, b\u00f6lgenin tarihi, k\u00fclt\u00fcr\u00fc ve do\u011fal g\u00fczellikleri konusunda bilgili, deneyimli rehberlerin uzmanl\u0131\u011f\u0131n\u0131 sunmaktad\u0131r. Tur boyunca size e\u015flik edecekler, anlay\u0131\u015fl\u0131 yorumlar sunacaklar ve konforunuzu ve g\u00fcvenli\u011finizi sa\u011flayacaklar. Destinasyonlara ili\u015fkin bilgi ve tutkular\u0131, turun \u00f6nemli noktalar\u0131n\u0131 anlaman\u0131z\u0131 ve takdir etmenizi b\u00fcy\u00fck \u00f6l\u00e7\u00fcde art\u0131racak ve kendinizi Salda G\u00f6l\u00fc ve Pamukkale&#8217;nin harikalar\u0131na tamamen kapt\u0131rman\u0131za olanak tan\u0131yacakt\u0131r.<\/p>\n<p style=\"text-align: center;\"><img loading=\"lazy\" decoding=\"async\" class=\"alignnone size-medium wp-image-28411\" src=\"https:\/\/holidayexcursion.com\/wp-content\/uploads\/2021\/10\/Salda-lake-pamukkale-trip-300x200.jpg\" alt=\"\" width=\"300\" height=\"200\" title=\"\" srcset=\"https:\/\/holidayexcursion.com\/wp-content\/uploads\/2021\/10\/Salda-lake-pamukkale-trip-300x200.jpg 300w, https:\/\/holidayexcursion.com\/wp-content\/uploads\/2021\/10\/Salda-lake-pamukkale-trip-600x400.jpg 600w, https:\/\/holidayexcursion.com\/wp-content\/uploads\/2021\/10\/Salda-lake-pamukkale-trip.jpg 669w\" sizes=\"auto, (max-width: 300px) 100vw, 300px\" \/><\/p>\n<div class=\"mceTemp\" style=\"text-align: center;\"><\/div>\n<p style=\"text-align: center;\">5. Do\u011fan\u0131n Muhte\u015fem Kontrast\u0131:<\/p>\n<p style=\"text-align: center;\">Salda G\u00f6l\u00fc Pamukkale turu iki muhte\u015fem do\u011fa harikas\u0131 aras\u0131nda e\u015fsiz bir kontrast sa\u011flar. Salda G\u00f6l\u00fc&#8217;n\u00fcn tertemiz turkuaz sular\u0131 ve kumlu k\u0131y\u0131lar\u0131ndan kendinizi huzurlu ve sakin bir ortam\u0131n i\u00e7inde bulacaks\u0131n\u0131z. Pamukkale&#8217;ye do\u011fru ilerledik\u00e7e etkileyici terasl\u0131 havuzlar ve antik kal\u0131nt\u0131lar dinamik ve hayranl\u0131k uyand\u0131ran bir atmosfer yarat\u0131yor. Bu tur, T\u00fcrkiye&#8217;nin sundu\u011fu ola\u011fan\u00fcst\u00fc do\u011fal g\u00fczellik \u00e7e\u015fitlili\u011fine tan\u0131k olman\u0131z\u0131 sa\u011flar.<\/p>\n<p style=\"text-align: center;\"><img loading=\"lazy\" decoding=\"async\" class=\"size-medium wp-image-3978\" src=\"https:\/\/holidayexcursion.com\/wp-content\/uploads\/2021\/10\/pamukkale-tour-3.webp\" alt=\"pamukkale turu\" width=\"300\" height=\"300\" title=\"\" srcset=\"https:\/\/holidayexcursion.com\/wp-content\/uploads\/2021\/10\/pamukkale-tour-3.webp 2000w, https:\/\/holidayexcursion.com\/wp-content\/uploads\/2021\/10\/pamukkale-tour-3-300x300.webp 300w, https:\/\/holidayexcursion.com\/wp-content\/uploads\/2021\/10\/pamukkale-tour-3-768x768.webp 768w, https:\/\/holidayexcursion.com\/wp-content\/uploads\/2021\/10\/pamukkale-tour-3-1024x1024.webp 1024w, https:\/\/holidayexcursion.com\/wp-content\/uploads\/2021\/10\/pamukkale-tour-3-1536x1536.webp 1536w, https:\/\/holidayexcursion.com\/wp-content\/uploads\/2021\/10\/pamukkale-tour-3-600x600.webp 600w, https:\/\/holidayexcursion.com\/wp-content\/uploads\/2021\/10\/pamukkale-tour-3-100x100.webp 100w, https:\/\/holidayexcursion.com\/wp-content\/uploads\/2021\/10\/pamukkale-tour-3-150x150.webp 150w\" sizes=\"auto, (max-width: 300px) 100vw, 300px\" \/><\/p>\n<p style=\"text-align: center;\">Salda G\u00f6l\u00fc Pamukkale turu sizi T\u00fcrkiye&#8217;nin muhte\u015fem do\u011fa harikalar\u0131na hayran b\u0131rakmay\u0131 vaat ediyor. Salda G\u00f6l\u00fc&#8217;n\u00fcn ger\u00e7ek\u00fcst\u00fc manzaralar\u0131ndan ve turkuaz sular\u0131ndan Pamukkale&#8217;nin terasl\u0131 traverten havuzlar\u0131na kadar bu tur sizi nefes kesen manzaralar aras\u0131nda b\u00fcy\u00fcleyici bir yolculu\u011fa \u00e7\u0131karacak. Yan\u0131n\u0131zda uzman rehberlerle bu ola\u011fan\u00fcst\u00fc destinasyonlar\u0131n tarihi ve k\u00fclt\u00fcrel \u00f6nemi hakk\u0131nda daha derin bir anlay\u0131\u015f kazanacaks\u0131n\u0131z. Size \u00f6m\u00fcr boyu hat\u0131rlanacak an\u0131lar b\u0131rakacak unutulmaz bir maceraya at\u0131lmaya haz\u0131rlan\u0131n.<\/p>\n<p style=\"text-align: center;\"><img loading=\"lazy\" decoding=\"async\" class=\"size-medium wp-image-3984\" src=\"https:\/\/holidayexcursion.com\/wp-content\/uploads\/2021\/10\/pamukkale-tour-9.webp\" alt=\"pamukkale turu\" width=\"300\" height=\"300\" title=\"\" srcset=\"https:\/\/holidayexcursion.com\/wp-content\/uploads\/2021\/10\/pamukkale-tour-9.webp 2000w, https:\/\/holidayexcursion.com\/wp-content\/uploads\/2021\/10\/pamukkale-tour-9-300x300.webp 300w, https:\/\/holidayexcursion.com\/wp-content\/uploads\/2021\/10\/pamukkale-tour-9-768x768.webp 768w, https:\/\/holidayexcursion.com\/wp-content\/uploads\/2021\/10\/pamukkale-tour-9-1024x1024.webp 1024w, https:\/\/holidayexcursion.com\/wp-content\/uploads\/2021\/10\/pamukkale-tour-9-1536x1536.webp 1536w, https:\/\/holidayexcursion.com\/wp-content\/uploads\/2021\/10\/pamukkale-tour-9-600x600.webp 600w, https:\/\/holidayexcursion.com\/wp-content\/uploads\/2021\/10\/pamukkale-tour-9-100x100.webp 100w, https:\/\/holidayexcursion.com\/wp-content\/uploads\/2021\/10\/pamukkale-tour-9-150x150.webp 150w\" sizes=\"auto, (max-width: 300px) 100vw, 300px\" \/><\/p>\n<div style=\"text-align: center;\"><strong>SALDA G\u00d6L\u00dc PAMUKKALE TUR PROGRAMI:<\/strong><\/div>\n<div style=\"text-align: center;\">\n<div>* Alanya ve \u00e7evresindeki otel ve apartmanlardan ara\u00e7la al\u0131n\u0131\u015f<\/div>\n<div>*Denizli \u015fehir \u00fczerinden Pamukkale&#8217;ye do\u011fru hareket,Kahvalt\u0131<\/div>\n<div>* Konfor molas\u0131, Pamukkale&#8217;ye var\u0131\u015f (saat 10:00 civar\u0131)<\/div>\n<div>* Hierapolis antik kenti ve nekropol ziyareti (yakla\u015f\u0131k bir saat)<\/div>\n<div>* Pamukkale (Pamuk Kalesi) kire\u00e7ta\u015f\u0131 teraslar\u0131n\u0131 ziyaret edin ve serbest zaman\u0131n tad\u0131n\u0131 \u00e7\u0131kar\u0131n (yakla\u015f\u0131k 3 saat)<\/div>\n<div>* \u00d6\u011fle Yeme\u011fi Salda G\u00f6l\u00fc ziyareti. Ke\u015ffetmek i\u00e7in biraz serbest zamandan yararlan\u0131n (yakla\u015f\u0131k bir saat)<\/div>\n<div>*Ak\u015fam yeme\u011fi,Toros da\u011f\u0131 \u00fczerinden Antalya&#8217;ya d\u00f6n\u00fc\u015f yolculu\u011fu<\/div>\n<div>*Alanya&#8217;daki otel ve apartlara b\u0131rakma (23:30-24:00)<\/div>\n<\/div>\n<div style=\"text-align: center;\"><\/div>\n<div style=\"text-align: center;\"><strong>F\u0130YATA DAH\u0130L OLANLAR :<\/strong><\/div>\n<div style=\"text-align: center;\">* Alanya&#8217;daki otel ve dairelerden alma\/b\u0131rakma<\/div>\n<div style=\"text-align: center;\">* Rehber, Kahvalt\u0131, \u00d6\u011fle Yeme\u011fi, Ak\u015fam Yeme\u011fi<\/div>\n<div style=\"text-align: center;\">* Pamukkale, Hierapolis antik kenti ve Salda g\u00f6l\u00fcne giri\u015f \u00fccretleri<\/div>\n<div style=\"text-align: center;\"><\/div>\n<div style=\"text-align: center;\"><strong>Fiyata Dahil olmayanlar<\/strong><\/div>\n<div style=\"text-align: center;\">* Ki\u015fisel harcamalar<\/div>\n<div style=\"text-align: center;\">* Kleopatra&#8217;n\u0131n termal havuzunda y\u00fczmek (11\u20ac)<\/div>\n<div style=\"text-align: center;\"><\/div>\n<div style=\"text-align: center;\"><strong>EK B\u0130LG\u0130 VE \u0130PU\u00c7LARI:<\/strong><\/div>\n<div style=\"text-align: center;\">\n<div>\n<p>\u2022 Pamukkale teraslar\u0131nda y\u00fczmeye ve y\u00fcr\u00fcy\u00fc\u015fe izin verilmektedir. <span style=\"font-size: 14.4px;\">Rahat bir k\u0131yafet ve y\u00fcr\u00fcy\u00fc\u015f ayakkab\u0131s\u0131 giyin<\/span><\/p>\n<div>* Pamukkale&#8217;nin termal havuzlar\u0131nda veya Kleopatra havuzunda suya girmek istiyorsan\u0131z mayonuzu, havlular\u0131n\u0131z\u0131 ve g\u00fcne\u015f kreminizi yan\u0131n\u0131za al\u0131n.<\/div>\n<\/div>\n<div>\u2022 Kleopatra havuzuna bakmak, y\u00fcr\u00fcmek ve foto\u011fraf \u00e7ekmek \u00fccretsizdir. Sadece havuzda y\u00fczmek iste\u011fe ba\u011fl\u0131 bir ekstrad\u0131r.<\/div>\n<\/div>\n<p style=\"font-weight: 400; text-align: center;\">Fiyata transfer, sigorta, \u00f6\u011fle yeme\u011fi ve servis rehberli\u011fi dahildir.<\/p>\n<p style=\"font-weight: 400; text-align: center;\">Antalya,Alanya,Side,Manavgat,Belek&#8217;ten temin edilebilir. Kesin al\u0131m saatleri i\u00e7in l\u00fctfen bizimle ileti\u015fime ge\u00e7in.<\/p>\n<p style=\"text-align: center;\">Alanya&#8217;daki tatiliniz boyunca size unutulmaz an\u0131lar diliyoruz.<\/p>\n<p style=\"text-align: center;\">Not: Daha fazla bilgi i\u00e7in Whats App&#8217;tan arayarak veya mesaj atarak da ileti\u015fime ge\u00e7ebilirsiniz.<\/p>\n<p style=\"text-align: center;\">Holiday Excursion Ekibi,<\/p>\n<p><iframe loading=\"lazy\" title=\"Home of PAMUKKALE | Go T\u00fcrkiye\" width=\"1020\" height=\"574\" src=\"https:\/\/www.youtube.com\/embed\/l-L46v3uV7U?feature=oembed\" frameborder=\"0\" allow=\"accelerometer; autoplay; clipboard-write; encrypted-media; gyroscope; picture-in-picture; web-share\" allowfullscreen><\/iframe><\/p>\n<p><iframe loading=\"lazy\" title=\"Hierapolis and Pamukkale, Turkey: Curative Waters - Rick Steves\u2019 Europe Travel Guide - Travel Bite\" width=\"1020\" height=\"574\" src=\"https:\/\/www.youtube.com\/embed\/3ua4GGisRSo?feature=oembed\" frameborder=\"0\" allow=\"accelerometer; autoplay; clipboard-write; encrypted-media; gyroscope; picture-in-picture; web-share\" allowfullscreen><\/iframe><\/p>\n<p><iframe loading=\"lazy\" title=\"Best of Pamukkale and Hierapolis, South West Turkey\" width=\"1020\" height=\"574\" src=\"https:\/\/www.youtube.com\/embed\/AFlUkxLKJVs?feature=oembed\" frameborder=\"0\" allow=\"accelerometer; autoplay; clipboard-write; encrypted-media; gyroscope; picture-in-picture; web-share\" allowfullscreen><\/iframe><\/p>\n","protected":false},"excerpt":{"rendered":"<p>SALDA G\u00d6L\u00dc PAMUKKALE TURU B\u00fcy\u00fcleyici Harikalar: Salda G\u00f6l\u00fc ve Pamukkale Turu T\u00fcrkiye&#8217;nin en b\u00fcy\u00fcleyici do\u011fa harikalar\u0131ndan ikisi olan Salda G\u00f6l\u00fc ve Pamukkale&#8217;ye tan\u0131k olmak i\u00e7in b\u00fcy\u00fcleyici bir yolculu\u011fa \u00e7\u0131k\u0131n. Bu tur sizi, Salda G\u00f6l\u00fc&#8217;n\u00fcn saf turkuaz sular\u0131 ve Pamukkale&#8217;nin ola\u011fan\u00fcst\u00fc terasl\u0131 traverten havuzlar\u0131 kar\u015f\u0131s\u0131nda hayran kalaca\u011f\u0131n\u0131z g\u00fcneybat\u0131 T\u00fcrkiye&#8217;nin muhte\u015fem manzaralar\u0131na g\u00f6t\u00fcrecek. Bu b\u00fcy\u00fcleyici turda sizi<\/p>\n","protected":false},"featured_media":4628,"comment_status":"open","ping_status":"closed","template":"","meta":[],"product_brand":[],"product_cat":[108],"product_tag":[],"class_list":{"0":"post-5319","1":"product","2":"type-product","3":"status-publish","4":"has-post-thumbnail","6":"product_cat-turlar","8":"first","9":"instock","10":"virtual","11":"sold-individually","12":"purchasable","13":"product-type-booking"},"_links":{"self":[{"href":"https:\/\/holidayexcursion.com\/tr\/wp-json\/wp\/v2\/product\/5319","targetHints":{"allow":["GET"]}}],"collection":[{"href":"https:\/\/holidayexcursion.com\/tr\/wp-json\/wp\/v2\/product"}],"about":[{"href":"https:\/\/holidayexcursion.com\/tr\/wp-json\/wp\/v2\/types\/product"}],"replies":[{"embeddable":true,"href":"https:\/\/holidayexcursion.com\/tr\/wp-json\/wp\/v2\/comments?post=5319"}],"wp:featuredmedia":[{"embeddable":true,"href":"https:\/\/holidayexcursion.com\/tr\/wp-json\/wp\/v2\/media\/4628"}],"wp:attachment":[{"href":"https:\/\/holidayexcursion.com\/tr\/wp-json\/wp\/v2\/media?parent=5319"}],"wp:term":[{"taxonomy":"product_brand","embeddable":true,"href":"https:\/\/holidayexcursion.com\/tr\/wp-json\/wp\/v2\/product_brand?post=5319"},{"taxonomy":"product_cat","embeddable":true,"href":"https:\/\/holidayexcursion.com\/tr\/wp-json\/wp\/v2\/product_cat?post=5319"},{"taxonomy":"product_tag","embeddable":true,"href":"https:\/\/holidayexcursion.com\/tr\/wp-json\/wp\/v2\/product_tag?post=5319"}],"curies":[{"name":"wp","href":"https:\/\/api.w.org\/{rel}","templated":true}]}}