{"id":5323,"date":"2021-10-06T01:22:53","date_gmt":"2021-12-06T22:07:48","guid":{"rendered":"http:\/\/holidayexcursion.com\/excursions-in-alanya\/kategorilenmemis\/buggy-dortlu-tur\/"},"modified":"2024-03-01T01:50:42","modified_gmt":"2024-02-29T22:50:42","slug":"buggy-turu","status":"publish","type":"product","link":"https:\/\/holidayexcursion.com\/tr\/tours-in-alanya\/turlar\/buggy-turu\/","title":{"rendered":"Buggy Turu"},"content":{"rendered":"<h2 style=\"text-align: center;\"><strong>BUGGY TURU<\/strong><\/h2>\n<h2 style=\"text-align: center;\">\u0130\u00e7inizdeki Macerac\u0131y\u0131 Ortaya \u00c7\u0131kar\u0131n: Alanya Buggy Turu<\/h2>\n<p style=\"text-align: center;\">Heyecan verici bir <a href=\"https:\/\/holidayexcursion.com\/tours-in-alanya\/rent-a-car\/quad\/\">off-road<\/a> maceras\u0131na at\u0131lmaya haz\u0131r m\u0131s\u0131n\u0131z? Heyecan ve ke\u015ffetme arzunuzu tatmin edebilece\u011finiz Alanya Buggy Turu&#8217;ndan ba\u015fka bir yere bakmay\u0131n. Bu Holiday Excursion turunda sizi Alanya&#8217;n\u0131n engebeli arazisine g\u00f6t\u00fcrece\u011fiz ve Buggy Turunun adrenalin pompalayan deneyimini vurgulayaca\u011f\u0131z.<\/p>\n<p style=\"text-align: center;\">1. Alanya&#8217;n\u0131n Off-Road Harikalar\u0131n\u0131 Ke\u015ffetmek:<\/p>\n<p style=\"text-align: center;\">T\u00fcrkiye&#8217;nin muhte\u015fem Akdeniz k\u0131y\u0131s\u0131nda yer alan Alanya, Buggy Turu i\u00e7in benzersiz bir ortam sunuyor. Bu b\u00fcy\u00fcleyici \u015fehir engebeli da\u011flarla, heyecan verici patikalarla ve ke\u015ffedilmeyi bekleyen gizli g\u00fczelliklerle \u00e7evrilidir. Buggy Turu ile al\u0131\u015f\u0131lagelmi\u015fin d\u0131\u015f\u0131na \u00e7\u0131kma ve Alanya&#8217;n\u0131n do\u011fal g\u00fczelliklerini daha \u00f6nce hi\u00e7 olmad\u0131\u011f\u0131 gibi ke\u015ffetme \u015fans\u0131na sahip olursunuz.<\/p>\n<p style=\"text-align: center;\"><img loading=\"lazy\" decoding=\"async\" class=\"alignnone size-medium wp-image-28855\" src=\"https:\/\/holidayexcursion.com\/wp-content\/uploads\/2021\/10\/buggy-alanya-300x214.jpg\" alt=\"\" width=\"300\" height=\"214\" title=\"\" srcset=\"https:\/\/holidayexcursion.com\/wp-content\/uploads\/2021\/10\/buggy-alanya-300x214.jpg 300w, https:\/\/holidayexcursion.com\/wp-content\/uploads\/2021\/10\/buggy-alanya-600x429.jpg 600w, https:\/\/holidayexcursion.com\/wp-content\/uploads\/2021\/10\/buggy-alanya.jpg 700w\" sizes=\"auto, (max-width: 300px) 100vw, 300px\" \/><\/p>\n<p style=\"text-align: center;\">2. Buggy Deneyimi:<\/p>\n<p style=\"text-align: center;\">Buggy, zorlu arazilerin \u00fcstesinden gelmek i\u00e7in tasarlanm\u0131\u015f k\u00fc\u00e7\u00fck, \u00fcst\u00fc a\u00e7\u0131k bir ara\u00e7t\u0131r. Bir go-kart ile ATV&#8217;nin m\u00fckemmel birle\u015fimidir ve kayal\u0131k patikalarda, kumlu geni\u015f alanlarda ve \u00e7amurlu yollarda kolayl\u0131kla gezinmenize olanak tan\u0131r. Buggy&#8217;nin g\u00fc\u00e7l\u00fc motoru ve sa\u011flam yap\u0131s\u0131, onu heyecan verici bir arazi maceras\u0131 i\u00e7in ideal bir ara\u00e7 haline getiriyor.<\/p>\n<p style=\"text-align: center;\">3. Adrenalin Pompalayan Off-Road Pistleri:<\/p>\n<p style=\"text-align: center;\"><a href=\"https:\/\/en.wikipedia.org\/wiki\/Alanya\" rel=\"nofollow noopener\" target=\"_blank\">Alanya<\/a> Buggy Turu sizi s\u00fcr\u00fc\u015f becerilerinizi test eden ve macera duygunuzu ate\u015fleyen \u00e7e\u015fitli off-road parkurlara g\u00f6t\u00fcr\u00fcr. Dolamba\u00e7l\u0131 da\u011f yollar\u0131ndan heyecan verici kum tepelerine kadar her yol benzersiz bir m\u00fccadele ve s\u0131n\u0131rlar\u0131n\u0131z\u0131 zorlama f\u0131rsat\u0131 sunuyor. Engebeli arazileri fethederken, engellerin etraf\u0131nda manevra yaparken ve Alanya&#8217;n\u0131n do\u011fal manzaralar\u0131n\u0131n e\u015fsiz g\u00fczelli\u011finin tad\u0131n\u0131 \u00e7\u0131kar\u0131rken adrenalinin patlamas\u0131n\u0131 hissedin.<\/p>\n<p style=\"text-align: center;\"><img loading=\"lazy\" decoding=\"async\" class=\"alignnone size-medium wp-image-28843\" src=\"https:\/\/holidayexcursion.com\/wp-content\/uploads\/2021\/10\/Alanya-buggy-tour--300x159.jpg\" alt=\"\" width=\"300\" height=\"159\" title=\"\" srcset=\"https:\/\/holidayexcursion.com\/wp-content\/uploads\/2021\/10\/Alanya-buggy-tour--300x159.jpg 300w, https:\/\/holidayexcursion.com\/wp-content\/uploads\/2021\/10\/Alanya-buggy-tour--768x407.jpg 768w, https:\/\/holidayexcursion.com\/wp-content\/uploads\/2021\/10\/Alanya-buggy-tour--600x318.jpg 600w, https:\/\/holidayexcursion.com\/wp-content\/uploads\/2021\/10\/Alanya-buggy-tour-.jpg 850w\" sizes=\"auto, (max-width: 300px) 100vw, 300px\" \/><\/p>\n<p style=\"text-align: center;\">4. T\u00fcm Beceri Seviyelerine Uygun:<\/p>\n<p style=\"text-align: center;\">\u0130ster deneyimli bir s\u00fcr\u00fcc\u00fc, ister yeni ba\u015flayan bir s\u00fcr\u00fcc\u00fc olun, Alanya&#8217;daki Buggy Turu t\u00fcm beceri seviyelerine hitap etmektedir. Profesyonel rehberler tur ba\u015flamadan \u00f6nce kapsaml\u0131 talimatlar ve g\u00fcvenlik brifingleri sa\u011flayaca\u011f\u0131ndan \u00f6nceden deneyim gerekli de\u011fildir. Uzman rehberli\u011fi sayesinde zorlu rotalarda g\u00fcvenle ilerleyebilir ve off-road maceran\u0131zdan en iyi \u015fekilde yararlanabilirsiniz.<\/p>\n<p style=\"text-align: center;\">5. Muhte\u015fem Manzaralar ve Gizli M\u00fccevherler:<\/p>\n<p style=\"text-align: center;\">Heyecan verici yolculu\u011fun yan\u0131 s\u0131ra, Alanya&#8217;daki Buggy Turu nefes kesen manzaralara tan\u0131k olmak ve yol boyunca gizli m\u00fccevherleri ortaya \u00e7\u0131karmak i\u00e7in ola\u011fan\u00fcst\u00fc bir f\u0131rsat sunuyor. Off-road parkurlar\u0131n\u0131 ge\u00e7erken \u015fehrin, sahil \u015feridinin ve \u00e7evredeki da\u011flar\u0131n panoramik manzaralar\u0131yla kar\u015f\u0131la\u015facaks\u0131n\u0131z. G\u00f6zlem noktalar\u0131nda ve e\u015fsiz noktalarda molalar vererek b\u00f6lgenin g\u00fczelli\u011fine dalman\u0131za ve unutulmaz foto\u011fraflar \u00e7ekmenize olanak tan\u0131r.<\/p>\n<p style=\"text-align: center;\"><img loading=\"lazy\" decoding=\"async\" class=\"alignnone size-medium wp-image-28837\" src=\"https:\/\/holidayexcursion.com\/wp-content\/uploads\/2021\/10\/alanya-buggy-safari-holiday-excursion-300x198.jpeg\" alt=\"\" width=\"300\" height=\"198\" title=\"\" srcset=\"https:\/\/holidayexcursion.com\/wp-content\/uploads\/2021\/10\/alanya-buggy-safari-holiday-excursion-300x198.jpeg 300w, https:\/\/holidayexcursion.com\/wp-content\/uploads\/2021\/10\/alanya-buggy-safari-holiday-excursion-768x508.jpeg 768w, https:\/\/holidayexcursion.com\/wp-content\/uploads\/2021\/10\/alanya-buggy-safari-holiday-excursion-600x397.jpeg 600w, https:\/\/holidayexcursion.com\/wp-content\/uploads\/2021\/10\/alanya-buggy-safari-holiday-excursion.jpeg 800w\" sizes=\"auto, (max-width: 300px) 100vw, 300px\" \/><\/p>\n<p style=\"text-align: center;\">Alanya Buggy Turu, i\u00e7inizdeki macerac\u0131y\u0131 kanalize etmenize ve bu sahil \u015fehrinin muhte\u015fem manzaralar\u0131n\u0131 ke\u015ffetmenize olanak tan\u0131yan heyecan verici ve unutulmaz bir macerad\u0131r. Engebeli araziler, adrenalin pompalayan parkurlar ve nefes kesen manzaralar\u0131n bir araya geldi\u011fi bu off-road deneyiminin size kal\u0131c\u0131 an\u0131lar b\u0131rakaca\u011f\u0131ndan emin olabilirsiniz. \u0130ster deneyimli bir off-road tutkunu olun, ister heyecan verici yeni bir deneyim arayan yeni ba\u015flayan biri olun, Alanya Buggy Turu, daha fazlas\u0131n\u0131 arzulaman\u0131z\u0131 sa\u011flayacak unutulmaz bir yolculuk vaat ediyor. O halde emniyet kemerinizi tak\u0131n, motorunuzu \u00e7al\u0131\u015ft\u0131r\u0131n ve Alanya&#8217;n\u0131n off-road harikalar\u0131nda Buggy Turu ile i\u00e7inizdeki macerac\u0131y\u0131 a\u00e7\u0131\u011fa \u00e7\u0131karmaya haz\u0131rlan\u0131n!<\/p>\n<p style=\"text-align: center;\"><img loading=\"lazy\" decoding=\"async\" class=\"alignnone size-medium wp-image-28849 aligncenter\" src=\"https:\/\/holidayexcursion.com\/wp-content\/uploads\/2021\/10\/Alanya-Buggy-Tour-4-300x159.jpeg\" alt=\"\" width=\"300\" height=\"159\" title=\"\" srcset=\"https:\/\/holidayexcursion.com\/wp-content\/uploads\/2021\/10\/Alanya-Buggy-Tour-4-300x159.jpeg 300w, https:\/\/holidayexcursion.com\/wp-content\/uploads\/2021\/10\/Alanya-Buggy-Tour-4-768x407.jpeg 768w, https:\/\/holidayexcursion.com\/wp-content\/uploads\/2021\/10\/Alanya-Buggy-Tour-4-600x318.jpeg 600w, https:\/\/holidayexcursion.com\/wp-content\/uploads\/2021\/10\/Alanya-Buggy-Tour-4.jpeg 850w\" sizes=\"auto, (max-width: 300px) 100vw, 300px\" \/><\/p>\n<p style=\"text-align: center;\"><strong>Alanya&#8217;da buggy safari turlar\u0131 g\u00fcnde 3 defa yap\u0131lmaktad\u0131r:<\/strong><\/p>\n<p style=\"text-align: center;\"><strong>1-Sabah grubu : Al\u0131\u015f:09:00 D\u00f6n\u00fc\u015f saati: 13:00<\/strong><\/p>\n<p style=\"text-align: center;\"><strong> 2-\u00d6\u011fleden sonra grubu : Al\u0131\u015f:13:30 D\u00f6n\u00fc\u015f saati: 17:30<\/strong><\/p>\n<p style=\"text-align: center;\"><strong>3-G\u00fcn bat\u0131m\u0131 grubu : Kalk\u0131\u015f:16:00 D\u00f6n\u00fc\u015f saati:17:30<\/strong><\/p>\n<div style=\"text-align: center;\">\n<div><strong>ALANYA BUGGY SAFARI PROGRAMI :<\/strong><\/div>\n<div>* Alanya ve \u00e7evresindeki otel\/apartmanlardan ara\u00e7la alma, buggy istasyonumuza ve off-road arazimize var\u0131\u015f<\/div>\n<div>* Arabalar\u0131n nas\u0131l s\u00fcr\u00fclece\u011fine ve g\u00fcvenli\u011fine ili\u015fkin t\u00fcm bilgiler profesyonel rehberlerimiz ve e\u011fitmenlerimiz taraf\u0131ndan verilecektir.<\/div>\n<div>* K\u0131sa bir e\u011fitim ve test s\u00fcr\u00fc\u015f\u00fc, Arazi yollar\u0131nda ve ormanda s\u00fcr\u00fc\u015f<\/div>\n<div>* Dinlenme molalar\u0131, Y\u00fczme molas\u0131 (iste\u011fe ba\u011fl\u0131)<\/div>\n<div>*Alanya ve \u00e7evresindeki otel ve dairelerinize b\u0131rakma<\/div>\n<\/div>\n<div style=\"text-align: center;\">\n<div><\/div>\n<div><strong>F\u0130YATA DAH\u0130L OLANLAR :<\/strong><\/div>\n<div>* Alanya ve \u00e7evresindeki otel ve apartmanlardan transferiniz.<\/div>\n<div>* E\u011fitmen ve rehber, Kask. <span style=\"font-size: 14.4px;\">Yakla\u015f\u0131k 2 saat, 20 km s\u00fcr\u00fc\u015f<\/span><\/div>\n<\/div>\n<div style=\"text-align: center;\"><\/div>\n<div style=\"text-align: center;\"><strong>Fiyata Dahil olmayanlar<\/strong><\/div>\n<div style=\"text-align: center;\">* \u0130\u00e7ecekler, Foto\u011fraflar, DVD<\/div>\n<div style=\"text-align: center;\"><\/div>\n<div style=\"text-align: center;\"><strong>EK B\u0130LG\u0130 VE B\u0130LG\u0130LER:<\/strong><\/div>\n<div style=\"text-align: center;\">* Y\u00fcz\u00fcn\u00fcz\u00fc ve g\u00f6zlerinizi toz ve kirden korumak i\u00e7in g\u00fcne\u015f kremi, rahat ayakkab\u0131, g\u00fcne\u015f g\u00f6zl\u00fc\u011f\u00fc ve mendil al\u0131n. Bunlar\u0131 tur rehberinizden de sat\u0131n alabilirsiniz.<\/div>\n<div style=\"text-align: center;\">* Toz, toprak, \u00e7amur ve saha \u015fartlar\u0131na uygun giyinin. K\u0131yafetleriniz kirlenecek ve tozlanacak<\/div>\n<p style=\"text-align: center;\">Alanya&#8217;daki tatiliniz boyunca size unutulmaz an\u0131lar diliyoruz.<\/p>\n<p style=\"text-align: center;\">Not: Daha fazla bilgi i\u00e7in Whats App&#8217;tan arayarak veya mesaj atarak da ileti\u015fime ge\u00e7ebilirsiniz.<\/p>\n<p style=\"text-align: center;\">Holiday Excursion Ekibi,<\/p>\n<p><iframe loading=\"lazy\" title=\"The Buggy Safari Off Road Adventure Turkey Antalya\" width=\"1020\" height=\"574\" src=\"https:\/\/www.youtube.com\/embed\/PtCas_RTbNo?feature=oembed\" frameborder=\"0\" allow=\"accelerometer; autoplay; clipboard-write; encrypted-media; gyroscope; picture-in-picture; web-share\" allowfullscreen><\/iframe><\/p>\n<p style=\"text-align: center;\"><a href=\"https:\/\/holidayexcursion.com\/excursions-in-alanya\/rent-a-car\/quad-bike\/\">QUAD BIKE (Atv)<\/a><\/p>\n<p><iframe loading=\"lazy\" title=\"Buggy Safari Marmaris 2015\" width=\"1020\" height=\"574\" src=\"https:\/\/www.youtube.com\/embed\/KILHkRf_qSc?feature=oembed\" frameborder=\"0\" allow=\"accelerometer; autoplay; clipboard-write; encrypted-media; gyroscope; picture-in-picture; web-share\" allowfullscreen><\/iframe><\/p>\n","protected":false},"excerpt":{"rendered":"<p>BUGGY TURU \u0130\u00e7inizdeki Macerac\u0131y\u0131 Ortaya \u00c7\u0131kar\u0131n: Alanya Buggy Turu Heyecan verici bir off-road maceras\u0131na at\u0131lmaya haz\u0131r m\u0131s\u0131n\u0131z? Heyecan ve ke\u015ffetme arzunuzu tatmin edebilece\u011finiz Alanya Buggy Turu&#8217;ndan ba\u015fka bir yere bakmay\u0131n. Bu Holiday Excursion turunda sizi Alanya&#8217;n\u0131n engebeli arazisine g\u00f6t\u00fcrece\u011fiz ve Buggy Turunun adrenalin pompalayan deneyimini vurgulayaca\u011f\u0131z. 1. Alanya&#8217;n\u0131n Off-Road Harikalar\u0131n\u0131 Ke\u015ffetmek: T\u00fcrkiye&#8217;nin muhte\u015fem Akdeniz k\u0131y\u0131s\u0131nda<\/p>\n","protected":false},"featured_media":4177,"comment_status":"open","ping_status":"closed","template":"","meta":[],"product_brand":[],"product_cat":[108],"product_tag":[],"class_list":{"0":"post-5323","1":"product","2":"type-product","3":"status-publish","4":"has-post-thumbnail","6":"product_cat-turlar","8":"first","9":"instock","10":"virtual","11":"sold-individually","12":"purchasable","13":"product-type-booking"},"_links":{"self":[{"href":"https:\/\/holidayexcursion.com\/tr\/wp-json\/wp\/v2\/product\/5323","targetHints":{"allow":["GET"]}}],"collection":[{"href":"https:\/\/holidayexcursion.com\/tr\/wp-json\/wp\/v2\/product"}],"about":[{"href":"https:\/\/holidayexcursion.com\/tr\/wp-json\/wp\/v2\/types\/product"}],"replies":[{"embeddable":true,"href":"https:\/\/holidayexcursion.com\/tr\/wp-json\/wp\/v2\/comments?post=5323"}],"wp:featuredmedia":[{"embeddable":true,"href":"https:\/\/holidayexcursion.com\/tr\/wp-json\/wp\/v2\/media\/4177"}],"wp:attachment":[{"href":"https:\/\/holidayexcursion.com\/tr\/wp-json\/wp\/v2\/media?parent=5323"}],"wp:term":[{"taxonomy":"product_brand","embeddable":true,"href":"https:\/\/holidayexcursion.com\/tr\/wp-json\/wp\/v2\/product_brand?post=5323"},{"taxonomy":"product_cat","embeddable":true,"href":"https:\/\/holidayexcursion.com\/tr\/wp-json\/wp\/v2\/product_cat?post=5323"},{"taxonomy":"product_tag","embeddable":true,"href":"https:\/\/holidayexcursion.com\/tr\/wp-json\/wp\/v2\/product_tag?post=5323"}],"curies":[{"name":"wp","href":"https:\/\/api.w.org\/{rel}","templated":true}]}}