{"id":5326,"date":"2021-09-27T14:55:34","date_gmt":"2021-12-06T22:07:51","guid":{"rendered":"http:\/\/holidayexcursion.com\/excursions-in-alanya\/kategorilenmemis\/alanya-sehir-turu\/"},"modified":"2023-12-07T00:31:17","modified_gmt":"2023-12-06T21:31:17","slug":"sehir-turu","status":"publish","type":"product","link":"https:\/\/holidayexcursion.com\/tr\/tours-in-alanya\/turlar\/sehir-turu\/","title":{"rendered":"ALANYA \u015eEH\u0130R TURU VE TELEFER\u0130K"},"content":{"rendered":"<h2 style=\"text-align: center;\"><strong>ALANYA \u015eEH\u0130R TURU VE TELEFER\u0130K<\/strong><\/h2>\n<p style=\"text-align: center;\">Alanya&#8217;n\u0131n Cazibelerini Ke\u015ffetmek: B\u00fcy\u00fcleyici Bir \u015eehir Turu<\/p>\n<p style=\"text-align: center;\">Alanya&#8217;n\u0131n b\u00fcy\u00fcleyici d\u00fcnyas\u0131na ad\u0131m at\u0131n ve sizi bu k\u0131y\u0131 cennetinin zengin tarihine, canl\u0131 k\u00fclt\u00fcr\u00fcne ve muhte\u015fem manzaralar\u0131na s\u00fcr\u00fckleyecek b\u00fcy\u00fcleyici bir \u015fehir turuna \u00e7\u0131k\u0131n. Alanya \u015fehir turlar\u0131, antik kent simgelerini ke\u015ffetmek, hareketli pazarlar\u0131 ziyaret etmek, yerel gelenekleri ke\u015ffetmek ve <a href=\"https:\/\/en.wikipedia.org\/wiki\/Mediterranean_Sea\" rel=\"nofollow noopener\" target=\"_blank\">Akdeniz<\/a>&#8216;in nefes kesen manzaralar\u0131n\u0131 i\u00e7inize \u00e7ekmek i\u00e7in harika bir f\u0131rsat sunuyor. Bu Holiday Excursion turunda, sizi Alanya&#8217;n\u0131n \u00f6nemli noktalar\u0131nda bir yolculu\u011fa \u00e7\u0131kar\u0131rken ve \u015fehir surlar\u0131n\u0131n i\u00e7indeki g\u00fczellikleri ortaya \u00e7\u0131kar\u0131rken bize kat\u0131l\u0131n.<\/p>\n<p style=\"text-align: center;\"><img loading=\"lazy\" decoding=\"async\" class=\"alignnone size-medium wp-image-29268\" src=\"https:\/\/holidayexcursion.com\/wp-content\/uploads\/2021\/09\/Alanya-city-tour-300x240.jpg\" alt=\"\" width=\"300\" height=\"240\" title=\"\" srcset=\"https:\/\/holidayexcursion.com\/wp-content\/uploads\/2021\/09\/Alanya-city-tour-300x240.jpg 300w, https:\/\/holidayexcursion.com\/wp-content\/uploads\/2021\/09\/Alanya-city-tour.jpg 500w\" sizes=\"auto, (max-width: 300px) 100vw, 300px\" \/><\/p>\n<p style=\"text-align: center;\">1. Tarihi Hazinelerin Ortaya \u00c7\u0131kar\u0131lmas\u0131:<\/p>\n<p style=\"text-align: center;\">Alanya&#8217;n\u0131n tarihi binlerce y\u0131l \u00f6ncesine dayanmaktad\u0131r ve \u015fehir turu, antik hazineleri ke\u015ffetme \u015fans\u0131 sunmaktad\u0131r. \u015eehre bakan kayal\u0131k bir tepenin \u00fczerinde yer alan ikonik Alanya Kalesi&#8217;ni ke\u015ffederek yolculu\u011funuza ba\u015flay\u0131n. Bu Orta \u00c7a\u011f kalesi, \u00e7evredeki b\u00f6lgenin panoramik manzaras\u0131n\u0131 ve b\u00f6lgenin ge\u00e7mi\u015fine bir bak\u0131\u015f sunmaktad\u0131r. Kale duvarlar\u0131 aras\u0131nda dola\u015f\u0131rken etkileyici mimariye hayran kal\u0131n ve stratejik \u00f6nemini \u00f6\u011frenin.<\/p>\n<p style=\"text-align: center;\">2. Alanya&#8217;n\u0131n Eski Kentinde Gezinmek:<\/p>\n<p style=\"text-align: center;\">Ard\u0131ndan, zaman\u0131n durmu\u015f gibi g\u00f6r\u00fcnd\u00fc\u011f\u00fc, &#8220;Kalei\u00e7i&#8221; olarak bilinen Alanya&#8217;n\u0131n Eski Kent b\u00f6lgesinin b\u00fcy\u00fcleyici sokaklar\u0131na ad\u0131m at\u0131n. Geleneksel Osmanl\u0131 evleri, hareketli \u00e7ar\u015f\u0131lar ve ilgin\u00e7 butiklerle dolu dar sokaklarda dola\u015f\u0131n. Eski Kent, K\u0131z\u0131l Kule ve ikonik Alanya Tersanesi gibi yap\u0131lar\u0131n cazibesini art\u0131ran mimari harikalarla dolu bir hazinedir. Sakin bir y\u00fcr\u00fcy\u00fc\u015fe \u00e7\u0131k\u0131n ve Kalei\u00e7i&#8217;ni tan\u0131mlayan eski d\u00fcnyan\u0131n cazibesi ile modern etkilerin kar\u0131\u015f\u0131m\u0131na kendinizi kapt\u0131r\u0131n.<\/p>\n<p style=\"text-align: center;\"><img loading=\"lazy\" decoding=\"async\" class=\"alignnone size-medium wp-image-29274\" src=\"https:\/\/holidayexcursion.com\/wp-content\/uploads\/2021\/09\/Alanya-mini-city-tour-holiday-excursion-300x225.jpg\" alt=\"\" width=\"300\" height=\"225\" title=\"\" srcset=\"https:\/\/holidayexcursion.com\/wp-content\/uploads\/2021\/09\/Alanya-mini-city-tour-holiday-excursion-300x225.jpg 300w, https:\/\/holidayexcursion.com\/wp-content\/uploads\/2021\/09\/Alanya-mini-city-tour-holiday-excursion-1024x768.jpg 1024w, https:\/\/holidayexcursion.com\/wp-content\/uploads\/2021\/09\/Alanya-mini-city-tour-holiday-excursion-768x576.jpg 768w, https:\/\/holidayexcursion.com\/wp-content\/uploads\/2021\/09\/Alanya-mini-city-tour-holiday-excursion-600x450.jpg 600w, https:\/\/holidayexcursion.com\/wp-content\/uploads\/2021\/09\/Alanya-mini-city-tour-holiday-excursion.jpg 1067w\" sizes=\"auto, (max-width: 300px) 100vw, 300px\" \/><\/p>\n<p style=\"text-align: center;\">3. K\u00fclt\u00fcrel g\u00fczelikleri Ke\u015ffetmek:<\/p>\n<p style=\"text-align: center;\">Alanya&#8217;n\u0131n k\u00fclt\u00fcrel miras\u0131, tarihi ve geleneklerine derinden dayanmaktad\u0131r. \u015eehir turunuz s\u0131ras\u0131nda b\u00f6lgenin ge\u00e7mi\u015fine ait etkileyici eserlerin sergilendi\u011fi Alanya M\u00fczesi&#8217;ni mutlaka ziyaret edin. Antik Roma heykellerinden karma\u015f\u0131k Bizans seramiklerine kadar bu m\u00fcze, Alanya&#8217;n\u0131n \u00e7e\u015fitli k\u00fclt\u00fcrel etkilerine b\u00fcy\u00fcleyici bir bak\u0131\u015f a\u00e7\u0131s\u0131 sunuyor.<\/p>\n<p style=\"text-align: center;\">4. Alanya&#8217;n\u0131n Sahil G\u00fczelliklerinin Keyfini \u00c7\u0131karmak:<\/p>\n<p style=\"text-align: center;\">Alanya&#8217;n\u0131n \u015fehir turu, nefes kesen sahil manzaralar\u0131n\u0131n tad\u0131n\u0131 \u00e7\u0131karmadan tamamlanmaz. Ad\u0131n\u0131 buray\u0131 ziyaret etti\u011fi s\u00f6ylenen \u00fcnl\u00fc M\u0131s\u0131r krali\u00e7esinden alan Kleopatra Plaj\u0131&#8217;nda dinlenmek i\u00e7in bir dakikan\u0131z\u0131 ay\u0131r\u0131n. Parmaklar\u0131n\u0131z\u0131n aras\u0131ndaki yumu\u015fak kumu hissedin, g\u00fcne\u015fin s\u0131cakl\u0131\u011f\u0131n\u0131 i\u00e7inize \u00e7ekin ve Akdeniz&#8217;in kristal berrakl\u0131\u011f\u0131ndaki sular\u0131na hayran kal\u0131n. Alanya Liman\u0131 ayr\u0131ca suda sallanan bir dizi tekneyle pitoresk bir ortam sunuyor.<\/p>\n<p style=\"text-align: center;\"><img loading=\"lazy\" decoding=\"async\" class=\"alignnone size-medium wp-image-29280\" src=\"https:\/\/holidayexcursion.com\/wp-content\/uploads\/2021\/09\/City-tour-alanya-kalesi-300x201.jpg\" alt=\"\" width=\"300\" height=\"201\" title=\"\" srcset=\"https:\/\/holidayexcursion.com\/wp-content\/uploads\/2021\/09\/City-tour-alanya-kalesi-300x201.jpg 300w, https:\/\/holidayexcursion.com\/wp-content\/uploads\/2021\/09\/City-tour-alanya-kalesi-768x514.jpg 768w, https:\/\/holidayexcursion.com\/wp-content\/uploads\/2021\/09\/City-tour-alanya-kalesi-600x401.jpg 600w, https:\/\/holidayexcursion.com\/wp-content\/uploads\/2021\/09\/City-tour-alanya-kalesi.jpg 1000w\" sizes=\"auto, (max-width: 300px) 100vw, 300px\" \/><\/p>\n<p style=\"text-align: center;\">Alanya \u015fehir turu, bu b\u00fcy\u00fcleyici sahil kasabas\u0131n\u0131n y\u00fczeyinin \u00f6tesine ge\u00e7erek tarihi mekanlar\u0131n\u0131 ke\u015ffetme, yerel geleneklerin keyfini \u00e7\u0131karma ve do\u011fal g\u00fczelli\u011fine hayran kalma f\u0131rsat\u0131d\u0131r. Antik Alanya Kalesi&#8217;nden hareketli pazarlara ve muhte\u015fem plajlara kadar turun her an\u0131 unutulmaz bir deneyim vaat ediyor. O halde merak\u0131n\u0131z\u0131 toplay\u0131n, bir Alanya \u015fehir <a href=\"https:\/\/holidayexcursion.com\/excursion-in-alanya\/\">turu<\/a>na \u00e7\u0131k\u0131n ve bu muhte\u015fem destinasyonu \u015fekillendiren s\u0131rlar\u0131n kilidini a\u00e7\u0131n.<\/p>\n<p style=\"text-align: center;\"><img loading=\"lazy\" decoding=\"async\" class=\"alignnone size-medium wp-image-29286\" src=\"https:\/\/holidayexcursion.com\/wp-content\/uploads\/2021\/09\/city-tour-damlatas-magarasi-300x188.jpg\" alt=\"\" width=\"300\" height=\"188\" title=\"\" srcset=\"https:\/\/holidayexcursion.com\/wp-content\/uploads\/2021\/09\/city-tour-damlatas-magarasi-300x188.jpg 300w, https:\/\/holidayexcursion.com\/wp-content\/uploads\/2021\/09\/city-tour-damlatas-magarasi-600x376.jpg 600w, https:\/\/holidayexcursion.com\/wp-content\/uploads\/2021\/09\/city-tour-damlatas-magarasi.jpg 750w\" sizes=\"auto, (max-width: 300px) 100vw, 300px\" \/><\/p>\n<div style=\"text-align: center;\"><strong>ALANYA \u015eEH\u0130R TURU VE TELEFER\u0130K PROGRAMI:<\/strong><\/div>\n<div style=\"text-align: center;\">* Alanya ve \u00e7evresindeki otellerden\/apartlardan ara\u00e7la alma<\/div>\n<div style=\"text-align: center;\">*Alanya kalesine kadar Alanya teleferikle \u00e7\u0131kma<\/div>\n<div style=\"text-align: center;\">* Kire\u00e7ta\u015f\u0131 ma\u011faras\u0131n\u0131 (Damlata\u015f ma\u011faras\u0131) ziyaret edin,<\/div>\n<div style=\"text-align: center;\">* Kleopatra plaj\u0131n\u0131 ziyaret edin (k\u0131sa s\u00fcrelim, y\u00fczmek yok)<\/div>\n<div style=\"text-align: center;\">*Alanya seyir teras\u0131<\/div>\n<div style=\"text-align: center;\">*Alanya ve \u00e7evresindeki otellere\/apartlara b\u0131rakma.<\/div>\n<div style=\"text-align: center;\"><\/div>\n<div style=\"text-align: center;\"><strong>F\u0130YATA DAH\u0130L OLANLAR :<\/strong><\/div>\n<div style=\"text-align: center;\">* Alanya&#8217;daki otel ve apartmanlardan alma ve b\u0131rakma<\/div>\n<div style=\"text-align: center;\">* Rehber, Alanya Teleferik (Teleferik) \u00fccreti=8\u20ac<\/div>\n<div style=\"text-align: center;\"><\/div>\n<div style=\"text-align: center;\"><strong>Fiyata Dahil olmayanlar<\/strong><\/div>\n<div style=\"text-align: center;\">* Damlata\u015f ma\u011faras\u0131 (Damlata\u015f ma\u011faras\u0131) giri\u015f \u00fccreti=2 \u20ac<\/div>\n<div style=\"text-align: center;\"><\/div>\n<div style=\"text-align: center;\"><strong>Extra bilgi ve tavsiyeler<\/strong><\/div>\n<div style=\"text-align: center;\">*\u015eehir turumuzu \u00f6zel \u015fof\u00f6r\u00fcm\u00fczle \u00f6zel olarak da yapmak m\u00fcmk\u00fcnd\u00fcr.<\/div>\n<div style=\"text-align: center;\">*Kameran\u0131z\u0131 ve cep telefonunuzu yan\u0131n\u0131za al\u0131n.<\/div>\n<div style=\"text-align: center;\">* \u0130lkbahar ve sonbahar mevsiminde havalar serin oldu\u011funda r\u00fczgardan korunmak i\u00e7in ceketinizi yan\u0131n\u0131za al\u0131n.<\/div>\n<div style=\"text-align: center;\">*Alanya k\u0131sa \u015fehir ve teleferik turu Landrover jeepleri ve a\u00e7\u0131k k\u00fc\u00e7\u00fck otob\u00fcslerle d\u00fczenlenmektedir.<\/div>\n<p style=\"text-align: center;\">Alanya&#8217;daki tatiliniz boyunca size unutulmaz an\u0131lar diliyoruz.<\/p>\n<p style=\"text-align: center;\">Not: Daha fazla bilgi i\u00e7in Whats App&#8217;tan arayarak veya mesaj atarak da ileti\u015fime ge\u00e7ebilirsiniz.<\/p>\n<p style=\"text-align: center;\">Holiday Excursion Ekibi,<\/p>\n<p><iframe loading=\"lazy\" title=\"Alanya City Center 2021(complete) - Evening walking tour in Alanya City Center, Turkey\" width=\"1020\" height=\"574\" src=\"https:\/\/www.youtube.com\/embed\/evGQxeSKxYQ?feature=oembed\" frameborder=\"0\" allow=\"accelerometer; autoplay; clipboard-write; encrypted-media; gyroscope; picture-in-picture; web-share\" allowfullscreen><\/iframe><\/p>\n<p><iframe loading=\"lazy\" title=\"ALANYA Walking Tour - Alanya Turkey (4K)\" width=\"1020\" height=\"574\" src=\"https:\/\/www.youtube.com\/embed\/T5YOw82lHuI?feature=oembed\" frameborder=\"0\" allow=\"accelerometer; autoplay; clipboard-write; encrypted-media; gyroscope; picture-in-picture; web-share\" allowfullscreen><\/iframe><\/p>\n","protected":false},"excerpt":{"rendered":"<p>ALANYA \u015eEH\u0130R TURU VE TELEFER\u0130K Alanya&#8217;n\u0131n Cazibelerini Ke\u015ffetmek: B\u00fcy\u00fcleyici Bir \u015eehir Turu Alanya&#8217;n\u0131n b\u00fcy\u00fcleyici d\u00fcnyas\u0131na ad\u0131m at\u0131n ve sizi bu k\u0131y\u0131 cennetinin zengin tarihine, canl\u0131 k\u00fclt\u00fcr\u00fcne ve muhte\u015fem manzaralar\u0131na s\u00fcr\u00fckleyecek b\u00fcy\u00fcleyici bir \u015fehir turuna \u00e7\u0131k\u0131n. Alanya \u015fehir turlar\u0131, antik kent simgelerini ke\u015ffetmek, hareketli pazarlar\u0131 ziyaret etmek, yerel gelenekleri ke\u015ffetmek ve Akdeniz&#8216;in nefes kesen manzaralar\u0131n\u0131 i\u00e7inize<\/p>\n","protected":false},"featured_media":4501,"comment_status":"open","ping_status":"closed","template":"","meta":[],"product_brand":[],"product_cat":[108],"product_tag":[],"class_list":{"0":"post-5326","1":"product","2":"type-product","3":"status-publish","4":"has-post-thumbnail","6":"product_cat-turlar","8":"first","9":"instock","10":"featured","11":"virtual","12":"sold-individually","13":"purchasable","14":"product-type-booking"},"_links":{"self":[{"href":"https:\/\/holidayexcursion.com\/tr\/wp-json\/wp\/v2\/product\/5326","targetHints":{"allow":["GET"]}}],"collection":[{"href":"https:\/\/holidayexcursion.com\/tr\/wp-json\/wp\/v2\/product"}],"about":[{"href":"https:\/\/holidayexcursion.com\/tr\/wp-json\/wp\/v2\/types\/product"}],"replies":[{"embeddable":true,"href":"https:\/\/holidayexcursion.com\/tr\/wp-json\/wp\/v2\/comments?post=5326"}],"wp:featuredmedia":[{"embeddable":true,"href":"https:\/\/holidayexcursion.com\/tr\/wp-json\/wp\/v2\/media\/4501"}],"wp:attachment":[{"href":"https:\/\/holidayexcursion.com\/tr\/wp-json\/wp\/v2\/media?parent=5326"}],"wp:term":[{"taxonomy":"product_brand","embeddable":true,"href":"https:\/\/holidayexcursion.com\/tr\/wp-json\/wp\/v2\/product_brand?post=5326"},{"taxonomy":"product_cat","embeddable":true,"href":"https:\/\/holidayexcursion.com\/tr\/wp-json\/wp\/v2\/product_cat?post=5326"},{"taxonomy":"product_tag","embeddable":true,"href":"https:\/\/holidayexcursion.com\/tr\/wp-json\/wp\/v2\/product_tag?post=5326"}],"curies":[{"name":"wp","href":"https:\/\/api.w.org\/{rel}","templated":true}]}}