{"id":5353,"date":"2021-10-05T17:30:00","date_gmt":"2021-12-06T22:07:55","guid":{"rendered":"http:\/\/holidayexcursion.com\/excursions-in-alanya\/kategorilenmemis\/alanya-jeep-safari-turu\/"},"modified":"2024-03-18T20:26:04","modified_gmt":"2024-03-18T17:26:04","slug":"jeep-safari","status":"publish","type":"product","link":"https:\/\/holidayexcursion.com\/tr\/tours-in-alanya\/turlar\/jeep-safari\/","title":{"rendered":"Jeep Safari"},"content":{"rendered":"<p style=\"text-align: center;\"><strong>JEEP SAFAR\u0130 <\/strong><\/p>\n<p style=\"text-align: center;\">&#8220;Macerac\u0131 Ruhunuzu Ortaya \u00c7\u0131kar\u0131n: Tatil Gezisi ile Alanya&#8217;da Jeep Safari Turlar\u0131<\/p>\n<p style=\"text-align: center;\">Ola\u011fan\u00fcst\u00fc bir deneyime \u00f6zlem duyan, heyecan arayan biriyseniz, Alanya&#8217;daki heyecan verici jeep safari turlar\u0131ndan ba\u015fka bir yere bakmay\u0131n. T\u00fcrk Rivieras\u0131&#8217;n\u0131n inan\u0131lmaz g\u00fczelli\u011finin ortas\u0131nda yer alan Alanya, ke\u015ffedilecek \u00e7ok say\u0131da engebeli arazi ve muhte\u015fem manzaralar sunuyor. Sa\u011flam bir 4&#215;4 Jeep&#8217;e atlay\u0131n ve pitoresk da\u011flar, b\u00fcy\u00fcleyici k\u00f6yler ve gizli do\u011fa harikalar\u0131 aras\u0131nda unutulmaz bir maceraya haz\u0131r olun. Bu Holiday Excursion turunda sizi Alanya&#8217;da jeep safari turlar\u0131n\u0131n heyecan\u0131n\u0131 ve cazibesini derinlemesine ke\u015ffedecek inan\u0131lmaz bir yolculu\u011fa \u00e7\u0131karaca\u011f\u0131z.<\/p>\n<p style=\"text-align: center;\"><img loading=\"lazy\" decoding=\"async\" class=\"alignnone size-medium wp-image-29163\" src=\"https:\/\/holidayexcursion.com\/wp-content\/uploads\/2021\/10\/Jeep-safari-Holiday-excursion-alanya-300x247.jpg\" alt=\"\" width=\"300\" height=\"247\" title=\"\" srcset=\"https:\/\/holidayexcursion.com\/wp-content\/uploads\/2021\/10\/Jeep-safari-Holiday-excursion-alanya-300x247.jpg 300w, https:\/\/holidayexcursion.com\/wp-content\/uploads\/2021\/10\/Jeep-safari-Holiday-excursion-alanya-1024x843.jpg 1024w, https:\/\/holidayexcursion.com\/wp-content\/uploads\/2021\/10\/Jeep-safari-Holiday-excursion-alanya-768x632.jpg 768w, https:\/\/holidayexcursion.com\/wp-content\/uploads\/2021\/10\/Jeep-safari-Holiday-excursion-alanya-1536x1265.jpg 1536w, https:\/\/holidayexcursion.com\/wp-content\/uploads\/2021\/10\/Jeep-safari-Holiday-excursion-alanya-600x494.jpg 600w, https:\/\/holidayexcursion.com\/wp-content\/uploads\/2021\/10\/Jeep-safari-Holiday-excursion-alanya.jpg 1700w\" sizes=\"auto, (max-width: 300px) 100vw, 300px\" \/><\/p>\n<p style=\"text-align: center;\">Bozulmam\u0131\u015f G\u00fczellikte Off-Road:<br \/>\nAlanya&#8217;da Jeep safari turlar\u0131 al\u0131\u015f\u0131lagelmi\u015f yollardan ka\u00e7mak ve b\u00f6lgenin el de\u011fmemi\u015f g\u00fczelliklerini ke\u015ffetmek i\u00e7in m\u00fckemmel bir yoldur. Yetenekli s\u00fcr\u00fcc\u00fcn\u00fcz sizi do\u011fan\u0131n derinliklerine g\u00f6t\u00fcren engebeli arazide gezinirken off-road heyecan\u0131n\u0131 ya\u015fay\u0131n. Tozlu patikalardan ge\u00e7in, dik yoku\u015flar\u0131 a\u015f\u0131n ve Toros Da\u011flar\u0131&#8217;n\u0131n nefes kesen manzaras\u0131na kendinizi kapt\u0131r\u0131n.<\/p>\n<p style=\"text-align: center;\">Gizli G\u00fczellikleri Ke\u015ffedin:<br \/>\nBu turlar turistlerin plaj g\u00fcne\u015f d\u0131\u015f\u0131ndaki gizli g\u00fczellikleri ke\u015ffetmesi i\u00e7in e\u015fsiz bir f\u0131rsat sunuyor. Geleneksel ya\u015fam tarz\u0131na tan\u0131k olabilece\u011finiz ve dost canl\u0131s\u0131 yerel halkla etkile\u015fime girebilece\u011finiz ilgin\u00e7 geleneksel k\u00f6ylere gidin. Bir fincan zengin T\u00fcrk kahvesinin tad\u0131n\u0131 \u00e7\u0131karmak ve yerel k\u00fclt\u00fcr ve gelenekler hakk\u0131nda sohbete dalmak i\u00e7in &#8220;kahvehane&#8221; olarak bilinen geleneksel T\u00fcrk kahvehanelerine u\u011fray\u0131n.<\/p>\n<p style=\"text-align: center;\"><img loading=\"lazy\" decoding=\"async\" class=\"alignnone size-medium wp-image-29169\" src=\"https:\/\/holidayexcursion.com\/wp-content\/uploads\/2021\/10\/jeep-safari-holiday-excursion-300x160.jpg\" alt=\"\" width=\"300\" height=\"160\" title=\"\" srcset=\"https:\/\/holidayexcursion.com\/wp-content\/uploads\/2021\/10\/jeep-safari-holiday-excursion-300x160.jpg 300w, https:\/\/holidayexcursion.com\/wp-content\/uploads\/2021\/10\/jeep-safari-holiday-excursion-1024x547.jpg 1024w, https:\/\/holidayexcursion.com\/wp-content\/uploads\/2021\/10\/jeep-safari-holiday-excursion-768x410.jpg 768w, https:\/\/holidayexcursion.com\/wp-content\/uploads\/2021\/10\/jeep-safari-holiday-excursion-600x321.jpg 600w, https:\/\/holidayexcursion.com\/wp-content\/uploads\/2021\/10\/jeep-safari-holiday-excursion.jpg 1200w\" sizes=\"auto, (max-width: 300px) 100vw, 300px\" \/><\/p>\n<p style=\"text-align: center;\">B\u00fcy\u00fcleyici Do\u011fa Harikalar\u0131:<br \/>\nAlanya&#8217;n\u0131n jeep safari turlar\u0131 sizi kal\u0131c\u0131 bir izlenim b\u0131rakan, hayranl\u0131k uyand\u0131ran do\u011fa harikalar\u0131na g\u00f6t\u00fcrecektir. Z\u00fcmr\u00fct ye\u015fili nehri, yemye\u015fil bitki \u00f6rt\u00fcs\u00fc ve \u00e7a\u011flayan \u015felaleleriyle tan\u0131nan <a href=\"https:\/\/en.wikipedia.org\/wiki\/Dim_River\" rel=\"nofollow noopener\" target=\"_blank\">Dim Vadisi<\/a>&#8216;nin b\u00fcy\u00fcleyici g\u00fczelli\u011fine hayran kalmaya haz\u0131rlan\u0131n. Serinletici do\u011fal havuzlara dal\u0131n, antik \u00e7\u0131nar a\u011fa\u00e7lar\u0131n\u0131n g\u00f6lgesinde dinlenin.<\/p>\n<p style=\"text-align: center;\">Herkes \u0130\u00e7in Macera:<br \/>\n\u0130ster deneyimli bir adrenalin ba\u011f\u0131ml\u0131s\u0131 olun ister e\u015fsiz bir macera arayan bir aile olun, Alanya&#8217;da jeep safari turlar\u0131 her t\u00fcrl\u00fc gezgine hitap etmektedir. Heyecan verici off-road gezilerinden macera ve rahatlaman\u0131n m\u00fckemmel bir kar\u0131\u015f\u0131m\u0131n\u0131 sunan daha keyifli rotalara kadar \u00e7e\u015fitli tur se\u00e7enekleri mevcuttur. Deneyimli rehberlerin yolculuk boyunca size e\u015flik etmesi ve herkes i\u00e7in endi\u015fesiz ve keyifli bir deneyim sa\u011flamas\u0131 nedeniyle g\u00fcvenli\u011fin en \u00f6nemli \u00f6ncelik oldu\u011fundan emin olabilirsiniz.<\/p>\n<p style=\"text-align: center;\"><img loading=\"lazy\" decoding=\"async\" class=\"alignnone size-medium wp-image-29175\" src=\"https:\/\/holidayexcursion.com\/wp-content\/uploads\/2021\/10\/jeep-safari-holiday-excursion1-300x186.jpg\" alt=\"\" width=\"300\" height=\"186\" title=\"\" srcset=\"https:\/\/holidayexcursion.com\/wp-content\/uploads\/2021\/10\/jeep-safari-holiday-excursion1-300x186.jpg 300w, https:\/\/holidayexcursion.com\/wp-content\/uploads\/2021\/10\/jeep-safari-holiday-excursion1-600x373.jpg 600w, https:\/\/holidayexcursion.com\/wp-content\/uploads\/2021\/10\/jeep-safari-holiday-excursion1.jpg 700w\" sizes=\"auto, (max-width: 300px) 100vw, 300px\" \/><\/p>\n<p style=\"text-align: center;\">Pratik Hususlar:<br \/>\nAlanya&#8217;da jeep safari turunuzdan en iyi \u015fekilde yararlanmak i\u00e7in birka\u00e7 pratik ipucunu g\u00f6z \u00f6n\u00fcnde bulundurun. Rahat giyinin, g\u00fcne\u015f kremi s\u00fcr\u00fcn ve g\u00fcne\u015ften korunmak i\u00e7in \u015fapka ve g\u00fcne\u015f g\u00f6zl\u00fc\u011f\u00fc getirmeyi unutmay\u0131n. Bu inan\u0131lmaz manzaralar\u0131 yakalamak i\u00e7in su, at\u0131\u015ft\u0131rmal\u0131klar ve bir kamera gibi temel ihtiya\u00e7lar\u0131n\u0131z\u0131 i\u00e7eren k\u00fc\u00e7\u00fck bir s\u0131rt \u00e7antas\u0131 ta\u015f\u0131man\u0131z tavsiye edilir. \u00c7o\u011fu tur, konaklaman\u0131zdan alma ve b\u0131rakma hizmetleri sa\u011flar, bu nedenle erken bir ba\u015flang\u0131\u00e7 \u200b\u200bve macera dolu bir g\u00fcn i\u00e7in haz\u0131rl\u0131kl\u0131 olun.<\/p>\n<p style=\"text-align: center;\">Alanya&#8217;da Jeep <a href=\"https:\/\/holidayexcursion.com\/tours-in-alanya\/tours\/quad-safari-tour\/\">safari<\/a> turlar\u0131, T\u00fcrk Rivieras\u0131&#8217;n\u0131n el de\u011fmemi\u015f g\u00fczelli\u011fine heyecan verici bir ka\u00e7\u0131\u015f sunuyor. Sizi engebeli da\u011flara, b\u00fcy\u00fcleyici k\u00f6ylere ve b\u00fcy\u00fcleyici do\u011fa harikalar\u0131na g\u00f6t\u00fcrecek bir off-road maceras\u0131na at\u0131lmaya haz\u0131r olun. \u0130ster adrenalin patlamas\u0131 ister benzersiz bir k\u00fclt\u00fcrel deneyim ar\u0131yor olun, Alanya&#8217;n\u0131n jeep safari turlar\u0131 heyecan, nefes kesen manzaralar ve \u00f6m\u00fcr boyu unutulmayacak an\u0131larla dolu unutulmaz bir yolculuk vaat ediyor.<\/p>\n<p><img loading=\"lazy\" decoding=\"async\" class=\"size-medium wp-image-4086\" src=\"https:\/\/holidayexcursion.com\/wp-content\/uploads\/2021\/10\/alanya-jeep-safari-6-300x202.webp\" alt=\"Alanya jeep safari\" width=\"300\" height=\"202\" title=\"\" srcset=\"https:\/\/holidayexcursion.com\/wp-content\/uploads\/2021\/10\/alanya-jeep-safari-6-300x202.webp 300w, https:\/\/holidayexcursion.com\/wp-content\/uploads\/2021\/10\/alanya-jeep-safari-6.webp 512w\" sizes=\"auto, (max-width: 300px) 100vw, 300px\" \/><\/p>\n<div style=\"text-align: center;\"><\/div>\n<div style=\"text-align: center;\"><strong>ALANYA JEEP SAFARI TUR PROGRAMI:<\/strong><\/div>\n<div style=\"text-align: center;\">* Landrover jeep leri ile Alanya&#8217;daki otel\/apartmanlardan teslim alma.<\/div>\n<div style=\"text-align: center;\">*\u0130stasyonumuzda di\u011fer safari jeep lerimize kat\u0131l\u0131m.<\/div>\n<div style=\"text-align: center;\">* K\u00f6yler ve meyve (portakal, limon, muz vb.) bah\u00e7eleri aras\u0131nda safari ve s\u00fcr\u00fc\u015fe ba\u015flama.<\/div>\n<div style=\"text-align: center;\">* Oba cay\u0131 nehri kenar\u0131ndaki k\u00fc\u00e7\u00fck \u015felaleyi ziyaret edip foto\u011fraf molas\u0131 vermek.<\/div>\n<div style=\"text-align: center;\">* Toros da\u011flar\u0131na \u00e7\u0131k\u0131n.<\/div>\n<div style=\"text-align: center;\">* Da\u011fda foto\u011fraf molas\u0131 ve muhte\u015fem Alanya kasabas\u0131 manzaras\u0131.<\/div>\n<div style=\"text-align: center;\">* T\u00fcrk k\u00f6y evini ziyaret etmek, k\u00f6y hayat\u0131 hakk\u0131nda bilgi almak ve animasyonlar e\u011flenceler.<\/div>\n<div style=\"text-align: center;\">* K\u00f6y camisini ziyaret ederek cami ve \u0130slam dini hakk\u0131nda bilgi almak.<\/div>\n<div style=\"text-align: center;\">* Dim Vadisi&#8217;ne iniyoruz.<\/div>\n<div style=\"text-align: center;\">* Dim Baraj\u0131&#8217;nda foto\u011fraf molas\u0131.<\/div>\n<div style=\"text-align: center;\">* \u00d6\u011fle yeme\u011fi, dinlenme, Dim\u00e7ay \u00c7ay\u0131&#8217;nda y\u00fczme (yakla\u015f\u0131k 2 saat).<\/div>\n<div style=\"text-align: center;\">* Dim Ma\u011faras\u0131 ziyareti (iste\u011fe ba\u011fl\u0131).<\/div>\n<div style=\"text-align: center;\">*Alanya&#8217;daki otellerinize ve dairelerinize b\u0131rakma<\/div>\n<div style=\"text-align: center;\"><\/div>\n<div style=\"text-align: center;\">\n<div><strong>F\u0130YATA DAH\u0130L OLANLAR :<\/strong><\/div>\n<div>* Alanya&#8217;daki otel ve dairelerden alma\/b\u0131rakma<\/div>\n<div>* Rehberlik, \u00d6\u011fle Yeme\u011fi (\u0131zgara bal\u0131k veya tavuk, salata, pilav),(vejetaryen men\u00fc de mevcuttur).<\/div>\n<\/div>\n<div style=\"text-align: center;\"><\/div>\n<div style=\"text-align: center;\"><strong>Fiyata Dahil olmayanlar<\/strong><\/div>\n<div style=\"text-align: center;\">* \u0130\u00e7ecekler, Foto\u011fraflar, DVD<\/div>\n<div style=\"text-align: center;\"><\/div>\n<div style=\"text-align: center;\"><strong>Extra bilgi ve tavsiyeler<\/strong><\/div>\n<div style=\"text-align: center;\">* Tozlu da\u011flara uygun elbise ve ayakkab\u0131 giyin.<\/div>\n<div style=\"text-align: center;\">* Dim\u00e7ay nehrinde y\u00fczmek istiyorsan\u0131z mayonuzu ve havlunuzu yan\u0131n\u0131zda getiriniz.<\/div>\n<div style=\"text-align: center;\">* Foto\u011fraf hizmetimiz mevcuttur ancak dilerseniz kendi foto\u011fraf makinenizi de getirebilirsiniz.<\/div>\n<div style=\"text-align: center;\">*Alanya jeep safari turu \u00e7ocuklu aileler i\u00e7in de uygundur. Jeep safari turuna g\u00f6n\u00fcl rahatl\u0131\u011f\u0131yla kat\u0131l\u0131p keyif yapabilirler.<\/div>\n<div style=\"text-align: center;\">* Jeep s\u00fcr\u00fcc\u00fclerimiz uzun s\u00fcreli s\u00fcr\u00fc\u015f tecr\u00fcbesine sahip profesyonellerdir.<\/div>\n<p style=\"text-align: center;\">Alanya&#8217;daki tatiliniz boyunca size unutulmaz an\u0131lar diliyoruz.<\/p>\n<p style=\"text-align: center;\">Not: Daha fazla bilgi i\u00e7in Whats App&#8217;tan arayarak veya mesaj atarak da ileti\u015fime ge\u00e7ebilirsiniz.<\/p>\n<p style=\"text-align: center;\">Holiday Excursion Ekibi,<\/p>\n<p><iframe loading=\"lazy\" title=\"TURKEY ALANYA JEEP SAFARI TRIP AMAZING SHOT WITH GOPRO HERO4 SILVER!\" width=\"1020\" height=\"574\" src=\"https:\/\/www.youtube.com\/embed\/2gmaPW0dBc0?feature=oembed\" frameborder=\"0\" allow=\"accelerometer; autoplay; clipboard-write; encrypted-media; gyroscope; picture-in-picture; web-share\" allowfullscreen><\/iframe><\/p>\n<p><iframe loading=\"lazy\" title=\"Jeep Safari Alanya\" width=\"1020\" height=\"765\" src=\"https:\/\/www.youtube.com\/embed\/_5-fRldw9EI?feature=oembed\" frameborder=\"0\" allow=\"accelerometer; autoplay; clipboard-write; encrypted-media; gyroscope; picture-in-picture; web-share\" allowfullscreen><\/iframe><\/p>\n<p><iframe loading=\"lazy\" title=\"Jeep Safari  Alanya Turkije  Juli 2011.wmv\" width=\"1020\" height=\"765\" src=\"https:\/\/www.youtube.com\/embed\/StuNFz_ZIlA?feature=oembed\" frameborder=\"0\" allow=\"accelerometer; autoplay; clipboard-write; encrypted-media; gyroscope; picture-in-picture; web-share\" allowfullscreen><\/iframe><\/p>\n<p><iframe loading=\"lazy\" title=\"Alanya \/ Turkey - JEEP SAFARI 2013\" width=\"1020\" height=\"574\" src=\"https:\/\/www.youtube.com\/embed\/ONrty33NjUM?feature=oembed\" frameborder=\"0\" allow=\"accelerometer; autoplay; clipboard-write; encrypted-media; gyroscope; picture-in-picture; web-share\" allowfullscreen><\/iframe><\/p>\n","protected":false},"excerpt":{"rendered":"<p>JEEP SAFAR\u0130 &#8220;Macerac\u0131 Ruhunuzu Ortaya \u00c7\u0131kar\u0131n: Tatil Gezisi ile Alanya&#8217;da Jeep Safari Turlar\u0131 Ola\u011fan\u00fcst\u00fc bir deneyime \u00f6zlem duyan, heyecan arayan biriyseniz, Alanya&#8217;daki heyecan verici jeep safari turlar\u0131ndan ba\u015fka bir yere bakmay\u0131n. T\u00fcrk Rivieras\u0131&#8217;n\u0131n inan\u0131lmaz g\u00fczelli\u011finin ortas\u0131nda yer alan Alanya, ke\u015ffedilecek \u00e7ok say\u0131da engebeli arazi ve muhte\u015fem manzaralar sunuyor. Sa\u011flam bir 4&#215;4 Jeep&#8217;e atlay\u0131n ve pitoresk<\/p>\n","protected":false},"featured_media":4261,"comment_status":"open","ping_status":"closed","template":"","meta":[],"product_brand":[],"product_cat":[108],"product_tag":[],"class_list":{"0":"post-5353","1":"product","2":"type-product","3":"status-publish","4":"has-post-thumbnail","6":"product_cat-turlar","8":"first","9":"instock","10":"virtual","11":"sold-individually","12":"purchasable","13":"product-type-booking"},"_links":{"self":[{"href":"https:\/\/holidayexcursion.com\/tr\/wp-json\/wp\/v2\/product\/5353","targetHints":{"allow":["GET"]}}],"collection":[{"href":"https:\/\/holidayexcursion.com\/tr\/wp-json\/wp\/v2\/product"}],"about":[{"href":"https:\/\/holidayexcursion.com\/tr\/wp-json\/wp\/v2\/types\/product"}],"replies":[{"embeddable":true,"href":"https:\/\/holidayexcursion.com\/tr\/wp-json\/wp\/v2\/comments?post=5353"}],"wp:featuredmedia":[{"embeddable":true,"href":"https:\/\/holidayexcursion.com\/tr\/wp-json\/wp\/v2\/media\/4261"}],"wp:attachment":[{"href":"https:\/\/holidayexcursion.com\/tr\/wp-json\/wp\/v2\/media?parent=5353"}],"wp:term":[{"taxonomy":"product_brand","embeddable":true,"href":"https:\/\/holidayexcursion.com\/tr\/wp-json\/wp\/v2\/product_brand?post=5353"},{"taxonomy":"product_cat","embeddable":true,"href":"https:\/\/holidayexcursion.com\/tr\/wp-json\/wp\/v2\/product_cat?post=5353"},{"taxonomy":"product_tag","embeddable":true,"href":"https:\/\/holidayexcursion.com\/tr\/wp-json\/wp\/v2\/product_tag?post=5353"}],"curies":[{"name":"wp","href":"https:\/\/api.w.org\/{rel}","templated":true}]}}