{"id":5358,"date":"2021-10-06T00:38:58","date_gmt":"2021-12-06T22:07:56","guid":{"rendered":"http:\/\/holidayexcursion.com\/excursions-in-alanya\/kategorilenmemis\/sapadere-kanyonunda-alanya-jeep-safari\/"},"modified":"2023-12-06T23:51:33","modified_gmt":"2023-12-06T20:51:33","slug":"sapadere-kanyonu","status":"publish","type":"product","link":"https:\/\/holidayexcursion.com\/tr\/tours-in-alanya\/turlar\/sapadere-kanyonu\/","title":{"rendered":"Sapadere kanyonu"},"content":{"rendered":"<h2 style=\"text-align: center;\">SAPADERE KANYONU<\/h2>\n<p style=\"text-align: center;\">Do\u011fa Harikas\u0131n\u0131 Ke\u015ffedin: Sapadere <a href=\"https:\/\/holidayexcursion.com\/tours-in-alanya\/tours\/green-canyon\/\">Kanyonu<\/a> Turu<\/p>\n<p style=\"text-align: center;\">Antalya&#8217;n\u0131n kalbinde yer alan T\u00fcrkiye&#8217;de ke\u015ffedilmeyi bekleyen gizli bir g\u00fczellik yat\u0131yor: B\u00fcy\u00fcleyici Sapadere Kanyonu. Bu Holiday Excursion Turunda sizi \u00fcnl\u00fc Sapadere Kanyonu&#8217;nun b\u00fcy\u00fcleyici turuna kat\u0131lmaya ve bu do\u011fa harikas\u0131n\u0131n sundu\u011fu e\u015fsiz g\u00fczellik ve huzuru ke\u015ffetmeye davet ediyoruz.<\/p>\n<p style=\"text-align: center;\"><b>Sapadere kanyonu<\/b>,\u00a0<a title=\"Antalya\" href=\"https:\/\/tr.wikipedia.org\/wiki\/Antalya\" rel=\"nofollow noopener\" target=\"_blank\">Antalya<\/a>\u00a0ilinin\u00a0<a title=\"Alanya\" href=\"https:\/\/tr.wikipedia.org\/wiki\/Alanya\" rel=\"nofollow noopener\" target=\"_blank\">Alanya<\/a>\u00a0il\u00e7esi,\u00a0<a title=\"Sapadere, Alanya\" href=\"https:\/\/tr.wikipedia.org\/wiki\/Sapadere,_Alanya\" rel=\"nofollow noopener\" target=\"_blank\">Sapadere<\/a>\u00a0k\u00f6y\u00fcnde yer alan Karstik olu\u015fumlu kanyondur. K\u00f6yede ad\u0131n\u0131 veren Sapadere&#8217;nin olu\u015fturdu\u011fu kanyonun uzunlu\u011fu 600 m, y\u00fcksekli\u011fi 400 m&#8217;dir.<sup id=\"cite_ref-1\" class=\"reference\"><a href=\"https:\/\/tr.wikipedia.org\/wiki\/Sapadere_Kanyonu#cite_note-1\" rel=\"nofollow noopener\" target=\"_blank\">[1]<\/a><\/sup>\u00a0Kanyonun olu\u015fumunda\u00a0<a class=\"mw-redirect\" title=\"Kire\u00e7ta\u015f\u0131\" href=\"https:\/\/tr.wikipedia.org\/wiki\/Kire%C3%A7ta%C5%9F%C4%B1\" rel=\"nofollow noopener\" target=\"_blank\">Kire\u00e7ta\u015f\u0131<\/a>\u00a0bloklar\u0131n\u0131n kimyasal ayr\u0131\u015fmas\u0131 etkilidir. Sapaderenin kanyondan \u00e7\u0131kt\u0131\u011f\u0131 noktada, kanyonun taban\u0131 co\u015fkun akan dere taraf\u0131ndan kapat\u0131lm\u0131\u015ft\u0131r. \u0130\u00e7 k\u0131s\u0131mlara ge\u00e7mek i\u00e7in yan duvarlara demir \u00e7ubuklarla do\u011faya uyumlu 600 m uzunlu\u011funda tahta k\u00f6pr\u00fc in\u015fa edilmi\u015ftir. Altta akan suyun \u00fczerinden ge\u00e7tikten sonra kanyonun sonunda \u015eelale yer al\u0131r. \u015eelalenin d\u00f6k\u00fcld\u00fc\u011f\u00fc yerde sular\u0131 epey so\u011fuk olan dev kazan\u0131 (do\u011fal havuz) olu\u015fmu\u015ftur. Yaz mevsiminde bu do\u011fal havuzun so\u011fuk sular\u0131nda y\u00fcz\u00fclmektedir.<\/p>\n<p style=\"text-align: center;\">1. Cennete Bir Bak\u0131\u015f:<\/p>\n<p style=\"text-align: center;\">Sapadere Kanyonu, b\u00fcy\u00fcleyici atmosferi ve el de\u011fmemi\u015f g\u00fczelli\u011fiyle tan\u0131nan, nefes kesen bir do\u011fa harikas\u0131d\u0131r. Kalabal\u0131k \u015fehir hayat\u0131ndan uzakta, bu huzurlu vaha, ziyaret\u00e7ilere do\u011fayla yeniden ba\u011flant\u0131 kurma, huzur duygusunu deneyimleme ve g\u00fcnl\u00fck rutinlerden \u00e7ok uzak bir d\u00fcnyan\u0131n tad\u0131n\u0131 \u00e7\u0131karma \u015fans\u0131 sunuyor.<\/p>\n<p style=\"text-align: center;\"><img loading=\"lazy\" decoding=\"async\" class=\"alignnone size-medium wp-image-29041\" src=\"https:\/\/holidayexcursion.com\/wp-content\/uploads\/2021\/10\/sapadere-canyon-holiday-excursion-300x170.jpeg\" alt=\"\" width=\"300\" height=\"170\" title=\"\" srcset=\"https:\/\/holidayexcursion.com\/wp-content\/uploads\/2021\/10\/sapadere-canyon-holiday-excursion-300x170.jpeg 300w, https:\/\/holidayexcursion.com\/wp-content\/uploads\/2021\/10\/sapadere-canyon-holiday-excursion-768x434.jpeg 768w, https:\/\/holidayexcursion.com\/wp-content\/uploads\/2021\/10\/sapadere-canyon-holiday-excursion-600x339.jpeg 600w, https:\/\/holidayexcursion.com\/wp-content\/uploads\/2021\/10\/sapadere-canyon-holiday-excursion.jpeg 800w\" sizes=\"auto, (max-width: 300px) 100vw, 300px\" \/><\/p>\n<p style=\"text-align: center;\">2. Zamanda Yolculuk:<\/p>\n<p style=\"text-align: center;\">Sapadere Kanyonu turuna \u00e7\u0131kt\u0131\u011f\u0131n\u0131zda, antik jeolojik g\u00fc\u00e7lerin milyonlarca y\u0131l boyunca muhte\u015fem bir ge\u00e7it olu\u015fturdu\u011fu bir zamanda yolculu\u011fa \u00e7\u0131kacaks\u0131n\u0131z. Sonu\u00e7, her f\u0131rsatta ger\u00e7ekten hayranl\u0131k uyand\u0131ran bir manzara sa\u011flayan, y\u00fckselen kaya olu\u015fumlar\u0131n\u0131n, basamakl\u0131 \u015felalelerin ve yemye\u015fil bitki \u00f6rt\u00fcs\u00fcn\u00fcn \u00e7arp\u0131c\u0131 bir g\u00f6r\u00fcnt\u00fcs\u00fcd\u00fcr.<\/p>\n<p style=\"text-align: center;\">3. \u0130\u00e7imizdeki Harikalar:<\/p>\n<p style=\"text-align: center;\">Sapadere Kanyonu&#8217;nun derinliklerine indi\u011finizde buray\u0131 ger\u00e7ekten \u00f6zel k\u0131lan bir dizi b\u00fcy\u00fcleyici \u00f6zelli\u011fi ke\u015ffedeceksiniz. Sizi kanyonun kalbine g\u00f6t\u00fcren dolamba\u00e7l\u0131 ah\u015fap yol boyunca y\u00fcr\u00fcy\u00fcn, bu sayede kanyonun ihti\u015fam\u0131n\u0131 tam olarak takdir edebilir ve do\u011fal harikalar\u0131na hayran kalabilirsiniz. Kristal berrakl\u0131\u011f\u0131ndaki turkuaz sular\u0131, gizli ma\u011faralar\u0131 ve do\u011fayla ba\u011flant\u0131 kurmak veya inan\u0131lmaz foto\u011fraflar \u00e7ekmek i\u00e7in m\u00fckemmel olan pitoresk noktalar\u0131 yakalamaya haz\u0131r olun.<\/p>\n<p style=\"text-align: center;\"><img loading=\"lazy\" decoding=\"async\" class=\"alignnone size-medium wp-image-29035\" src=\"https:\/\/holidayexcursion.com\/wp-content\/uploads\/2021\/10\/alanya-sapadere-canyon-holiday-excursion-300x225.jpeg\" alt=\"\" width=\"300\" height=\"225\" title=\"\" srcset=\"https:\/\/holidayexcursion.com\/wp-content\/uploads\/2021\/10\/alanya-sapadere-canyon-holiday-excursion-300x225.jpeg 300w, https:\/\/holidayexcursion.com\/wp-content\/uploads\/2021\/10\/alanya-sapadere-canyon-holiday-excursion-768x576.jpeg 768w, https:\/\/holidayexcursion.com\/wp-content\/uploads\/2021\/10\/alanya-sapadere-canyon-holiday-excursion-600x450.jpeg 600w, https:\/\/holidayexcursion.com\/wp-content\/uploads\/2021\/10\/alanya-sapadere-canyon-holiday-excursion.jpeg 800w\" sizes=\"auto, (max-width: 300px) 100vw, 300px\" \/><\/p>\n<p style=\"text-align: center;\">4. Serinletici \u015eelaleler ve Y\u00fczme Olanaklar\u0131:<\/p>\n<p style=\"text-align: center;\">Alanya Sapadere Kanyonu turunun \u00f6ne \u00e7\u0131kan noktalar\u0131ndan biri de kayalardan a\u015fa\u011f\u0131 akan serinletici \u015felalelerle kar\u015f\u0131la\u015fmak. Akan suyun sesi ve serinletici sis, kanyonun i\u00e7inde canland\u0131r\u0131c\u0131 bir vaha yaratarak ziyaret\u00e7ileri bir mola vermeye ve \u00e7evrelerindeki g\u00fczelli\u011fin tad\u0131n\u0131 \u00e7\u0131karmaya davet ediyor. \u015eelalelerin alt\u0131ndaki tertemiz havuzlarda y\u00fczmek unutulmaz bir deneyimdir ve bu b\u00fcy\u00fcleyici ortam\u0131n ortas\u0131nda kendinizi yenileme ve gen\u00e7le\u015ftirme \u015fans\u0131 sunar.<\/p>\n<p style=\"text-align: center;\"><img loading=\"lazy\" decoding=\"async\" class=\"alignnone size-medium wp-image-29047\" src=\"https:\/\/holidayexcursion.com\/wp-content\/uploads\/2021\/10\/sapadere-kanyonu-alanya-224x300.jpg\" alt=\"\" width=\"224\" height=\"300\" title=\"\" srcset=\"https:\/\/holidayexcursion.com\/wp-content\/uploads\/2021\/10\/sapadere-kanyonu-alanya-224x300.jpg 224w, https:\/\/holidayexcursion.com\/wp-content\/uploads\/2021\/10\/sapadere-kanyonu-alanya.jpg 600w\" sizes=\"auto, (max-width: 224px) 100vw, 224px\" \/><\/p>\n<p style=\"text-align: center;\">5. Yerel K\u00fclt\u00fcrle \u0130\u00e7 i\u00e7e Olmak:<\/p>\n<p style=\"text-align: center;\">Alanya Sapadere Kanyonu&#8217;nu ziyaret etmek, do\u011fal ihti\u015fam\u0131n\u0131n yan\u0131 s\u0131ra, b\u00f6lgenin yerel k\u00fclt\u00fcr\u00fc ve geleneklerine de dalma f\u0131rsat\u0131 sunuyor. Yak\u0131ndaki Sapadere k\u00f6y\u00fcn\u00fc ziyaret edin, dost canl\u0131s\u0131 yerel halkla tan\u0131\u015f\u0131n ve geleneksel k\u00f6y ya\u015fam\u0131na tan\u0131k olun. Yerel mutfa\u011f\u0131 tad\u0131n, sohbetlere kat\u0131l\u0131n ve insanlar\u0131n s\u0131cak misafirperverli\u011fini kucaklayarak yerle ve miras\u0131yla daha derin bir ba\u011f kurun.<\/p>\n<p style=\"text-align: center;\"><a href=\"https:\/\/en.wikipedia.org\/wiki\/Alanya\" rel=\"nofollow noopener\" target=\"_blank\">Alanya<\/a> Sapadere Kanyonu&#8217;na yap\u0131lacak bir yolculuk, do\u011fan\u0131n harikalar\u0131n\u0131 ke\u015ffetmeye ve kendinizi sakin ve nefes kesici bir ortama kapt\u0131rmaya bir davettir. Bu gizli cennet, T\u00fcrkiye&#8217;nin Antalya kentinin ham g\u00fczelli\u011fini sergiliyor ve ziyaret\u00e7ilere s\u0131radanl\u0131ktan bir ka\u00e7\u0131\u015f ve do\u011fal d\u00fcnyayla yeniden ba\u011flant\u0131 kurma \u015fans\u0131 sunuyor. \u00c7arp\u0131c\u0131 kaya olu\u015fumlar\u0131, \u00e7a\u011flayan \u015felaleleri ve sakin atmosferiyle Sapadere Kanyonu, derinlerine inen herkesin g\u00f6nl\u00fcn\u00fc fethetmeye devam eden, kal\u0131c\u0131 bir izlenim b\u0131rakan bir destinasyondur. O halde Sapadere Kanyonu turuna \u00e7\u0131kmaya, do\u011fan\u0131n sundu\u011fu muhte\u015femli\u011fe hayran kalmaya haz\u0131rlan\u0131n.<\/p>\n<p style=\"text-align: center;\"><img loading=\"lazy\" decoding=\"async\" class=\"alignnone size-medium wp-image-29053\" src=\"https:\/\/holidayexcursion.com\/wp-content\/uploads\/2021\/10\/sapadere-kanyonu-alanya-1-300x177.jpg\" alt=\"\" width=\"300\" height=\"177\" title=\"\" srcset=\"https:\/\/holidayexcursion.com\/wp-content\/uploads\/2021\/10\/sapadere-kanyonu-alanya-1-300x177.jpg 300w, https:\/\/holidayexcursion.com\/wp-content\/uploads\/2021\/10\/sapadere-kanyonu-alanya-1-600x353.jpg 600w, https:\/\/holidayexcursion.com\/wp-content\/uploads\/2021\/10\/sapadere-kanyonu-alanya-1.jpg 696w\" sizes=\"auto, (max-width: 300px) 100vw, 300px\" \/><\/p>\n<div style=\"text-align: center;\">F\u0130YATA DAH\u0130L:<\/div>\n<div style=\"text-align: center;\">Otelinizden alma ve b\u0131rakma<\/div>\n<div style=\"text-align: center;\">Rehberlik<\/div>\n<div style=\"text-align: center;\">\u00d6\u011fle yeme\u011fi (Izgara bal\u0131k veya tavuk,salata,makarna veya pilav)<\/div>\n<div style=\"text-align: center;\">Klimal\u0131 konforlu minib\u00fcs veya 4&#215;4 Land Rover Jeep ile ula\u015f\u0131m se\u00e7ene\u011fi ,<span style=\"color: #555555; font-size: 14.4px;\">Sapadere Kanyonu giri\u015fi<\/span><\/div>\n<div style=\"text-align: center;\"><\/div>\n<div style=\"text-align: center;\">\n<div>F\u0130YATA DAH\u0130L OLMAYANLAR:<\/div>\n<div>\u0130\u00e7ecekler<\/div>\n<div>Ma\u011fara giri\u015fi (iste\u011fe ba\u011fl\u0131 ve 3 \u20ac)<\/div>\n<div>EK B\u0130LG\u0130 VE \u0130PU\u00c7LARI:<\/div>\n<div>\u00d6demenizi otob\u00fcs ve jeepte nakit olarak tur rehberimize yapabilirsiniz,<\/div>\n<div>Mayonuzu getirebilirsiniz kanyonda y\u00fczme imkan\u0131 vard\u0131r.<\/div>\n<div>\n<p>Alanya&#8217;daki tatiliniz boyunca size unutulmaz an\u0131lar diliyoruz.<\/p>\n<p>Not: Daha fazla bilgi i\u00e7in Whats App&#8217;tan arayarak veya mesaj atarak da ileti\u015fime ge\u00e7ebilirsiniz.<\/p>\n<p>Holiday Excursion Ekibi,<\/p>\n<\/div>\n<div><\/div>\n<div>\n<p><iframe loading=\"lazy\" title=\"Alanya jeep Safari - Sapadere Canyon Waterfalls\" width=\"1020\" height=\"574\" src=\"https:\/\/www.youtube.com\/embed\/6L4b0J8mW0Y?feature=oembed\" frameborder=\"0\" allow=\"accelerometer; autoplay; clipboard-write; encrypted-media; gyroscope; picture-in-picture; web-share\" allowfullscreen><\/iframe><\/p>\n<\/div>\n<\/div>\n<div style=\"text-align: center;\"><\/div>\n<div style=\"text-align: center;\">\n<p><iframe loading=\"lazy\" title=\"Alanya  Sapadere Canyon waterfall swimming\" width=\"1020\" height=\"574\" src=\"https:\/\/www.youtube.com\/embed\/WsmpHLpioDY?feature=oembed\" frameborder=\"0\" allow=\"accelerometer; autoplay; clipboard-write; encrypted-media; gyroscope; picture-in-picture; web-share\" allowfullscreen><\/iframe><\/p>\n<\/div>\n<p><iframe loading=\"lazy\" title=\"No. VIII - Sapadere Canyon (Turkey) (1440p@60fps)\" width=\"1020\" height=\"574\" src=\"https:\/\/www.youtube.com\/embed\/YylN7kz8PTw?feature=oembed\" frameborder=\"0\" allow=\"accelerometer; autoplay; clipboard-write; encrypted-media; gyroscope; picture-in-picture; web-share\" allowfullscreen><\/iframe><\/p>\n","protected":false},"excerpt":{"rendered":"<p>SAPADERE KANYONU Do\u011fa Harikas\u0131n\u0131 Ke\u015ffedin: Sapadere Kanyonu Turu Antalya&#8217;n\u0131n kalbinde yer alan T\u00fcrkiye&#8217;de ke\u015ffedilmeyi bekleyen gizli bir g\u00fczellik yat\u0131yor: B\u00fcy\u00fcleyici Sapadere Kanyonu. Bu Holiday Excursion Turunda sizi \u00fcnl\u00fc Sapadere Kanyonu&#8217;nun b\u00fcy\u00fcleyici turuna kat\u0131lmaya ve bu do\u011fa harikas\u0131n\u0131n sundu\u011fu e\u015fsiz g\u00fczellik ve huzuru ke\u015ffetmeye davet ediyoruz. Sapadere kanyonu,\u00a0Antalya\u00a0ilinin\u00a0Alanya\u00a0il\u00e7esi,\u00a0Sapadere\u00a0k\u00f6y\u00fcnde yer alan Karstik olu\u015fumlu kanyondur. K\u00f6yede ad\u0131n\u0131 veren<\/p>\n","protected":false},"featured_media":4871,"comment_status":"open","ping_status":"closed","template":"","meta":[],"product_brand":[],"product_cat":[108],"product_tag":[],"class_list":{"0":"post-5358","1":"product","2":"type-product","3":"status-publish","4":"has-post-thumbnail","6":"product_cat-turlar","8":"first","9":"instock","10":"virtual","11":"sold-individually","12":"purchasable","13":"product-type-booking"},"_links":{"self":[{"href":"https:\/\/holidayexcursion.com\/tr\/wp-json\/wp\/v2\/product\/5358","targetHints":{"allow":["GET"]}}],"collection":[{"href":"https:\/\/holidayexcursion.com\/tr\/wp-json\/wp\/v2\/product"}],"about":[{"href":"https:\/\/holidayexcursion.com\/tr\/wp-json\/wp\/v2\/types\/product"}],"replies":[{"embeddable":true,"href":"https:\/\/holidayexcursion.com\/tr\/wp-json\/wp\/v2\/comments?post=5358"}],"wp:featuredmedia":[{"embeddable":true,"href":"https:\/\/holidayexcursion.com\/tr\/wp-json\/wp\/v2\/media\/4871"}],"wp:attachment":[{"href":"https:\/\/holidayexcursion.com\/tr\/wp-json\/wp\/v2\/media?parent=5358"}],"wp:term":[{"taxonomy":"product_brand","embeddable":true,"href":"https:\/\/holidayexcursion.com\/tr\/wp-json\/wp\/v2\/product_brand?post=5358"},{"taxonomy":"product_cat","embeddable":true,"href":"https:\/\/holidayexcursion.com\/tr\/wp-json\/wp\/v2\/product_cat?post=5358"},{"taxonomy":"product_tag","embeddable":true,"href":"https:\/\/holidayexcursion.com\/tr\/wp-json\/wp\/v2\/product_tag?post=5358"}],"curies":[{"name":"wp","href":"https:\/\/api.w.org\/{rel}","templated":true}]}}