{"id":6380,"date":"2021-12-03T10:10:16","date_gmt":"2021-12-07T09:16:35","guid":{"rendered":"http:\/\/holidayexcursion.com\/excursions-in-alanya\/kategorilenmemis\/antalya-havalimani-transferi-vip\/"},"modified":"2023-11-28T20:34:50","modified_gmt":"2023-11-28T17:34:50","slug":"havalimani-4","status":"publish","type":"product","link":"https:\/\/holidayexcursion.com\/tr\/tours-in-alanya\/airport-transfer-tr\/havalimani-4\/","title":{"rendered":"\u00d6ZEL HAVAL\u0130MANI TRANSFER"},"content":{"rendered":"<h2 style=\"text-align: center;\"><strong>\u00d6ZEL <\/strong><strong>HAVAL\u0130MANI TRANSFER<\/strong><\/h2>\n<p style=\"text-align: center;\">\u00d6zel Transferlerle Ki\u015fiselle\u015ftirilmi\u015f ve Sorunsuz Bir Seyahat Deneyiminin Keyfini \u00c7\u0131kar\u0131n<\/p>\n<p style=\"text-align: center;\">Seyahat s\u00f6z konusu oldu\u011funda rahatl\u0131k ve konfor, stressiz bir yolculu\u011fun sa\u011flanmas\u0131n\u0131n temel fakt\u00f6rleridir. \u00d6zel transferler, ki\u015fiselle\u015ftirilmi\u015f ve kusursuz bir ula\u015f\u0131m se\u00e7ene\u011fi sunarak, toplu ta\u015f\u0131ma veya payla\u015f\u0131ml\u0131 yolculuklarla ilgili genel s\u0131k\u0131nt\u0131lardan ka\u00e7\u0131n\u0131rken \u015f\u0131k ve konforlu bir \u015fekilde seyahat etmenize olanak tan\u0131r. Bu yaz\u0131l\u0131, <a href=\"https:\/\/holidayexcursion.com\/tours-in-alanya\/rent-a-car\/economic-class-car\/\">\u00f6zel transferlerin<\/a> avantajlar\u0131n\u0131 ve dikkat edilmesi gereken noktalar\u0131 inceleyerek seyahat deneyiminizi nas\u0131l geli\u015ftirebileceklerini ve kal\u0131c\u0131 an\u0131lar yaratabileceklerini vurgulayaca\u011f\u0131z.<\/p>\n<p style=\"text-align: center;\"><img loading=\"lazy\" decoding=\"async\" class=\"alignnone size-medium wp-image-25586\" src=\"https:\/\/holidayexcursion.com\/wp-content\/uploads\/2021\/12\/Antalya-airport-transfer-holiday-excursion-1-300x225.png\" alt=\"\" width=\"300\" height=\"225\" title=\"\" srcset=\"https:\/\/holidayexcursion.com\/wp-content\/uploads\/2021\/12\/Antalya-airport-transfer-holiday-excursion-1-300x225.png 300w, https:\/\/holidayexcursion.com\/wp-content\/uploads\/2021\/12\/Antalya-airport-transfer-holiday-excursion-1-768x576.png 768w, https:\/\/holidayexcursion.com\/wp-content\/uploads\/2021\/12\/Antalya-airport-transfer-holiday-excursion-1-600x450.png 600w, https:\/\/holidayexcursion.com\/wp-content\/uploads\/2021\/12\/Antalya-airport-transfer-holiday-excursion-1.png 1024w\" sizes=\"auto, (max-width: 300px) 100vw, 300px\" \/><\/p>\n<p style=\"text-align: center;\">1. Ki\u015fiselle\u015ftirilmi\u015f Hizmet:<\/p>\n<p style=\"text-align: center;\">\u00d6zel transferlerin ba\u015fl\u0131ca faydalar\u0131ndan biri sunduklar\u0131 ki\u015fiselle\u015ftirilmi\u015f hizmettir. Payla\u015f\u0131ml\u0131 transferlerin veya toplu ta\u015f\u0131man\u0131n aksine, \u00f6zel transferler yaln\u0131zca size ve arkada\u015flar\u0131n\u0131za hizmet verir. \u00d6zel ihtiya\u00e7lar\u0131n\u0131z\u0131 ve tercihlerinizi kar\u015f\u0131layan \u00f6zel bir deneyim sa\u011flayan \u00f6zel bir s\u00fcr\u00fcc\u00fc ve ara\u00e7 hizmetinizde olacakt\u0131r. Havaalan\u0131nda kar\u015f\u0131lamadan otele b\u0131rakmaya veya yerel turistik mekanlar\u0131 ke\u015ffetmeye kadar \u00f6zel transferler, seyahat plan\u0131n\u0131z \u00fczerinde tam kontrole sahip olman\u0131z\u0131 sa\u011flar.<\/p>\n<p style=\"text-align: center;\">2. Kolayl\u0131k ve Verimlilik:<\/p>\n<p style=\"text-align: center;\">\u00d6zel transferler e\u015fsiz kolayl\u0131k ve verimlilik sunar. \u00d6zel transfer ile <a href=\"https:\/\/www.antalya-airport.aero\/homepage\" rel=\"nofollow noopener\" target=\"_blank\">havalimanlar\u0131nda<\/a> taksi veya kiral\u0131k ara\u00e7 gi\u015felerinde uzun kuyruklardan kurtulabilir, var\u0131\u015fta bir \u015fof\u00f6r\u00fcn sizi beklemesini sa\u011flayabilirsiniz. Bu, tatiliniz s\u0131ras\u0131nda beklemenin veya al\u0131\u015f\u0131lmad\u0131k toplu ta\u015f\u0131ma sistemlerinde gezinmenin stresini ortadan kald\u0131r\u0131r ve yolculu\u011funuza hemen ba\u015flaman\u0131za olanak tan\u0131r. Ek olarak, \u00f6zel transferler istedi\u011finiz programda \u00e7al\u0131\u015farak hi\u00e7bir zaman acele etmenize veya ula\u015f\u0131m i\u00e7in beklemenize gerek kalmaz.<\/p>\n<p style=\"text-align: center;\"><img loading=\"lazy\" decoding=\"async\" class=\"alignnone size-medium wp-image-25592\" src=\"https:\/\/holidayexcursion.com\/wp-content\/uploads\/2021\/12\/Antalya-Shuttle-transfer-2-300x169.jpg\" alt=\"\" width=\"300\" height=\"169\" title=\"\" srcset=\"https:\/\/holidayexcursion.com\/wp-content\/uploads\/2021\/12\/Antalya-Shuttle-transfer-2-300x169.jpg 300w, https:\/\/holidayexcursion.com\/wp-content\/uploads\/2021\/12\/Antalya-Shuttle-transfer-2.jpg 432w\" sizes=\"auto, (max-width: 300px) 100vw, 300px\" \/><\/p>\n<p style=\"text-align: center;\">3. Konfor ve L\u00fcks:<\/p>\n<p style=\"text-align: center;\">Konfor ve l\u00fcks i\u00e7inde seyahat etmek, tatiliniz boyunca <a href=\"https:\/\/holidayexcursion.com\/airport-transfer\/\">\u00f6zel havaalan\u0131 transferlerinin<\/a> ay\u0131rt edici \u00f6zelli\u011fidir. \u00d6zel transferler i\u00e7in kullan\u0131lan ara\u00e7lar genellikle y\u00fcksek kalitede olup konforlu ve birinci s\u0131n\u0131f bir deneyim sunar. \u0130ster l\u00fcks bir sedan, ister SUV, limuzin, \u00f6zel transferler \u015f\u0131k bir \u015fekilde seyahat etmenizi sa\u011flar. Geni\u015f oturma alan\u0131n\u0131n, iklim kontrol\u00fcn\u00fcn, \u00fccretsiz Wi-Fi&#8217;nin ve yolculu\u011funuzu keyifli ve dinlendirici k\u0131lan di\u011fer olanaklar\u0131n keyfini \u00e7\u0131kar\u0131n.<\/p>\n<p style=\"text-align: center;\">4. Gizlilik ve G\u00fcvenlik:<\/p>\n<p style=\"text-align: center;\">Ula\u015f\u0131m s\u00f6z konusu oldu\u011funda gizlilik ve g\u00fcvenlik \u00e7ok \u00f6nemlidir. \u00d6zel transferler seyahat deneyiminizin gizli ve g\u00fcvenli olmas\u0131n\u0131 sa\u011flar. Yaln\u0131zca sizin ve yetkili refakat\u00e7ilerinizin birlikte seyahat edece\u011fini bilmenin rahatl\u0131\u011f\u0131n\u0131 ya\u015fayabilirsiniz. Bu \u00f6zellikle i\u015f ama\u00e7l\u0131 seyahat edenler, y\u00fcksek profilli ki\u015filer veya seyahatleri s\u0131ras\u0131nda mahremiyete \u00f6ncelik veren aileler i\u00e7in faydal\u0131d\u0131r.<\/p>\n<p style=\"text-align: center;\"><img loading=\"lazy\" decoding=\"async\" class=\"alignnone size-medium wp-image-25598\" src=\"https:\/\/holidayexcursion.com\/wp-content\/uploads\/2021\/12\/Antalya-transfer-Alanya-holiday-excursion-1-300x272.png\" alt=\"\" width=\"300\" height=\"272\" title=\"\" srcset=\"https:\/\/holidayexcursion.com\/wp-content\/uploads\/2021\/12\/Antalya-transfer-Alanya-holiday-excursion-1-300x272.png 300w, https:\/\/holidayexcursion.com\/wp-content\/uploads\/2021\/12\/Antalya-transfer-Alanya-holiday-excursion-1-600x544.png 600w, https:\/\/holidayexcursion.com\/wp-content\/uploads\/2021\/12\/Antalya-transfer-Alanya-holiday-excursion-1.png 640w\" sizes=\"auto, (max-width: 300px) 100vw, 300px\" \/><\/p>\n<p style=\"text-align: center;\">5. Yerel Uzmanl\u0131k:<\/p>\n<p style=\"text-align: center;\">Ta\u015f\u0131mac\u0131l\u0131\u011f\u0131n yan\u0131 s\u0131ra \u00f6zel transferler de genellikle yerel uzmanl\u0131\u011f\u0131n sa\u011flad\u0131\u011f\u0131 ek faydayla birlikte gelir. \u00d6zel transferlerde uzmanla\u015fan s\u00fcr\u00fcc\u00fcler genellikle yerel b\u00f6lge hakk\u0131nda bilgi sahibidir ve gidece\u011finiz yerin k\u00fclt\u00fcr\u00fc, ilgi \u00e7ekici yerleri ve gizli g\u00fczellikleri hakk\u0131nda de\u011ferli bilgiler sa\u011flayabilir. Seyahat deneyiminizi geli\u015ftirmek i\u00e7in \u00f6neriler ve i\u00e7eriden ipu\u00e7lar\u0131 sunarak ki\u015fisel rehberler olarak hizmet verebilirler.<\/p>\n<p style=\"text-align: center;\">6. Esneklik ve \u00d6zg\u00fcrl\u00fck:<\/p>\n<p style=\"text-align: center;\">\u00d6zel transferler, di\u011fer ula\u015f\u0131m se\u00e7eneklerine k\u0131yasla e\u015fsiz bir esneklik ve \u00f6zg\u00fcrl\u00fck sa\u011flar. Hareket halindeyken seyahat plan\u0131n\u0131z\u0131 de\u011fi\u015ftirme, ilgin\u00e7 yerleri veya \u00f6nemli yerleri ke\u015ffetmek i\u00e7in haz\u0131rl\u0131ks\u0131z duraklamalar veya dolamba\u00e7l\u0131 yollar yapma \u00f6zg\u00fcrl\u00fc\u011f\u00fcne sahipsiniz. \u0130ster g\u00fczel bir foto\u011fraf f\u0131rsat\u0131 i\u00e7in mola vermek ister spontane bir yemek deneyiminin tad\u0131n\u0131 \u00e7\u0131karmak isteyin, \u00f6zel transferler size unutulmaz an\u0131lar yaratma esnekli\u011fi sa\u011flar.<\/p>\n<p style=\"text-align: center;\"><img loading=\"lazy\" decoding=\"async\" class=\"alignnone size-medium wp-image-25604\" src=\"https:\/\/holidayexcursion.com\/wp-content\/uploads\/2021\/12\/Economic-Class-car-2-300x225.jpg\" alt=\"\" width=\"300\" height=\"225\" title=\"\" srcset=\"https:\/\/holidayexcursion.com\/wp-content\/uploads\/2021\/12\/Economic-Class-car-2-300x225.jpg 300w, https:\/\/holidayexcursion.com\/wp-content\/uploads\/2021\/12\/Economic-Class-car-2.jpg 528w\" sizes=\"auto, (max-width: 300px) 100vw, 300px\" \/><\/p>\n<p style=\"text-align: center;\">\u00d6zel transferler, kusursuz bir yolculuk arayan gezginler i\u00e7in ki\u015fiselle\u015ftirilmi\u015f, kullan\u0131\u015fl\u0131 ve l\u00fcks bir ula\u015f\u0131m modu sunar. Gizlili\u011fe, konfora ve verimlili\u011fe odaklanan \u00f6zel transferler, seyahat deneyiminizin her an\u0131ndan keyif alman\u0131z\u0131 sa\u011flar. \u0130ster i\u015f gezisinde, ister aile tatilinde, ister romantik bir ka\u00e7amakta olun, \u00f6zel transferler kendinizi de\u011ferli ve \u015f\u0131mart\u0131lm\u0131\u015f hissetmenizi sa\u011flayacak ola\u011fan\u00fcst\u00fc d\u00fczeyde bir hizmet sunar. Bu nedenle, bir dahaki sefere seyahat d\u00fczenlemelerinizi planlarken, \u00f6zel transferlerin avantajlar\u0131n\u0131 g\u00f6z \u00f6n\u00fcnde bulundurun ve yolculu\u011funuzu konfor ve rahatl\u0131kta yeni boyutlara y\u00fckseltin.<\/p>\n<p style=\"text-align: center;\">Alanya&#8217;daki tatiliniz boyunca size unutulmaz an\u0131lar diliyoruz.<\/p>\n<p style=\"text-align: center;\">Not: Daha fazla bilgi i\u00e7in Whats App&#8217;tan arayarak veya mesaj atarak da ileti\u015fime ge\u00e7ebilirsiniz.<\/p>\n<p style=\"text-align: center;\">Holiday Excursion Ekibi,<\/p>\n","protected":false},"excerpt":{"rendered":"<p>\u00d6ZEL HAVAL\u0130MANI TRANSFER \u00d6zel Transferlerle Ki\u015fiselle\u015ftirilmi\u015f ve Sorunsuz Bir Seyahat Deneyiminin Keyfini \u00c7\u0131kar\u0131n Seyahat s\u00f6z konusu oldu\u011funda rahatl\u0131k ve konfor, stressiz bir yolculu\u011fun sa\u011flanmas\u0131n\u0131n temel fakt\u00f6rleridir. \u00d6zel transferler, ki\u015fiselle\u015ftirilmi\u015f ve kusursuz bir ula\u015f\u0131m se\u00e7ene\u011fi sunarak, toplu ta\u015f\u0131ma veya payla\u015f\u0131ml\u0131 yolculuklarla ilgili genel s\u0131k\u0131nt\u0131lardan ka\u00e7\u0131n\u0131rken \u015f\u0131k ve konforlu bir \u015fekilde seyahat etmenize olanak tan\u0131r. Bu yaz\u0131l\u0131,<\/p>\n","protected":false},"featured_media":4732,"comment_status":"open","ping_status":"closed","template":"","meta":[],"product_brand":[],"product_cat":[103],"product_tag":[],"class_list":{"0":"post-6380","1":"product","2":"type-product","3":"status-publish","4":"has-post-thumbnail","6":"product_cat-airport-transfer-tr","8":"first","9":"instock","10":"featured","11":"virtual","12":"sold-individually","13":"purchasable","14":"product-type-booking"},"_links":{"self":[{"href":"https:\/\/holidayexcursion.com\/tr\/wp-json\/wp\/v2\/product\/6380","targetHints":{"allow":["GET"]}}],"collection":[{"href":"https:\/\/holidayexcursion.com\/tr\/wp-json\/wp\/v2\/product"}],"about":[{"href":"https:\/\/holidayexcursion.com\/tr\/wp-json\/wp\/v2\/types\/product"}],"replies":[{"embeddable":true,"href":"https:\/\/holidayexcursion.com\/tr\/wp-json\/wp\/v2\/comments?post=6380"}],"wp:featuredmedia":[{"embeddable":true,"href":"https:\/\/holidayexcursion.com\/tr\/wp-json\/wp\/v2\/media\/4732"}],"wp:attachment":[{"href":"https:\/\/holidayexcursion.com\/tr\/wp-json\/wp\/v2\/media?parent=6380"}],"wp:term":[{"taxonomy":"product_brand","embeddable":true,"href":"https:\/\/holidayexcursion.com\/tr\/wp-json\/wp\/v2\/product_brand?post=6380"},{"taxonomy":"product_cat","embeddable":true,"href":"https:\/\/holidayexcursion.com\/tr\/wp-json\/wp\/v2\/product_cat?post=6380"},{"taxonomy":"product_tag","embeddable":true,"href":"https:\/\/holidayexcursion.com\/tr\/wp-json\/wp\/v2\/product_tag?post=6380"}],"curies":[{"name":"wp","href":"https:\/\/api.w.org\/{rel}","templated":true}]}}