{"id":6383,"date":"2021-12-03T10:13:11","date_gmt":"2021-12-07T09:16:36","guid":{"rendered":"http:\/\/holidayexcursion.com\/excursions-in-alanya\/kategorilenmemis\/gazipasa-havalimani-transferi-vip\/"},"modified":"2023-11-28T20:10:36","modified_gmt":"2023-11-28T17:10:36","slug":"havaalani-2","status":"publish","type":"product","link":"https:\/\/holidayexcursion.com\/tr\/tours-in-alanya\/airport-transfer-tr\/havaalani-2\/","title":{"rendered":"GAZ\u0130PA\u015eA HAVAL\u0130MANI \u00d6ZEL TRANSFER"},"content":{"rendered":"<h2 style=\"text-align: center;\"><strong>GAZ\u0130PA\u015eA HAVAL\u0130MANI \u00d6ZEL TRANSFER <\/strong><\/h2>\n<p style=\"text-align: center;\"><a href=\"https:\/\/gzpairport.com\/tr-TR\/\" rel=\"nofollow noopener\" target=\"_blank\">Gazipa\u015fa Havaliman\u0131<\/a> \u00d6zel Transfer ile Ki\u015fiye \u00d6zel ve Sorunsuz Bir Seyahat Deneyiminin Keyfini \u00c7\u0131kar\u0131n<\/p>\n<p style=\"text-align: center;\">Seyahat s\u00f6z konusu oldu\u011funda rahatl\u0131k ve konfor, stressiz bir yolculu\u011fun sa\u011flanmas\u0131n\u0131n temel fakt\u00f6rleridir. Havaalan\u0131 \u00f6zel transferleri, ki\u015fiselle\u015ftirilmi\u015f ve kusursuz bir ula\u015f\u0131m se\u00e7ene\u011fi sunarak, toplu ta\u015f\u0131ma veya payla\u015f\u0131ml\u0131 yolculuklarla ilgili genel s\u0131k\u0131nt\u0131lardan ka\u00e7\u0131n\u0131rken \u015f\u0131k ve konforlu bir \u015fekilde seyahat etmenize olanak tan\u0131r. Bu yaz\u0131l\u0131, \u00f6zel transferlerin avantajlar\u0131n\u0131 ve dikkat edilmesi gereken noktalar\u0131 inceleyerek seyahat deneyiminizi nas\u0131l geli\u015ftirebileceklerini ve kal\u0131c\u0131 an\u0131lar yaratabileceklerini vurgulayaca\u011f\u0131z.<\/p>\n<p style=\"text-align: center;\">  <img loading=\"lazy\" decoding=\"async\" class=\"alignnone size-medium wp-image-25566\" src=\"https:\/\/holidayexcursion.com\/wp-content\/uploads\/2021\/12\/Antalya-Shuttle-transfer-1-300x169.jpg\" alt=\"\" width=\"300\" height=\"169\" title=\"\" srcset=\"https:\/\/holidayexcursion.com\/wp-content\/uploads\/2021\/12\/Antalya-Shuttle-transfer-1-300x169.jpg 300w, https:\/\/holidayexcursion.com\/wp-content\/uploads\/2021\/12\/Antalya-Shuttle-transfer-1.jpg 432w\" sizes=\"auto, (max-width: 300px) 100vw, 300px\" \/><\/p>\n<p style=\"text-align: center;\">1. Ki\u015fiselle\u015ftirilmi\u015f Hizmet:<\/p>\n<p style=\"text-align: center;\"><a href=\"https:\/\/holidayexcursion.com\/tours-in-alanya\/airport-transfer\/airport-4\/\">Havaalan\u0131 \u00f6zel transfer<\/a>lerinin ba\u015fl\u0131ca faydalar\u0131ndan biri sunduklar\u0131 ki\u015fiselle\u015ftirilmi\u015f hizmettir. Payla\u015f\u0131ml\u0131 havaalan\u0131 transferleri veya toplu ula\u015f\u0131m\u0131n aksine, \u00f6zel havaalan\u0131 transferleri yaln\u0131zca size ve refakat\u00e7ilerinize hizmet verir. \u00d6zel ihtiya\u00e7lar\u0131n\u0131z\u0131 ve tercihlerinizi kar\u015f\u0131layan \u00f6zel bir deneyim sa\u011flayan \u00f6zel bir s\u00fcr\u00fcc\u00fc ve ara\u00e7 hizmetinizde olacakt\u0131r. <a href=\"https:\/\/en.wikipedia.org\/wiki\/Gazipa%C5%9Fa\" rel=\"nofollow noopener\" target=\"_blank\">Gazipa\u015fa<\/a> havaalan\u0131nda kar\u015f\u0131lamadan otele b\u0131rakmaya veya yerel turistik mekanlar\u0131 ke\u015ffetmeye kadar havaalan\u0131 \u00f6zel transferleri, seyahat plan\u0131n\u0131z \u00fczerinde tam kontrole sahip olman\u0131z\u0131 sa\u011flar.<\/p>\n<p style=\"text-align: center;\"><img loading=\"lazy\" decoding=\"async\" class=\"alignnone size-medium wp-image-25572\" src=\"https:\/\/holidayexcursion.com\/wp-content\/uploads\/2021\/12\/Antalya-transfer-Alanya-holiday-excursion-300x272.png\" alt=\"\" width=\"300\" height=\"272\" title=\"\" srcset=\"https:\/\/holidayexcursion.com\/wp-content\/uploads\/2021\/12\/Antalya-transfer-Alanya-holiday-excursion-300x272.png 300w, https:\/\/holidayexcursion.com\/wp-content\/uploads\/2021\/12\/Antalya-transfer-Alanya-holiday-excursion-600x544.png 600w, https:\/\/holidayexcursion.com\/wp-content\/uploads\/2021\/12\/Antalya-transfer-Alanya-holiday-excursion.png 640w\" sizes=\"auto, (max-width: 300px) 100vw, 300px\" \/><\/p>\n<p style=\"text-align: center;\">2. Kolayl\u0131k ve Verimlilik:<\/p>\n<p style=\"text-align: center;\">\u00d6zel Gazipa\u015fa havaliman\u0131 transferleri e\u015fsiz kolayl\u0131k ve verimlilik sunar. \u00d6zel transfer ile havalimanlar\u0131nda taksi veya kiral\u0131k ara\u00e7 gi\u015felerinde uzun kuyruklardan kurtulabilir, var\u0131\u015fta bir \u015fof\u00f6r\u00fcn sizi beklemesini sa\u011flayabilirsiniz. Bu, tatiliniz s\u0131ras\u0131nda beklemenin veya al\u0131\u015f\u0131lmad\u0131k toplu ta\u015f\u0131ma sistemlerinde gezinmenin stresini ortadan kald\u0131r\u0131r ve yolculu\u011funuza hemen ba\u015flaman\u0131za olanak tan\u0131r. Ayr\u0131ca \u00f6zel havaalan\u0131 transferleri istedi\u011finiz saatte ger\u00e7ekle\u015ferek ula\u015f\u0131m i\u00e7in acele etmenize veya beklemenize gerek kalmaz.<\/p>\n<p style=\"text-align: center;\">3. Konfor ve L\u00fcks:<\/p>\n<p style=\"text-align: center;\">Konfor ve l\u00fcks i\u00e7inde seyahat etmek, tatiliniz boyunca \u00f6zel havaalan\u0131 transferlerinin ay\u0131rt edici \u00f6zelli\u011fidir. Havaalan\u0131 \u00f6zel transferleri i\u00e7in kullan\u0131lan ara\u00e7lar genellikle y\u00fcksek kalitede olup konforlu ve birinci s\u0131n\u0131f bir deneyim sunar. \u0130ster l\u00fcks sedan, SUV, limuzin, ister \u00f6zel havaliman\u0131 transferleri, \u015f\u0131k bir \u015fekilde seyahat etmenize olanak sa\u011flar. Geni\u015f oturma alan\u0131n\u0131n, iklim kontrol\u00fcn\u00fcn, \u00fccretsiz Wi-Fi&#8217;nin ve yolculu\u011funuzu keyifli ve dinlendirici k\u0131lan di\u011fer olanaklar\u0131n keyfini \u00e7\u0131kar\u0131n.<\/p>\n<p style=\"text-align: center;\"><img loading=\"lazy\" decoding=\"async\" class=\"alignnone size-medium wp-image-25554\" src=\"https:\/\/holidayexcursion.com\/wp-content\/uploads\/2021\/12\/Accent-blue-for-rent-300x130.png\" alt=\"\" width=\"300\" height=\"130\" title=\"\" srcset=\"https:\/\/holidayexcursion.com\/wp-content\/uploads\/2021\/12\/Accent-blue-for-rent-300x130.png 300w, https:\/\/holidayexcursion.com\/wp-content\/uploads\/2021\/12\/Accent-blue-for-rent-768x334.png 768w, https:\/\/holidayexcursion.com\/wp-content\/uploads\/2021\/12\/Accent-blue-for-rent-600x261.png 600w, https:\/\/holidayexcursion.com\/wp-content\/uploads\/2021\/12\/Accent-blue-for-rent.png 920w\" sizes=\"auto, (max-width: 300px) 100vw, 300px\" \/><\/p>\n<p style=\"text-align: center;\">4. Gizlilik ve G\u00fcvenlik:<\/p>\n<p style=\"text-align: center;\">Ula\u015f\u0131m s\u00f6z konusu oldu\u011funda gizlilik ve g\u00fcvenlik \u00e7ok \u00f6nemlidir. \u00d6zel Gazipa\u015fa havaalan\u0131 transferleri, seyahat deneyiminizin gizli ve g\u00fcvenli olmas\u0131n\u0131 sa\u011flar. Yaln\u0131zca sizin ve yetkili refakat\u00e7ilerinizin birlikte seyahat edece\u011fini bilmenin rahatl\u0131\u011f\u0131n\u0131 ya\u015fayabilirsiniz. Bu \u00f6zellikle i\u015f ama\u00e7l\u0131 seyahat edenler, y\u00fcksek profilli ki\u015filer veya seyahatleri s\u0131ras\u0131nda mahremiyete \u00f6ncelik veren aileler i\u00e7in faydal\u0131d\u0131r.<\/p>\n<p style=\"text-align: center;\">5. Yerel Uzmanl\u0131k:<\/p>\n<p style=\"text-align: center;\">\u00d6zel Gazipa\u015fa havaliman\u0131 transferleri, ula\u015f\u0131m\u0131n yan\u0131 s\u0131ra \u00e7o\u011fu zaman yerel uzmanl\u0131\u011f\u0131n da ek faydas\u0131n\u0131 beraberinde getirir. \u00d6zel havaalan\u0131 transferlerinde uzmanla\u015fan s\u00fcr\u00fcc\u00fcler genellikle yerel b\u00f6lge hakk\u0131nda bilgi sahibidir ve gidece\u011finiz yerin k\u00fclt\u00fcr\u00fc, turistik mekanlar\u0131 ve gizli m\u00fccevherleri hakk\u0131nda de\u011ferli bilgiler sa\u011flayabilir. Seyahat deneyiminizi geli\u015ftirmek i\u00e7in \u00f6neriler ve i\u00e7eriden ipu\u00e7lar\u0131 sunarak ki\u015fisel rehberler olarak hizmet verebilirler.<\/p>\n<p style=\"text-align: center;\"><img loading=\"lazy\" decoding=\"async\" class=\"alignnone size-medium wp-image-25578\" src=\"https:\/\/holidayexcursion.com\/wp-content\/uploads\/2021\/12\/Economic-Class-car-1-300x225.jpg\" alt=\"\" width=\"300\" height=\"225\" title=\"\" srcset=\"https:\/\/holidayexcursion.com\/wp-content\/uploads\/2021\/12\/Economic-Class-car-1-300x225.jpg 300w, https:\/\/holidayexcursion.com\/wp-content\/uploads\/2021\/12\/Economic-Class-car-1.jpg 528w\" sizes=\"auto, (max-width: 300px) 100vw, 300px\" \/><\/p>\n<p style=\"text-align: center;\">6. Esneklik ve \u00d6zg\u00fcrl\u00fck:<\/p>\n<p style=\"text-align: center;\">\u00d6zel Gazipa\u015fa havaliman\u0131 transferleri di\u011fer ula\u015f\u0131m se\u00e7eneklerine g\u00f6re e\u015fsiz bir esneklik ve \u00f6zg\u00fcrl\u00fck sa\u011flar. Hareket halindeyken seyahat plan\u0131n\u0131z\u0131 de\u011fi\u015ftirme, ilgin\u00e7 yerleri veya \u00f6nemli yerleri ke\u015ffetmek i\u00e7in haz\u0131rl\u0131ks\u0131z duraklamalar veya dolamba\u00e7l\u0131 yollar yapma \u00f6zg\u00fcrl\u00fc\u011f\u00fcne sahipsiniz. \u0130ster do\u011fal bir foto\u011fraf f\u0131rsat\u0131 i\u00e7in mola vermek ister spontane bir yemek deneyiminin tad\u0131n\u0131 \u00e7\u0131karmak isteyin, \u00f6zel Gazipa\u015fa havaalan\u0131 transferleri size unutulmaz an\u0131lar yaratma esnekli\u011fi sa\u011flar.<\/p>\n<p style=\"text-align: center;\">\u00d6zel Gazipa\u015fa havaliman\u0131 transferleri, kusursuz bir yolculuk arayan gezginler i\u00e7in ki\u015fiselle\u015ftirilmi\u015f, kullan\u0131\u015fl\u0131 ve l\u00fcks bir ula\u015f\u0131m y\u00f6ntemi sunar. Gizlili\u011fe, konfora ve verimlili\u011fe odaklanan \u00f6zel havaalan\u0131 transferleri, seyahat deneyiminizin her an\u0131ndan keyif alman\u0131z\u0131 sa\u011flar. \u0130ster i\u015f gezisinde, ister aile tatilinde, ister romantik bir ka\u00e7amakta olun, \u00f6zel havaalan\u0131 transferleri kendinizi de\u011ferli ve \u015f\u0131mart\u0131lm\u0131\u015f hissetmenizi sa\u011flayacak ola\u011fan\u00fcst\u00fc d\u00fczeyde bir hizmet sunar. Bu nedenle, bir dahaki sefere seyahat d\u00fczenlemelerinizi planlarken, \u00f6zel havaalan\u0131 transferlerinin avantajlar\u0131n\u0131 g\u00f6z \u00f6n\u00fcnde bulundurun ve yolculu\u011funuzu konfor ve rahatl\u0131kta yeni boyutlara y\u00fckseltin.<\/p>\n<p style=\"text-align: center;\">Alanya&#8217;daki tatiliniz boyunca size unutulmaz an\u0131lar diliyoruz.<\/p>\n<p style=\"text-align: center;\">Not: Daha fazla bilgi i\u00e7in Whats App&#8217;tan arayarak veya mesaj atarak da ileti\u015fime ge\u00e7ebilirsiniz.<\/p>\n<p style=\"text-align: center;\"><a href=\"https:\/\/www.facebook.com\/Alanyaholidayexcursion\" rel=\"nofollow noopener\" target=\"_blank\">Holiday Excursion Ekibi,<\/a><\/p>\n","protected":false},"excerpt":{"rendered":"<p>GAZ\u0130PA\u015eA HAVAL\u0130MANI \u00d6ZEL TRANSFER Gazipa\u015fa Havaliman\u0131 \u00d6zel Transfer ile Ki\u015fiye \u00d6zel ve Sorunsuz Bir Seyahat Deneyiminin Keyfini \u00c7\u0131kar\u0131n Seyahat s\u00f6z konusu oldu\u011funda rahatl\u0131k ve konfor, stressiz bir yolculu\u011fun sa\u011flanmas\u0131n\u0131n temel fakt\u00f6rleridir. Havaalan\u0131 \u00f6zel transferleri, ki\u015fiselle\u015ftirilmi\u015f ve kusursuz bir ula\u015f\u0131m se\u00e7ene\u011fi sunarak, toplu ta\u015f\u0131ma veya payla\u015f\u0131ml\u0131 yolculuklarla ilgili genel s\u0131k\u0131nt\u0131lardan ka\u00e7\u0131n\u0131rken \u015f\u0131k ve konforlu bir \u015fekilde<\/p>\n","protected":false},"featured_media":4744,"comment_status":"open","ping_status":"closed","template":"","meta":[],"product_brand":[],"product_cat":[103],"product_tag":[],"class_list":{"0":"post-6383","1":"product","2":"type-product","3":"status-publish","4":"has-post-thumbnail","6":"product_cat-airport-transfer-tr","8":"first","9":"instock","10":"featured","11":"virtual","12":"sold-individually","13":"purchasable","14":"product-type-booking"},"_links":{"self":[{"href":"https:\/\/holidayexcursion.com\/tr\/wp-json\/wp\/v2\/product\/6383","targetHints":{"allow":["GET"]}}],"collection":[{"href":"https:\/\/holidayexcursion.com\/tr\/wp-json\/wp\/v2\/product"}],"about":[{"href":"https:\/\/holidayexcursion.com\/tr\/wp-json\/wp\/v2\/types\/product"}],"replies":[{"embeddable":true,"href":"https:\/\/holidayexcursion.com\/tr\/wp-json\/wp\/v2\/comments?post=6383"}],"wp:featuredmedia":[{"embeddable":true,"href":"https:\/\/holidayexcursion.com\/tr\/wp-json\/wp\/v2\/media\/4744"}],"wp:attachment":[{"href":"https:\/\/holidayexcursion.com\/tr\/wp-json\/wp\/v2\/media?parent=6383"}],"wp:term":[{"taxonomy":"product_brand","embeddable":true,"href":"https:\/\/holidayexcursion.com\/tr\/wp-json\/wp\/v2\/product_brand?post=6383"},{"taxonomy":"product_cat","embeddable":true,"href":"https:\/\/holidayexcursion.com\/tr\/wp-json\/wp\/v2\/product_cat?post=6383"},{"taxonomy":"product_tag","embeddable":true,"href":"https:\/\/holidayexcursion.com\/tr\/wp-json\/wp\/v2\/product_tag?post=6383"}],"curies":[{"name":"wp","href":"https:\/\/api.w.org\/{rel}","templated":true}]}}