{"id":6386,"date":"2021-12-03T10:14:35","date_gmt":"2021-12-07T09:16:37","guid":{"rendered":"http:\/\/holidayexcursion.com\/excursions-in-alanya\/kategorilenmemis\/antalya-havalimani-transfer-servisi\/"},"modified":"2026-02-26T16:20:59","modified_gmt":"2026-02-26T13:20:59","slug":"havalimani","status":"publish","type":"product","link":"https:\/\/holidayexcursion.com\/tr\/tours-in-alanya\/airport-transfer-tr\/havalimani\/","title":{"rendered":"Antalya havaliman\u0131 Transferi"},"content":{"rendered":"<h2 style=\"text-align: center;\"><strong>ANTALYA HAVAL\u0130MANI TRANSFER\u0130<\/strong><\/h2>\n<p style=\"text-align: center;\">Seyahatinizi Kolayla\u015ft\u0131r\u0131yoruz: <a href=\"https:\/\/www.antalya-airport.aero\/anasayfa\" rel=\"nofollow noopener\" target=\"_blank\">Antalya Havaliman\u0131<\/a> Shuttle Transfer Kolayl\u0131\u011f\u0131n\u0131 Ke\u015ffetmek<\/p>\n<p style=\"text-align: center;\">\u0130ster tatile \u00e7\u0131k\u0131yor olun ister bir i\u015f konferans\u0131na gidiyor olun, Antalya havaliman\u0131na veya otele gidi\u015f ve d\u00f6n\u00fc\u015f bazen zorluk yaratabilir. Ancak Antalya havaliman\u0131 servis transferleri ula\u015f\u0131m ihtiya\u00e7lar\u0131n\u0131za uygun ve sorunsuz bir \u00e7\u00f6z\u00fcm sunmaktad\u0131r. Bu yaz\u0131m\u0131zda Antalya havaliman\u0131 servis transferlerinin avantajlar\u0131n\u0131 ve dikkat edilmesi gereken hususlar\u0131 inceleyerek seyahat deneyiminizi nas\u0131l geli\u015ftirebileceklerini ve yolculu\u011funuzu nas\u0131l daha keyifli hale getirebileceklerini vurgulayaca\u011f\u0131z.<\/p>\n<p>                                                               <img loading=\"lazy\" decoding=\"async\" class=\"alignnone size-medium wp-image-22340\" src=\"https:\/\/holidayexcursion.com\/wp-content\/uploads\/2021\/12\/Antalya-Shuttle-transfer-300x169.jpg\" alt=\"\" width=\"300\" height=\"169\" title=\"\" srcset=\"https:\/\/holidayexcursion.com\/wp-content\/uploads\/2021\/12\/Antalya-Shuttle-transfer-300x169.jpg 300w, https:\/\/holidayexcursion.com\/wp-content\/uploads\/2021\/12\/Antalya-Shuttle-transfer.jpg 432w\" sizes=\"auto, (max-width: 300px) 100vw, 300px\" \/><\/p>\n<p>1. Verimlilik ve Kolayl\u0131k:<\/p>\n<p style=\"text-align: center;\"><a href=\"https:\/\/en.wikipedia.org\/wiki\/Antalya\" rel=\"nofollow noopener\" target=\"_blank\">Antalya<\/a> Havaliman\u0131 servis transferleri havalimanlar\u0131, oteller ve di\u011fer destinasyonlar aras\u0131nda seyahat etmenin etkili ve rahat bir yolunu sa\u011flar. Shuttle servisleri sabit tarifelerle \u00e7al\u0131\u015farak seyahatinizi kolayl\u0131kla planlaman\u0131za olanak tan\u0131r. Antalya havaliman\u0131 servis kar\u015f\u0131lama ve b\u0131rakma saatlerini \u00f6nceden ayarlayarak de\u011ferli zaman\u0131n\u0131zdan tasarruf edebilir, taksi beklemenin veya toplu ta\u015f\u0131ma se\u00e7eneklerinde gezinmenin stresinden kurtulabilirsiniz. Shuttle transfer ile bir noktadan di\u011ferine sorunsuz ge\u00e7i\u015f sa\u011flayan bir arac\u0131n belirledi\u011finiz yerde sizi bekleyece\u011finden emin olabilirsiniz.<\/p>\n<p style=\"text-align: center;\"><img loading=\"lazy\" decoding=\"async\" class=\"alignnone size-medium wp-image-22346\" src=\"https:\/\/holidayexcursion.com\/wp-content\/uploads\/2021\/12\/private-airport-transfer-300x174.jpg\" alt=\"\" width=\"300\" height=\"174\" title=\"\" srcset=\"https:\/\/holidayexcursion.com\/wp-content\/uploads\/2021\/12\/private-airport-transfer-300x174.jpg 300w, https:\/\/holidayexcursion.com\/wp-content\/uploads\/2021\/12\/private-airport-transfer.jpg 560w\" sizes=\"auto, (max-width: 300px) 100vw, 300px\" \/><\/p>\n<p>&nbsp;<\/p>\n<p style=\"text-align: center;\">2. Maliyet Etkinli\u011fi:<\/p>\n<p style=\"text-align: center;\">\u00d6zel ara\u00e7 kiralama veya taksilerle kar\u015f\u0131la\u015ft\u0131r\u0131ld\u0131\u011f\u0131nda shuttle transferler seyahat edenler i\u00e7in uygun maliyetli bir se\u00e7im olabilir. Shuttle hizmetlerinde maliyet genellikle birden fazla yolcu aras\u0131nda payla\u015ft\u0131r\u0131l\u0131r ve bu da onu daha uygun fiyatl\u0131 bir se\u00e7enek haline getirir. \u0130ster tek ba\u015f\u0131n\u0131za, ister grup halinde seyahat ediyor olun, servis transferleri, \u00f6zel bir ula\u015f\u0131m hizmetinin rahatl\u0131\u011f\u0131ndan yararlan\u0131rken paradan tasarruf etmenize yard\u0131mc\u0131 olur. Ayr\u0131ca baz\u0131 otel ve tatil k\u00f6yleri \u00fccretsiz servis hizmeti sunarak konaklaman\u0131z s\u00fcresince ula\u015f\u0131m masraflar\u0131n\u0131z\u0131 daha da azalt\u0131r.<\/p>\n<p>                                                              <img loading=\"lazy\" decoding=\"async\" class=\"size-medium wp-image-22328\" src=\"https:\/\/holidayexcursion.com\/wp-content\/uploads\/2021\/12\/airport-shuttle-transfer-2-300x150.jpg\" alt=\"\" width=\"300\" height=\"150\" title=\"\" srcset=\"https:\/\/holidayexcursion.com\/wp-content\/uploads\/2021\/12\/airport-shuttle-transfer-2-300x150.jpg 300w, https:\/\/holidayexcursion.com\/wp-content\/uploads\/2021\/12\/airport-shuttle-transfer-2-600x300.jpg 600w, https:\/\/holidayexcursion.com\/wp-content\/uploads\/2021\/12\/airport-shuttle-transfer-2.jpg 700w\" sizes=\"auto, (max-width: 300px) 100vw, 300px\" \/><\/p>\n<p style=\"text-align: center;\">3. G\u00fcvenlik ve G\u00fcvenilirlik:<\/p>\n<p style=\"text-align: center;\">Antalya Havaliman\u0131 Shuttle transferlerinde g\u00fcvenlik ve g\u00fcvenilirlik \u00f6n planda tutularak seyahat edenlere g\u00f6n\u00fcl rahatl\u0131\u011f\u0131 sa\u011flanmaktad\u0131r. Orta\u011f\u0131m\u0131z Shuttle \u015firketimiz, yolcu g\u00fcvenli\u011fini \u00f6n planda tutacak ve trafik kurallar\u0131na uyacak \u015fekilde e\u011fitilmi\u015f profesyonel s\u00fcr\u00fcc\u00fcler \u00e7al\u0131\u015ft\u0131rmaktad\u0131r. Havaalan\u0131 servis transferlerinde kullan\u0131lan ara\u00e7lar\u0131n bak\u0131mlar\u0131 d\u00fczenli olarak yap\u0131larak optimum performans sa\u011flan\u0131r ve ar\u0131za veya gecikme riski en aza indirilir. Havaalan\u0131 servis transferlerini tercih ederek yolculu\u011funuzun g\u00fcvenli ve dakik olaca\u011f\u0131na g\u00fcvenebilir, seyahatleriniz s\u0131ras\u0131nda endi\u015felenmeniz gereken bir \u015feyi daha ortadan kald\u0131rabilirsiniz.<\/p>\n<p>                                                              <img loading=\"lazy\" decoding=\"async\" class=\"alignnone size-medium wp-image-22334\" src=\"https:\/\/holidayexcursion.com\/wp-content\/uploads\/2021\/12\/Antalya-Airport-shuttle-transfer-300x148.jpg\" alt=\"\" width=\"300\" height=\"148\" title=\"\" srcset=\"https:\/\/holidayexcursion.com\/wp-content\/uploads\/2021\/12\/Antalya-Airport-shuttle-transfer-300x148.jpg 300w, https:\/\/holidayexcursion.com\/wp-content\/uploads\/2021\/12\/Antalya-Airport-shuttle-transfer-600x296.jpg 600w, https:\/\/holidayexcursion.com\/wp-content\/uploads\/2021\/12\/Antalya-Airport-shuttle-transfer.jpg 710w\" sizes=\"auto, (max-width: 300px) 100vw, 300px\" \/><\/p>\n<p style=\"text-align: center;\">4. Konfor ve Olanaklar:<\/p>\n<p style=\"text-align: center;\">Havaalan\u0131 Shuttle transferleri konforlu ve keyifli bir seyahat deneyimi sunmay\u0131 ama\u00e7lamaktad\u0131r. Kalabal\u0131k toplu ta\u015f\u0131ma se\u00e7eneklerinin aksine, servis hizmetleri geni\u015f oturma alan\u0131 ve geni\u015f bacak alan\u0131 sunar. Havaalan\u0131 servis sa\u011flay\u0131c\u0131m\u0131z ayr\u0131ca yolculuk boyunca yolcu konforunu art\u0131rmak i\u00e7in klima, Wi-Fi eri\u015fimi ve e\u011flence sistemleri gibi modern olanaklar da sunmaktad\u0131r. \u0130ster dinlenmek, ister i\u015finize yeti\u015fmek, ister arkada\u015flar\u0131n\u0131z ve ailenizle ba\u011flant\u0131da kalmak isteyin, servis transferleri keyifli ve konforlu bir yolculuk sa\u011flar.<\/p>\n<p style=\"text-align: center;\">5. Yerel Bilgi ve \u0130\u00e7g\u00f6r\u00fc:<\/p>\n<p style=\"text-align: center;\"><a href=\"https:\/\/holidayexcursion.com\/tours-in-alanya\/airport-transfer\/airport-3\/\">Havaalan\u0131 servis transferleri<\/a>, ula\u015f\u0131m\u0131n yan\u0131 s\u0131ra genellikle yerel bilgi ve i\u00e7g\u00f6r\u00fc avantaj\u0131n\u0131 da beraberinde getirir. Servis s\u00fcr\u00fcc\u00fcleri genellikle b\u00f6lgeye a\u015finad\u0131r ve yerel turistik mekanlar, yemek se\u00e7enekleri ve di\u011fer ilgi \u00e7ekici yerler hakk\u0131nda \u00f6nerilerde bulunabilir. Bu i\u00e7eriden al\u0131nan tavsiye, seyahatinizden en iyi \u015fekilde yararlanman\u0131za ve normalde fark edilmeyebilecek gizli g\u00fczellikleri ke\u015ffetmenize yard\u0131mc\u0131 olabilir. Servis s\u00fcr\u00fcc\u00fcn\u00fczle sohbet ba\u015flatma ve var\u0131\u015f noktan\u0131za ili\u015fkin de\u011ferli bilgiler edinme f\u0131rsat\u0131ndan yararlan\u0131n.<\/p>\n<p style=\"text-align: center;\"><img loading=\"lazy\" decoding=\"async\" class=\"alignnone size-medium wp-image-22709\" src=\"https:\/\/holidayexcursion.com\/wp-content\/uploads\/2021\/12\/Economic-Class-car-300x225.jpg\" alt=\"\" width=\"300\" height=\"225\" title=\"\" srcset=\"https:\/\/holidayexcursion.com\/wp-content\/uploads\/2021\/12\/Economic-Class-car-300x225.jpg 300w, https:\/\/holidayexcursion.com\/wp-content\/uploads\/2021\/12\/Economic-Class-car.jpg 528w\" sizes=\"auto, (max-width: 300px) 100vw, 300px\" \/><\/p>\n<p style=\"text-align: center;\">6. \u00c7evre Dostu Se\u00e7enek:<\/p>\n<p style=\"text-align: center;\">\u00c7evreye duyarl\u0131 seyahat edenler i\u00e7in Havaliman\u0131 servis transferleri \u00e7evre dostu bir ula\u015f\u0131m se\u00e7ene\u011fi sunuyor. Shuttle hizmetleri, bir arac\u0131 di\u011fer yolcularla payla\u015farak karbon emisyonlar\u0131n\u0131n azalt\u0131lmas\u0131na ve trafik s\u0131k\u0131\u015f\u0131kl\u0131\u011f\u0131n\u0131n azalt\u0131lmas\u0131na yard\u0131mc\u0131 olur. \u00d6zel ara\u00e7 kiralama veya taksi yerine shuttle transferlerini tercih etmek, s\u00fcrd\u00fcr\u00fclebilir seyahat uygulamalar\u0131na katk\u0131da bulunarak, kesintisiz ve konforlu ula\u015f\u0131m\u0131n tad\u0131n\u0131 \u00e7\u0131kar\u0131rken \u00e7evresel ayak izinizi en aza indirmenize olanak tan\u0131r.<\/p>\n<p style=\"text-align: center;\">Havaalan\u0131 Servisi transferleri, havalimanlar\u0131, oteller ve di\u011fer var\u0131\u015f noktalar\u0131 aras\u0131nda seyahat etmenin uygun, uygun maliyetli ve sorunsuz bir yolunu sa\u011flar. Shuttle hizmetleri verimlili\u011fi, g\u00fcvenli\u011fi ve konforuyla hem bireylere hem de gruplara geli\u015fmi\u015f bir seyahat deneyimi sunuyor. \u0130ster stressiz bir yolculuk arayan yaln\u0131z bir gezgin olun, ister kolayl\u0131k ve uygun fiyat arayan bir aile olun, servis transferleri seyahat d\u00fczenlemelerinizi kolayla\u015ft\u0131rabilir ve seyahatinizi daha keyifli hale getirebilir. Bu nedenle, bir dahaki sefere seyahat planlad\u0131\u011f\u0131n\u0131zda shuttle transferlerin avantajlar\u0131n\u0131 g\u00f6z \u00f6n\u00fcnde bulundurun ve sizi gidece\u011finiz yere sorunsuz ve konforlu bir \u015fekilde g\u00f6t\u00fcrmelerine izin verin.<\/p>\n<p style=\"text-align: center;\">Alanya&#8217;daki tatiliniz boyunca size unutulmaz an\u0131lar diliyoruz.<\/p>\n<p style=\"text-align: center;\">Not: Daha fazla bilgi i\u00e7in Whats App&#8217;tan arayarak veya mesaj atarak da ileti\u015fime ge\u00e7ebilirsiniz.<\/p>\n<p style=\"text-align: center;\"><a href=\"https:\/\/www.facebook.com\/Alanyaholidayexcursion\" rel=\"nofollow noopener\" target=\"_blank\">Holiday Excursion Ekibi,<\/a><\/p>\n","protected":false},"excerpt":{"rendered":"<p>ANTALYA HAVAL\u0130MANI TRANSFER\u0130 Seyahatinizi Kolayla\u015ft\u0131r\u0131yoruz: Antalya Havaliman\u0131 Shuttle Transfer Kolayl\u0131\u011f\u0131n\u0131 Ke\u015ffetmek \u0130ster tatile \u00e7\u0131k\u0131yor olun ister bir i\u015f konferans\u0131na gidiyor olun, Antalya havaliman\u0131na veya otele gidi\u015f ve d\u00f6n\u00fc\u015f bazen zorluk yaratabilir. Ancak Antalya havaliman\u0131 servis transferleri ula\u015f\u0131m ihtiya\u00e7lar\u0131n\u0131za uygun ve sorunsuz bir \u00e7\u00f6z\u00fcm sunmaktad\u0131r. Bu yaz\u0131m\u0131zda Antalya havaliman\u0131 servis transferlerinin avantajlar\u0131n\u0131 ve dikkat edilmesi gereken<\/p>\n","protected":false},"featured_media":4732,"comment_status":"open","ping_status":"closed","template":"","meta":[],"product_brand":[],"product_cat":[103],"product_tag":[],"class_list":{"0":"post-6386","1":"product","2":"type-product","3":"status-publish","4":"has-post-thumbnail","6":"product_cat-airport-transfer-tr","8":"first","9":"instock","10":"featured","11":"virtual","12":"sold-individually","13":"purchasable","14":"product-type-booking"},"_links":{"self":[{"href":"https:\/\/holidayexcursion.com\/tr\/wp-json\/wp\/v2\/product\/6386","targetHints":{"allow":["GET"]}}],"collection":[{"href":"https:\/\/holidayexcursion.com\/tr\/wp-json\/wp\/v2\/product"}],"about":[{"href":"https:\/\/holidayexcursion.com\/tr\/wp-json\/wp\/v2\/types\/product"}],"replies":[{"embeddable":true,"href":"https:\/\/holidayexcursion.com\/tr\/wp-json\/wp\/v2\/comments?post=6386"}],"wp:featuredmedia":[{"embeddable":true,"href":"https:\/\/holidayexcursion.com\/tr\/wp-json\/wp\/v2\/media\/4732"}],"wp:attachment":[{"href":"https:\/\/holidayexcursion.com\/tr\/wp-json\/wp\/v2\/media?parent=6386"}],"wp:term":[{"taxonomy":"product_brand","embeddable":true,"href":"https:\/\/holidayexcursion.com\/tr\/wp-json\/wp\/v2\/product_brand?post=6386"},{"taxonomy":"product_cat","embeddable":true,"href":"https:\/\/holidayexcursion.com\/tr\/wp-json\/wp\/v2\/product_cat?post=6386"},{"taxonomy":"product_tag","embeddable":true,"href":"https:\/\/holidayexcursion.com\/tr\/wp-json\/wp\/v2\/product_tag?post=6386"}],"curies":[{"name":"wp","href":"https:\/\/api.w.org\/{rel}","templated":true}]}}