{"id":6869,"date":"2022-01-04T22:52:47","date_gmt":"2022-01-04T19:52:48","guid":{"rendered":"https:\/\/holidayexcursion.com\/?post_type=product&#038;p=6869"},"modified":"2024-07-30T16:03:13","modified_gmt":"2024-07-30T13:03:13","slug":"bikes","status":"publish","type":"product","link":"https:\/\/holidayexcursion.com\/tr\/tours-in-alanya\/rent-a-car-tr\/bikes\/","title":{"rendered":"K\u0130RALIK B\u0130S\u0130KLETLER"},"content":{"rendered":"<h2 style=\"text-align: center;\"><strong>K\u0130RALIK B\u0130S\u0130KLETLER<\/strong><\/h2>\n<p style=\"text-align: center;\"><span style=\"vertical-align: inherit;\"><span style=\"vertical-align: inherit;\">Bisikletler<\/span><\/span><\/p>\n<p style=\"text-align: center;\"><span style=\"vertical-align: inherit;\"><span style=\"vertical-align: inherit;\">1-7 G\u00fcn fiyat\u0131: 7 \u20ac<\/span><\/span><\/p>\n<p style=\"text-align: center;\"><span style=\"vertical-align: inherit;\"><span style=\"vertical-align: inherit;\"> 7-14 G\u00fcn fiyat\u0131:5 \u20ac<\/span><\/span><span style=\"vertical-align: inherit;\"><span style=\"vertical-align: inherit;\">                   <\/span><\/span><\/p>\n<p style=\"text-align: center;\">Bisiklet Kullanman\u0131n Avantajlar\u0131n\u0131 Ke\u015ffetmek<\/p>\n<p style=\"text-align: center;\">Son y\u0131llarda bisikletler hem k\u0131sa yolculuklar hem de e\u011flence ama\u00e7l\u0131 tercih edilen bir ula\u015f\u0131m arac\u0131 olarak pop\u00fclerlik kazan\u0131yor. Bisiklet kullanman\u0131n sadece bireyler i\u00e7in de\u011fil, toplumlar ve \u00e7evre i\u00e7in de say\u0131s\u0131z avantaj\u0131 vard\u0131r. Bu yaz\u0131da bisiklet s\u00fcrmenin sa\u011flad\u0131\u011f\u0131 baz\u0131 temel faydalara de\u011finece\u011fiz.<\/p>\n<p style=\"text-align: center;\">  <img loading=\"lazy\" decoding=\"async\" class=\"alignnone size-medium wp-image-24734\" src=\"https:\/\/holidayexcursion.com\/wp-content\/uploads\/2022\/01\/Kiralik-bisiklet-alanya-300x188.png\" alt=\"\" width=\"300\" height=\"188\" title=\"\" srcset=\"https:\/\/holidayexcursion.com\/wp-content\/uploads\/2022\/01\/Kiralik-bisiklet-alanya-300x188.png 300w, https:\/\/holidayexcursion.com\/wp-content\/uploads\/2022\/01\/Kiralik-bisiklet-alanya.png 360w\" sizes=\"auto, (max-width: 300px) 100vw, 300px\" \/><\/p>\n<p style=\"text-align: center;\">1. Sa\u011fl\u0131k ve Fitness: Bisiklete binme, egzersizi g\u00fcnl\u00fck rutinimize dahil etmenin harika bir yoludur. D\u00fczenli bisiklet s\u00fcrmek kardiyovask\u00fcler kondisyona, kas g\u00fcc\u00fcne ve esnekli\u011fe katk\u0131da bulunur. Eklem hareketlili\u011fini art\u0131r\u0131r ve sa\u011fl\u0131kl\u0131 kilomuzu korumam\u0131za yard\u0131mc\u0131 olur. Di\u011fer egzersiz t\u00fcrlerinden farkl\u0131 olarak bisiklet s\u00fcrmek, zorlanma ve yaralanma riskini azaltan d\u00fc\u015f\u00fck etkiye sahiptir. Bonus olarak a\u00e7\u0131k havada bisiklet s\u00fcrmek bizi temiz havaya maruz b\u0131rak\u0131r ve D vitamini sentezi i\u00e7in g\u00fcne\u015f \u0131\u015f\u0131\u011f\u0131 sa\u011flar.<\/p>\n<p style=\"text-align: center;\"><img loading=\"lazy\" decoding=\"async\" class=\"alignnone size-medium wp-image-24728\" src=\"https:\/\/holidayexcursion.com\/wp-content\/uploads\/2022\/01\/Kiralik-bisiklet-alanya-1-300x225.png\" alt=\"\" width=\"300\" height=\"225\" title=\"\" srcset=\"https:\/\/holidayexcursion.com\/wp-content\/uploads\/2022\/01\/Kiralik-bisiklet-alanya-1-300x225.png 300w, https:\/\/holidayexcursion.com\/wp-content\/uploads\/2022\/01\/Kiralik-bisiklet-alanya-1-768x576.png 768w, https:\/\/holidayexcursion.com\/wp-content\/uploads\/2022\/01\/Kiralik-bisiklet-alanya-1-600x450.png 600w, https:\/\/holidayexcursion.com\/wp-content\/uploads\/2022\/01\/Kiralik-bisiklet-alanya-1.png 920w\" sizes=\"auto, (max-width: 300px) 100vw, 300px\" \/><\/p>\n<p style=\"text-align: center;\">2. \u00c7evre Dostu: <a href=\"https:\/\/holidayexcursion.com\/tours-in-alanya\/rent-a-car\/scooter\/\">Bisiklet <\/a>kullanman\u0131n en \u00f6nemli avantajlar\u0131ndan biri \u00e7evreye olumlu etkisidir. Motorlu ta\u015f\u0131tlar\u0131n aksine bisikletler emisyonsuzdur, bu da karbon emisyonlar\u0131n\u0131n ve hava kirlili\u011finin azalmas\u0131na neden olur. K\u0131sa yolculuklar i\u00e7in araba yerine bisikleti tercih ederek, iklim de\u011fi\u015fikli\u011finin engellenmesine ve toplumlar\u0131m\u0131zdaki hava kalitesinin iyile\u015ftirilmesine aktif olarak katk\u0131da bulunabiliriz. Ayr\u0131ca bisikletler \u00e7ok daha az yer kaplayarak otopark ihtiyac\u0131n\u0131 azalt\u0131yor ve kentsel alanlar\u0131 daha ya\u015fanabilir ve ye\u015fil hale getiriyor.<\/p>\n<p style=\"text-align: center;\">  <img loading=\"lazy\" decoding=\"async\" class=\"alignnone size-medium wp-image-6895\" src=\"https:\/\/holidayexcursion.com\/wp-content\/uploads\/2022\/01\/rent-a-city-bike.jpg\" alt=\"\" width=\"300\" height=\"300\" title=\"\" srcset=\"https:\/\/holidayexcursion.com\/wp-content\/uploads\/2022\/01\/rent-a-city-bike.jpg 375w, https:\/\/holidayexcursion.com\/wp-content\/uploads\/2022\/01\/rent-a-city-bike-300x300.jpg 300w, https:\/\/holidayexcursion.com\/wp-content\/uploads\/2022\/01\/rent-a-city-bike-100x100.jpg 100w, https:\/\/holidayexcursion.com\/wp-content\/uploads\/2022\/01\/rent-a-city-bike-150x150.jpg 150w\" sizes=\"auto, (max-width: 300px) 100vw, 300px\" \/><\/p>\n<p style=\"text-align: center;\">3. Uygun Maliyet: Yak\u0131t maliyetleri, park \u00fccretleri, bak\u0131m ve sigorta g\u00f6z \u00f6n\u00fcne al\u0131nd\u0131\u011f\u0131nda, bir arabaya sahip olmak ve onu kullanmak mali a\u00e7\u0131dan k\u00fclfetli olabilir. \u00d6te yandan bisikletlerin sat\u0131n al\u0131nmas\u0131 kiralanmas\u0131 ve bak\u0131m\u0131 nispeten ucuzdur. Bisiklete ve kask ve \u0131\u015f\u0131klar gibi temel aksesuarlara yap\u0131lan ilk yat\u0131r\u0131m\u0131n d\u0131\u015f\u0131nda, ara s\u0131ra yap\u0131lan bak\u0131m ve onar\u0131mlar d\u0131\u015f\u0131nda devam eden hi\u00e7bir harcama yoktur. D\u00fczenli olarak bisiklete binerek kiralayarak , bireyler zaman i\u00e7inde \u00f6nemli miktarda para tasarrufu sa\u011flayabilir ve bu da bisikletin ekonomik bir se\u00e7enek olmas\u0131n\u0131 sa\u011flar.<\/p>\n<p style=\"text-align: center;\"><img loading=\"lazy\" decoding=\"async\" class=\"alignnone size-medium wp-image-6870\" src=\"https:\/\/holidayexcursion.com\/wp-content\/uploads\/2022\/01\/alanya-bike-rental.jpg\" alt=\"\" width=\"300\" height=\"300\" title=\"\" srcset=\"https:\/\/holidayexcursion.com\/wp-content\/uploads\/2022\/01\/alanya-bike-rental.jpg 1500w, https:\/\/holidayexcursion.com\/wp-content\/uploads\/2022\/01\/alanya-bike-rental-300x300.jpg 300w, https:\/\/holidayexcursion.com\/wp-content\/uploads\/2022\/01\/alanya-bike-rental-768x768.jpg 768w, https:\/\/holidayexcursion.com\/wp-content\/uploads\/2022\/01\/alanya-bike-rental-1024x1024.jpg 1024w, https:\/\/holidayexcursion.com\/wp-content\/uploads\/2022\/01\/alanya-bike-rental-600x600.jpg 600w, https:\/\/holidayexcursion.com\/wp-content\/uploads\/2022\/01\/alanya-bike-rental-100x100.jpg 100w, https:\/\/holidayexcursion.com\/wp-content\/uploads\/2022\/01\/alanya-bike-rental-150x150.jpg 150w\" sizes=\"auto, (max-width: 300px) 100vw, 300px\" \/><\/p>\n<p style=\"text-align: center;\">4. Verimli ve Esnek: S\u0131k\u0131\u015f\u0131k kentsel alanlarda bisikletler genellikle arabalara veya toplu ta\u015f\u0131ma ara\u00e7lar\u0131na k\u0131yasla trafikte gezinmek i\u00e7in daha h\u0131zl\u0131 bir yol sa\u011flar. \u00d6zel bisiklet yollar\u0131 ve altyap\u0131n\u0131n yayg\u0131nla\u015fmas\u0131yla bisiklet\u00e7iler trafik s\u0131k\u0131\u015f\u0131kl\u0131\u011f\u0131n\u0131 atlat\u0131p hedeflerine daha verimli bir \u015fekilde ula\u015fabiliyor. \u00dcstelik bisikletler, dar sokaklar, parklar ve yaln\u0131zca yayalar\u0131n girebildi\u011fi alanlar gibi otomobillerin kolayl\u0131kla ula\u015famayaca\u011f\u0131 yerlere ula\u015fma esnekli\u011fi de sunuyor.<\/p>\n<p style=\"text-align: center;\"><img loading=\"lazy\" decoding=\"async\" class=\"alignnone size-full wp-image-6880\" src=\"https:\/\/holidayexcursion.com\/wp-content\/uploads\/2022\/01\/bike-for-rent-in-alanya-bike-service.jpg\" alt=\"\" width=\"225\" height=\"225\" title=\"\" srcset=\"https:\/\/holidayexcursion.com\/wp-content\/uploads\/2022\/01\/bike-for-rent-in-alanya-bike-service.jpg 225w, https:\/\/holidayexcursion.com\/wp-content\/uploads\/2022\/01\/bike-for-rent-in-alanya-bike-service-150x150.jpg 150w, https:\/\/holidayexcursion.com\/wp-content\/uploads\/2022\/01\/bike-for-rent-in-alanya-bike-service-100x100.jpg 100w\" sizes=\"auto, (max-width: 225px) 100vw, 225px\" \/><\/p>\n<p style=\"text-align: center;\">5. Stresi Azaltma ve Zihinsel Sa\u011fl\u0131k: Bisiklete binmenin ruh sa\u011fl\u0131\u011f\u0131na \u00e7ok say\u0131da faydas\u0131 oldu\u011fu bilinmektedir. Stresin azalt\u0131lmas\u0131, iyile\u015ftirilmi\u015f ruh hali ve geli\u015fmi\u015f zihinsel refah ile ili\u015fkilendirilmi\u015ftir. Bisiklete binmek gibi d\u00fczenli egzersiz, do\u011fal ruh hali artt\u0131r\u0131c\u0131 olan endorfin sal\u0131n\u0131m\u0131n\u0131 uyar\u0131r. Bisiklete binmek ayn\u0131 zamanda do\u011fayla ba\u011flant\u0131 kurma ve \u00e7evrenin tad\u0131n\u0131 \u00e7\u0131karma f\u0131rsat\u0131 sunarak rahatlamay\u0131 ve fark\u0131ndal\u0131\u011f\u0131 te\u015fvik eder.<\/p>\n<p style=\"text-align: center;\">6. <a href=\"https:\/\/www.facebook.com\/Alanyaholidayexcursion\" rel=\"nofollow noopener\" target=\"_blank\">Sosyal <\/a>Etkile\u015fim ve Topluluk Olu\u015fturma: Alanya&#8217;da Bisiklet kiralamak sosyal etkile\u015fimi ve topluluk olu\u015fumunu kolayla\u015ft\u0131rabilir. Bisiklet kul\u00fcpleri, grup gezileri ve etkinlikler, ortak ilgi alanlar\u0131na sahip insanlar\u0131 bir araya getirerek aidiyet ve dostluk duygusunu te\u015fvik eder. \u00dcstelik bisikletler, bisiklet\u00e7iler aras\u0131nda spontane konu\u015fmalar\u0131 ve etkile\u015fimleri te\u015fvik ederek daha cana yak\u0131n ve arkada\u015f canl\u0131s\u0131 bir imaj yarat\u0131yor. Bu, daha g\u00fc\u00e7l\u00fc bir topluluk duygusunu te\u015fvik eder ve sosyal uyumu te\u015fvik eder.<\/p>\n<p style=\"text-align: center;\"><img loading=\"lazy\" decoding=\"async\" class=\"alignnone size-medium wp-image-24722\" src=\"https:\/\/holidayexcursion.com\/wp-content\/uploads\/2022\/01\/Bike-for-rent-alanya-300x175.png\" alt=\"\" width=\"300\" height=\"175\" title=\"\" srcset=\"https:\/\/holidayexcursion.com\/wp-content\/uploads\/2022\/01\/Bike-for-rent-alanya-300x175.png 300w, https:\/\/holidayexcursion.com\/wp-content\/uploads\/2022\/01\/Bike-for-rent-alanya.png 600w\" sizes=\"auto, (max-width: 300px) 100vw, 300px\" \/><\/p>\n<p style=\"text-align: center;\">Bisiklet kullanman\u0131n avantajlar\u0131 bireysel zindelik ve refah\u0131n \u00e7ok \u00f6tesine uzan\u0131r. \u00c7evre \u00fczerinde derin bir etkiye sahiptirler, maliyet tasarrufuna katk\u0131da bulunurlar, pratik ula\u015f\u0131m \u00e7\u00f6z\u00fcmleri sunarlar ve sosyal etkile\u015fimi art\u0131r\u0131rlar. Bisikleti bir ula\u015f\u0131m arac\u0131 olarak benimseyen bireyler, s\u00fcrd\u00fcr\u00fclebilir ve ya\u015fanabilir toplumlar\u0131n yarat\u0131lmas\u0131nda aktif rol oynayabilir. \u00d6yleyse devam edin, eski bisikletinizin tozunu al\u0131n veya yenisine yat\u0131r\u0131m yapmay\u0131 d\u00fc\u015f\u00fcn\u00fcn ve bisiklet s\u00fcrmenin getirdi\u011fi \u00f6zg\u00fcrl\u00fck ve ne\u015fenin tad\u0131n\u0131 \u00e7\u0131kar\u0131rken bu avantajlardan yararlanmaya ba\u015flay\u0131n.<\/p>\n<p style=\"text-align: center;\"><span style=\"vertical-align: inherit;\"><span style=\"vertical-align: inherit;\">Alanya tatilinizde size unutulmaz anlar dileriz.<\/span><\/span><\/p>\n<p style=\"text-align: center;\"><span style=\"vertical-align: inherit;\"><span style=\"vertical-align: inherit;\">Not: Daha fazla bilgi ve sorular\u0131n\u0131z i\u00e7in whatsapp aramas\u0131 veya mesaj yoluyla do\u011frudan ileti\u015fime ge\u00e7ebilirsiniz.<\/span><\/span><\/p>\n<p style=\"text-align: center;\"><span style=\"vertical-align: inherit;\"><span style=\"vertical-align: inherit;\">Holiday Excursion Team,<\/span><\/span><\/p>\n<p> https:\/\/www.youtube.com\/watch?v=VJG2dNAMnWo https:\/\/www.youtube.com\/watch?v=7RHIqX4sALo https:\/\/www.youtube.com\/watch?v=0YAbL0DZQ3M<\/p>\n","protected":false},"excerpt":{"rendered":"<p><span style=\"vertical-align: inherit;\"><span style=\"vertical-align: inherit;\">G\u00fcnl\u00fck, birka\u00e7 saatlik veya uzun s\u00fcreli kiralanabilen bisikletlerimiz mevcuttur. <\/span><span style=\"vertical-align: inherit;\">Daha fazla bilgi i\u00e7in l\u00fctfen bizimle ileti\u015fime ge\u00e7mekten \u00e7ekinmeyin ve<\/span><\/span><\/p>\n<p><span style=\"vertical-align: inherit;\"><span style=\"vertical-align: inherit;\">kullan\u0131labilirlik. <\/span><span style=\"vertical-align: inherit;\">Sadece biraz paraya ve kiral\u0131k bir kimlik arabas\u0131na ihtiyac\u0131n var. <\/span><span style=\"vertical-align: inherit;\">Ya\u015f\u0131 15&#8217;in \u00fczerinde olmal\u0131, ya\u015f\u0131 k\u00fc\u00e7\u00fck olan ebeveynler bulunmal\u0131d\u0131r.<\/span><\/span><\/p>\n","protected":false},"featured_media":6874,"comment_status":"open","ping_status":"closed","template":"","meta":[],"product_brand":[],"product_cat":[102],"product_tag":[],"class_list":{"0":"post-6869","1":"product","2":"type-product","3":"status-publish","4":"has-post-thumbnail","6":"product_cat-rent-a-car-tr","8":"first","9":"instock","10":"featured","11":"virtual","12":"sold-individually","13":"purchasable","14":"product-type-booking"},"_links":{"self":[{"href":"https:\/\/holidayexcursion.com\/tr\/wp-json\/wp\/v2\/product\/6869","targetHints":{"allow":["GET"]}}],"collection":[{"href":"https:\/\/holidayexcursion.com\/tr\/wp-json\/wp\/v2\/product"}],"about":[{"href":"https:\/\/holidayexcursion.com\/tr\/wp-json\/wp\/v2\/types\/product"}],"replies":[{"embeddable":true,"href":"https:\/\/holidayexcursion.com\/tr\/wp-json\/wp\/v2\/comments?post=6869"}],"wp:featuredmedia":[{"embeddable":true,"href":"https:\/\/holidayexcursion.com\/tr\/wp-json\/wp\/v2\/media\/6874"}],"wp:attachment":[{"href":"https:\/\/holidayexcursion.com\/tr\/wp-json\/wp\/v2\/media?parent=6869"}],"wp:term":[{"taxonomy":"product_brand","embeddable":true,"href":"https:\/\/holidayexcursion.com\/tr\/wp-json\/wp\/v2\/product_brand?post=6869"},{"taxonomy":"product_cat","embeddable":true,"href":"https:\/\/holidayexcursion.com\/tr\/wp-json\/wp\/v2\/product_cat?post=6869"},{"taxonomy":"product_tag","embeddable":true,"href":"https:\/\/holidayexcursion.com\/tr\/wp-json\/wp\/v2\/product_tag?post=6869"}],"curies":[{"name":"wp","href":"https:\/\/api.w.org\/{rel}","templated":true}]}}